{"id":68533,"date":"2022-07-18T22:37:44","date_gmt":"2022-07-19T01:37:44","guid":{"rendered":"https:\/\/shopbrasil.vinyllandrecords.com\/?post_type=product&#038;p=68533"},"modified":"2025-01-08T13:38:12","modified_gmt":"2025-01-08T16:38:12","slug":"pedro-luis-projeto-macro","status":"publish","type":"product","link":"https:\/\/shopbrasil.vinyllandrecords.com\/en\/produto\/pedro-luis-projeto-macro\/","title":{"rendered":"Pedro Luis &#8211; Projeto Macro"},"content":{"rendered":"","protected":false},"excerpt":{"rendered":"<p class=\"qtranxs-available-languages-message qtranxs-available-languages-message-en\">Sorry, this entry is only available in <a href=\"https:\/\/shopbrasil.vinyllandrecords.com\/pb\/wp-json\/wp\/v2\/product\/68533\" class=\"qtranxs-available-language-link qtranxs-available-language-link-pb\" title=\"Portugu\u00eas\">Portugu\u00eas<\/a>.<\/p>\n","protected":false},"featured_media":68534,"template":"","meta":[],"product_brand":[],"product_cat":[107,111,97],"product_tag":[],"class_list":{"0":"post-68533","1":"product","2":"type-product","3":"status-publish","4":"has-post-thumbnail","6":"product_cat-garimpo","7":"product_cat-destaque","8":"product_cat-lp","10":"first","11":"instock","12":"taxable","13":"shipping-taxable","14":"purchasable","15":"product-type-simple"},"yoast_head":"<!-- This site is optimized with the Yoast SEO plugin v27.3 - https:\/\/yoast.com\/product\/yoast-seo-wordpress\/ -->\n<title>Pedro Luis - Projeto Macro - Vinyl Land Records<\/title>\n<meta name=\"robots\" content=\"index, follow, max-snippet:-1, max-image-preview:large, max-video-preview:-1\" \/>\n<link rel=\"canonical\" href=\"https:\/\/shopbrasil.vinyllandrecords.com\/produto\/pedro-luis-projeto-macro\/\" \/>\n<meta property=\"og:locale\" content=\"en_US\" \/>\n<meta property=\"og:type\" content=\"article\" \/>\n<meta property=\"og:title\" content=\"Pedro Luis - Projeto Macro - Vinyl Land Records\" \/>\n<meta property=\"og:description\" content=\"[:pb]  O cantor e compositor Pedro Lu\u00eds se juntou ao artista visual Batman Zavareze para criar um projeto sinest\u00e9sico que envolvesse sons e imagens. Agora, a parte musical da empreitada, o \u00e1lbum &quot;&quot;Macro&quot;&quot;, apresenta uma mescla dos mais diferentes estilos, unindo do samba ao hip-hop e passando pelos ritmos eletr\u00f4nicos e pela MPB. Tudo com contribui\u00e7\u00e3o de grandes nomes da m\u00fasica. O disco traz 13 faixas com participa\u00e7\u00f5es especiais de Russo Passapusso, Roberta S\u00e1 e Vanessa da Mata, entre outros, nas composi\u00e7\u00f5es. Al\u00e9m disso, Rubel, Jade Baraldo, Bianca Ramoneda e Ney Matogrosso s\u00e3o int\u00e9rpretes convidados. Produzido por Yuri Queiroga, &#039;&quot;&quot;Macro&quot;&quot; vem de nosso desejo de nos desafiarmos, expondo os limites, riscos, d\u00favidas e descartes do processo criativo&quot;&quot;, explica Pedro.[:]\" \/>\n<meta property=\"og:url\" content=\"https:\/\/shopbrasil.vinyllandrecords.com\/produto\/pedro-luis-projeto-macro\/\" \/>\n<meta property=\"og:site_name\" content=\"Vinyl Land Records\" \/>\n<meta property=\"article:modified_time\" content=\"2025-01-08T16:38:12+00:00\" \/>\n<meta property=\"og:image\" content=\"https:\/\/shopbrasil.vinyllandrecords.com\/wp-content\/uploads\/2022\/07\/images-3.jpg\" \/>\n\t<meta property=\"og:image:width\" content=\"229\" \/>\n\t<meta property=\"og:image:height\" content=\"220\" \/>\n\t<meta property=\"og:image:type\" content=\"image\/jpeg\" \/>\n<meta name=\"twitter:card\" content=\"summary_large_image\" \/>\n<script type=\"application\/ld+json\" class=\"yoast-schema-graph\">{\"@context\":\"https:\\\/\\\/schema.org\",\"@graph\":[{\"@type\":\"WebPage\",\"@id\":\"https:\\\/\\\/shopbrasil.vinyllandrecords.com\\\/produto\\\/pedro-luis-projeto-macro\\\/\",\"url\":\"https:\\\/\\\/shopbrasil.vinyllandrecords.com\\\/produto\\\/pedro-luis-projeto-macro\\\/\",\"name\":\"Pedro Luis - Projeto Macro - Vinyl Land Records\",\"isPartOf\":{\"@id\":\"https:\\\/\\\/shopbrasil.vinyllandrecords.com\\\/#website\"},\"primaryImageOfPage\":{\"@id\":\"https:\\\/\\\/shopbrasil.vinyllandrecords.com\\\/produto\\\/pedro-luis-projeto-macro\\\/#primaryimage\"},\"image\":{\"@id\":\"https:\\\/\\\/shopbrasil.vinyllandrecords.com\\\/produto\\\/pedro-luis-projeto-macro\\\/#primaryimage\"},\"thumbnailUrl\":\"https:\\\/\\\/shopbrasil.vinyllandrecords.com\\\/wp-content\\\/uploads\\\/2022\\\/07\\\/images-3.jpg\",\"datePublished\":\"2022-07-19T01:37:44+00:00\",\"dateModified\":\"2025-01-08T16:38:12+00:00\",\"breadcrumb\":{\"@id\":\"https:\\\/\\\/shopbrasil.vinyllandrecords.com\\\/produto\\\/pedro-luis-projeto-macro\\\/#breadcrumb\"},\"inLanguage\":\"en-US\",\"potentialAction\":[{\"@type\":\"ReadAction\",\"target\":[\"https:\\\/\\\/shopbrasil.vinyllandrecords.com\\\/produto\\\/pedro-luis-projeto-macro\\\/\"]}]},{\"@type\":\"ImageObject\",\"inLanguage\":\"en-US\",\"@id\":\"https:\\\/\\\/shopbrasil.vinyllandrecords.com\\\/produto\\\/pedro-luis-projeto-macro\\\/#primaryimage\",\"url\":\"https:\\\/\\\/shopbrasil.vinyllandrecords.com\\\/wp-content\\\/uploads\\\/2022\\\/07\\\/images-3.jpg\",\"contentUrl\":\"https:\\\/\\\/shopbrasil.vinyllandrecords.com\\\/wp-content\\\/uploads\\\/2022\\\/07\\\/images-3.jpg\",\"width\":229,\"height\":220},{\"@type\":\"BreadcrumbList\",\"@id\":\"https:\\\/\\\/shopbrasil.vinyllandrecords.com\\\/produto\\\/pedro-luis-projeto-macro\\\/#breadcrumb\",\"itemListElement\":[{\"@type\":\"ListItem\",\"position\":1,\"name\":\"In\u00edcio\",\"item\":\"https:\\\/\\\/shopbrasil.vinyllandrecords.com\\\/\"},{\"@type\":\"ListItem\",\"position\":2,\"name\":\"Shops\",\"item\":\"https:\\\/\\\/shopbrasil.vinyllandrecords.com\\\/shops\\\/\"},{\"@type\":\"ListItem\",\"position\":3,\"name\":\"Pedro Luis &#8211; Projeto Macro\"}]},{\"@type\":\"WebSite\",\"@id\":\"https:\\\/\\\/shopbrasil.vinyllandrecords.com\\\/#website\",\"url\":\"https:\\\/\\\/shopbrasil.vinyllandrecords.com\\\/\",\"name\":\"Vinyl Land Records\",\"description\":\"ONLINE SHOP\",\"potentialAction\":[{\"@type\":\"SearchAction\",\"target\":{\"@type\":\"EntryPoint\",\"urlTemplate\":\"https:\\\/\\\/shopbrasil.vinyllandrecords.com\\\/?s={search_term_string}\"},\"query-input\":{\"@type\":\"PropertyValueSpecification\",\"valueRequired\":true,\"valueName\":\"search_term_string\"}}],\"inLanguage\":\"en-US\"}]}<\/script>\n<!-- \/ Yoast SEO plugin. -->","yoast_head_json":{"title":"Pedro Luis - Projeto Macro - Vinyl Land Records","robots":{"index":"index","follow":"follow","max-snippet":"max-snippet:-1","max-image-preview":"max-image-preview:large","max-video-preview":"max-video-preview:-1"},"canonical":"https:\/\/shopbrasil.vinyllandrecords.com\/produto\/pedro-luis-projeto-macro\/","og_locale":"en_US","og_type":"article","og_title":"Pedro Luis - Projeto Macro - Vinyl Land Records","og_description":"[:pb]  O cantor e compositor Pedro Lu\u00eds se juntou ao artista visual Batman Zavareze para criar um projeto sinest\u00e9sico que envolvesse sons e imagens. Agora, a parte musical da empreitada, o \u00e1lbum \"\"Macro\"\", apresenta uma mescla dos mais diferentes estilos, unindo do samba ao hip-hop e passando pelos ritmos eletr\u00f4nicos e pela MPB. Tudo com contribui\u00e7\u00e3o de grandes nomes da m\u00fasica. O disco traz 13 faixas com participa\u00e7\u00f5es especiais de Russo Passapusso, Roberta S\u00e1 e Vanessa da Mata, entre outros, nas composi\u00e7\u00f5es. Al\u00e9m disso, Rubel, Jade Baraldo, Bianca Ramoneda e Ney Matogrosso s\u00e3o int\u00e9rpretes convidados. Produzido por Yuri Queiroga, '\"\"Macro\"\" vem de nosso desejo de nos desafiarmos, expondo os limites, riscos, d\u00favidas e descartes do processo criativo\"\", explica Pedro.[:]","og_url":"https:\/\/shopbrasil.vinyllandrecords.com\/produto\/pedro-luis-projeto-macro\/","og_site_name":"Vinyl Land Records","article_modified_time":"2025-01-08T16:38:12+00:00","og_image":[{"width":229,"height":220,"url":"https:\/\/shopbrasil.vinyllandrecords.com\/wp-content\/uploads\/2022\/07\/images-3.jpg","type":"image\/jpeg"}],"twitter_card":"summary_large_image","schema":{"@context":"https:\/\/schema.org","@graph":[{"@type":"WebPage","@id":"https:\/\/shopbrasil.vinyllandrecords.com\/produto\/pedro-luis-projeto-macro\/","url":"https:\/\/shopbrasil.vinyllandrecords.com\/produto\/pedro-luis-projeto-macro\/","name":"Pedro Luis - Projeto Macro - Vinyl Land Records","isPartOf":{"@id":"https:\/\/shopbrasil.vinyllandrecords.com\/#website"},"primaryImageOfPage":{"@id":"https:\/\/shopbrasil.vinyllandrecords.com\/produto\/pedro-luis-projeto-macro\/#primaryimage"},"image":{"@id":"https:\/\/shopbrasil.vinyllandrecords.com\/produto\/pedro-luis-projeto-macro\/#primaryimage"},"thumbnailUrl":"https:\/\/shopbrasil.vinyllandrecords.com\/wp-content\/uploads\/2022\/07\/images-3.jpg","datePublished":"2022-07-19T01:37:44+00:00","dateModified":"2025-01-08T16:38:12+00:00","breadcrumb":{"@id":"https:\/\/shopbrasil.vinyllandrecords.com\/produto\/pedro-luis-projeto-macro\/#breadcrumb"},"inLanguage":"en-US","potentialAction":[{"@type":"ReadAction","target":["https:\/\/shopbrasil.vinyllandrecords.com\/produto\/pedro-luis-projeto-macro\/"]}]},{"@type":"ImageObject","inLanguage":"en-US","@id":"https:\/\/shopbrasil.vinyllandrecords.com\/produto\/pedro-luis-projeto-macro\/#primaryimage","url":"https:\/\/shopbrasil.vinyllandrecords.com\/wp-content\/uploads\/2022\/07\/images-3.jpg","contentUrl":"https:\/\/shopbrasil.vinyllandrecords.com\/wp-content\/uploads\/2022\/07\/images-3.jpg","width":229,"height":220},{"@type":"BreadcrumbList","@id":"https:\/\/shopbrasil.vinyllandrecords.com\/produto\/pedro-luis-projeto-macro\/#breadcrumb","itemListElement":[{"@type":"ListItem","position":1,"name":"In\u00edcio","item":"https:\/\/shopbrasil.vinyllandrecords.com\/"},{"@type":"ListItem","position":2,"name":"Shops","item":"https:\/\/shopbrasil.vinyllandrecords.com\/shops\/"},{"@type":"ListItem","position":3,"name":"Pedro Luis &#8211; Projeto Macro"}]},{"@type":"WebSite","@id":"https:\/\/shopbrasil.vinyllandrecords.com\/#website","url":"https:\/\/shopbrasil.vinyllandrecords.com\/","name":"Vinyl Land Records","description":"ONLINE SHOP","potentialAction":[{"@type":"SearchAction","target":{"@type":"EntryPoint","urlTemplate":"https:\/\/shopbrasil.vinyllandrecords.com\/?s={search_term_string}"},"query-input":{"@type":"PropertyValueSpecification","valueRequired":true,"valueName":"search_term_string"}}],"inLanguage":"en-US"}]}},"_links":{"self":[{"href":"https:\/\/shopbrasil.vinyllandrecords.com\/en\/wp-json\/wp\/v2\/product\/68533","targetHints":{"allow":["GET"]}}],"collection":[{"href":"https:\/\/shopbrasil.vinyllandrecords.com\/en\/wp-json\/wp\/v2\/product"}],"about":[{"href":"https:\/\/shopbrasil.vinyllandrecords.com\/en\/wp-json\/wp\/v2\/types\/product"}],"wp:featuredmedia":[{"embeddable":true,"href":"https:\/\/shopbrasil.vinyllandrecords.com\/en\/wp-json\/wp\/v2\/media\/68534"}],"wp:attachment":[{"href":"https:\/\/shopbrasil.vinyllandrecords.com\/en\/wp-json\/wp\/v2\/media?parent=68533"}],"wp:term":[{"taxonomy":"product_brand","embeddable":true,"href":"https:\/\/shopbrasil.vinyllandrecords.com\/en\/wp-json\/wp\/v2\/product_brand?post=68533"},{"taxonomy":"product_cat","embeddable":true,"href":"https:\/\/shopbrasil.vinyllandrecords.com\/en\/wp-json\/wp\/v2\/product_cat?post=68533"},{"taxonomy":"product_tag","embeddable":true,"href":"https:\/\/shopbrasil.vinyllandrecords.com\/en\/wp-json\/wp\/v2\/product_tag?post=68533"}],"curies":[{"name":"wp","href":"https:\/\/api.w.org\/{rel}","templated":true}]}}