{"id":68543,"date":"2022-08-15T12:00:35","date_gmt":"2022-08-15T15:00:35","guid":{"rendered":"https:\/\/shopbrasil.vinyllandrecords.com\/?post_type=product&#038;p=68543"},"modified":"2025-07-09T10:35:44","modified_gmt":"2025-07-09T13:35:44","slug":"baile-fbc-e-vhoor","status":"publish","type":"product","link":"https:\/\/shopbrasil.vinyllandrecords.com\/en\/produto\/baile-fbc-e-vhoor\/","title":{"rendered":"Baile &#8211; FBC e VHOOR"},"content":{"rendered":"<div class=\"wpb-content-wrapper\"><p>[vc_row][vc_column width=&#8221;1\/1&#8243;][vc_column_text uncode_shortcode_id=&#8221;142950&#8243;]https:\/\/youtu.be\/wCyY8OXOHm0<\/p>\n<p class=\"p1\"><strong>Lado A<\/strong><br \/>\n1 &#8211; Vem Pro Baile<br \/>\n2 &#8211; Quando O DJ Toca (Feat.\u00a0<a href=\"https:\/\/www.discogs.com\/pt_BR\/artist\/10594603-Uana\"><span class=\"s1\">Uana<\/span><\/a><span class=\"s1\">)<br \/>\n3 &#8211; <\/span>Rap Da Uff\u00c9<br \/>\n4 &#8211; Mel\u00f4 Do Vacil\u00e3o (Feat.\u00a0<a href=\"https:\/\/www.discogs.com\/pt_BR\/artist\/10594606-Djair-Voz-Cristalina\"><span class=\"s1\">Ferb<\/span><\/a><span class=\"s1\">)<br \/>\n5 &#8211; <\/span>Se T\u00e1 Solteira (Feat.\u00a0<a href=\"https:\/\/www.discogs.com\/pt_BR\/artist\/10594609-Mc-J%C3%BAlia\"><span class=\"s1\">Mc J\u00falia<\/span><\/a><span class=\"s1\">)<br \/>\n6 &#8211; <\/span>Eu Sou o Crime<\/p>\n<p class=\"p1\"><strong>Lado B<\/strong><br \/>\n7 &#8211; Del\u00edrios (Feat.\u00a0\u00a0<a href=\"https:\/\/www.discogs.com\/pt_BR\/artist\/10594606-Djair-Voz-Cristalina\"><span class=\"s1\">Djair Voz Cristalina<\/span><\/a><span class=\"s1\">)<br \/>\n8 &#8211; <\/span>N\u00e3o D\u00e1 Pra Explicar (Feat. <a href=\"https:\/\/www.discogs.com\/pt_BR\/artist\/10594612-Mariana-Cavanellas\"><span class=\"s1\">Mariana Cavanellas<\/span><\/a><span class=\"s1\">)<br \/>\n9 &#8211; <\/span>Pol\u00edcia Covarde<br \/>\n<span style=\"font-family: -apple-system, BlinkMacSystemFont, 'Segoe UI', Roboto, Oxygen-Sans, Ubuntu, Cantarell, 'Helvetica Neue', sans-serif;\">10 &#8211; De Kenner<br \/>\n11 &#8211; Se T\u00e1 Solteira (Instrumental)\u00a0<span class=\"s1\"><br \/>\n12 &#8211; Del\u00edrios (Instrumental)\u00a0<\/span><span class=\"s1\"><br \/>\n13 &#8211; <\/span>N\u00e3o D\u00e1 Pra Explicar (Instrumental)\u00a0<\/span><\/p>\n<p>UMA \u00d3PERA MIAMI<\/p>\n<p>BAILE se desenvolve como o relato da hist\u00f3ria de \u201cPagode\u201d, pai de fam\u00edlia, morador da favela, trabalhador, que frequenta o Baile da UFF\u00c9. A hist\u00f3ria come\u00e7a quando, na sa\u00edda do baile, Pagode \u00e9 surpreendido pela pol\u00edcia, que o prende acreditando que uma arma encontrada por perto pertence a ele, quando na verdade foi escondida por Paulinho, que dissimula, assiste a cena e nada faz. Livre, meses depois, Pagode retorna ao baile e encontra um antigo amor plat\u00f4nico, Jessica. Os dois conversam, riem e dan\u00e7am todas as vezes que se encontram, at\u00e9 a noite em que Pagode encontra Jessica fazendo passinho com outra pessoa. Paulinho, o \u201cfalador\u201d, vive de pequenos golpes e recepta\u00e7\u00e3o de cargas, at\u00e9 o fat\u00eddico dia em que atrai pra favela a opera\u00e7\u00e3o policial que mata a filha de Jessica. O \u00e1lbum retrata a d\u00e9cada de 90, quando os raps e mel\u00f4s evidenciavam o cotidiano dos moradores dos sub\u00farbios, abordando temas como a viol\u00eancia e a criminaliza\u00e7\u00e3o de seus jovens. Nesse momento, o hip hop produzido inicialmente nos Estados Unidos \u00e9 nacionalizado, ressignificado e disseminado como o Funk Carioca. O ritmo se inspira no Miami Bass, que n\u00e3o \u00e9 focado em problemas sociais. O primeiro contato entre esses estilos musicais se deu atrav\u00e9s dos bailes de m\u00fasica black, soul e funk. Com a multiplica\u00e7\u00e3o desses bailes, o Miami Bass foi adotado pelos frequentadores como o estilo musical local.[\/vc_column_text][\/vc_column][\/vc_row]<\/p>\n<\/div>","protected":false},"excerpt":{"rendered":"<p>Vinyl Land Records, in partnership with <strong>Fatiado Discos<\/strong> and <strong>A Venenosa<\/strong>, proudly present for the first time on vinyl the instant classic <strong>Baile, by FBC and Vhoor<\/strong>.<\/p>\n<p>3000 copies pressed at the <strong>Rocinante Discos<\/strong> factory, single cover LP with printed inner envelope, including photos and lyrics, purple vinyl, including 3 bonus instrumental tracks.<\/p>\n","protected":false},"featured_media":68544,"template":"","meta":[],"product_brand":[],"product_cat":[108,111,126,97],"product_tag":[],"class_list":{"0":"post-68543","1":"product","2":"type-product","3":"status-publish","4":"has-post-thumbnail","6":"product_cat-lancamentos","7":"product_cat-destaque","8":"product_cat-disco-colorido","9":"product_cat-lp","11":"first","12":"outofstock","13":"taxable","14":"shipping-taxable","15":"purchasable","16":"product-type-simple"},"yoast_head":"<!-- This site is optimized with the Yoast SEO plugin v27.4 - https:\/\/yoast.com\/product\/yoast-seo-wordpress\/ -->\n<title>Baile - FBC e VHOOR - Vinyl Land Records<\/title>\n<meta name=\"robots\" content=\"index, follow, max-snippet:-1, max-image-preview:large, max-video-preview:-1\" \/>\n<link rel=\"canonical\" href=\"https:\/\/shopbrasil.vinyllandrecords.com\/produto\/baile-fbc-e-vhoor\/\" \/>\n<meta property=\"og:locale\" content=\"en_US\" \/>\n<meta property=\"og:type\" content=\"article\" \/>\n<meta property=\"og:title\" content=\"Baile - FBC e VHOOR - Vinyl Land Records\" \/>\n<meta property=\"og:description\" content=\"[:pb]***DISCO ESGOTADO***  A Vinyl Land Records, em parceria com a Fatiado Discos e A Venenosa, orgulhosamente apresentam pela primeira vez em vinil o cl\u00e1ssico instant\u00e2neo Baile, de FBC e Vhoor.  3000 c\u00f3pias prensadas na f\u00e1brica Rocinante Discos, LP capa simples com envelope interno impresso, incluindo fotos, letras, vinil roxo e 3 faixas instrumentais como b\u00f4nus.[:en]Vinyl Land Records, in partnership with Fatiado Discos and A Venenosa, proudly present for the first time on vinyl the instant classic Baile, by FBC and Vhoor.  3000 copies pressed at the Rocinante Discos factory, single cover LP with printed inner envelope, including photos and lyrics, purple vinyl, including 3 bonus instrumental tracks.[:]\" \/>\n<meta property=\"og:url\" content=\"https:\/\/shopbrasil.vinyllandrecords.com\/produto\/baile-fbc-e-vhoor\/\" \/>\n<meta property=\"og:site_name\" content=\"Vinyl Land Records\" \/>\n<meta property=\"article:modified_time\" content=\"2025-07-09T13:35:44+00:00\" \/>\n<meta property=\"og:image\" content=\"https:\/\/shopbrasil.vinyllandrecords.com\/wp-content\/uploads\/2022\/08\/baile.jpeg\" \/>\n\t<meta property=\"og:image:width\" content=\"640\" \/>\n\t<meta property=\"og:image:height\" content=\"640\" \/>\n\t<meta property=\"og:image:type\" content=\"image\/jpeg\" \/>\n<meta name=\"twitter:card\" content=\"summary_large_image\" \/>\n<meta name=\"twitter:label1\" content=\"Est. reading time\" \/>\n\t<meta name=\"twitter:data1\" content=\"2 minutes\" \/>\n<script type=\"application\/ld+json\" class=\"yoast-schema-graph\">{\"@context\":\"https:\\\/\\\/schema.org\",\"@graph\":[{\"@type\":\"WebPage\",\"@id\":\"https:\\\/\\\/shopbrasil.vinyllandrecords.com\\\/produto\\\/baile-fbc-e-vhoor\\\/\",\"url\":\"https:\\\/\\\/shopbrasil.vinyllandrecords.com\\\/produto\\\/baile-fbc-e-vhoor\\\/\",\"name\":\"Baile - FBC e VHOOR - Vinyl Land Records\",\"isPartOf\":{\"@id\":\"https:\\\/\\\/shopbrasil.vinyllandrecords.com\\\/#website\"},\"primaryImageOfPage\":{\"@id\":\"https:\\\/\\\/shopbrasil.vinyllandrecords.com\\\/produto\\\/baile-fbc-e-vhoor\\\/#primaryimage\"},\"image\":{\"@id\":\"https:\\\/\\\/shopbrasil.vinyllandrecords.com\\\/produto\\\/baile-fbc-e-vhoor\\\/#primaryimage\"},\"thumbnailUrl\":\"https:\\\/\\\/shopbrasil.vinyllandrecords.com\\\/wp-content\\\/uploads\\\/2022\\\/08\\\/baile.jpeg\",\"datePublished\":\"2022-08-15T15:00:35+00:00\",\"dateModified\":\"2025-07-09T13:35:44+00:00\",\"breadcrumb\":{\"@id\":\"https:\\\/\\\/shopbrasil.vinyllandrecords.com\\\/produto\\\/baile-fbc-e-vhoor\\\/#breadcrumb\"},\"inLanguage\":\"en-US\",\"potentialAction\":[{\"@type\":\"ReadAction\",\"target\":[\"https:\\\/\\\/shopbrasil.vinyllandrecords.com\\\/produto\\\/baile-fbc-e-vhoor\\\/\"]}]},{\"@type\":\"ImageObject\",\"inLanguage\":\"en-US\",\"@id\":\"https:\\\/\\\/shopbrasil.vinyllandrecords.com\\\/produto\\\/baile-fbc-e-vhoor\\\/#primaryimage\",\"url\":\"https:\\\/\\\/shopbrasil.vinyllandrecords.com\\\/wp-content\\\/uploads\\\/2022\\\/08\\\/baile.jpeg\",\"contentUrl\":\"https:\\\/\\\/shopbrasil.vinyllandrecords.com\\\/wp-content\\\/uploads\\\/2022\\\/08\\\/baile.jpeg\",\"width\":640,\"height\":640},{\"@type\":\"BreadcrumbList\",\"@id\":\"https:\\\/\\\/shopbrasil.vinyllandrecords.com\\\/produto\\\/baile-fbc-e-vhoor\\\/#breadcrumb\",\"itemListElement\":[{\"@type\":\"ListItem\",\"position\":1,\"name\":\"In\u00edcio\",\"item\":\"https:\\\/\\\/shopbrasil.vinyllandrecords.com\\\/\"},{\"@type\":\"ListItem\",\"position\":2,\"name\":\"Shops\",\"item\":\"https:\\\/\\\/shopbrasil.vinyllandrecords.com\\\/shops\\\/\"},{\"@type\":\"ListItem\",\"position\":3,\"name\":\"Baile &#8211; FBC e VHOOR\"}]},{\"@type\":\"WebSite\",\"@id\":\"https:\\\/\\\/shopbrasil.vinyllandrecords.com\\\/#website\",\"url\":\"https:\\\/\\\/shopbrasil.vinyllandrecords.com\\\/\",\"name\":\"Vinyl Land Records\",\"description\":\"ONLINE SHOP\",\"potentialAction\":[{\"@type\":\"SearchAction\",\"target\":{\"@type\":\"EntryPoint\",\"urlTemplate\":\"https:\\\/\\\/shopbrasil.vinyllandrecords.com\\\/?s={search_term_string}\"},\"query-input\":{\"@type\":\"PropertyValueSpecification\",\"valueRequired\":true,\"valueName\":\"search_term_string\"}}],\"inLanguage\":\"en-US\"}]}<\/script>\n<!-- \/ Yoast SEO plugin. -->","yoast_head_json":{"title":"Baile - FBC e VHOOR - Vinyl Land Records","robots":{"index":"index","follow":"follow","max-snippet":"max-snippet:-1","max-image-preview":"max-image-preview:large","max-video-preview":"max-video-preview:-1"},"canonical":"https:\/\/shopbrasil.vinyllandrecords.com\/produto\/baile-fbc-e-vhoor\/","og_locale":"en_US","og_type":"article","og_title":"Baile - FBC e VHOOR - Vinyl Land Records","og_description":"[:pb]***DISCO ESGOTADO***  A Vinyl Land Records, em parceria com a Fatiado Discos e A Venenosa, orgulhosamente apresentam pela primeira vez em vinil o cl\u00e1ssico instant\u00e2neo Baile, de FBC e Vhoor.  3000 c\u00f3pias prensadas na f\u00e1brica Rocinante Discos, LP capa simples com envelope interno impresso, incluindo fotos, letras, vinil roxo e 3 faixas instrumentais como b\u00f4nus.[:en]Vinyl Land Records, in partnership with Fatiado Discos and A Venenosa, proudly present for the first time on vinyl the instant classic Baile, by FBC and Vhoor.  3000 copies pressed at the Rocinante Discos factory, single cover LP with printed inner envelope, including photos and lyrics, purple vinyl, including 3 bonus instrumental tracks.[:]","og_url":"https:\/\/shopbrasil.vinyllandrecords.com\/produto\/baile-fbc-e-vhoor\/","og_site_name":"Vinyl Land Records","article_modified_time":"2025-07-09T13:35:44+00:00","og_image":[{"width":640,"height":640,"url":"https:\/\/shopbrasil.vinyllandrecords.com\/wp-content\/uploads\/2022\/08\/baile.jpeg","type":"image\/jpeg"}],"twitter_card":"summary_large_image","twitter_misc":{"Est. reading time":"2 minutes"},"schema":{"@context":"https:\/\/schema.org","@graph":[{"@type":"WebPage","@id":"https:\/\/shopbrasil.vinyllandrecords.com\/produto\/baile-fbc-e-vhoor\/","url":"https:\/\/shopbrasil.vinyllandrecords.com\/produto\/baile-fbc-e-vhoor\/","name":"Baile - FBC e VHOOR - Vinyl Land Records","isPartOf":{"@id":"https:\/\/shopbrasil.vinyllandrecords.com\/#website"},"primaryImageOfPage":{"@id":"https:\/\/shopbrasil.vinyllandrecords.com\/produto\/baile-fbc-e-vhoor\/#primaryimage"},"image":{"@id":"https:\/\/shopbrasil.vinyllandrecords.com\/produto\/baile-fbc-e-vhoor\/#primaryimage"},"thumbnailUrl":"https:\/\/shopbrasil.vinyllandrecords.com\/wp-content\/uploads\/2022\/08\/baile.jpeg","datePublished":"2022-08-15T15:00:35+00:00","dateModified":"2025-07-09T13:35:44+00:00","breadcrumb":{"@id":"https:\/\/shopbrasil.vinyllandrecords.com\/produto\/baile-fbc-e-vhoor\/#breadcrumb"},"inLanguage":"en-US","potentialAction":[{"@type":"ReadAction","target":["https:\/\/shopbrasil.vinyllandrecords.com\/produto\/baile-fbc-e-vhoor\/"]}]},{"@type":"ImageObject","inLanguage":"en-US","@id":"https:\/\/shopbrasil.vinyllandrecords.com\/produto\/baile-fbc-e-vhoor\/#primaryimage","url":"https:\/\/shopbrasil.vinyllandrecords.com\/wp-content\/uploads\/2022\/08\/baile.jpeg","contentUrl":"https:\/\/shopbrasil.vinyllandrecords.com\/wp-content\/uploads\/2022\/08\/baile.jpeg","width":640,"height":640},{"@type":"BreadcrumbList","@id":"https:\/\/shopbrasil.vinyllandrecords.com\/produto\/baile-fbc-e-vhoor\/#breadcrumb","itemListElement":[{"@type":"ListItem","position":1,"name":"In\u00edcio","item":"https:\/\/shopbrasil.vinyllandrecords.com\/"},{"@type":"ListItem","position":2,"name":"Shops","item":"https:\/\/shopbrasil.vinyllandrecords.com\/shops\/"},{"@type":"ListItem","position":3,"name":"Baile &#8211; FBC e VHOOR"}]},{"@type":"WebSite","@id":"https:\/\/shopbrasil.vinyllandrecords.com\/#website","url":"https:\/\/shopbrasil.vinyllandrecords.com\/","name":"Vinyl Land Records","description":"ONLINE SHOP","potentialAction":[{"@type":"SearchAction","target":{"@type":"EntryPoint","urlTemplate":"https:\/\/shopbrasil.vinyllandrecords.com\/?s={search_term_string}"},"query-input":{"@type":"PropertyValueSpecification","valueRequired":true,"valueName":"search_term_string"}}],"inLanguage":"en-US"}]}},"_links":{"self":[{"href":"https:\/\/shopbrasil.vinyllandrecords.com\/en\/wp-json\/wp\/v2\/product\/68543","targetHints":{"allow":["GET"]}}],"collection":[{"href":"https:\/\/shopbrasil.vinyllandrecords.com\/en\/wp-json\/wp\/v2\/product"}],"about":[{"href":"https:\/\/shopbrasil.vinyllandrecords.com\/en\/wp-json\/wp\/v2\/types\/product"}],"wp:featuredmedia":[{"embeddable":true,"href":"https:\/\/shopbrasil.vinyllandrecords.com\/en\/wp-json\/wp\/v2\/media\/68544"}],"wp:attachment":[{"href":"https:\/\/shopbrasil.vinyllandrecords.com\/en\/wp-json\/wp\/v2\/media?parent=68543"}],"wp:term":[{"taxonomy":"product_brand","embeddable":true,"href":"https:\/\/shopbrasil.vinyllandrecords.com\/en\/wp-json\/wp\/v2\/product_brand?post=68543"},{"taxonomy":"product_cat","embeddable":true,"href":"https:\/\/shopbrasil.vinyllandrecords.com\/en\/wp-json\/wp\/v2\/product_cat?post=68543"},{"taxonomy":"product_tag","embeddable":true,"href":"https:\/\/shopbrasil.vinyllandrecords.com\/en\/wp-json\/wp\/v2\/product_tag?post=68543"}],"curies":[{"name":"wp","href":"https:\/\/api.w.org\/{rel}","templated":true}]}}