{"id":68551,"date":"2022-08-15T11:01:47","date_gmt":"2022-08-15T14:01:47","guid":{"rendered":"https:\/\/shopbrasil.vinyllandrecords.com\/?post_type=product&#038;p=68551"},"modified":"2024-09-16T20:43:04","modified_gmt":"2024-09-16T23:43:04","slug":"lurdez-da-luz","status":"publish","type":"product","link":"https:\/\/shopbrasil.vinyllandrecords.com\/en\/produto\/lurdez-da-luz\/","title":{"rendered":"LURDEZ DA LUZ"},"content":{"rendered":"","protected":false},"excerpt":{"rendered":"<p>https:\/\/youtube.com\/playlist?list=OLAK5uy_ndQaJv47pxCU8s-zJgpEmEU2aqaFIqroA<\/p>\n<p>Lp Novo e lacrado lan\u00e7ado em 2022.<\/p>\n<p>Vinil transl\u00facido<\/p>\n<p>Com encarte<\/p>\n<p>Pela primeira vez em LP.<\/p>\n<p>Album originalmente lan\u00e7ado em 2010 apenas em cd.<\/p>\n<p>Lan\u00e7amento Made in Quebrada Discos e Pindorama Discos.<\/p>\n<p>A1 Por um punhado de palavras 1:23<br \/>\nA2 AH UH (onomatop\u00e9ias) 2:13<br \/>\nA3 Andei 3:24<br \/>\nA4 Ziriguidum 3:41<br \/>\nA5 Corrente de \u00c1gua Doce 3:08<br \/>\nB1 Meu mundo numa quadra 3:06<br \/>\nB2 Saudade 3:25<br \/>\nB3 Eu sou o cara 4:16<br \/>\nB4 Fim da Egotrip 2:38<\/p>\n","protected":false},"featured_media":68554,"template":"","meta":[],"product_brand":[],"product_cat":[107,111,97],"product_tag":[],"class_list":{"0":"post-68551","1":"product","2":"type-product","3":"status-publish","4":"has-post-thumbnail","6":"product_cat-garimpo","7":"product_cat-destaque","8":"product_cat-lp","10":"first","11":"instock","12":"taxable","13":"shipping-taxable","14":"purchasable","15":"product-type-simple"},"yoast_head":"<!-- This site is optimized with the Yoast SEO plugin v27.4 - https:\/\/yoast.com\/product\/yoast-seo-wordpress\/ -->\n<title>LURDEZ DA LUZ - Vinyl Land Records<\/title>\n<meta name=\"robots\" content=\"index, follow, max-snippet:-1, max-image-preview:large, max-video-preview:-1\" \/>\n<link rel=\"canonical\" href=\"https:\/\/shopbrasil.vinyllandrecords.com\/produto\/lurdez-da-luz\/\" \/>\n<meta property=\"og:locale\" content=\"en_US\" \/>\n<meta property=\"og:type\" content=\"article\" \/>\n<meta property=\"og:title\" content=\"LURDEZ DA LUZ - Vinyl Land Records\" \/>\n<meta property=\"og:description\" content=\"https:\/\/youtube.com\/playlist?list=OLAK5uy_ndQaJv47pxCU8s-zJgpEmEU2aqaFIqroA  Lp Novo e lacrado lan\u00e7ado em 2022.  Vinil transl\u00facido  Com encarte  Pela primeira vez em LP.  Album originalmente lan\u00e7ado em 2010 apenas em cd.  Lan\u00e7amento Made in Quebrada Discos e Pindorama Discos.  A1 Por um punhado de palavras 1:23 A2 AH UH (onomatop\u00e9ias) 2:13 A3 Andei 3:24 A4 Ziriguidum 3:41 A5 Corrente de \u00c1gua Doce 3:08 B1 Meu mundo numa quadra 3:06 B2 Saudade 3:25 B3 Eu sou o cara 4:16 B4 Fim da Egotrip 2:38\" \/>\n<meta property=\"og:url\" content=\"https:\/\/shopbrasil.vinyllandrecords.com\/produto\/lurdez-da-luz\/\" \/>\n<meta property=\"og:site_name\" content=\"Vinyl Land Records\" \/>\n<meta property=\"article:modified_time\" content=\"2024-09-16T23:43:04+00:00\" \/>\n<meta property=\"og:image\" content=\"https:\/\/shopbrasil.vinyllandrecords.com\/wp-content\/uploads\/2022\/08\/lurdez-capa.jpeg\" \/>\n\t<meta property=\"og:image:width\" content=\"1011\" \/>\n\t<meta property=\"og:image:height\" content=\"1024\" \/>\n\t<meta property=\"og:image:type\" content=\"image\/jpeg\" \/>\n<meta name=\"twitter:card\" content=\"summary_large_image\" \/>\n<script type=\"application\/ld+json\" class=\"yoast-schema-graph\">{\"@context\":\"https:\\\/\\\/schema.org\",\"@graph\":[{\"@type\":\"WebPage\",\"@id\":\"https:\\\/\\\/shopbrasil.vinyllandrecords.com\\\/produto\\\/lurdez-da-luz\\\/\",\"url\":\"https:\\\/\\\/shopbrasil.vinyllandrecords.com\\\/produto\\\/lurdez-da-luz\\\/\",\"name\":\"LURDEZ DA LUZ - Vinyl Land Records\",\"isPartOf\":{\"@id\":\"https:\\\/\\\/shopbrasil.vinyllandrecords.com\\\/#website\"},\"primaryImageOfPage\":{\"@id\":\"https:\\\/\\\/shopbrasil.vinyllandrecords.com\\\/produto\\\/lurdez-da-luz\\\/#primaryimage\"},\"image\":{\"@id\":\"https:\\\/\\\/shopbrasil.vinyllandrecords.com\\\/produto\\\/lurdez-da-luz\\\/#primaryimage\"},\"thumbnailUrl\":\"https:\\\/\\\/shopbrasil.vinyllandrecords.com\\\/wp-content\\\/uploads\\\/2022\\\/08\\\/lurdez-capa.jpeg\",\"datePublished\":\"2022-08-15T14:01:47+00:00\",\"dateModified\":\"2024-09-16T23:43:04+00:00\",\"breadcrumb\":{\"@id\":\"https:\\\/\\\/shopbrasil.vinyllandrecords.com\\\/produto\\\/lurdez-da-luz\\\/#breadcrumb\"},\"inLanguage\":\"en-US\",\"potentialAction\":[{\"@type\":\"ReadAction\",\"target\":[\"https:\\\/\\\/shopbrasil.vinyllandrecords.com\\\/produto\\\/lurdez-da-luz\\\/\"]}]},{\"@type\":\"ImageObject\",\"inLanguage\":\"en-US\",\"@id\":\"https:\\\/\\\/shopbrasil.vinyllandrecords.com\\\/produto\\\/lurdez-da-luz\\\/#primaryimage\",\"url\":\"https:\\\/\\\/shopbrasil.vinyllandrecords.com\\\/wp-content\\\/uploads\\\/2022\\\/08\\\/lurdez-capa.jpeg\",\"contentUrl\":\"https:\\\/\\\/shopbrasil.vinyllandrecords.com\\\/wp-content\\\/uploads\\\/2022\\\/08\\\/lurdez-capa.jpeg\",\"width\":1011,\"height\":1024},{\"@type\":\"BreadcrumbList\",\"@id\":\"https:\\\/\\\/shopbrasil.vinyllandrecords.com\\\/produto\\\/lurdez-da-luz\\\/#breadcrumb\",\"itemListElement\":[{\"@type\":\"ListItem\",\"position\":1,\"name\":\"In\u00edcio\",\"item\":\"https:\\\/\\\/shopbrasil.vinyllandrecords.com\\\/\"},{\"@type\":\"ListItem\",\"position\":2,\"name\":\"Shops\",\"item\":\"https:\\\/\\\/shopbrasil.vinyllandrecords.com\\\/shops\\\/\"},{\"@type\":\"ListItem\",\"position\":3,\"name\":\"LURDEZ DA LUZ\"}]},{\"@type\":\"WebSite\",\"@id\":\"https:\\\/\\\/shopbrasil.vinyllandrecords.com\\\/#website\",\"url\":\"https:\\\/\\\/shopbrasil.vinyllandrecords.com\\\/\",\"name\":\"Vinyl Land Records\",\"description\":\"ONLINE SHOP\",\"potentialAction\":[{\"@type\":\"SearchAction\",\"target\":{\"@type\":\"EntryPoint\",\"urlTemplate\":\"https:\\\/\\\/shopbrasil.vinyllandrecords.com\\\/?s={search_term_string}\"},\"query-input\":{\"@type\":\"PropertyValueSpecification\",\"valueRequired\":true,\"valueName\":\"search_term_string\"}}],\"inLanguage\":\"en-US\"}]}<\/script>\n<!-- \/ Yoast SEO plugin. -->","yoast_head_json":{"title":"LURDEZ DA LUZ - Vinyl Land Records","robots":{"index":"index","follow":"follow","max-snippet":"max-snippet:-1","max-image-preview":"max-image-preview:large","max-video-preview":"max-video-preview:-1"},"canonical":"https:\/\/shopbrasil.vinyllandrecords.com\/produto\/lurdez-da-luz\/","og_locale":"en_US","og_type":"article","og_title":"LURDEZ DA LUZ - Vinyl Land Records","og_description":"https:\/\/youtube.com\/playlist?list=OLAK5uy_ndQaJv47pxCU8s-zJgpEmEU2aqaFIqroA  Lp Novo e lacrado lan\u00e7ado em 2022.  Vinil transl\u00facido  Com encarte  Pela primeira vez em LP.  Album originalmente lan\u00e7ado em 2010 apenas em cd.  Lan\u00e7amento Made in Quebrada Discos e Pindorama Discos.  A1 Por um punhado de palavras 1:23 A2 AH UH (onomatop\u00e9ias) 2:13 A3 Andei 3:24 A4 Ziriguidum 3:41 A5 Corrente de \u00c1gua Doce 3:08 B1 Meu mundo numa quadra 3:06 B2 Saudade 3:25 B3 Eu sou o cara 4:16 B4 Fim da Egotrip 2:38","og_url":"https:\/\/shopbrasil.vinyllandrecords.com\/produto\/lurdez-da-luz\/","og_site_name":"Vinyl Land Records","article_modified_time":"2024-09-16T23:43:04+00:00","og_image":[{"width":1011,"height":1024,"url":"https:\/\/shopbrasil.vinyllandrecords.com\/wp-content\/uploads\/2022\/08\/lurdez-capa.jpeg","type":"image\/jpeg"}],"twitter_card":"summary_large_image","schema":{"@context":"https:\/\/schema.org","@graph":[{"@type":"WebPage","@id":"https:\/\/shopbrasil.vinyllandrecords.com\/produto\/lurdez-da-luz\/","url":"https:\/\/shopbrasil.vinyllandrecords.com\/produto\/lurdez-da-luz\/","name":"LURDEZ DA LUZ - Vinyl Land Records","isPartOf":{"@id":"https:\/\/shopbrasil.vinyllandrecords.com\/#website"},"primaryImageOfPage":{"@id":"https:\/\/shopbrasil.vinyllandrecords.com\/produto\/lurdez-da-luz\/#primaryimage"},"image":{"@id":"https:\/\/shopbrasil.vinyllandrecords.com\/produto\/lurdez-da-luz\/#primaryimage"},"thumbnailUrl":"https:\/\/shopbrasil.vinyllandrecords.com\/wp-content\/uploads\/2022\/08\/lurdez-capa.jpeg","datePublished":"2022-08-15T14:01:47+00:00","dateModified":"2024-09-16T23:43:04+00:00","breadcrumb":{"@id":"https:\/\/shopbrasil.vinyllandrecords.com\/produto\/lurdez-da-luz\/#breadcrumb"},"inLanguage":"en-US","potentialAction":[{"@type":"ReadAction","target":["https:\/\/shopbrasil.vinyllandrecords.com\/produto\/lurdez-da-luz\/"]}]},{"@type":"ImageObject","inLanguage":"en-US","@id":"https:\/\/shopbrasil.vinyllandrecords.com\/produto\/lurdez-da-luz\/#primaryimage","url":"https:\/\/shopbrasil.vinyllandrecords.com\/wp-content\/uploads\/2022\/08\/lurdez-capa.jpeg","contentUrl":"https:\/\/shopbrasil.vinyllandrecords.com\/wp-content\/uploads\/2022\/08\/lurdez-capa.jpeg","width":1011,"height":1024},{"@type":"BreadcrumbList","@id":"https:\/\/shopbrasil.vinyllandrecords.com\/produto\/lurdez-da-luz\/#breadcrumb","itemListElement":[{"@type":"ListItem","position":1,"name":"In\u00edcio","item":"https:\/\/shopbrasil.vinyllandrecords.com\/"},{"@type":"ListItem","position":2,"name":"Shops","item":"https:\/\/shopbrasil.vinyllandrecords.com\/shops\/"},{"@type":"ListItem","position":3,"name":"LURDEZ DA LUZ"}]},{"@type":"WebSite","@id":"https:\/\/shopbrasil.vinyllandrecords.com\/#website","url":"https:\/\/shopbrasil.vinyllandrecords.com\/","name":"Vinyl Land Records","description":"ONLINE SHOP","potentialAction":[{"@type":"SearchAction","target":{"@type":"EntryPoint","urlTemplate":"https:\/\/shopbrasil.vinyllandrecords.com\/?s={search_term_string}"},"query-input":{"@type":"PropertyValueSpecification","valueRequired":true,"valueName":"search_term_string"}}],"inLanguage":"en-US"}]}},"_links":{"self":[{"href":"https:\/\/shopbrasil.vinyllandrecords.com\/en\/wp-json\/wp\/v2\/product\/68551","targetHints":{"allow":["GET"]}}],"collection":[{"href":"https:\/\/shopbrasil.vinyllandrecords.com\/en\/wp-json\/wp\/v2\/product"}],"about":[{"href":"https:\/\/shopbrasil.vinyllandrecords.com\/en\/wp-json\/wp\/v2\/types\/product"}],"wp:featuredmedia":[{"embeddable":true,"href":"https:\/\/shopbrasil.vinyllandrecords.com\/en\/wp-json\/wp\/v2\/media\/68554"}],"wp:attachment":[{"href":"https:\/\/shopbrasil.vinyllandrecords.com\/en\/wp-json\/wp\/v2\/media?parent=68551"}],"wp:term":[{"taxonomy":"product_brand","embeddable":true,"href":"https:\/\/shopbrasil.vinyllandrecords.com\/en\/wp-json\/wp\/v2\/product_brand?post=68551"},{"taxonomy":"product_cat","embeddable":true,"href":"https:\/\/shopbrasil.vinyllandrecords.com\/en\/wp-json\/wp\/v2\/product_cat?post=68551"},{"taxonomy":"product_tag","embeddable":true,"href":"https:\/\/shopbrasil.vinyllandrecords.com\/en\/wp-json\/wp\/v2\/product_tag?post=68551"}],"curies":[{"name":"wp","href":"https:\/\/api.w.org\/{rel}","templated":true}]}}