{"id":68937,"date":"2022-10-10T11:52:10","date_gmt":"2022-10-10T14:52:10","guid":{"rendered":"https:\/\/shopbrasil.vinyllandrecords.com\/?post_type=product&#038;p=68937"},"modified":"2026-03-24T13:57:14","modified_gmt":"2026-03-24T16:57:14","slug":"jucara-marcal-delta-estacio-blues","status":"publish","type":"product","link":"https:\/\/shopbrasil.vinyllandrecords.com\/en\/produto\/jucara-marcal-delta-estacio-blues\/","title":{"rendered":"JU\u00c7ARA MAR\u00c7AL &#8211; &#8220;DELTA EST\u00c1CIO BLUES&#8221;"},"content":{"rendered":"","protected":false},"excerpt":{"rendered":"<h4>edi\u00e7\u00e3o limitada\/ 1000 c\u00f3pias\/ lp importado\/ projeto gr\u00e1fico\u00a0especial\/<\/h4>\n<hr \/>\n<p>O rio que banha a obra de <strong>Ju\u00e7ara Mar\u00e7al<\/strong> \u00e9 caudaloso e desvenda novos afluentes a cada novo disco lan\u00e7ado. Em <strong>\u201cDelta Est\u00e1cio Blues\u201d<\/strong>, de 2021, o encontro das \u00e1guas do blues com o samba \u00e9 o mote da faixa-t\u00edtulo assinada por <strong>Rodrigo Campos<\/strong> \u2013 que faz uma analogia improv\u00e1vel sobre o vision\u00e1rio bluesman do Mississipi Robert Johnson e o seminal trio de sambistas da Est\u00e1cio de S\u00e1 formado por Baiaco, Bide e Ismael Silva. N\u00e3o h\u00e1 quase nada muito expl\u00edcito, no entanto, de um g\u00eanero ou outro na constru\u00e7\u00e3o est\u00e9tica da obra. O repert\u00f3rio traz composi\u00e7\u00f5es de Fernando Catatau, Rodrigo Ogi, Siba Veloso, Tulipa Ruiz e outros.<\/p>\n<p>A voz de Ju\u00e7ara mais uma vez sai da zona de conforto para nadar de bra\u00e7ada em um mar de bases eletr\u00f4nicas criadas por seu parceiro mais frequente e produtor do \u00e1lbum, <strong>Kiko Dinucci<\/strong>. A instrumenta\u00e7\u00e3o \u00e9 normalmente ruidosa, exala viol\u00eancia, beija o caos com uma traquitana de refer\u00eancias que combinam o rap neur\u00f3tico de Danny Brown, \u201cCheck Your Head\u201d (Beastie Boys, 1992), p\u00f3s-punk, Neneh Cherry, free jazz, trip hop e Itamar Assump\u00e7\u00e3o. Ju\u00e7ara e Kiko, no entanto e como sempre, encontram sua pr\u00f3pria identidade em mais esse mergulho de peito aberto nas profundezas do inconceb\u00edvel sem precedentes.<\/p>\n<hr \/>\n<p><strong>\u2606\u2606\u2606<\/strong><strong>\u2606<\/strong><em><strong> \u201cDisco do Ano\u201d<\/strong> APCA 2021<\/em><br \/>\n<strong>\u2606\u2606\u2606<\/strong><strong>\u2606<\/strong><em><strong> \u201c\u00c1lbum do Ano\u201d<\/strong> Pr\u00eamio Multishow 2021<\/em><br \/>\n<strong>\u2606\u2606\u2606<\/strong><strong>\u2606<\/strong><em><strong>\u00a0\u00a0\u201cCan\u00e7\u00e3o do Ano\u201d<\/strong> para <strong>Crash<\/strong> no Pr\u00eamio Multishow 2021<\/em><br \/>\n<strong>\u2606\u2606\u2606<\/strong><strong>\u2606<\/strong><em><strong>\u00a0\u00a0&#8220;Produtor do Ano &#8211; Kiko Dinucci&#8221;<\/strong> no Pr\u00eamio Multishow 2021<\/em><br \/>\n<strong>\u2606\u2606\u2606<\/strong><strong>\u2606<\/strong><em><strong>\u00a0\u00a0&#8220;Inova\u00e7\u00e3o em videoclipe&#8221;<\/strong> para <strong>Crash<\/strong> no MVF Awards Brasil 2021<\/em><\/p>\n","protected":false},"featured_media":68945,"template":"","meta":[],"product_brand":[],"product_cat":[107,111,127,97],"product_tag":[],"class_list":{"0":"post-68937","1":"product","2":"type-product","3":"status-publish","4":"has-post-thumbnail","6":"product_cat-garimpo","7":"product_cat-destaque","8":"product_cat-goma-gringa","9":"product_cat-lp","11":"first","12":"instock","13":"taxable","14":"shipping-taxable","15":"purchasable","16":"product-type-simple"},"yoast_head":"<!-- This site is optimized with the Yoast SEO plugin v27.3 - https:\/\/yoast.com\/product\/yoast-seo-wordpress\/ -->\n<title>JU\u00c7ARA MAR\u00c7AL - &quot;DELTA EST\u00c1CIO BLUES&quot; - Vinyl Land Records<\/title>\n<meta name=\"robots\" content=\"index, follow, max-snippet:-1, max-image-preview:large, max-video-preview:-1\" \/>\n<link rel=\"canonical\" href=\"https:\/\/shopbrasil.vinyllandrecords.com\/produto\/jucara-marcal-delta-estacio-blues\/\" \/>\n<meta property=\"og:locale\" content=\"en_US\" \/>\n<meta property=\"og:type\" content=\"article\" \/>\n<meta property=\"og:title\" content=\"JU\u00c7ARA MAR\u00c7AL - &quot;DELTA EST\u00c1CIO BLUES&quot; - Vinyl Land Records\" \/>\n<meta property=\"og:description\" content=\"edi\u00e7\u00e3o limitada\/ 1000 c\u00f3pias\/ lp importado\/ projeto gr\u00e1fico\u00a0especial\/    O rio que banha a obra de Ju\u00e7ara Mar\u00e7al \u00e9 caudaloso e desvenda novos afluentes a cada novo disco lan\u00e7ado. Em \u201cDelta Est\u00e1cio Blues\u201d, de 2021, o encontro das \u00e1guas do blues com o samba \u00e9 o mote da faixa-t\u00edtulo assinada por Rodrigo Campos \u2013 que faz uma analogia improv\u00e1vel sobre o vision\u00e1rio bluesman do Mississipi Robert Johnson e o seminal trio de sambistas da Est\u00e1cio de S\u00e1 formado por Baiaco, Bide e Ismael Silva. N\u00e3o h\u00e1 quase nada muito expl\u00edcito, no entanto, de um g\u00eanero ou outro na constru\u00e7\u00e3o est\u00e9tica da obra. O repert\u00f3rio traz composi\u00e7\u00f5es de Fernando Catatau, Rodrigo Ogi, Siba Veloso, Tulipa Ruiz e outros.  A voz de Ju\u00e7ara mais uma vez sai da zona de conforto para nadar de bra\u00e7ada em um mar de bases eletr\u00f4nicas criadas por seu parceiro mais frequente e produtor do \u00e1lbum, Kiko Dinucci. A instrumenta\u00e7\u00e3o \u00e9 normalmente ruidosa, exala viol\u00eancia, beija o caos com uma traquitana de refer\u00eancias que combinam o rap neur\u00f3tico de Danny Brown, \u201cCheck Your Head\u201d (Beastie Boys, 1992), p\u00f3s-punk, Neneh Cherry, free jazz, trip hop e Itamar Assump\u00e7\u00e3o. Ju\u00e7ara e Kiko, no entanto e como sempre, encontram sua pr\u00f3pria identidade em mais esse mergulho de peito aberto nas profundezas do inconceb\u00edvel sem precedentes.    \u2606\u2606\u2606\u2606 \u201cDisco do Ano\u201d APCA 2021 \u2606\u2606\u2606\u2606 \u201c\u00c1lbum do Ano\u201d Pr\u00eamio Multishow 2021 \u2606\u2606\u2606\u2606\u00a0\u00a0\u201cCan\u00e7\u00e3o do Ano\u201d para Crash no Pr\u00eamio Multishow 2021 \u2606\u2606\u2606\u2606\u00a0\u00a0&quot;Produtor do Ano - Kiko Dinucci&quot; no Pr\u00eamio Multishow 2021 \u2606\u2606\u2606\u2606\u00a0\u00a0&quot;Inova\u00e7\u00e3o em videoclipe&quot; para Crash no MVF Awards Brasil 2021\" \/>\n<meta property=\"og:url\" content=\"https:\/\/shopbrasil.vinyllandrecords.com\/produto\/jucara-marcal-delta-estacio-blues\/\" \/>\n<meta property=\"og:site_name\" content=\"Vinyl Land Records\" \/>\n<meta property=\"article:modified_time\" content=\"2026-03-24T16:57:14+00:00\" \/>\n<meta property=\"og:image\" content=\"https:\/\/shopbrasil.vinyllandrecords.com\/wp-content\/uploads\/2022\/10\/jucara.jpeg\" \/>\n\t<meta property=\"og:image:width\" content=\"1200\" \/>\n\t<meta property=\"og:image:height\" content=\"1200\" \/>\n\t<meta property=\"og:image:type\" content=\"image\/jpeg\" \/>\n<meta name=\"twitter:card\" content=\"summary_large_image\" \/>\n<script type=\"application\/ld+json\" class=\"yoast-schema-graph\">{\"@context\":\"https:\\\/\\\/schema.org\",\"@graph\":[{\"@type\":\"WebPage\",\"@id\":\"https:\\\/\\\/shopbrasil.vinyllandrecords.com\\\/produto\\\/jucara-marcal-delta-estacio-blues\\\/\",\"url\":\"https:\\\/\\\/shopbrasil.vinyllandrecords.com\\\/produto\\\/jucara-marcal-delta-estacio-blues\\\/\",\"name\":\"JU\u00c7ARA MAR\u00c7AL - \\\"DELTA EST\u00c1CIO BLUES\\\" - Vinyl Land Records\",\"isPartOf\":{\"@id\":\"https:\\\/\\\/shopbrasil.vinyllandrecords.com\\\/#website\"},\"primaryImageOfPage\":{\"@id\":\"https:\\\/\\\/shopbrasil.vinyllandrecords.com\\\/produto\\\/jucara-marcal-delta-estacio-blues\\\/#primaryimage\"},\"image\":{\"@id\":\"https:\\\/\\\/shopbrasil.vinyllandrecords.com\\\/produto\\\/jucara-marcal-delta-estacio-blues\\\/#primaryimage\"},\"thumbnailUrl\":\"https:\\\/\\\/shopbrasil.vinyllandrecords.com\\\/wp-content\\\/uploads\\\/2022\\\/10\\\/jucara.jpeg\",\"datePublished\":\"2022-10-10T14:52:10+00:00\",\"dateModified\":\"2026-03-24T16:57:14+00:00\",\"breadcrumb\":{\"@id\":\"https:\\\/\\\/shopbrasil.vinyllandrecords.com\\\/produto\\\/jucara-marcal-delta-estacio-blues\\\/#breadcrumb\"},\"inLanguage\":\"en-US\",\"potentialAction\":[{\"@type\":\"ReadAction\",\"target\":[\"https:\\\/\\\/shopbrasil.vinyllandrecords.com\\\/produto\\\/jucara-marcal-delta-estacio-blues\\\/\"]}]},{\"@type\":\"ImageObject\",\"inLanguage\":\"en-US\",\"@id\":\"https:\\\/\\\/shopbrasil.vinyllandrecords.com\\\/produto\\\/jucara-marcal-delta-estacio-blues\\\/#primaryimage\",\"url\":\"https:\\\/\\\/shopbrasil.vinyllandrecords.com\\\/wp-content\\\/uploads\\\/2022\\\/10\\\/jucara.jpeg\",\"contentUrl\":\"https:\\\/\\\/shopbrasil.vinyllandrecords.com\\\/wp-content\\\/uploads\\\/2022\\\/10\\\/jucara.jpeg\",\"width\":1200,\"height\":1200},{\"@type\":\"BreadcrumbList\",\"@id\":\"https:\\\/\\\/shopbrasil.vinyllandrecords.com\\\/produto\\\/jucara-marcal-delta-estacio-blues\\\/#breadcrumb\",\"itemListElement\":[{\"@type\":\"ListItem\",\"position\":1,\"name\":\"In\u00edcio\",\"item\":\"https:\\\/\\\/shopbrasil.vinyllandrecords.com\\\/\"},{\"@type\":\"ListItem\",\"position\":2,\"name\":\"Shops\",\"item\":\"https:\\\/\\\/shopbrasil.vinyllandrecords.com\\\/shops\\\/\"},{\"@type\":\"ListItem\",\"position\":3,\"name\":\"JU\u00c7ARA MAR\u00c7AL &#8211; &#8220;DELTA EST\u00c1CIO BLUES&#8221;\"}]},{\"@type\":\"WebSite\",\"@id\":\"https:\\\/\\\/shopbrasil.vinyllandrecords.com\\\/#website\",\"url\":\"https:\\\/\\\/shopbrasil.vinyllandrecords.com\\\/\",\"name\":\"Vinyl Land Records\",\"description\":\"ONLINE SHOP\",\"potentialAction\":[{\"@type\":\"SearchAction\",\"target\":{\"@type\":\"EntryPoint\",\"urlTemplate\":\"https:\\\/\\\/shopbrasil.vinyllandrecords.com\\\/?s={search_term_string}\"},\"query-input\":{\"@type\":\"PropertyValueSpecification\",\"valueRequired\":true,\"valueName\":\"search_term_string\"}}],\"inLanguage\":\"en-US\"}]}<\/script>\n<!-- \/ Yoast SEO plugin. -->","yoast_head_json":{"title":"JU\u00c7ARA MAR\u00c7AL - \"DELTA EST\u00c1CIO BLUES\" - Vinyl Land Records","robots":{"index":"index","follow":"follow","max-snippet":"max-snippet:-1","max-image-preview":"max-image-preview:large","max-video-preview":"max-video-preview:-1"},"canonical":"https:\/\/shopbrasil.vinyllandrecords.com\/produto\/jucara-marcal-delta-estacio-blues\/","og_locale":"en_US","og_type":"article","og_title":"JU\u00c7ARA MAR\u00c7AL - \"DELTA EST\u00c1CIO BLUES\" - Vinyl Land Records","og_description":"edi\u00e7\u00e3o limitada\/ 1000 c\u00f3pias\/ lp importado\/ projeto gr\u00e1fico\u00a0especial\/    O rio que banha a obra de Ju\u00e7ara Mar\u00e7al \u00e9 caudaloso e desvenda novos afluentes a cada novo disco lan\u00e7ado. Em \u201cDelta Est\u00e1cio Blues\u201d, de 2021, o encontro das \u00e1guas do blues com o samba \u00e9 o mote da faixa-t\u00edtulo assinada por Rodrigo Campos \u2013 que faz uma analogia improv\u00e1vel sobre o vision\u00e1rio bluesman do Mississipi Robert Johnson e o seminal trio de sambistas da Est\u00e1cio de S\u00e1 formado por Baiaco, Bide e Ismael Silva. N\u00e3o h\u00e1 quase nada muito expl\u00edcito, no entanto, de um g\u00eanero ou outro na constru\u00e7\u00e3o est\u00e9tica da obra. O repert\u00f3rio traz composi\u00e7\u00f5es de Fernando Catatau, Rodrigo Ogi, Siba Veloso, Tulipa Ruiz e outros.  A voz de Ju\u00e7ara mais uma vez sai da zona de conforto para nadar de bra\u00e7ada em um mar de bases eletr\u00f4nicas criadas por seu parceiro mais frequente e produtor do \u00e1lbum, Kiko Dinucci. A instrumenta\u00e7\u00e3o \u00e9 normalmente ruidosa, exala viol\u00eancia, beija o caos com uma traquitana de refer\u00eancias que combinam o rap neur\u00f3tico de Danny Brown, \u201cCheck Your Head\u201d (Beastie Boys, 1992), p\u00f3s-punk, Neneh Cherry, free jazz, trip hop e Itamar Assump\u00e7\u00e3o. Ju\u00e7ara e Kiko, no entanto e como sempre, encontram sua pr\u00f3pria identidade em mais esse mergulho de peito aberto nas profundezas do inconceb\u00edvel sem precedentes.    \u2606\u2606\u2606\u2606 \u201cDisco do Ano\u201d APCA 2021 \u2606\u2606\u2606\u2606 \u201c\u00c1lbum do Ano\u201d Pr\u00eamio Multishow 2021 \u2606\u2606\u2606\u2606\u00a0\u00a0\u201cCan\u00e7\u00e3o do Ano\u201d para Crash no Pr\u00eamio Multishow 2021 \u2606\u2606\u2606\u2606\u00a0\u00a0\"Produtor do Ano - Kiko Dinucci\" no Pr\u00eamio Multishow 2021 \u2606\u2606\u2606\u2606\u00a0\u00a0\"Inova\u00e7\u00e3o em videoclipe\" para Crash no MVF Awards Brasil 2021","og_url":"https:\/\/shopbrasil.vinyllandrecords.com\/produto\/jucara-marcal-delta-estacio-blues\/","og_site_name":"Vinyl Land Records","article_modified_time":"2026-03-24T16:57:14+00:00","og_image":[{"width":1200,"height":1200,"url":"https:\/\/shopbrasil.vinyllandrecords.com\/wp-content\/uploads\/2022\/10\/jucara.jpeg","type":"image\/jpeg"}],"twitter_card":"summary_large_image","schema":{"@context":"https:\/\/schema.org","@graph":[{"@type":"WebPage","@id":"https:\/\/shopbrasil.vinyllandrecords.com\/produto\/jucara-marcal-delta-estacio-blues\/","url":"https:\/\/shopbrasil.vinyllandrecords.com\/produto\/jucara-marcal-delta-estacio-blues\/","name":"JU\u00c7ARA MAR\u00c7AL - \"DELTA EST\u00c1CIO BLUES\" - Vinyl Land Records","isPartOf":{"@id":"https:\/\/shopbrasil.vinyllandrecords.com\/#website"},"primaryImageOfPage":{"@id":"https:\/\/shopbrasil.vinyllandrecords.com\/produto\/jucara-marcal-delta-estacio-blues\/#primaryimage"},"image":{"@id":"https:\/\/shopbrasil.vinyllandrecords.com\/produto\/jucara-marcal-delta-estacio-blues\/#primaryimage"},"thumbnailUrl":"https:\/\/shopbrasil.vinyllandrecords.com\/wp-content\/uploads\/2022\/10\/jucara.jpeg","datePublished":"2022-10-10T14:52:10+00:00","dateModified":"2026-03-24T16:57:14+00:00","breadcrumb":{"@id":"https:\/\/shopbrasil.vinyllandrecords.com\/produto\/jucara-marcal-delta-estacio-blues\/#breadcrumb"},"inLanguage":"en-US","potentialAction":[{"@type":"ReadAction","target":["https:\/\/shopbrasil.vinyllandrecords.com\/produto\/jucara-marcal-delta-estacio-blues\/"]}]},{"@type":"ImageObject","inLanguage":"en-US","@id":"https:\/\/shopbrasil.vinyllandrecords.com\/produto\/jucara-marcal-delta-estacio-blues\/#primaryimage","url":"https:\/\/shopbrasil.vinyllandrecords.com\/wp-content\/uploads\/2022\/10\/jucara.jpeg","contentUrl":"https:\/\/shopbrasil.vinyllandrecords.com\/wp-content\/uploads\/2022\/10\/jucara.jpeg","width":1200,"height":1200},{"@type":"BreadcrumbList","@id":"https:\/\/shopbrasil.vinyllandrecords.com\/produto\/jucara-marcal-delta-estacio-blues\/#breadcrumb","itemListElement":[{"@type":"ListItem","position":1,"name":"In\u00edcio","item":"https:\/\/shopbrasil.vinyllandrecords.com\/"},{"@type":"ListItem","position":2,"name":"Shops","item":"https:\/\/shopbrasil.vinyllandrecords.com\/shops\/"},{"@type":"ListItem","position":3,"name":"JU\u00c7ARA MAR\u00c7AL &#8211; &#8220;DELTA EST\u00c1CIO BLUES&#8221;"}]},{"@type":"WebSite","@id":"https:\/\/shopbrasil.vinyllandrecords.com\/#website","url":"https:\/\/shopbrasil.vinyllandrecords.com\/","name":"Vinyl Land Records","description":"ONLINE SHOP","potentialAction":[{"@type":"SearchAction","target":{"@type":"EntryPoint","urlTemplate":"https:\/\/shopbrasil.vinyllandrecords.com\/?s={search_term_string}"},"query-input":{"@type":"PropertyValueSpecification","valueRequired":true,"valueName":"search_term_string"}}],"inLanguage":"en-US"}]}},"_links":{"self":[{"href":"https:\/\/shopbrasil.vinyllandrecords.com\/en\/wp-json\/wp\/v2\/product\/68937","targetHints":{"allow":["GET"]}}],"collection":[{"href":"https:\/\/shopbrasil.vinyllandrecords.com\/en\/wp-json\/wp\/v2\/product"}],"about":[{"href":"https:\/\/shopbrasil.vinyllandrecords.com\/en\/wp-json\/wp\/v2\/types\/product"}],"wp:featuredmedia":[{"embeddable":true,"href":"https:\/\/shopbrasil.vinyllandrecords.com\/en\/wp-json\/wp\/v2\/media\/68945"}],"wp:attachment":[{"href":"https:\/\/shopbrasil.vinyllandrecords.com\/en\/wp-json\/wp\/v2\/media?parent=68937"}],"wp:term":[{"taxonomy":"product_brand","embeddable":true,"href":"https:\/\/shopbrasil.vinyllandrecords.com\/en\/wp-json\/wp\/v2\/product_brand?post=68937"},{"taxonomy":"product_cat","embeddable":true,"href":"https:\/\/shopbrasil.vinyllandrecords.com\/en\/wp-json\/wp\/v2\/product_cat?post=68937"},{"taxonomy":"product_tag","embeddable":true,"href":"https:\/\/shopbrasil.vinyllandrecords.com\/en\/wp-json\/wp\/v2\/product_tag?post=68937"}],"curies":[{"name":"wp","href":"https:\/\/api.w.org\/{rel}","templated":true}]}}