{"id":69083,"date":"2022-10-26T11:25:01","date_gmt":"2022-10-26T14:25:01","guid":{"rendered":"https:\/\/shopbrasil.vinyllandrecords.com\/?post_type=product&#038;p=69083"},"modified":"2025-10-29T22:58:23","modified_gmt":"2025-10-30T01:58:23","slug":"monkey-jhayam-afrochoque-monkey-jhayam-afrocidade-2020-volts","status":"publish","type":"product","link":"https:\/\/shopbrasil.vinyllandrecords.com\/en\/produto\/monkey-jhayam-afrochoque-monkey-jhayam-afrocidade-2020-volts\/","title":{"rendered":"Monkey Jhayam \u2013 Afrochoque | Monkey Jhayam &#038; Afrocidade \u2013 2020 Volts"},"content":{"rendered":"","protected":false},"excerpt":{"rendered":"<p>https:\/\/youtu.be\/cMH76o28vmo<\/p>\n<p>https:\/\/youtu.be\/jQqgi2mWe74<\/p>\n<p>\u201cM\u00fasica Consciente\u201d \u00e9 o lema que aparece na logomarca de Monkey Jhayam, que foi nascido e criado na Zona Leste de S\u00e3o Paulo. O cantor e compositor est\u00e1 na ativa desde 2008 com esse nome, se movimentando no cen\u00e1rio independente com destaque na desenvoltura em suas performances ao vivo e por suas letras com forte cunho pol\u00edtico-social, direcionando os ouvintes para novas formas de express\u00e3o da consci\u00eancia. As ruas s\u00e3o o pano de fundo de sua escola musical, baseada na cultura sound system e na m\u00fasica jamaicana, al\u00e9m de vertentes musicais de toda a di\u00e1spora africana em metr\u00f3poles ao redor do mundo, antes passando pelo punk rock e at\u00e9 hoje mantendo viva a energia do-it-yourself (fa\u00e7a voc\u00ea mesmo). + Info.: https:\/\/linktr.ee\/monkeyjhayam<\/p>\n<p>Em 2019, Monkey Jhayam produziu um novo show explorando os g\u00eaneros musicais que influenciaram o seu trabalho, como: afrobeat, afrorock, dancehall, guetto tech e latinidades. O resultado desse trabalho foram os singles \u201cAfrochoque\u201d e \u201c2020 Volts\u201d, lan\u00e7ados nas plataformas digitais em setembro e novembro de 2020, respectivamente.<\/p>\n<p>No Lado A do compacto temos \u201cAfrochoque\u201d, que se trata de uma m\u00fasica de sonoridade glocal. \u00c9 o choque da m\u00fasica da di\u00e1spora urbana se fundindo com o local e espa\u00e7o f\u00edsico criando a \u201cUrban Music\u201d. O pr\u00f3prio artista complementa: \u201cNa Angola, o kuduru; na Nig\u00e9ria, o afrobeat; na Rep\u00fablica Dominicana, o denbow; na Jamaica o dancehall; no Brasil, o funk. \u2018Afrochoque\u2019 une todos esses estilos como uma pang\u00e9ia musical. \u00c9 a di\u00e1spora africana se reunindo, se reencontrando, se levantando e expressando a sua voz\u201d. Para chegar nesta sonoridade \u00edmpar, o cantor e compositor se uniu aos produtores Dudu Marote e DJ B8. A m\u00fasica contou com um videoclipe marcante, confira em http:\/\/bit.ly\/afrochoque .<\/p>\n<p>J\u00e1 no Lado AA, energia \u00e9 pouco para esse feat. \u00c9 2020 Volts! O pagod\u00e3o baiano do Afrocidade vai ao encontro ao ghettotech, rock, global bass e ao discurso pol\u00edtico e social de Monkey Jhayam. Quem faz a cama sonora para os versos conscientes do s\u00edmio \u00e9 o DJ B8 e o poderoso Afrocidade. Bang! A letra denuncia a onda de informa\u00e7\u00f5es falsas que se espalham facilmente atrav\u00e9s de mensagens via celular, manipula\u00e7\u00e3o de dados e todo o fluxo de rede coletado por empresas mal intencionadas que visam controlar a massa. A den\u00fancia desse time \u00e9 festiva. O som \u00e9 a trilha sonora perfeita para um Carnaval pol\u00edtico ou uma roda de pogo afropunk. Den\u00fancia essa que retrata o infeliz momento do Brasil: desde o discurso fascista do poder executivo, passando pela destrui\u00e7\u00e3o sem precedentes do meio ambiente at\u00e9 o genoc\u00eddio nas quebradas e o descaso com a sa\u00fade e com a ci\u00eancia. Confira o \u00f3timo videoclipe do single: http:\/\/bit.ly\/2020Volts-Video <\/p>\n<p>Em uma parceria Manga Rosa, Fatiado Discos, Marafo Records e Vinyl Land, os dois singles de Monkey Jhayam s\u00e3o prensados em um disco de vinil 7&#8243; em uma edi\u00e7\u00e3o especial colorida (roxo), contando com capa com arte criada pelo artista mineiro Shiron The Iron.<\/p>\n","protected":false},"featured_media":69084,"template":"","meta":[],"product_brand":[],"product_cat":[108,111,117,119,126,93],"product_tag":[],"class_list":{"0":"post-69083","1":"product","2":"type-product","3":"status-publish","4":"has-post-thumbnail","6":"product_cat-lancamentos","7":"product_cat-destaque","8":"product_cat-fatiado-discos","9":"product_cat-marafo","10":"product_cat-disco-colorido","11":"product_cat-93","13":"first","14":"instock","15":"sale","16":"taxable","17":"shipping-taxable","18":"purchasable","19":"product-type-simple"},"yoast_head":"<!-- This site is optimized with the Yoast SEO plugin v27.4 - https:\/\/yoast.com\/product\/yoast-seo-wordpress\/ -->\n<title>Monkey Jhayam \u2013 Afrochoque | Monkey Jhayam &amp; Afrocidade \u2013 2020 Volts - Vinyl Land Records<\/title>\n<meta name=\"robots\" content=\"index, follow, max-snippet:-1, max-image-preview:large, max-video-preview:-1\" \/>\n<link rel=\"canonical\" href=\"https:\/\/shopbrasil.vinyllandrecords.com\/produto\/monkey-jhayam-afrochoque-monkey-jhayam-afrocidade-2020-volts\/\" \/>\n<meta property=\"og:locale\" content=\"en_US\" \/>\n<meta property=\"og:type\" content=\"article\" \/>\n<meta property=\"og:title\" content=\"Monkey Jhayam \u2013 Afrochoque | Monkey Jhayam &amp; Afrocidade \u2013 2020 Volts - Vinyl Land Records\" \/>\n<meta property=\"og:description\" content=\"https:\/\/youtu.be\/cMH76o28vmo  https:\/\/youtu.be\/jQqgi2mWe74  \u201cM\u00fasica Consciente\u201d \u00e9 o lema que aparece na logomarca de Monkey Jhayam, que foi nascido e criado na Zona Leste de S\u00e3o Paulo. O cantor e compositor est\u00e1 na ativa desde 2008 com esse nome, se movimentando no cen\u00e1rio independente com destaque na desenvoltura em suas performances ao vivo e por suas letras com forte cunho pol\u00edtico-social, direcionando os ouvintes para novas formas de express\u00e3o da consci\u00eancia. As ruas s\u00e3o o pano de fundo de sua escola musical, baseada na cultura sound system e na m\u00fasica jamaicana, al\u00e9m de vertentes musicais de toda a di\u00e1spora africana em metr\u00f3poles ao redor do mundo, antes passando pelo punk rock e at\u00e9 hoje mantendo viva a energia do-it-yourself (fa\u00e7a voc\u00ea mesmo). + Info.: https:\/\/linktr.ee\/monkeyjhayam  Em 2019, Monkey Jhayam produziu um novo show explorando os g\u00eaneros musicais que influenciaram o seu trabalho, como: afrobeat, afrorock, dancehall, guetto tech e latinidades. O resultado desse trabalho foram os singles \u201cAfrochoque\u201d e \u201c2020 Volts\u201d, lan\u00e7ados nas plataformas digitais em setembro e novembro de 2020, respectivamente.  No Lado A do compacto temos \u201cAfrochoque\u201d, que se trata de uma m\u00fasica de sonoridade glocal. \u00c9 o choque da m\u00fasica da di\u00e1spora urbana se fundindo com o local e espa\u00e7o f\u00edsico criando a \u201cUrban Music\u201d. O pr\u00f3prio artista complementa: \u201cNa Angola, o kuduru; na Nig\u00e9ria, o afrobeat; na Rep\u00fablica Dominicana, o denbow; na Jamaica o dancehall; no Brasil, o funk. \u2018Afrochoque\u2019 une todos esses estilos como uma pang\u00e9ia musical. \u00c9 a di\u00e1spora africana se reunindo, se reencontrando, se levantando e expressando a sua voz\u201d. Para chegar nesta sonoridade \u00edmpar, o cantor e compositor se uniu aos produtores Dudu Marote e DJ B8. A m\u00fasica contou com um videoclipe marcante, confira em http:\/\/bit.ly\/afrochoque .  J\u00e1 no Lado AA, energia \u00e9 pouco para esse feat. \u00c9 2020 Volts! O pagod\u00e3o baiano do Afrocidade vai ao encontro ao ghettotech, rock, global bass e ao discurso pol\u00edtico e social de Monkey Jhayam. Quem faz a cama sonora para os versos conscientes do s\u00edmio \u00e9 o DJ B8 e o poderoso Afrocidade. Bang! A letra denuncia a onda de informa\u00e7\u00f5es falsas que se espalham facilmente atrav\u00e9s de mensagens via celular, manipula\u00e7\u00e3o de dados e todo o fluxo de rede coletado por empresas mal intencionadas que visam controlar a massa. A den\u00fancia desse time \u00e9 festiva. O som \u00e9 a trilha sonora perfeita para um Carnaval pol\u00edtico ou uma roda de pogo afropunk. Den\u00fancia essa que retrata o infeliz momento do Brasil: desde o discurso fascista do poder executivo, passando pela destrui\u00e7\u00e3o sem precedentes do meio ambiente at\u00e9 o genoc\u00eddio nas quebradas e o descaso com a sa\u00fade e com a ci\u00eancia. Confira o \u00f3timo videoclipe do single: http:\/\/bit.ly\/2020Volts-Video   Em uma parceria Manga Rosa, Fatiado Discos, Marafo Records e Vinyl Land, os dois singles de Monkey Jhayam s\u00e3o prensados em um disco de vinil 7&quot; em uma edi\u00e7\u00e3o especial colorida (roxo), contando com capa com arte criada pelo artista mineiro Shiron The Iron.\" \/>\n<meta property=\"og:url\" content=\"https:\/\/shopbrasil.vinyllandrecords.com\/produto\/monkey-jhayam-afrochoque-monkey-jhayam-afrocidade-2020-volts\/\" \/>\n<meta property=\"og:site_name\" content=\"Vinyl Land Records\" \/>\n<meta property=\"article:modified_time\" content=\"2025-10-30T01:58:23+00:00\" \/>\n<meta property=\"og:image\" content=\"https:\/\/shopbrasil.vinyllandrecords.com\/wp-content\/uploads\/2022\/10\/ISIMG-649647.jpg\" \/>\n\t<meta property=\"og:image:width\" content=\"1393\" \/>\n\t<meta property=\"og:image:height\" content=\"1393\" \/>\n\t<meta property=\"og:image:type\" content=\"image\/jpeg\" \/>\n<meta name=\"twitter:card\" content=\"summary_large_image\" \/>\n<script type=\"application\/ld+json\" class=\"yoast-schema-graph\">{\"@context\":\"https:\\\/\\\/schema.org\",\"@graph\":[{\"@type\":\"WebPage\",\"@id\":\"https:\\\/\\\/shopbrasil.vinyllandrecords.com\\\/produto\\\/monkey-jhayam-afrochoque-monkey-jhayam-afrocidade-2020-volts\\\/\",\"url\":\"https:\\\/\\\/shopbrasil.vinyllandrecords.com\\\/produto\\\/monkey-jhayam-afrochoque-monkey-jhayam-afrocidade-2020-volts\\\/\",\"name\":\"Monkey Jhayam \u2013 Afrochoque | Monkey Jhayam & Afrocidade \u2013 2020 Volts - Vinyl Land Records\",\"isPartOf\":{\"@id\":\"https:\\\/\\\/shopbrasil.vinyllandrecords.com\\\/#website\"},\"primaryImageOfPage\":{\"@id\":\"https:\\\/\\\/shopbrasil.vinyllandrecords.com\\\/produto\\\/monkey-jhayam-afrochoque-monkey-jhayam-afrocidade-2020-volts\\\/#primaryimage\"},\"image\":{\"@id\":\"https:\\\/\\\/shopbrasil.vinyllandrecords.com\\\/produto\\\/monkey-jhayam-afrochoque-monkey-jhayam-afrocidade-2020-volts\\\/#primaryimage\"},\"thumbnailUrl\":\"https:\\\/\\\/shopbrasil.vinyllandrecords.com\\\/wp-content\\\/uploads\\\/2022\\\/10\\\/ISIMG-649647.jpg\",\"datePublished\":\"2022-10-26T14:25:01+00:00\",\"dateModified\":\"2025-10-30T01:58:23+00:00\",\"breadcrumb\":{\"@id\":\"https:\\\/\\\/shopbrasil.vinyllandrecords.com\\\/produto\\\/monkey-jhayam-afrochoque-monkey-jhayam-afrocidade-2020-volts\\\/#breadcrumb\"},\"inLanguage\":\"en-US\",\"potentialAction\":[{\"@type\":\"ReadAction\",\"target\":[\"https:\\\/\\\/shopbrasil.vinyllandrecords.com\\\/produto\\\/monkey-jhayam-afrochoque-monkey-jhayam-afrocidade-2020-volts\\\/\"]}]},{\"@type\":\"ImageObject\",\"inLanguage\":\"en-US\",\"@id\":\"https:\\\/\\\/shopbrasil.vinyllandrecords.com\\\/produto\\\/monkey-jhayam-afrochoque-monkey-jhayam-afrocidade-2020-volts\\\/#primaryimage\",\"url\":\"https:\\\/\\\/shopbrasil.vinyllandrecords.com\\\/wp-content\\\/uploads\\\/2022\\\/10\\\/ISIMG-649647.jpg\",\"contentUrl\":\"https:\\\/\\\/shopbrasil.vinyllandrecords.com\\\/wp-content\\\/uploads\\\/2022\\\/10\\\/ISIMG-649647.jpg\",\"width\":1393,\"height\":1393},{\"@type\":\"BreadcrumbList\",\"@id\":\"https:\\\/\\\/shopbrasil.vinyllandrecords.com\\\/produto\\\/monkey-jhayam-afrochoque-monkey-jhayam-afrocidade-2020-volts\\\/#breadcrumb\",\"itemListElement\":[{\"@type\":\"ListItem\",\"position\":1,\"name\":\"In\u00edcio\",\"item\":\"https:\\\/\\\/shopbrasil.vinyllandrecords.com\\\/\"},{\"@type\":\"ListItem\",\"position\":2,\"name\":\"Shops\",\"item\":\"https:\\\/\\\/shopbrasil.vinyllandrecords.com\\\/shops\\\/\"},{\"@type\":\"ListItem\",\"position\":3,\"name\":\"Monkey Jhayam \u2013 Afrochoque | Monkey Jhayam &#038; Afrocidade \u2013 2020 Volts\"}]},{\"@type\":\"WebSite\",\"@id\":\"https:\\\/\\\/shopbrasil.vinyllandrecords.com\\\/#website\",\"url\":\"https:\\\/\\\/shopbrasil.vinyllandrecords.com\\\/\",\"name\":\"Vinyl Land Records\",\"description\":\"ONLINE SHOP\",\"potentialAction\":[{\"@type\":\"SearchAction\",\"target\":{\"@type\":\"EntryPoint\",\"urlTemplate\":\"https:\\\/\\\/shopbrasil.vinyllandrecords.com\\\/?s={search_term_string}\"},\"query-input\":{\"@type\":\"PropertyValueSpecification\",\"valueRequired\":true,\"valueName\":\"search_term_string\"}}],\"inLanguage\":\"en-US\"}]}<\/script>\n<!-- \/ Yoast SEO plugin. -->","yoast_head_json":{"title":"Monkey Jhayam \u2013 Afrochoque | Monkey Jhayam & Afrocidade \u2013 2020 Volts - Vinyl Land Records","robots":{"index":"index","follow":"follow","max-snippet":"max-snippet:-1","max-image-preview":"max-image-preview:large","max-video-preview":"max-video-preview:-1"},"canonical":"https:\/\/shopbrasil.vinyllandrecords.com\/produto\/monkey-jhayam-afrochoque-monkey-jhayam-afrocidade-2020-volts\/","og_locale":"en_US","og_type":"article","og_title":"Monkey Jhayam \u2013 Afrochoque | Monkey Jhayam & Afrocidade \u2013 2020 Volts - Vinyl Land Records","og_description":"https:\/\/youtu.be\/cMH76o28vmo  https:\/\/youtu.be\/jQqgi2mWe74  \u201cM\u00fasica Consciente\u201d \u00e9 o lema que aparece na logomarca de Monkey Jhayam, que foi nascido e criado na Zona Leste de S\u00e3o Paulo. O cantor e compositor est\u00e1 na ativa desde 2008 com esse nome, se movimentando no cen\u00e1rio independente com destaque na desenvoltura em suas performances ao vivo e por suas letras com forte cunho pol\u00edtico-social, direcionando os ouvintes para novas formas de express\u00e3o da consci\u00eancia. As ruas s\u00e3o o pano de fundo de sua escola musical, baseada na cultura sound system e na m\u00fasica jamaicana, al\u00e9m de vertentes musicais de toda a di\u00e1spora africana em metr\u00f3poles ao redor do mundo, antes passando pelo punk rock e at\u00e9 hoje mantendo viva a energia do-it-yourself (fa\u00e7a voc\u00ea mesmo). + Info.: https:\/\/linktr.ee\/monkeyjhayam  Em 2019, Monkey Jhayam produziu um novo show explorando os g\u00eaneros musicais que influenciaram o seu trabalho, como: afrobeat, afrorock, dancehall, guetto tech e latinidades. O resultado desse trabalho foram os singles \u201cAfrochoque\u201d e \u201c2020 Volts\u201d, lan\u00e7ados nas plataformas digitais em setembro e novembro de 2020, respectivamente.  No Lado A do compacto temos \u201cAfrochoque\u201d, que se trata de uma m\u00fasica de sonoridade glocal. \u00c9 o choque da m\u00fasica da di\u00e1spora urbana se fundindo com o local e espa\u00e7o f\u00edsico criando a \u201cUrban Music\u201d. O pr\u00f3prio artista complementa: \u201cNa Angola, o kuduru; na Nig\u00e9ria, o afrobeat; na Rep\u00fablica Dominicana, o denbow; na Jamaica o dancehall; no Brasil, o funk. \u2018Afrochoque\u2019 une todos esses estilos como uma pang\u00e9ia musical. \u00c9 a di\u00e1spora africana se reunindo, se reencontrando, se levantando e expressando a sua voz\u201d. Para chegar nesta sonoridade \u00edmpar, o cantor e compositor se uniu aos produtores Dudu Marote e DJ B8. A m\u00fasica contou com um videoclipe marcante, confira em http:\/\/bit.ly\/afrochoque .  J\u00e1 no Lado AA, energia \u00e9 pouco para esse feat. \u00c9 2020 Volts! O pagod\u00e3o baiano do Afrocidade vai ao encontro ao ghettotech, rock, global bass e ao discurso pol\u00edtico e social de Monkey Jhayam. Quem faz a cama sonora para os versos conscientes do s\u00edmio \u00e9 o DJ B8 e o poderoso Afrocidade. Bang! A letra denuncia a onda de informa\u00e7\u00f5es falsas que se espalham facilmente atrav\u00e9s de mensagens via celular, manipula\u00e7\u00e3o de dados e todo o fluxo de rede coletado por empresas mal intencionadas que visam controlar a massa. A den\u00fancia desse time \u00e9 festiva. O som \u00e9 a trilha sonora perfeita para um Carnaval pol\u00edtico ou uma roda de pogo afropunk. Den\u00fancia essa que retrata o infeliz momento do Brasil: desde o discurso fascista do poder executivo, passando pela destrui\u00e7\u00e3o sem precedentes do meio ambiente at\u00e9 o genoc\u00eddio nas quebradas e o descaso com a sa\u00fade e com a ci\u00eancia. Confira o \u00f3timo videoclipe do single: http:\/\/bit.ly\/2020Volts-Video   Em uma parceria Manga Rosa, Fatiado Discos, Marafo Records e Vinyl Land, os dois singles de Monkey Jhayam s\u00e3o prensados em um disco de vinil 7\" em uma edi\u00e7\u00e3o especial colorida (roxo), contando com capa com arte criada pelo artista mineiro Shiron The Iron.","og_url":"https:\/\/shopbrasil.vinyllandrecords.com\/produto\/monkey-jhayam-afrochoque-monkey-jhayam-afrocidade-2020-volts\/","og_site_name":"Vinyl Land Records","article_modified_time":"2025-10-30T01:58:23+00:00","og_image":[{"width":1393,"height":1393,"url":"https:\/\/shopbrasil.vinyllandrecords.com\/wp-content\/uploads\/2022\/10\/ISIMG-649647.jpg","type":"image\/jpeg"}],"twitter_card":"summary_large_image","schema":{"@context":"https:\/\/schema.org","@graph":[{"@type":"WebPage","@id":"https:\/\/shopbrasil.vinyllandrecords.com\/produto\/monkey-jhayam-afrochoque-monkey-jhayam-afrocidade-2020-volts\/","url":"https:\/\/shopbrasil.vinyllandrecords.com\/produto\/monkey-jhayam-afrochoque-monkey-jhayam-afrocidade-2020-volts\/","name":"Monkey Jhayam \u2013 Afrochoque | Monkey Jhayam & Afrocidade \u2013 2020 Volts - Vinyl Land Records","isPartOf":{"@id":"https:\/\/shopbrasil.vinyllandrecords.com\/#website"},"primaryImageOfPage":{"@id":"https:\/\/shopbrasil.vinyllandrecords.com\/produto\/monkey-jhayam-afrochoque-monkey-jhayam-afrocidade-2020-volts\/#primaryimage"},"image":{"@id":"https:\/\/shopbrasil.vinyllandrecords.com\/produto\/monkey-jhayam-afrochoque-monkey-jhayam-afrocidade-2020-volts\/#primaryimage"},"thumbnailUrl":"https:\/\/shopbrasil.vinyllandrecords.com\/wp-content\/uploads\/2022\/10\/ISIMG-649647.jpg","datePublished":"2022-10-26T14:25:01+00:00","dateModified":"2025-10-30T01:58:23+00:00","breadcrumb":{"@id":"https:\/\/shopbrasil.vinyllandrecords.com\/produto\/monkey-jhayam-afrochoque-monkey-jhayam-afrocidade-2020-volts\/#breadcrumb"},"inLanguage":"en-US","potentialAction":[{"@type":"ReadAction","target":["https:\/\/shopbrasil.vinyllandrecords.com\/produto\/monkey-jhayam-afrochoque-monkey-jhayam-afrocidade-2020-volts\/"]}]},{"@type":"ImageObject","inLanguage":"en-US","@id":"https:\/\/shopbrasil.vinyllandrecords.com\/produto\/monkey-jhayam-afrochoque-monkey-jhayam-afrocidade-2020-volts\/#primaryimage","url":"https:\/\/shopbrasil.vinyllandrecords.com\/wp-content\/uploads\/2022\/10\/ISIMG-649647.jpg","contentUrl":"https:\/\/shopbrasil.vinyllandrecords.com\/wp-content\/uploads\/2022\/10\/ISIMG-649647.jpg","width":1393,"height":1393},{"@type":"BreadcrumbList","@id":"https:\/\/shopbrasil.vinyllandrecords.com\/produto\/monkey-jhayam-afrochoque-monkey-jhayam-afrocidade-2020-volts\/#breadcrumb","itemListElement":[{"@type":"ListItem","position":1,"name":"In\u00edcio","item":"https:\/\/shopbrasil.vinyllandrecords.com\/"},{"@type":"ListItem","position":2,"name":"Shops","item":"https:\/\/shopbrasil.vinyllandrecords.com\/shops\/"},{"@type":"ListItem","position":3,"name":"Monkey Jhayam \u2013 Afrochoque | Monkey Jhayam &#038; Afrocidade \u2013 2020 Volts"}]},{"@type":"WebSite","@id":"https:\/\/shopbrasil.vinyllandrecords.com\/#website","url":"https:\/\/shopbrasil.vinyllandrecords.com\/","name":"Vinyl Land Records","description":"ONLINE SHOP","potentialAction":[{"@type":"SearchAction","target":{"@type":"EntryPoint","urlTemplate":"https:\/\/shopbrasil.vinyllandrecords.com\/?s={search_term_string}"},"query-input":{"@type":"PropertyValueSpecification","valueRequired":true,"valueName":"search_term_string"}}],"inLanguage":"en-US"}]}},"_links":{"self":[{"href":"https:\/\/shopbrasil.vinyllandrecords.com\/en\/wp-json\/wp\/v2\/product\/69083","targetHints":{"allow":["GET"]}}],"collection":[{"href":"https:\/\/shopbrasil.vinyllandrecords.com\/en\/wp-json\/wp\/v2\/product"}],"about":[{"href":"https:\/\/shopbrasil.vinyllandrecords.com\/en\/wp-json\/wp\/v2\/types\/product"}],"wp:featuredmedia":[{"embeddable":true,"href":"https:\/\/shopbrasil.vinyllandrecords.com\/en\/wp-json\/wp\/v2\/media\/69084"}],"wp:attachment":[{"href":"https:\/\/shopbrasil.vinyllandrecords.com\/en\/wp-json\/wp\/v2\/media?parent=69083"}],"wp:term":[{"taxonomy":"product_brand","embeddable":true,"href":"https:\/\/shopbrasil.vinyllandrecords.com\/en\/wp-json\/wp\/v2\/product_brand?post=69083"},{"taxonomy":"product_cat","embeddable":true,"href":"https:\/\/shopbrasil.vinyllandrecords.com\/en\/wp-json\/wp\/v2\/product_cat?post=69083"},{"taxonomy":"product_tag","embeddable":true,"href":"https:\/\/shopbrasil.vinyllandrecords.com\/en\/wp-json\/wp\/v2\/product_tag?post=69083"}],"curies":[{"name":"wp","href":"https:\/\/api.w.org\/{rel}","templated":true}]}}