{"id":69223,"date":"2023-04-26T12:07:48","date_gmt":"2023-04-26T15:07:48","guid":{"rendered":"https:\/\/shopbrasil.vinyllandrecords.com\/?post_type=product&#038;p=69223"},"modified":"2024-02-19T12:42:19","modified_gmt":"2024-02-19T15:42:19","slug":"luiz-henrique-mestico","status":"publish","type":"product","link":"https:\/\/shopbrasil.vinyllandrecords.com\/en\/produto\/luiz-henrique-mestico\/","title":{"rendered":"Luiz Henrique &#8211; Mesti\u00e7o"},"content":{"rendered":"","protected":false},"excerpt":{"rendered":"<p><iframe width=\"560\" height=\"315\" src=\"https:\/\/www.youtube.com\/embed\/mnCDfdlhoHM\" title=\"YouTube video player\" frameborder=\"0\" allow=\"accelerometer; autoplay; clipboard-write; encrypted-media; gyroscope; picture-in-picture; web-share\" allowfullscreen><\/iframe><\/p>\n<p>A Somat\u00f3ria do Barulho orgulhosamente apresenta Luiz Henrique &#8220;Mesti\u00e7o&#8221; 1975, \u00faltimo \u00e0lbum do cantor e compositor catarinense Luiz Henrique Rosa, que ap\u00f3s 15 anos nos Estados Unidos, voltou \u00e0 sua terra natal e criou o pr\u00f3prio selo, ITAGRA para ent\u00e3o lan\u00e7ar o trabalho mais desafiador de sua carreira, com participa\u00e7\u00f5es de gigantes, como J.T. Meirelles, Ten\u00f3rio Jr. Edson Machado, Jo\u00e3o Palma, Luiz Maia, La\u00e9rcio de Freitas, entre outros.<\/p>\n<p>Esta nova edi\u00e7\u00e3o do Mesti\u00e7o teve um longo e criterioso trabalho de restaura\u00e7\u00e3o, tanto da capa, quanto do som, feito por profissionais mais que competentes, no intuito de aproveitar ao m\u00e1ximo os felizes encontros que tivemos enquanto revisitando este material.<\/p>\n<p>Materializamos aqui, uma vers\u00e3o definitiva deste cl\u00e1ssico absoluto para os fans de Luiz Henrique, e colecionadores da m\u00fasica brasileira.<\/p>\n<p>Esta vers\u00e3o especial\u00edssima, com \u00e1udio remasterizado \u00e0 partir das fitas originais, vem em formato LP com capa gatefold de luxo, vinil 180g, encarte + compacto 7&#8243; b\u00f4nus, contendo faixas jamais divulgadas anteriormente.<\/p>\n<p>SDB-018<br \/>\nDisco importado, novo lacrado<\/p>\n","protected":false},"featured_media":69224,"template":"","meta":[],"product_brand":[],"product_cat":[107,114,125,97,93],"product_tag":[],"class_list":{"0":"post-69223","1":"product","2":"type-product","3":"status-publish","4":"has-post-thumbnail","6":"product_cat-garimpo","7":"product_cat-somatorio-do-barulho","8":"product_cat-gatefold-sleeve","9":"product_cat-lp","10":"product_cat-93","12":"first","13":"outofstock","14":"taxable","15":"shipping-taxable","16":"purchasable","17":"product-type-simple"},"yoast_head":"<!-- This site is optimized with the Yoast SEO plugin v27.4 - https:\/\/yoast.com\/product\/yoast-seo-wordpress\/ -->\n<title>Luiz Henrique - Mesti\u00e7o - Vinyl Land Records<\/title>\n<meta name=\"robots\" content=\"index, follow, max-snippet:-1, max-image-preview:large, max-video-preview:-1\" \/>\n<link rel=\"canonical\" href=\"https:\/\/shopbrasil.vinyllandrecords.com\/produto\/luiz-henrique-mestico\/\" \/>\n<meta property=\"og:locale\" content=\"en_US\" \/>\n<meta property=\"og:type\" content=\"article\" \/>\n<meta property=\"og:title\" content=\"Luiz Henrique - Mesti\u00e7o - Vinyl Land Records\" \/>\n<meta property=\"og:description\" content=\"[:pb]  A Somat\u00f3ria do Barulho orgulhosamente apresenta Luiz Henrique &quot;Mesti\u00e7o&quot; 1975, \u00faltimo \u00e0lbum do cantor e compositor catarinense Luiz Henrique Rosa, que ap\u00f3s 15 anos nos Estados Unidos, voltou \u00e0 sua terra natal e criou o pr\u00f3prio selo, ITAGRA para ent\u00e3o lan\u00e7ar o trabalho mais desafiador de sua carreira, com participa\u00e7\u00f5es de gigantes, como J.T. Meirelles, Ten\u00f3rio Jr. Edson Machado, Jo\u00e3o Palma, Luiz Maia, La\u00e9rcio de Freitas, entre outros.  Esta nova edi\u00e7\u00e3o do Mesti\u00e7o teve um longo e criterioso trabalho de restaura\u00e7\u00e3o, tanto da capa, quanto do som, feito por profissionais mais que competentes, no intuito de aproveitar ao m\u00e1ximo os felizes encontros que tivemos enquanto revisitando este material.  Materializamos aqui, uma vers\u00e3o definitiva deste cl\u00e1ssico absoluto para os fans de Luiz Henrique, e colecionadores da m\u00fasica brasileira.  Esta vers\u00e3o especial\u00edssima, com \u00e1udio remasterizado \u00e0 partir das fitas originais, vem em formato LP com capa gatefold de luxo, vinil 180g, encarte + compacto 7&quot; b\u00f4nus, contendo faixas jamais divulgadas anteriormente.  SDB-018 Disco importado, novo lacrado[:en]  A Somat\u00f3ria do Barulho orgulhosamente apresenta Luiz Henrique &quot;Mesti\u00e7o&quot; 1975, \u00faltimo \u00e0lbum do cantor e compositor catarinense Luiz Henrique Rosa, que ap\u00f3s 15 anos nos Estados Unidos, voltou \u00e0 sua terra natal e criou o pr\u00f3prio selo, ITAGRA para ent\u00e3o lan\u00e7ar o trabalho mais desafiador de sua carreira, com participa\u00e7\u00f5es de gigantes, como J.T. Meirelles, Ten\u00f3rio Jr. Edson Machado, Jo\u00e3o Palma, Luiz Maia, La\u00e9rcio de Freitas, entre outros.  Esta nova edi\u00e7\u00e3o do Mesti\u00e7o teve um longo e criterioso trabalho de restaura\u00e7\u00e3o, tanto da capa, quanto do som, feito por profissionais mais que competentes, no intuito de aproveitar ao m\u00e1ximo os felizes encontros que tivemos enquanto revisitando este material.  Materializamos aqui, uma vers\u00e3o definitiva deste cl\u00e1ssico absoluto para os fans de Luiz Henrique, e colecionadores da m\u00fasica brasileira.  Esta vers\u00e3o especial\u00edssima, com \u00e1udio remasterizado \u00e0 partir das fitas originais, vem em formato LP com capa gatefold de luxo, vinil 180g, encarte + compacto 7&quot; b\u00f4nus, contendo faixas jamais divulgadas anteriormente.  SDB-018 Disco importado, novo lacrado [:]\" \/>\n<meta property=\"og:url\" content=\"https:\/\/shopbrasil.vinyllandrecords.com\/produto\/luiz-henrique-mestico\/\" \/>\n<meta property=\"og:site_name\" content=\"Vinyl Land Records\" \/>\n<meta property=\"article:modified_time\" content=\"2024-02-19T15:42:19+00:00\" \/>\n<meta property=\"og:image\" content=\"https:\/\/shopbrasil.vinyllandrecords.com\/wp-content\/uploads\/2023\/04\/mestico.jpeg\" \/>\n\t<meta property=\"og:image:width\" content=\"450\" \/>\n\t<meta property=\"og:image:height\" content=\"456\" \/>\n\t<meta property=\"og:image:type\" content=\"image\/jpeg\" \/>\n<meta name=\"twitter:card\" content=\"summary_large_image\" \/>\n<meta name=\"twitter:label1\" content=\"Est. reading time\" \/>\n\t<meta name=\"twitter:data1\" content=\"1 minute\" \/>\n<script type=\"application\/ld+json\" class=\"yoast-schema-graph\">{\"@context\":\"https:\\\/\\\/schema.org\",\"@graph\":[{\"@type\":\"WebPage\",\"@id\":\"https:\\\/\\\/shopbrasil.vinyllandrecords.com\\\/produto\\\/luiz-henrique-mestico\\\/\",\"url\":\"https:\\\/\\\/shopbrasil.vinyllandrecords.com\\\/produto\\\/luiz-henrique-mestico\\\/\",\"name\":\"Luiz Henrique - Mesti\u00e7o - Vinyl Land Records\",\"isPartOf\":{\"@id\":\"https:\\\/\\\/shopbrasil.vinyllandrecords.com\\\/#website\"},\"primaryImageOfPage\":{\"@id\":\"https:\\\/\\\/shopbrasil.vinyllandrecords.com\\\/produto\\\/luiz-henrique-mestico\\\/#primaryimage\"},\"image\":{\"@id\":\"https:\\\/\\\/shopbrasil.vinyllandrecords.com\\\/produto\\\/luiz-henrique-mestico\\\/#primaryimage\"},\"thumbnailUrl\":\"https:\\\/\\\/shopbrasil.vinyllandrecords.com\\\/wp-content\\\/uploads\\\/2023\\\/04\\\/mestico.jpeg\",\"datePublished\":\"2023-04-26T15:07:48+00:00\",\"dateModified\":\"2024-02-19T15:42:19+00:00\",\"breadcrumb\":{\"@id\":\"https:\\\/\\\/shopbrasil.vinyllandrecords.com\\\/produto\\\/luiz-henrique-mestico\\\/#breadcrumb\"},\"inLanguage\":\"en-US\",\"potentialAction\":[{\"@type\":\"ReadAction\",\"target\":[\"https:\\\/\\\/shopbrasil.vinyllandrecords.com\\\/produto\\\/luiz-henrique-mestico\\\/\"]}]},{\"@type\":\"ImageObject\",\"inLanguage\":\"en-US\",\"@id\":\"https:\\\/\\\/shopbrasil.vinyllandrecords.com\\\/produto\\\/luiz-henrique-mestico\\\/#primaryimage\",\"url\":\"https:\\\/\\\/shopbrasil.vinyllandrecords.com\\\/wp-content\\\/uploads\\\/2023\\\/04\\\/mestico.jpeg\",\"contentUrl\":\"https:\\\/\\\/shopbrasil.vinyllandrecords.com\\\/wp-content\\\/uploads\\\/2023\\\/04\\\/mestico.jpeg\",\"width\":450,\"height\":456},{\"@type\":\"BreadcrumbList\",\"@id\":\"https:\\\/\\\/shopbrasil.vinyllandrecords.com\\\/produto\\\/luiz-henrique-mestico\\\/#breadcrumb\",\"itemListElement\":[{\"@type\":\"ListItem\",\"position\":1,\"name\":\"In\u00edcio\",\"item\":\"https:\\\/\\\/shopbrasil.vinyllandrecords.com\\\/\"},{\"@type\":\"ListItem\",\"position\":2,\"name\":\"Shops\",\"item\":\"https:\\\/\\\/shopbrasil.vinyllandrecords.com\\\/shops\\\/\"},{\"@type\":\"ListItem\",\"position\":3,\"name\":\"Luiz Henrique &#8211; Mesti\u00e7o\"}]},{\"@type\":\"WebSite\",\"@id\":\"https:\\\/\\\/shopbrasil.vinyllandrecords.com\\\/#website\",\"url\":\"https:\\\/\\\/shopbrasil.vinyllandrecords.com\\\/\",\"name\":\"Vinyl Land Records\",\"description\":\"ONLINE SHOP\",\"potentialAction\":[{\"@type\":\"SearchAction\",\"target\":{\"@type\":\"EntryPoint\",\"urlTemplate\":\"https:\\\/\\\/shopbrasil.vinyllandrecords.com\\\/?s={search_term_string}\"},\"query-input\":{\"@type\":\"PropertyValueSpecification\",\"valueRequired\":true,\"valueName\":\"search_term_string\"}}],\"inLanguage\":\"en-US\"}]}<\/script>\n<!-- \/ Yoast SEO plugin. -->","yoast_head_json":{"title":"Luiz Henrique - Mesti\u00e7o - Vinyl Land Records","robots":{"index":"index","follow":"follow","max-snippet":"max-snippet:-1","max-image-preview":"max-image-preview:large","max-video-preview":"max-video-preview:-1"},"canonical":"https:\/\/shopbrasil.vinyllandrecords.com\/produto\/luiz-henrique-mestico\/","og_locale":"en_US","og_type":"article","og_title":"Luiz Henrique - Mesti\u00e7o - Vinyl Land Records","og_description":"[:pb]  A Somat\u00f3ria do Barulho orgulhosamente apresenta Luiz Henrique \"Mesti\u00e7o\" 1975, \u00faltimo \u00e0lbum do cantor e compositor catarinense Luiz Henrique Rosa, que ap\u00f3s 15 anos nos Estados Unidos, voltou \u00e0 sua terra natal e criou o pr\u00f3prio selo, ITAGRA para ent\u00e3o lan\u00e7ar o trabalho mais desafiador de sua carreira, com participa\u00e7\u00f5es de gigantes, como J.T. Meirelles, Ten\u00f3rio Jr. Edson Machado, Jo\u00e3o Palma, Luiz Maia, La\u00e9rcio de Freitas, entre outros.  Esta nova edi\u00e7\u00e3o do Mesti\u00e7o teve um longo e criterioso trabalho de restaura\u00e7\u00e3o, tanto da capa, quanto do som, feito por profissionais mais que competentes, no intuito de aproveitar ao m\u00e1ximo os felizes encontros que tivemos enquanto revisitando este material.  Materializamos aqui, uma vers\u00e3o definitiva deste cl\u00e1ssico absoluto para os fans de Luiz Henrique, e colecionadores da m\u00fasica brasileira.  Esta vers\u00e3o especial\u00edssima, com \u00e1udio remasterizado \u00e0 partir das fitas originais, vem em formato LP com capa gatefold de luxo, vinil 180g, encarte + compacto 7\" b\u00f4nus, contendo faixas jamais divulgadas anteriormente.  SDB-018 Disco importado, novo lacrado[:en]  A Somat\u00f3ria do Barulho orgulhosamente apresenta Luiz Henrique \"Mesti\u00e7o\" 1975, \u00faltimo \u00e0lbum do cantor e compositor catarinense Luiz Henrique Rosa, que ap\u00f3s 15 anos nos Estados Unidos, voltou \u00e0 sua terra natal e criou o pr\u00f3prio selo, ITAGRA para ent\u00e3o lan\u00e7ar o trabalho mais desafiador de sua carreira, com participa\u00e7\u00f5es de gigantes, como J.T. Meirelles, Ten\u00f3rio Jr. Edson Machado, Jo\u00e3o Palma, Luiz Maia, La\u00e9rcio de Freitas, entre outros.  Esta nova edi\u00e7\u00e3o do Mesti\u00e7o teve um longo e criterioso trabalho de restaura\u00e7\u00e3o, tanto da capa, quanto do som, feito por profissionais mais que competentes, no intuito de aproveitar ao m\u00e1ximo os felizes encontros que tivemos enquanto revisitando este material.  Materializamos aqui, uma vers\u00e3o definitiva deste cl\u00e1ssico absoluto para os fans de Luiz Henrique, e colecionadores da m\u00fasica brasileira.  Esta vers\u00e3o especial\u00edssima, com \u00e1udio remasterizado \u00e0 partir das fitas originais, vem em formato LP com capa gatefold de luxo, vinil 180g, encarte + compacto 7\" b\u00f4nus, contendo faixas jamais divulgadas anteriormente.  SDB-018 Disco importado, novo lacrado [:]","og_url":"https:\/\/shopbrasil.vinyllandrecords.com\/produto\/luiz-henrique-mestico\/","og_site_name":"Vinyl Land Records","article_modified_time":"2024-02-19T15:42:19+00:00","og_image":[{"width":450,"height":456,"url":"https:\/\/shopbrasil.vinyllandrecords.com\/wp-content\/uploads\/2023\/04\/mestico.jpeg","type":"image\/jpeg"}],"twitter_card":"summary_large_image","twitter_misc":{"Est. reading time":"1 minute"},"schema":{"@context":"https:\/\/schema.org","@graph":[{"@type":"WebPage","@id":"https:\/\/shopbrasil.vinyllandrecords.com\/produto\/luiz-henrique-mestico\/","url":"https:\/\/shopbrasil.vinyllandrecords.com\/produto\/luiz-henrique-mestico\/","name":"Luiz Henrique - Mesti\u00e7o - Vinyl Land Records","isPartOf":{"@id":"https:\/\/shopbrasil.vinyllandrecords.com\/#website"},"primaryImageOfPage":{"@id":"https:\/\/shopbrasil.vinyllandrecords.com\/produto\/luiz-henrique-mestico\/#primaryimage"},"image":{"@id":"https:\/\/shopbrasil.vinyllandrecords.com\/produto\/luiz-henrique-mestico\/#primaryimage"},"thumbnailUrl":"https:\/\/shopbrasil.vinyllandrecords.com\/wp-content\/uploads\/2023\/04\/mestico.jpeg","datePublished":"2023-04-26T15:07:48+00:00","dateModified":"2024-02-19T15:42:19+00:00","breadcrumb":{"@id":"https:\/\/shopbrasil.vinyllandrecords.com\/produto\/luiz-henrique-mestico\/#breadcrumb"},"inLanguage":"en-US","potentialAction":[{"@type":"ReadAction","target":["https:\/\/shopbrasil.vinyllandrecords.com\/produto\/luiz-henrique-mestico\/"]}]},{"@type":"ImageObject","inLanguage":"en-US","@id":"https:\/\/shopbrasil.vinyllandrecords.com\/produto\/luiz-henrique-mestico\/#primaryimage","url":"https:\/\/shopbrasil.vinyllandrecords.com\/wp-content\/uploads\/2023\/04\/mestico.jpeg","contentUrl":"https:\/\/shopbrasil.vinyllandrecords.com\/wp-content\/uploads\/2023\/04\/mestico.jpeg","width":450,"height":456},{"@type":"BreadcrumbList","@id":"https:\/\/shopbrasil.vinyllandrecords.com\/produto\/luiz-henrique-mestico\/#breadcrumb","itemListElement":[{"@type":"ListItem","position":1,"name":"In\u00edcio","item":"https:\/\/shopbrasil.vinyllandrecords.com\/"},{"@type":"ListItem","position":2,"name":"Shops","item":"https:\/\/shopbrasil.vinyllandrecords.com\/shops\/"},{"@type":"ListItem","position":3,"name":"Luiz Henrique &#8211; Mesti\u00e7o"}]},{"@type":"WebSite","@id":"https:\/\/shopbrasil.vinyllandrecords.com\/#website","url":"https:\/\/shopbrasil.vinyllandrecords.com\/","name":"Vinyl Land Records","description":"ONLINE SHOP","potentialAction":[{"@type":"SearchAction","target":{"@type":"EntryPoint","urlTemplate":"https:\/\/shopbrasil.vinyllandrecords.com\/?s={search_term_string}"},"query-input":{"@type":"PropertyValueSpecification","valueRequired":true,"valueName":"search_term_string"}}],"inLanguage":"en-US"}]}},"_links":{"self":[{"href":"https:\/\/shopbrasil.vinyllandrecords.com\/en\/wp-json\/wp\/v2\/product\/69223","targetHints":{"allow":["GET"]}}],"collection":[{"href":"https:\/\/shopbrasil.vinyllandrecords.com\/en\/wp-json\/wp\/v2\/product"}],"about":[{"href":"https:\/\/shopbrasil.vinyllandrecords.com\/en\/wp-json\/wp\/v2\/types\/product"}],"wp:featuredmedia":[{"embeddable":true,"href":"https:\/\/shopbrasil.vinyllandrecords.com\/en\/wp-json\/wp\/v2\/media\/69224"}],"wp:attachment":[{"href":"https:\/\/shopbrasil.vinyllandrecords.com\/en\/wp-json\/wp\/v2\/media?parent=69223"}],"wp:term":[{"taxonomy":"product_brand","embeddable":true,"href":"https:\/\/shopbrasil.vinyllandrecords.com\/en\/wp-json\/wp\/v2\/product_brand?post=69223"},{"taxonomy":"product_cat","embeddable":true,"href":"https:\/\/shopbrasil.vinyllandrecords.com\/en\/wp-json\/wp\/v2\/product_cat?post=69223"},{"taxonomy":"product_tag","embeddable":true,"href":"https:\/\/shopbrasil.vinyllandrecords.com\/en\/wp-json\/wp\/v2\/product_tag?post=69223"}],"curies":[{"name":"wp","href":"https:\/\/api.w.org\/{rel}","templated":true}]}}