{"id":69232,"date":"2023-04-26T12:23:03","date_gmt":"2023-04-26T15:23:03","guid":{"rendered":"https:\/\/shopbrasil.vinyllandrecords.com\/?post_type=product&#038;p=69232"},"modified":"2023-10-26T11:52:18","modified_gmt":"2023-10-26T14:52:18","slug":"mopho-sine-diabolos-nullus-deus-2004","status":"publish","type":"product","link":"https:\/\/shopbrasil.vinyllandrecords.com\/en\/produto\/mopho-sine-diabolos-nullus-deus-2004\/","title":{"rendered":"Mopho &#8211; Sine Diabolos Nullus Deus (2004)"},"content":{"rendered":"<p class=\"qtranxs-available-languages-message qtranxs-available-languages-message-en\">Sorry, this entry is only available in <a href=\"https:\/\/shopbrasil.vinyllandrecords.com\/pb\/wp-json\/wp\/v2\/product\/69232\" class=\"qtranxs-available-language-link qtranxs-available-language-link-pb\" title=\"Portugu\u00eas\">Portugu\u00eas<\/a>.<\/p>","protected":false},"excerpt":{"rendered":"<p><iframe width=\"560\" height=\"315\" src=\"https:\/\/www.youtube.com\/embed\/5Nan28SP_p0\" title=\"YouTube video player\" frameborder=\"0\" allow=\"accelerometer; autoplay; clipboard-write; encrypted-media; gyroscope; picture-in-picture; web-share\" allowfullscreen><\/iframe><\/p>\n<p>Pela primeira vez em vinil, o segundo \u00e1lbum psicod\u00e9lico da banda alagoana MOPHO, que ganhou nova mixagem de H\u00c9LIO PISCA e masteriza\u00e7\u00e3o de ARTHUR JOLY, al\u00e9m de uma luxuosa recria\u00e7\u00e3o gr\u00e1fica pela C\u00c3O FILA Lettering Design em celebra\u00e7\u00e3o aos 18 anos de seu lan\u00e7amento feitos em 2022. Prensado em vinil preto na POLYSOM com produ\u00e7\u00e3o das parceiras PSICOBR e LIMAIA.<\/p>\n<p>SINOPSE<\/p>\n<p>Traduzido em &#8220;Sem Diabo n\u00e3o h\u00e1 Deus&#8221; ou &#8220;Sem Deus n\u00e3o h\u00e1 Diabo&#8221;, Sine Diabolo Nullus Deus ou vice-versa \u00e9 trazido neste \u00e1lbum do MOPHO como uma reflex\u00e3o profunda que aborda a dualidade entre o bem e mal, atrav\u00e9s de lindas e iluminadas can\u00e7\u00f5es no lado A, versus seu sombrio e oculto lado B, repleto de can\u00e7\u00f5es soturnas.<\/p>\n<p>Essa edi\u00e7\u00e3o em capa dupla traz um livreto de 16 p\u00e1ginas com acabamento especial em formato livro com ilustra\u00e7\u00f5es incr\u00edveis do bi\u00f3logo Ernst Haeckel, vivido no s\u00e9culo 19, em um primoroso trabalho de cria\u00e7\u00e3o gr\u00e1fica do designer Marcelo Sodr\u00e9 (C\u00e3o Fila Lettering Design), retratando as letras do \u00e1lbum com suas detalhadas imagens desenhadas por observa\u00e7\u00f5es em microsc\u00f3pio que revelam um cosmos particular pelas formas impressionantes que sugerem novas interpreta\u00e7\u00f5es e questionamentos da ess\u00eancia do universo onde vivemos.   <\/p>\n<p>Gravado de forma caseira e com m\u00ednimos recursos em 2004 pelo impressionante esfor\u00e7o de Jo\u00e3o Paulo e Leonardo Luiz, este \u00e9 um \u00e1lbum muito particular que transpira todo um sentimento acumulado da ascen\u00e7\u00e3o e sucesso do primeiro \u00e1lbum Mopho de 2000, em contraste com as dr\u00e1sticas mudan\u00e7as e separa\u00e7\u00f5es sofridas pela banda, mesmo assim nunca deixando de acreditar na sua continua\u00e7\u00e3o.<\/p>\n<p>As grava\u00e7\u00f5es originais foram localizadas e remixadas por H\u00e9lio Pisca, resgatando o brilho e o calor das can\u00e7\u00f5es gravadas 18 anos atr\u00e1s, agora remasterizadas pelo mago dos est\u00fadios Arthur Joly e prensado em 500 unidades de vinil preto da Polysom.<\/p>\n<p>Lado A<br \/>\n1. A M\u00fasica Que Eu Fiz Par Voc\u00ea<br \/>\n2. Um Lindo Dia de Sol<br \/>\n3. O Amor \u00e9 Feito de Pl\u00e1stico<br \/>\n4. Eu N\u00e3o Vou Chorar<br \/>\n5. Hoje Eu Lembrei do Seu Sorriso<br \/>\n6. Por um Punhado de D\u00f3lares<br \/>\n7. Quando Voc\u00ea Me Disse Adeus<\/p>\n<p>Lado B<br \/>\n1. Well, Well&#8230; Oh Yeah!<br \/>\n2. Sine Diabolo Nullus Deus<br \/>\n3. Tanto Barulho Por Nada<br \/>\n4. Eu Segui o Brilho do Sol<br \/>\n5. Nunca Deixei de Acreditar<br \/>\n6. Caixa de Vidro<\/p>\n<p>Total dura\u00e7\u00e3o: 38:25<\/p>\n<p>Lan\u00e7amento PSICO BR Discos &#038; Posters e LIMAIA Discos<\/p>\n","protected":false},"featured_media":69233,"template":"","meta":[],"product_brand":[],"product_cat":[107,111,125,137,97],"product_tag":[],"class_list":{"0":"post-69232","1":"product","2":"type-product","3":"status-publish","4":"has-post-thumbnail","6":"product_cat-garimpo","7":"product_cat-destaque","8":"product_cat-gatefold-sleeve","9":"product_cat-psicobr-discos-e-posters","10":"product_cat-lp","12":"first","13":"instock","14":"taxable","15":"shipping-taxable","16":"purchasable","17":"product-type-simple"},"yoast_head":"<!-- This site is optimized with the Yoast SEO plugin v27.3 - https:\/\/yoast.com\/product\/yoast-seo-wordpress\/ -->\n<title>Mopho - Sine Diabolos Nullus Deus (2004) - Vinyl Land Records<\/title>\n<meta name=\"robots\" content=\"index, follow, max-snippet:-1, max-image-preview:large, max-video-preview:-1\" \/>\n<link rel=\"canonical\" href=\"https:\/\/shopbrasil.vinyllandrecords.com\/produto\/mopho-sine-diabolos-nullus-deus-2004\/\" \/>\n<meta property=\"og:locale\" content=\"en_US\" \/>\n<meta property=\"og:type\" content=\"article\" \/>\n<meta property=\"og:title\" content=\"[:pb]Mopho - Sine Diabolos Nullus Deus [:en]Mopho - Sine Diabolos Nullus Deus (2004)[:] - Vinyl Land Records\" \/>\n<meta property=\"og:description\" content=\"[:pb]  Pela primeira vez em vinil, o segundo \u00e1lbum psicod\u00e9lico da banda alagoana MOPHO, que ganhou nova mixagem de H\u00c9LIO PISCA e masteriza\u00e7\u00e3o de ARTHUR JOLY, al\u00e9m de uma luxuosa recria\u00e7\u00e3o gr\u00e1fica pela C\u00c3O FILA Lettering Design em celebra\u00e7\u00e3o aos 18 anos de seu lan\u00e7amento feitos em 2022. Prensado em vinil preto na POLYSOM com produ\u00e7\u00e3o das parceiras PSICOBR e LIMAIA.  SINOPSE  Traduzido em &quot;Sem Diabo n\u00e3o h\u00e1 Deus&quot; ou &quot;Sem Deus n\u00e3o h\u00e1 Diabo&quot;, Sine Diabolo Nullus Deus ou vice-versa \u00e9 trazido neste \u00e1lbum do MOPHO como uma reflex\u00e3o profunda que aborda a dualidade entre o bem e mal, atrav\u00e9s de lindas e iluminadas can\u00e7\u00f5es no lado A, versus seu sombrio e oculto lado B, repleto de can\u00e7\u00f5es soturnas.  Essa edi\u00e7\u00e3o em capa dupla traz um livreto de 16 p\u00e1ginas com acabamento especial em formato livro com ilustra\u00e7\u00f5es incr\u00edveis do bi\u00f3logo Ernst Haeckel, vivido no s\u00e9culo 19, em um primoroso trabalho de cria\u00e7\u00e3o gr\u00e1fica do designer Marcelo Sodr\u00e9 (C\u00e3o Fila Lettering Design), retratando as letras do \u00e1lbum com suas detalhadas imagens desenhadas por observa\u00e7\u00f5es em microsc\u00f3pio que revelam um cosmos particular pelas formas impressionantes que sugerem novas interpreta\u00e7\u00f5es e questionamentos da ess\u00eancia do universo onde vivemos.  Gravado de forma caseira e com m\u00ednimos recursos em 2004 pelo impressionante esfor\u00e7o de Jo\u00e3o Paulo e Leonardo Luiz, este \u00e9 um \u00e1lbum muito particular que transpira todo um sentimento acumulado da ascen\u00e7\u00e3o e sucesso do primeiro \u00e1lbum Mopho de 2000, em contraste com as dr\u00e1sticas mudan\u00e7as e separa\u00e7\u00f5es sofridas pela banda, mesmo assim nunca deixando de acreditar na sua continua\u00e7\u00e3o.  As grava\u00e7\u00f5es originais foram localizadas e remixadas por H\u00e9lio Pisca, resgatando o brilho e o calor das can\u00e7\u00f5es gravadas 18 anos atr\u00e1s, agora remasterizadas pelo mago dos est\u00fadios Arthur Joly e prensado em 500 unidades de vinil preto da Polysom.  Lado A 1. A M\u00fasica Que Eu Fiz Par Voc\u00ea 2. Um Lindo Dia de Sol 3. O Amor \u00e9 Feito de Pl\u00e1stico 4. Eu N\u00e3o Vou Chorar 5. Hoje Eu Lembrei do Seu Sorriso 6. Por um Punhado de D\u00f3lares 7. Quando Voc\u00ea Me Disse Adeus  Lado B 1. Well, Well... Oh Yeah! 2. Sine Diabolo Nullus Deus 3. Tanto Barulho Por Nada 4. Eu Segui o Brilho do Sol 5. Nunca Deixei de Acreditar 6. Caixa de Vidro  Total dura\u00e7\u00e3o: 38:25  Lan\u00e7amento PSICO BR Discos &amp; Posters e LIMAIA Discos[:en]  Pela primeira vez em vinil, o segundo \u00e1lbum psicod\u00e9lico da banda alagoana MOPHO, que ganhou nova mixagem de H\u00c9LIO PISCA e masteriza\u00e7\u00e3o de ARTHUR JOLY, al\u00e9m de uma luxuosa recria\u00e7\u00e3o gr\u00e1fica pela C\u00c3O FILA Lettering Design em celebra\u00e7\u00e3o aos 18 anos de seu lan\u00e7amento feitos em 2022. Prensado em vinil preto na POLYSOM com produ\u00e7\u00e3o das parceiras PSICOBR e LIMAIA.  SINOPSE  Traduzido em &quot;Sem Diabo n\u00e3o h\u00e1 Deus&quot; ou &quot;Sem Deus n\u00e3o h\u00e1 Diabo&quot;, Sine Diabolo Nullus Deus ou vice-versa \u00e9 trazido neste \u00e1lbum do MOPHO como uma reflex\u00e3o profunda que aborda a dualidade entre o bem e mal, atrav\u00e9s de lindas e iluminadas can\u00e7\u00f5es no lado A, versus seu sombrio e oculto lado B, repleto de can\u00e7\u00f5es soturnas.  Essa edi\u00e7\u00e3o em capa dupla traz um livreto de 16 p\u00e1ginas com acabamento especial em formato livro com ilustra\u00e7\u00f5es incr\u00edveis do bi\u00f3logo Ernst Haeckel, vivido no s\u00e9culo 19, em um primoroso trabalho de cria\u00e7\u00e3o gr\u00e1fica do designer Marcelo Sodr\u00e9 (C\u00e3o Fila Lettering Design), retratando as letras do \u00e1lbum com suas detalhadas imagens desenhadas por observa\u00e7\u00f5es em microsc\u00f3pio que revelam um cosmos particular pelas formas impressionantes que sugerem novas interpreta\u00e7\u00f5es e questionamentos da ess\u00eancia do universo onde vivemos.    Gravado de forma caseira e com m\u00ednimos recursos em 2004 pelo impressionante esfor\u00e7o de Jo\u00e3o Paulo e Leonardo Luiz, este \u00e9 um \u00e1lbum muito particular que transpira todo um sentimento acumulado da ascen\u00e7\u00e3o e sucesso do primeiro \u00e1lbum Mopho de 2000, em contraste com as dr\u00e1sticas mudan\u00e7as e separa\u00e7\u00f5es sofridas pela banda, mesmo assim nunca deixando de acreditar na sua continua\u00e7\u00e3o.  As grava\u00e7\u00f5es originais foram localizadas e remixadas por H\u00e9lio Pisca, resgatando o brilho e o calor das can\u00e7\u00f5es gravadas 18 anos atr\u00e1s, agora remasterizadas pelo mago dos est\u00fadios Arthur Joly e prensado em 500 unidades de vinil preto da Polysom.  Lado A 1. A M\u00fasica Que Eu Fiz Par Voc\u00ea 2. Um Lindo Dia de Sol 3. O Amor \u00e9 Feito de Pl\u00e1stico 4. Eu N\u00e3o Vou Chorar 5. Hoje Eu Lembrei do Seu Sorriso 6. Por um Punhado de D\u00f3lares 7. Quando Voc\u00ea Me Disse Adeus  Lado B 1. Well, Well... Oh Yeah!  2. Sine Diabolo Nullus Deus 3. Tanto Barulho Por Nada 4. Eu Segui o Brilho do Sol 5. Nunca Deixei de Acreditar 6. Caixa de Vidro  Total dura\u00e7\u00e3o: 38:25  Lan\u00e7amento PSICO BR Discos &amp; Posters e LIMAIA Discos[:]\" \/>\n<meta property=\"og:url\" content=\"https:\/\/shopbrasil.vinyllandrecords.com\/produto\/mopho-sine-diabolos-nullus-deus-2004\/\" \/>\n<meta property=\"og:site_name\" content=\"Vinyl Land Records\" \/>\n<meta property=\"article:modified_time\" content=\"2023-10-26T14:52:18+00:00\" \/>\n<meta property=\"og:image\" content=\"https:\/\/shopbrasil.vinyllandrecords.com\/wp-content\/uploads\/2023\/04\/mopho.jpeg\" \/>\n\t<meta property=\"og:image:width\" content=\"450\" \/>\n\t<meta property=\"og:image:height\" content=\"449\" \/>\n\t<meta property=\"og:image:type\" content=\"image\/jpeg\" \/>\n<meta name=\"twitter:card\" content=\"summary_large_image\" \/>\n<meta name=\"twitter:label1\" content=\"Est. reading time\" \/>\n\t<meta name=\"twitter:data1\" content=\"3 minutes\" \/>\n<script type=\"application\/ld+json\" class=\"yoast-schema-graph\">{\"@context\":\"https:\\\/\\\/schema.org\",\"@graph\":[{\"@type\":\"WebPage\",\"@id\":\"https:\\\/\\\/shopbrasil.vinyllandrecords.com\\\/produto\\\/mopho-sine-diabolos-nullus-deus-2004\\\/\",\"url\":\"https:\\\/\\\/shopbrasil.vinyllandrecords.com\\\/produto\\\/mopho-sine-diabolos-nullus-deus-2004\\\/\",\"name\":\"[:pb]Mopho - Sine Diabolos Nullus Deus [:en]Mopho - Sine Diabolos Nullus Deus (2004)[:] - Vinyl Land Records\",\"isPartOf\":{\"@id\":\"https:\\\/\\\/shopbrasil.vinyllandrecords.com\\\/#website\"},\"primaryImageOfPage\":{\"@id\":\"https:\\\/\\\/shopbrasil.vinyllandrecords.com\\\/produto\\\/mopho-sine-diabolos-nullus-deus-2004\\\/#primaryimage\"},\"image\":{\"@id\":\"https:\\\/\\\/shopbrasil.vinyllandrecords.com\\\/produto\\\/mopho-sine-diabolos-nullus-deus-2004\\\/#primaryimage\"},\"thumbnailUrl\":\"https:\\\/\\\/shopbrasil.vinyllandrecords.com\\\/wp-content\\\/uploads\\\/2023\\\/04\\\/mopho.jpeg\",\"datePublished\":\"2023-04-26T15:23:03+00:00\",\"dateModified\":\"2023-10-26T14:52:18+00:00\",\"breadcrumb\":{\"@id\":\"https:\\\/\\\/shopbrasil.vinyllandrecords.com\\\/produto\\\/mopho-sine-diabolos-nullus-deus-2004\\\/#breadcrumb\"},\"inLanguage\":\"en-US\",\"potentialAction\":[{\"@type\":\"ReadAction\",\"target\":[\"https:\\\/\\\/shopbrasil.vinyllandrecords.com\\\/produto\\\/mopho-sine-diabolos-nullus-deus-2004\\\/\"]}]},{\"@type\":\"ImageObject\",\"inLanguage\":\"en-US\",\"@id\":\"https:\\\/\\\/shopbrasil.vinyllandrecords.com\\\/produto\\\/mopho-sine-diabolos-nullus-deus-2004\\\/#primaryimage\",\"url\":\"https:\\\/\\\/shopbrasil.vinyllandrecords.com\\\/wp-content\\\/uploads\\\/2023\\\/04\\\/mopho.jpeg\",\"contentUrl\":\"https:\\\/\\\/shopbrasil.vinyllandrecords.com\\\/wp-content\\\/uploads\\\/2023\\\/04\\\/mopho.jpeg\",\"width\":450,\"height\":449},{\"@type\":\"BreadcrumbList\",\"@id\":\"https:\\\/\\\/shopbrasil.vinyllandrecords.com\\\/produto\\\/mopho-sine-diabolos-nullus-deus-2004\\\/#breadcrumb\",\"itemListElement\":[{\"@type\":\"ListItem\",\"position\":1,\"name\":\"In\u00edcio\",\"item\":\"https:\\\/\\\/shopbrasil.vinyllandrecords.com\\\/\"},{\"@type\":\"ListItem\",\"position\":2,\"name\":\"Shops\",\"item\":\"https:\\\/\\\/shopbrasil.vinyllandrecords.com\\\/shops\\\/\"},{\"@type\":\"ListItem\",\"position\":3,\"name\":\"Mopho &#8211; Sine Diabolos Nullus Deus\"}]},{\"@type\":\"WebSite\",\"@id\":\"https:\\\/\\\/shopbrasil.vinyllandrecords.com\\\/#website\",\"url\":\"https:\\\/\\\/shopbrasil.vinyllandrecords.com\\\/\",\"name\":\"Vinyl Land Records\",\"description\":\"ONLINE SHOP\",\"potentialAction\":[{\"@type\":\"SearchAction\",\"target\":{\"@type\":\"EntryPoint\",\"urlTemplate\":\"https:\\\/\\\/shopbrasil.vinyllandrecords.com\\\/?s={search_term_string}\"},\"query-input\":{\"@type\":\"PropertyValueSpecification\",\"valueRequired\":true,\"valueName\":\"search_term_string\"}}],\"inLanguage\":\"en-US\"}]}<\/script>\n<!-- \/ Yoast SEO plugin. -->","yoast_head_json":{"title":"[:pb]Mopho - Sine Diabolos Nullus Deus [:en]Mopho - Sine Diabolos Nullus Deus (2004)[:] - Vinyl Land Records","robots":{"index":"index","follow":"follow","max-snippet":"max-snippet:-1","max-image-preview":"max-image-preview:large","max-video-preview":"max-video-preview:-1"},"canonical":"https:\/\/shopbrasil.vinyllandrecords.com\/produto\/mopho-sine-diabolos-nullus-deus-2004\/","og_locale":"en_US","og_type":"article","og_title":"[:pb]Mopho - Sine Diabolos Nullus Deus [:en]Mopho - Sine Diabolos Nullus Deus (2004)[:] - Vinyl Land Records","og_description":"[:pb]  Pela primeira vez em vinil, o segundo \u00e1lbum psicod\u00e9lico da banda alagoana MOPHO, que ganhou nova mixagem de H\u00c9LIO PISCA e masteriza\u00e7\u00e3o de ARTHUR JOLY, al\u00e9m de uma luxuosa recria\u00e7\u00e3o gr\u00e1fica pela C\u00c3O FILA Lettering Design em celebra\u00e7\u00e3o aos 18 anos de seu lan\u00e7amento feitos em 2022. Prensado em vinil preto na POLYSOM com produ\u00e7\u00e3o das parceiras PSICOBR e LIMAIA.  SINOPSE  Traduzido em \"Sem Diabo n\u00e3o h\u00e1 Deus\" ou \"Sem Deus n\u00e3o h\u00e1 Diabo\", Sine Diabolo Nullus Deus ou vice-versa \u00e9 trazido neste \u00e1lbum do MOPHO como uma reflex\u00e3o profunda que aborda a dualidade entre o bem e mal, atrav\u00e9s de lindas e iluminadas can\u00e7\u00f5es no lado A, versus seu sombrio e oculto lado B, repleto de can\u00e7\u00f5es soturnas.  Essa edi\u00e7\u00e3o em capa dupla traz um livreto de 16 p\u00e1ginas com acabamento especial em formato livro com ilustra\u00e7\u00f5es incr\u00edveis do bi\u00f3logo Ernst Haeckel, vivido no s\u00e9culo 19, em um primoroso trabalho de cria\u00e7\u00e3o gr\u00e1fica do designer Marcelo Sodr\u00e9 (C\u00e3o Fila Lettering Design), retratando as letras do \u00e1lbum com suas detalhadas imagens desenhadas por observa\u00e7\u00f5es em microsc\u00f3pio que revelam um cosmos particular pelas formas impressionantes que sugerem novas interpreta\u00e7\u00f5es e questionamentos da ess\u00eancia do universo onde vivemos.  Gravado de forma caseira e com m\u00ednimos recursos em 2004 pelo impressionante esfor\u00e7o de Jo\u00e3o Paulo e Leonardo Luiz, este \u00e9 um \u00e1lbum muito particular que transpira todo um sentimento acumulado da ascen\u00e7\u00e3o e sucesso do primeiro \u00e1lbum Mopho de 2000, em contraste com as dr\u00e1sticas mudan\u00e7as e separa\u00e7\u00f5es sofridas pela banda, mesmo assim nunca deixando de acreditar na sua continua\u00e7\u00e3o.  As grava\u00e7\u00f5es originais foram localizadas e remixadas por H\u00e9lio Pisca, resgatando o brilho e o calor das can\u00e7\u00f5es gravadas 18 anos atr\u00e1s, agora remasterizadas pelo mago dos est\u00fadios Arthur Joly e prensado em 500 unidades de vinil preto da Polysom.  Lado A 1. A M\u00fasica Que Eu Fiz Par Voc\u00ea 2. Um Lindo Dia de Sol 3. O Amor \u00e9 Feito de Pl\u00e1stico 4. Eu N\u00e3o Vou Chorar 5. Hoje Eu Lembrei do Seu Sorriso 6. Por um Punhado de D\u00f3lares 7. Quando Voc\u00ea Me Disse Adeus  Lado B 1. Well, Well... Oh Yeah! 2. Sine Diabolo Nullus Deus 3. Tanto Barulho Por Nada 4. Eu Segui o Brilho do Sol 5. Nunca Deixei de Acreditar 6. Caixa de Vidro  Total dura\u00e7\u00e3o: 38:25  Lan\u00e7amento PSICO BR Discos &amp; Posters e LIMAIA Discos[:en]  Pela primeira vez em vinil, o segundo \u00e1lbum psicod\u00e9lico da banda alagoana MOPHO, que ganhou nova mixagem de H\u00c9LIO PISCA e masteriza\u00e7\u00e3o de ARTHUR JOLY, al\u00e9m de uma luxuosa recria\u00e7\u00e3o gr\u00e1fica pela C\u00c3O FILA Lettering Design em celebra\u00e7\u00e3o aos 18 anos de seu lan\u00e7amento feitos em 2022. Prensado em vinil preto na POLYSOM com produ\u00e7\u00e3o das parceiras PSICOBR e LIMAIA.  SINOPSE  Traduzido em \"Sem Diabo n\u00e3o h\u00e1 Deus\" ou \"Sem Deus n\u00e3o h\u00e1 Diabo\", Sine Diabolo Nullus Deus ou vice-versa \u00e9 trazido neste \u00e1lbum do MOPHO como uma reflex\u00e3o profunda que aborda a dualidade entre o bem e mal, atrav\u00e9s de lindas e iluminadas can\u00e7\u00f5es no lado A, versus seu sombrio e oculto lado B, repleto de can\u00e7\u00f5es soturnas.  Essa edi\u00e7\u00e3o em capa dupla traz um livreto de 16 p\u00e1ginas com acabamento especial em formato livro com ilustra\u00e7\u00f5es incr\u00edveis do bi\u00f3logo Ernst Haeckel, vivido no s\u00e9culo 19, em um primoroso trabalho de cria\u00e7\u00e3o gr\u00e1fica do designer Marcelo Sodr\u00e9 (C\u00e3o Fila Lettering Design), retratando as letras do \u00e1lbum com suas detalhadas imagens desenhadas por observa\u00e7\u00f5es em microsc\u00f3pio que revelam um cosmos particular pelas formas impressionantes que sugerem novas interpreta\u00e7\u00f5es e questionamentos da ess\u00eancia do universo onde vivemos.    Gravado de forma caseira e com m\u00ednimos recursos em 2004 pelo impressionante esfor\u00e7o de Jo\u00e3o Paulo e Leonardo Luiz, este \u00e9 um \u00e1lbum muito particular que transpira todo um sentimento acumulado da ascen\u00e7\u00e3o e sucesso do primeiro \u00e1lbum Mopho de 2000, em contraste com as dr\u00e1sticas mudan\u00e7as e separa\u00e7\u00f5es sofridas pela banda, mesmo assim nunca deixando de acreditar na sua continua\u00e7\u00e3o.  As grava\u00e7\u00f5es originais foram localizadas e remixadas por H\u00e9lio Pisca, resgatando o brilho e o calor das can\u00e7\u00f5es gravadas 18 anos atr\u00e1s, agora remasterizadas pelo mago dos est\u00fadios Arthur Joly e prensado em 500 unidades de vinil preto da Polysom.  Lado A 1. A M\u00fasica Que Eu Fiz Par Voc\u00ea 2. Um Lindo Dia de Sol 3. O Amor \u00e9 Feito de Pl\u00e1stico 4. Eu N\u00e3o Vou Chorar 5. Hoje Eu Lembrei do Seu Sorriso 6. Por um Punhado de D\u00f3lares 7. Quando Voc\u00ea Me Disse Adeus  Lado B 1. Well, Well... Oh Yeah!  2. Sine Diabolo Nullus Deus 3. Tanto Barulho Por Nada 4. Eu Segui o Brilho do Sol 5. Nunca Deixei de Acreditar 6. Caixa de Vidro  Total dura\u00e7\u00e3o: 38:25  Lan\u00e7amento PSICO BR Discos & Posters e LIMAIA Discos[:]","og_url":"https:\/\/shopbrasil.vinyllandrecords.com\/produto\/mopho-sine-diabolos-nullus-deus-2004\/","og_site_name":"Vinyl Land Records","article_modified_time":"2023-10-26T14:52:18+00:00","og_image":[{"width":450,"height":449,"url":"https:\/\/shopbrasil.vinyllandrecords.com\/wp-content\/uploads\/2023\/04\/mopho.jpeg","type":"image\/jpeg"}],"twitter_card":"summary_large_image","twitter_misc":{"Est. reading time":"3 minutes"},"schema":{"@context":"https:\/\/schema.org","@graph":[{"@type":"WebPage","@id":"https:\/\/shopbrasil.vinyllandrecords.com\/produto\/mopho-sine-diabolos-nullus-deus-2004\/","url":"https:\/\/shopbrasil.vinyllandrecords.com\/produto\/mopho-sine-diabolos-nullus-deus-2004\/","name":"[:pb]Mopho - Sine Diabolos Nullus Deus [:en]Mopho - Sine Diabolos Nullus Deus (2004)[:] - Vinyl Land Records","isPartOf":{"@id":"https:\/\/shopbrasil.vinyllandrecords.com\/#website"},"primaryImageOfPage":{"@id":"https:\/\/shopbrasil.vinyllandrecords.com\/produto\/mopho-sine-diabolos-nullus-deus-2004\/#primaryimage"},"image":{"@id":"https:\/\/shopbrasil.vinyllandrecords.com\/produto\/mopho-sine-diabolos-nullus-deus-2004\/#primaryimage"},"thumbnailUrl":"https:\/\/shopbrasil.vinyllandrecords.com\/wp-content\/uploads\/2023\/04\/mopho.jpeg","datePublished":"2023-04-26T15:23:03+00:00","dateModified":"2023-10-26T14:52:18+00:00","breadcrumb":{"@id":"https:\/\/shopbrasil.vinyllandrecords.com\/produto\/mopho-sine-diabolos-nullus-deus-2004\/#breadcrumb"},"inLanguage":"en-US","potentialAction":[{"@type":"ReadAction","target":["https:\/\/shopbrasil.vinyllandrecords.com\/produto\/mopho-sine-diabolos-nullus-deus-2004\/"]}]},{"@type":"ImageObject","inLanguage":"en-US","@id":"https:\/\/shopbrasil.vinyllandrecords.com\/produto\/mopho-sine-diabolos-nullus-deus-2004\/#primaryimage","url":"https:\/\/shopbrasil.vinyllandrecords.com\/wp-content\/uploads\/2023\/04\/mopho.jpeg","contentUrl":"https:\/\/shopbrasil.vinyllandrecords.com\/wp-content\/uploads\/2023\/04\/mopho.jpeg","width":450,"height":449},{"@type":"BreadcrumbList","@id":"https:\/\/shopbrasil.vinyllandrecords.com\/produto\/mopho-sine-diabolos-nullus-deus-2004\/#breadcrumb","itemListElement":[{"@type":"ListItem","position":1,"name":"In\u00edcio","item":"https:\/\/shopbrasil.vinyllandrecords.com\/"},{"@type":"ListItem","position":2,"name":"Shops","item":"https:\/\/shopbrasil.vinyllandrecords.com\/shops\/"},{"@type":"ListItem","position":3,"name":"Mopho &#8211; Sine Diabolos Nullus Deus"}]},{"@type":"WebSite","@id":"https:\/\/shopbrasil.vinyllandrecords.com\/#website","url":"https:\/\/shopbrasil.vinyllandrecords.com\/","name":"Vinyl Land Records","description":"ONLINE SHOP","potentialAction":[{"@type":"SearchAction","target":{"@type":"EntryPoint","urlTemplate":"https:\/\/shopbrasil.vinyllandrecords.com\/?s={search_term_string}"},"query-input":{"@type":"PropertyValueSpecification","valueRequired":true,"valueName":"search_term_string"}}],"inLanguage":"en-US"}]}},"_links":{"self":[{"href":"https:\/\/shopbrasil.vinyllandrecords.com\/en\/wp-json\/wp\/v2\/product\/69232","targetHints":{"allow":["GET"]}}],"collection":[{"href":"https:\/\/shopbrasil.vinyllandrecords.com\/en\/wp-json\/wp\/v2\/product"}],"about":[{"href":"https:\/\/shopbrasil.vinyllandrecords.com\/en\/wp-json\/wp\/v2\/types\/product"}],"wp:featuredmedia":[{"embeddable":true,"href":"https:\/\/shopbrasil.vinyllandrecords.com\/en\/wp-json\/wp\/v2\/media\/69233"}],"wp:attachment":[{"href":"https:\/\/shopbrasil.vinyllandrecords.com\/en\/wp-json\/wp\/v2\/media?parent=69232"}],"wp:term":[{"taxonomy":"product_brand","embeddable":true,"href":"https:\/\/shopbrasil.vinyllandrecords.com\/en\/wp-json\/wp\/v2\/product_brand?post=69232"},{"taxonomy":"product_cat","embeddable":true,"href":"https:\/\/shopbrasil.vinyllandrecords.com\/en\/wp-json\/wp\/v2\/product_cat?post=69232"},{"taxonomy":"product_tag","embeddable":true,"href":"https:\/\/shopbrasil.vinyllandrecords.com\/en\/wp-json\/wp\/v2\/product_tag?post=69232"}],"curies":[{"name":"wp","href":"https:\/\/api.w.org\/{rel}","templated":true}]}}