{"id":69236,"date":"2023-04-26T12:29:59","date_gmt":"2023-04-26T15:29:59","guid":{"rendered":"https:\/\/shopbrasil.vinyllandrecords.com\/?post_type=product&#038;p=69236"},"modified":"2025-04-26T15:58:03","modified_gmt":"2025-04-26T18:58:03","slug":"the-baggios-tupa-ra","status":"publish","type":"product","link":"https:\/\/shopbrasil.vinyllandrecords.com\/en\/produto\/the-baggios-tupa-ra\/","title":{"rendered":"The Baggios &#8211; Tup\u00e3-R\u00e1"},"content":{"rendered":"","protected":false},"excerpt":{"rendered":"<p><iframe width=\"560\" height=\"315\" src=\"https:\/\/www.youtube.com\/embed\/544s8YbOlxw\" title=\"YouTube video player\" frameborder=\"0\" allow=\"accelerometer; autoplay; clipboard-write; encrypted-media; gyroscope; picture-in-picture; web-share\" allowfullscreen><\/iframe><\/p>\n<p>EDI\u00c7\u00c3O LIMITADA DE 350 C\u00d3PIAS EM VINIL AMARELO MARBLE<\/p>\n<p>&#8211; C\u00f3pias Numeradas<br \/>\n&#8211; Capa Gatefold<br \/>\n&#8211; Vinil 180g<br \/>\n&#8211; P\u00f4ster A2 frente e verso<\/p>\n<p>Com participa\u00e7\u00f5es especiais de C\u00e1tia de Fran\u00e7a, Siba e Chico C\u00e9sar, o The Baggios conecta Brasil a \u00c1frica no seu quinto \u00e1lbum. Em Tup\u00e3-R\u00e1, a \u00faltima pe\u00e7a da   trilogia que come\u00e7ou com    \u2018Brutown\u2019 e \u2018Vulc\u00e3o\u2019, ambos indicados ao Grammy Latino, o trio sergipano mescla samba, bai\u00e3o, afrobeat, rock e  psicodelia. O \u00e1lbum foi indicado ao Pr\u00eamio APCA (Associa\u00e7\u00e3o dos Cr\u00edticos de Arte de S\u00e3o Paulo) e esteve  presente nas principais listas de   melhores \u00e1lbuns de 2021.<\/p>\n","protected":false},"featured_media":69237,"template":"","meta":[],"product_brand":[],"product_cat":[107,125,146,97],"product_tag":[],"class_list":{"0":"post-69236","1":"product","2":"type-product","3":"status-publish","4":"has-post-thumbnail","6":"product_cat-garimpo","7":"product_cat-gatefold-sleeve","8":"product_cat-limaia-discos","9":"product_cat-lp","11":"first","12":"outofstock","13":"taxable","14":"shipping-taxable","15":"purchasable","16":"product-type-simple"},"yoast_head":"<!-- This site is optimized with the Yoast SEO plugin v27.3 - https:\/\/yoast.com\/product\/yoast-seo-wordpress\/ -->\n<title>The Baggios - Tup\u00e3-R\u00e1 - Vinyl Land Records<\/title>\n<meta name=\"robots\" content=\"index, follow, max-snippet:-1, max-image-preview:large, max-video-preview:-1\" \/>\n<link rel=\"canonical\" href=\"https:\/\/shopbrasil.vinyllandrecords.com\/produto\/the-baggios-tupa-ra\/\" \/>\n<meta property=\"og:locale\" content=\"en_US\" \/>\n<meta property=\"og:type\" content=\"article\" \/>\n<meta property=\"og:title\" content=\"The Baggios - Tup\u00e3-R\u00e1 - Vinyl Land Records\" \/>\n<meta property=\"og:description\" content=\"[:pb]  EDI\u00c7\u00c3O LIMITADA DE 350 C\u00d3PIAS EM VINIL AMARELO MARBLE  - C\u00f3pias Numeradas - Capa Gatefold - Vinil 180g - P\u00f4ster A2 frente e verso  Com participa\u00e7\u00f5es especiais de C\u00e1tia de Fran\u00e7a, Siba e Chico C\u00e9sar, o The Baggios conecta Brasil a \u00c1frica no seu quinto \u00e1lbum. Em Tup\u00e3-R\u00e1, a \u00faltima pe\u00e7a da trilogia que come\u00e7ou com \u2018Brutown\u2019 e \u2018Vulc\u00e3o\u2019, ambos indicados ao Grammy Latino, o trio sergipano mescla samba, bai\u00e3o, afrobeat, rock e psicodelia. O \u00e1lbum foi indicado ao Pr\u00eamio APCA (Associa\u00e7\u00e3o dos Cr\u00edticos de Arte de S\u00e3o Paulo) e esteve presente nas principais listas de melhores \u00e1lbuns de 2021.[:en]  EDI\u00c7\u00c3O LIMITADA DE 350 C\u00d3PIAS EM VINIL AMARELO MARBLE  - C\u00f3pias Numeradas  - Capa Gatefold - Vinil 180g - P\u00f4ster A2 frente e verso    Com participa\u00e7\u00f5es especiais de C\u00e1tia de Fran\u00e7a, Siba e Chico C\u00e9sar, o The Baggios conecta Brasil a \u00c1frica no seu quinto \u00e1lbum. Em Tup\u00e3-R\u00e1, a \u00faltima pe\u00e7a da  trilogia que come\u00e7ou com  \u2018Brutown\u2019 e \u2018Vulc\u00e3o\u2019, ambos indicados ao Grammy Latino, o trio sergipano mescla samba, bai\u00e3o, afrobeat, rock e psicodelia. O \u00e1lbum foi indicado ao Pr\u00eamio APCA (Associa\u00e7\u00e3o dos Cr\u00edticos de Arte de S\u00e3o Paulo) e esteve presente nas principais listas de  melhores \u00e1lbuns de 2021.[:]\" \/>\n<meta property=\"og:url\" content=\"https:\/\/shopbrasil.vinyllandrecords.com\/produto\/the-baggios-tupa-ra\/\" \/>\n<meta property=\"og:site_name\" content=\"Vinyl Land Records\" \/>\n<meta property=\"article:modified_time\" content=\"2025-04-26T18:58:03+00:00\" \/>\n<meta property=\"og:image\" content=\"https:\/\/shopbrasil.vinyllandrecords.com\/wp-content\/uploads\/2023\/04\/baggios.jpeg\" \/>\n\t<meta property=\"og:image:width\" content=\"600\" \/>\n\t<meta property=\"og:image:height\" content=\"600\" \/>\n\t<meta property=\"og:image:type\" content=\"image\/jpeg\" \/>\n<meta name=\"twitter:card\" content=\"summary_large_image\" \/>\n<script type=\"application\/ld+json\" class=\"yoast-schema-graph\">{\"@context\":\"https:\\\/\\\/schema.org\",\"@graph\":[{\"@type\":\"WebPage\",\"@id\":\"https:\\\/\\\/shopbrasil.vinyllandrecords.com\\\/produto\\\/the-baggios-tupa-ra\\\/\",\"url\":\"https:\\\/\\\/shopbrasil.vinyllandrecords.com\\\/produto\\\/the-baggios-tupa-ra\\\/\",\"name\":\"The Baggios - Tup\u00e3-R\u00e1 - Vinyl Land Records\",\"isPartOf\":{\"@id\":\"https:\\\/\\\/shopbrasil.vinyllandrecords.com\\\/#website\"},\"primaryImageOfPage\":{\"@id\":\"https:\\\/\\\/shopbrasil.vinyllandrecords.com\\\/produto\\\/the-baggios-tupa-ra\\\/#primaryimage\"},\"image\":{\"@id\":\"https:\\\/\\\/shopbrasil.vinyllandrecords.com\\\/produto\\\/the-baggios-tupa-ra\\\/#primaryimage\"},\"thumbnailUrl\":\"https:\\\/\\\/shopbrasil.vinyllandrecords.com\\\/wp-content\\\/uploads\\\/2023\\\/04\\\/baggios.jpeg\",\"datePublished\":\"2023-04-26T15:29:59+00:00\",\"dateModified\":\"2025-04-26T18:58:03+00:00\",\"breadcrumb\":{\"@id\":\"https:\\\/\\\/shopbrasil.vinyllandrecords.com\\\/produto\\\/the-baggios-tupa-ra\\\/#breadcrumb\"},\"inLanguage\":\"en-US\",\"potentialAction\":[{\"@type\":\"ReadAction\",\"target\":[\"https:\\\/\\\/shopbrasil.vinyllandrecords.com\\\/produto\\\/the-baggios-tupa-ra\\\/\"]}]},{\"@type\":\"ImageObject\",\"inLanguage\":\"en-US\",\"@id\":\"https:\\\/\\\/shopbrasil.vinyllandrecords.com\\\/produto\\\/the-baggios-tupa-ra\\\/#primaryimage\",\"url\":\"https:\\\/\\\/shopbrasil.vinyllandrecords.com\\\/wp-content\\\/uploads\\\/2023\\\/04\\\/baggios.jpeg\",\"contentUrl\":\"https:\\\/\\\/shopbrasil.vinyllandrecords.com\\\/wp-content\\\/uploads\\\/2023\\\/04\\\/baggios.jpeg\",\"width\":600,\"height\":600},{\"@type\":\"BreadcrumbList\",\"@id\":\"https:\\\/\\\/shopbrasil.vinyllandrecords.com\\\/produto\\\/the-baggios-tupa-ra\\\/#breadcrumb\",\"itemListElement\":[{\"@type\":\"ListItem\",\"position\":1,\"name\":\"In\u00edcio\",\"item\":\"https:\\\/\\\/shopbrasil.vinyllandrecords.com\\\/\"},{\"@type\":\"ListItem\",\"position\":2,\"name\":\"Shops\",\"item\":\"https:\\\/\\\/shopbrasil.vinyllandrecords.com\\\/shops\\\/\"},{\"@type\":\"ListItem\",\"position\":3,\"name\":\"The Baggios &#8211; Tup\u00e3-R\u00e1\"}]},{\"@type\":\"WebSite\",\"@id\":\"https:\\\/\\\/shopbrasil.vinyllandrecords.com\\\/#website\",\"url\":\"https:\\\/\\\/shopbrasil.vinyllandrecords.com\\\/\",\"name\":\"Vinyl Land Records\",\"description\":\"ONLINE SHOP\",\"potentialAction\":[{\"@type\":\"SearchAction\",\"target\":{\"@type\":\"EntryPoint\",\"urlTemplate\":\"https:\\\/\\\/shopbrasil.vinyllandrecords.com\\\/?s={search_term_string}\"},\"query-input\":{\"@type\":\"PropertyValueSpecification\",\"valueRequired\":true,\"valueName\":\"search_term_string\"}}],\"inLanguage\":\"en-US\"}]}<\/script>\n<!-- \/ Yoast SEO plugin. -->","yoast_head_json":{"title":"The Baggios - Tup\u00e3-R\u00e1 - Vinyl Land Records","robots":{"index":"index","follow":"follow","max-snippet":"max-snippet:-1","max-image-preview":"max-image-preview:large","max-video-preview":"max-video-preview:-1"},"canonical":"https:\/\/shopbrasil.vinyllandrecords.com\/produto\/the-baggios-tupa-ra\/","og_locale":"en_US","og_type":"article","og_title":"The Baggios - Tup\u00e3-R\u00e1 - Vinyl Land Records","og_description":"[:pb]  EDI\u00c7\u00c3O LIMITADA DE 350 C\u00d3PIAS EM VINIL AMARELO MARBLE  - C\u00f3pias Numeradas - Capa Gatefold - Vinil 180g - P\u00f4ster A2 frente e verso  Com participa\u00e7\u00f5es especiais de C\u00e1tia de Fran\u00e7a, Siba e Chico C\u00e9sar, o The Baggios conecta Brasil a \u00c1frica no seu quinto \u00e1lbum. Em Tup\u00e3-R\u00e1, a \u00faltima pe\u00e7a da trilogia que come\u00e7ou com \u2018Brutown\u2019 e \u2018Vulc\u00e3o\u2019, ambos indicados ao Grammy Latino, o trio sergipano mescla samba, bai\u00e3o, afrobeat, rock e psicodelia. O \u00e1lbum foi indicado ao Pr\u00eamio APCA (Associa\u00e7\u00e3o dos Cr\u00edticos de Arte de S\u00e3o Paulo) e esteve presente nas principais listas de melhores \u00e1lbuns de 2021.[:en]  EDI\u00c7\u00c3O LIMITADA DE 350 C\u00d3PIAS EM VINIL AMARELO MARBLE  - C\u00f3pias Numeradas  - Capa Gatefold - Vinil 180g - P\u00f4ster A2 frente e verso    Com participa\u00e7\u00f5es especiais de C\u00e1tia de Fran\u00e7a, Siba e Chico C\u00e9sar, o The Baggios conecta Brasil a \u00c1frica no seu quinto \u00e1lbum. Em Tup\u00e3-R\u00e1, a \u00faltima pe\u00e7a da  trilogia que come\u00e7ou com  \u2018Brutown\u2019 e \u2018Vulc\u00e3o\u2019, ambos indicados ao Grammy Latino, o trio sergipano mescla samba, bai\u00e3o, afrobeat, rock e psicodelia. O \u00e1lbum foi indicado ao Pr\u00eamio APCA (Associa\u00e7\u00e3o dos Cr\u00edticos de Arte de S\u00e3o Paulo) e esteve presente nas principais listas de  melhores \u00e1lbuns de 2021.[:]","og_url":"https:\/\/shopbrasil.vinyllandrecords.com\/produto\/the-baggios-tupa-ra\/","og_site_name":"Vinyl Land Records","article_modified_time":"2025-04-26T18:58:03+00:00","og_image":[{"width":600,"height":600,"url":"https:\/\/shopbrasil.vinyllandrecords.com\/wp-content\/uploads\/2023\/04\/baggios.jpeg","type":"image\/jpeg"}],"twitter_card":"summary_large_image","schema":{"@context":"https:\/\/schema.org","@graph":[{"@type":"WebPage","@id":"https:\/\/shopbrasil.vinyllandrecords.com\/produto\/the-baggios-tupa-ra\/","url":"https:\/\/shopbrasil.vinyllandrecords.com\/produto\/the-baggios-tupa-ra\/","name":"The Baggios - Tup\u00e3-R\u00e1 - Vinyl Land Records","isPartOf":{"@id":"https:\/\/shopbrasil.vinyllandrecords.com\/#website"},"primaryImageOfPage":{"@id":"https:\/\/shopbrasil.vinyllandrecords.com\/produto\/the-baggios-tupa-ra\/#primaryimage"},"image":{"@id":"https:\/\/shopbrasil.vinyllandrecords.com\/produto\/the-baggios-tupa-ra\/#primaryimage"},"thumbnailUrl":"https:\/\/shopbrasil.vinyllandrecords.com\/wp-content\/uploads\/2023\/04\/baggios.jpeg","datePublished":"2023-04-26T15:29:59+00:00","dateModified":"2025-04-26T18:58:03+00:00","breadcrumb":{"@id":"https:\/\/shopbrasil.vinyllandrecords.com\/produto\/the-baggios-tupa-ra\/#breadcrumb"},"inLanguage":"en-US","potentialAction":[{"@type":"ReadAction","target":["https:\/\/shopbrasil.vinyllandrecords.com\/produto\/the-baggios-tupa-ra\/"]}]},{"@type":"ImageObject","inLanguage":"en-US","@id":"https:\/\/shopbrasil.vinyllandrecords.com\/produto\/the-baggios-tupa-ra\/#primaryimage","url":"https:\/\/shopbrasil.vinyllandrecords.com\/wp-content\/uploads\/2023\/04\/baggios.jpeg","contentUrl":"https:\/\/shopbrasil.vinyllandrecords.com\/wp-content\/uploads\/2023\/04\/baggios.jpeg","width":600,"height":600},{"@type":"BreadcrumbList","@id":"https:\/\/shopbrasil.vinyllandrecords.com\/produto\/the-baggios-tupa-ra\/#breadcrumb","itemListElement":[{"@type":"ListItem","position":1,"name":"In\u00edcio","item":"https:\/\/shopbrasil.vinyllandrecords.com\/"},{"@type":"ListItem","position":2,"name":"Shops","item":"https:\/\/shopbrasil.vinyllandrecords.com\/shops\/"},{"@type":"ListItem","position":3,"name":"The Baggios &#8211; Tup\u00e3-R\u00e1"}]},{"@type":"WebSite","@id":"https:\/\/shopbrasil.vinyllandrecords.com\/#website","url":"https:\/\/shopbrasil.vinyllandrecords.com\/","name":"Vinyl Land Records","description":"ONLINE SHOP","potentialAction":[{"@type":"SearchAction","target":{"@type":"EntryPoint","urlTemplate":"https:\/\/shopbrasil.vinyllandrecords.com\/?s={search_term_string}"},"query-input":{"@type":"PropertyValueSpecification","valueRequired":true,"valueName":"search_term_string"}}],"inLanguage":"en-US"}]}},"_links":{"self":[{"href":"https:\/\/shopbrasil.vinyllandrecords.com\/en\/wp-json\/wp\/v2\/product\/69236","targetHints":{"allow":["GET"]}}],"collection":[{"href":"https:\/\/shopbrasil.vinyllandrecords.com\/en\/wp-json\/wp\/v2\/product"}],"about":[{"href":"https:\/\/shopbrasil.vinyllandrecords.com\/en\/wp-json\/wp\/v2\/types\/product"}],"wp:featuredmedia":[{"embeddable":true,"href":"https:\/\/shopbrasil.vinyllandrecords.com\/en\/wp-json\/wp\/v2\/media\/69237"}],"wp:attachment":[{"href":"https:\/\/shopbrasil.vinyllandrecords.com\/en\/wp-json\/wp\/v2\/media?parent=69236"}],"wp:term":[{"taxonomy":"product_brand","embeddable":true,"href":"https:\/\/shopbrasil.vinyllandrecords.com\/en\/wp-json\/wp\/v2\/product_brand?post=69236"},{"taxonomy":"product_cat","embeddable":true,"href":"https:\/\/shopbrasil.vinyllandrecords.com\/en\/wp-json\/wp\/v2\/product_cat?post=69236"},{"taxonomy":"product_tag","embeddable":true,"href":"https:\/\/shopbrasil.vinyllandrecords.com\/en\/wp-json\/wp\/v2\/product_tag?post=69236"}],"curies":[{"name":"wp","href":"https:\/\/api.w.org\/{rel}","templated":true}]}}