{"id":69240,"date":"2023-04-26T12:44:29","date_gmt":"2023-04-26T15:44:29","guid":{"rendered":"https:\/\/shopbrasil.vinyllandrecords.com\/?post_type=product&#038;p=69240"},"modified":"2023-10-26T11:50:16","modified_gmt":"2023-10-26T14:50:16","slug":"materia-prima-2-atos","status":"publish","type":"product","link":"https:\/\/shopbrasil.vinyllandrecords.com\/en\/produto\/materia-prima-2-atos\/","title":{"rendered":"Mat\u00e9ria Prima &#8211; 2 Atos"},"content":{"rendered":"","protected":false},"excerpt":{"rendered":"<p><iframe width=\"560\" height=\"315\" src=\"https:\/\/www.youtube.com\/embed\/3boKGjiYXLY\" title=\"YouTube video player\" frameborder=\"0\" allow=\"accelerometer; autoplay; clipboard-write; encrypted-media; gyroscope; picture-in-picture; web-share\" allowfullscreen><\/iframe><\/p>\n<p>Lp Novo &#8211; 180 gramas, na cor laranja marmorizado.<\/p>\n<p>Numerado<\/p>\n<p>In\u00e9dito em vinil. <\/p>\n<p>O \u00e1lbum foi gravado em 2016 e lan\u00e7ado em 2017. Conta com dez faixas, sendo o lado A (Ato 1) com textura que explora elementos de can\u00e7\u00f5es mais mel\u00f3dicas e introspectivas.<\/p>\n<p>O lado B (Ato 2) traz o que h\u00e1 de melhor na refinada t\u00e9cnica de rimas do MC e poeta que \u00e9 este gigante chamado Mat\u00e9ria Prima.<\/p>\n<p>Produ\u00e7\u00e3o de Gui Amabis. <\/p>\n<p>Lan\u00e7amento Made in Quebrada Discos 2022.<\/p>\n<p>O disco acompanha ainda um encarte em forma de fanzine com 24 p\u00e1ginas<\/p>\n","protected":false},"featured_media":69243,"template":"","meta":[],"product_brand":[],"product_cat":[107,111,126,130,97],"product_tag":[],"class_list":{"0":"post-69240","1":"product","2":"type-product","3":"status-publish","4":"has-post-thumbnail","6":"product_cat-garimpo","7":"product_cat-destaque","8":"product_cat-disco-colorido","9":"product_cat-loop-play-discos","10":"product_cat-lp","12":"first","13":"instock","14":"taxable","15":"shipping-taxable","16":"purchasable","17":"product-type-simple"},"yoast_head":"<!-- This site is optimized with the Yoast SEO plugin v27.3 - https:\/\/yoast.com\/product\/yoast-seo-wordpress\/ -->\n<title>Mat\u00e9ria Prima - 2 Atos - Vinyl Land Records<\/title>\n<meta name=\"robots\" content=\"index, follow, max-snippet:-1, max-image-preview:large, max-video-preview:-1\" \/>\n<link rel=\"canonical\" href=\"https:\/\/shopbrasil.vinyllandrecords.com\/produto\/materia-prima-2-atos\/\" \/>\n<meta property=\"og:locale\" content=\"en_US\" \/>\n<meta property=\"og:type\" content=\"article\" \/>\n<meta property=\"og:title\" content=\"Mat\u00e9ria Prima - 2 Atos - Vinyl Land Records\" \/>\n<meta property=\"og:description\" content=\"[:pb]  Lp Novo - 180 gramas, na cor laranja marmorizado.  Numerado  In\u00e9dito em vinil.  O \u00e1lbum foi gravado em 2016 e lan\u00e7ado em 2017. Conta com dez faixas, sendo o lado A (Ato 1) com textura que explora elementos de can\u00e7\u00f5es mais mel\u00f3dicas e introspectivas.  O lado B (Ato 2) traz o que h\u00e1 de melhor na refinada t\u00e9cnica de rimas do MC e poeta que \u00e9 este gigante chamado Mat\u00e9ria Prima.  Produ\u00e7\u00e3o de Gui Amabis.  Lan\u00e7amento Made in Quebrada Discos 2022.  O disco acompanha ainda um encarte em forma de fanzine com 24 p\u00e1ginas[:en]  Lp Novo - 180 gramas, na cor laranja marmorizado.  Numerado  In\u00e9dito em vinil.   O \u00e1lbum foi gravado em 2016 e lan\u00e7ado em 2017. Conta com dez faixas, sendo o lado A (Ato 1) com textura que explora elementos de can\u00e7\u00f5es mais mel\u00f3dicas e introspectivas.  O lado B (Ato 2) traz o que h\u00e1 de melhor na refinada t\u00e9cnica de rimas do MC e poeta que \u00e9 este gigante chamado Mat\u00e9ria Prima.  Produ\u00e7\u00e3o de Gui Amabis.   Lan\u00e7amento Made in Quebrada Discos 2022.  O disco acompanha ainda um encarte em forma de fanzine com 24 p\u00e1ginas [:]\" \/>\n<meta property=\"og:url\" content=\"https:\/\/shopbrasil.vinyllandrecords.com\/produto\/materia-prima-2-atos\/\" \/>\n<meta property=\"og:site_name\" content=\"Vinyl Land Records\" \/>\n<meta property=\"article:modified_time\" content=\"2023-10-26T14:50:16+00:00\" \/>\n<meta property=\"og:image\" content=\"https:\/\/shopbrasil.vinyllandrecords.com\/wp-content\/uploads\/2023\/04\/materia-1.jpeg\" \/>\n\t<meta property=\"og:image:width\" content=\"1200\" \/>\n\t<meta property=\"og:image:height\" content=\"1200\" \/>\n\t<meta property=\"og:image:type\" content=\"image\/jpeg\" \/>\n<meta name=\"twitter:card\" content=\"summary_large_image\" \/>\n<script type=\"application\/ld+json\" class=\"yoast-schema-graph\">{\"@context\":\"https:\\\/\\\/schema.org\",\"@graph\":[{\"@type\":\"WebPage\",\"@id\":\"https:\\\/\\\/shopbrasil.vinyllandrecords.com\\\/produto\\\/materia-prima-2-atos\\\/\",\"url\":\"https:\\\/\\\/shopbrasil.vinyllandrecords.com\\\/produto\\\/materia-prima-2-atos\\\/\",\"name\":\"Mat\u00e9ria Prima - 2 Atos - Vinyl Land Records\",\"isPartOf\":{\"@id\":\"https:\\\/\\\/shopbrasil.vinyllandrecords.com\\\/#website\"},\"primaryImageOfPage\":{\"@id\":\"https:\\\/\\\/shopbrasil.vinyllandrecords.com\\\/produto\\\/materia-prima-2-atos\\\/#primaryimage\"},\"image\":{\"@id\":\"https:\\\/\\\/shopbrasil.vinyllandrecords.com\\\/produto\\\/materia-prima-2-atos\\\/#primaryimage\"},\"thumbnailUrl\":\"https:\\\/\\\/shopbrasil.vinyllandrecords.com\\\/wp-content\\\/uploads\\\/2023\\\/04\\\/materia-1.jpeg\",\"datePublished\":\"2023-04-26T15:44:29+00:00\",\"dateModified\":\"2023-10-26T14:50:16+00:00\",\"breadcrumb\":{\"@id\":\"https:\\\/\\\/shopbrasil.vinyllandrecords.com\\\/produto\\\/materia-prima-2-atos\\\/#breadcrumb\"},\"inLanguage\":\"en-US\",\"potentialAction\":[{\"@type\":\"ReadAction\",\"target\":[\"https:\\\/\\\/shopbrasil.vinyllandrecords.com\\\/produto\\\/materia-prima-2-atos\\\/\"]}]},{\"@type\":\"ImageObject\",\"inLanguage\":\"en-US\",\"@id\":\"https:\\\/\\\/shopbrasil.vinyllandrecords.com\\\/produto\\\/materia-prima-2-atos\\\/#primaryimage\",\"url\":\"https:\\\/\\\/shopbrasil.vinyllandrecords.com\\\/wp-content\\\/uploads\\\/2023\\\/04\\\/materia-1.jpeg\",\"contentUrl\":\"https:\\\/\\\/shopbrasil.vinyllandrecords.com\\\/wp-content\\\/uploads\\\/2023\\\/04\\\/materia-1.jpeg\",\"width\":1200,\"height\":1200},{\"@type\":\"BreadcrumbList\",\"@id\":\"https:\\\/\\\/shopbrasil.vinyllandrecords.com\\\/produto\\\/materia-prima-2-atos\\\/#breadcrumb\",\"itemListElement\":[{\"@type\":\"ListItem\",\"position\":1,\"name\":\"In\u00edcio\",\"item\":\"https:\\\/\\\/shopbrasil.vinyllandrecords.com\\\/\"},{\"@type\":\"ListItem\",\"position\":2,\"name\":\"Shops\",\"item\":\"https:\\\/\\\/shopbrasil.vinyllandrecords.com\\\/shops\\\/\"},{\"@type\":\"ListItem\",\"position\":3,\"name\":\"Mat\u00e9ria Prima &#8211; 2 Atos\"}]},{\"@type\":\"WebSite\",\"@id\":\"https:\\\/\\\/shopbrasil.vinyllandrecords.com\\\/#website\",\"url\":\"https:\\\/\\\/shopbrasil.vinyllandrecords.com\\\/\",\"name\":\"Vinyl Land Records\",\"description\":\"ONLINE SHOP\",\"potentialAction\":[{\"@type\":\"SearchAction\",\"target\":{\"@type\":\"EntryPoint\",\"urlTemplate\":\"https:\\\/\\\/shopbrasil.vinyllandrecords.com\\\/?s={search_term_string}\"},\"query-input\":{\"@type\":\"PropertyValueSpecification\",\"valueRequired\":true,\"valueName\":\"search_term_string\"}}],\"inLanguage\":\"en-US\"}]}<\/script>\n<!-- \/ Yoast SEO plugin. -->","yoast_head_json":{"title":"Mat\u00e9ria Prima - 2 Atos - Vinyl Land Records","robots":{"index":"index","follow":"follow","max-snippet":"max-snippet:-1","max-image-preview":"max-image-preview:large","max-video-preview":"max-video-preview:-1"},"canonical":"https:\/\/shopbrasil.vinyllandrecords.com\/produto\/materia-prima-2-atos\/","og_locale":"en_US","og_type":"article","og_title":"Mat\u00e9ria Prima - 2 Atos - Vinyl Land Records","og_description":"[:pb]  Lp Novo - 180 gramas, na cor laranja marmorizado.  Numerado  In\u00e9dito em vinil.  O \u00e1lbum foi gravado em 2016 e lan\u00e7ado em 2017. Conta com dez faixas, sendo o lado A (Ato 1) com textura que explora elementos de can\u00e7\u00f5es mais mel\u00f3dicas e introspectivas.  O lado B (Ato 2) traz o que h\u00e1 de melhor na refinada t\u00e9cnica de rimas do MC e poeta que \u00e9 este gigante chamado Mat\u00e9ria Prima.  Produ\u00e7\u00e3o de Gui Amabis.  Lan\u00e7amento Made in Quebrada Discos 2022.  O disco acompanha ainda um encarte em forma de fanzine com 24 p\u00e1ginas[:en]  Lp Novo - 180 gramas, na cor laranja marmorizado.  Numerado  In\u00e9dito em vinil.   O \u00e1lbum foi gravado em 2016 e lan\u00e7ado em 2017. Conta com dez faixas, sendo o lado A (Ato 1) com textura que explora elementos de can\u00e7\u00f5es mais mel\u00f3dicas e introspectivas.  O lado B (Ato 2) traz o que h\u00e1 de melhor na refinada t\u00e9cnica de rimas do MC e poeta que \u00e9 este gigante chamado Mat\u00e9ria Prima.  Produ\u00e7\u00e3o de Gui Amabis.   Lan\u00e7amento Made in Quebrada Discos 2022.  O disco acompanha ainda um encarte em forma de fanzine com 24 p\u00e1ginas [:]","og_url":"https:\/\/shopbrasil.vinyllandrecords.com\/produto\/materia-prima-2-atos\/","og_site_name":"Vinyl Land Records","article_modified_time":"2023-10-26T14:50:16+00:00","og_image":[{"width":1200,"height":1200,"url":"https:\/\/shopbrasil.vinyllandrecords.com\/wp-content\/uploads\/2023\/04\/materia-1.jpeg","type":"image\/jpeg"}],"twitter_card":"summary_large_image","schema":{"@context":"https:\/\/schema.org","@graph":[{"@type":"WebPage","@id":"https:\/\/shopbrasil.vinyllandrecords.com\/produto\/materia-prima-2-atos\/","url":"https:\/\/shopbrasil.vinyllandrecords.com\/produto\/materia-prima-2-atos\/","name":"Mat\u00e9ria Prima - 2 Atos - Vinyl Land Records","isPartOf":{"@id":"https:\/\/shopbrasil.vinyllandrecords.com\/#website"},"primaryImageOfPage":{"@id":"https:\/\/shopbrasil.vinyllandrecords.com\/produto\/materia-prima-2-atos\/#primaryimage"},"image":{"@id":"https:\/\/shopbrasil.vinyllandrecords.com\/produto\/materia-prima-2-atos\/#primaryimage"},"thumbnailUrl":"https:\/\/shopbrasil.vinyllandrecords.com\/wp-content\/uploads\/2023\/04\/materia-1.jpeg","datePublished":"2023-04-26T15:44:29+00:00","dateModified":"2023-10-26T14:50:16+00:00","breadcrumb":{"@id":"https:\/\/shopbrasil.vinyllandrecords.com\/produto\/materia-prima-2-atos\/#breadcrumb"},"inLanguage":"en-US","potentialAction":[{"@type":"ReadAction","target":["https:\/\/shopbrasil.vinyllandrecords.com\/produto\/materia-prima-2-atos\/"]}]},{"@type":"ImageObject","inLanguage":"en-US","@id":"https:\/\/shopbrasil.vinyllandrecords.com\/produto\/materia-prima-2-atos\/#primaryimage","url":"https:\/\/shopbrasil.vinyllandrecords.com\/wp-content\/uploads\/2023\/04\/materia-1.jpeg","contentUrl":"https:\/\/shopbrasil.vinyllandrecords.com\/wp-content\/uploads\/2023\/04\/materia-1.jpeg","width":1200,"height":1200},{"@type":"BreadcrumbList","@id":"https:\/\/shopbrasil.vinyllandrecords.com\/produto\/materia-prima-2-atos\/#breadcrumb","itemListElement":[{"@type":"ListItem","position":1,"name":"In\u00edcio","item":"https:\/\/shopbrasil.vinyllandrecords.com\/"},{"@type":"ListItem","position":2,"name":"Shops","item":"https:\/\/shopbrasil.vinyllandrecords.com\/shops\/"},{"@type":"ListItem","position":3,"name":"Mat\u00e9ria Prima &#8211; 2 Atos"}]},{"@type":"WebSite","@id":"https:\/\/shopbrasil.vinyllandrecords.com\/#website","url":"https:\/\/shopbrasil.vinyllandrecords.com\/","name":"Vinyl Land Records","description":"ONLINE SHOP","potentialAction":[{"@type":"SearchAction","target":{"@type":"EntryPoint","urlTemplate":"https:\/\/shopbrasil.vinyllandrecords.com\/?s={search_term_string}"},"query-input":{"@type":"PropertyValueSpecification","valueRequired":true,"valueName":"search_term_string"}}],"inLanguage":"en-US"}]}},"_links":{"self":[{"href":"https:\/\/shopbrasil.vinyllandrecords.com\/en\/wp-json\/wp\/v2\/product\/69240","targetHints":{"allow":["GET"]}}],"collection":[{"href":"https:\/\/shopbrasil.vinyllandrecords.com\/en\/wp-json\/wp\/v2\/product"}],"about":[{"href":"https:\/\/shopbrasil.vinyllandrecords.com\/en\/wp-json\/wp\/v2\/types\/product"}],"wp:featuredmedia":[{"embeddable":true,"href":"https:\/\/shopbrasil.vinyllandrecords.com\/en\/wp-json\/wp\/v2\/media\/69243"}],"wp:attachment":[{"href":"https:\/\/shopbrasil.vinyllandrecords.com\/en\/wp-json\/wp\/v2\/media?parent=69240"}],"wp:term":[{"taxonomy":"product_brand","embeddable":true,"href":"https:\/\/shopbrasil.vinyllandrecords.com\/en\/wp-json\/wp\/v2\/product_brand?post=69240"},{"taxonomy":"product_cat","embeddable":true,"href":"https:\/\/shopbrasil.vinyllandrecords.com\/en\/wp-json\/wp\/v2\/product_cat?post=69240"},{"taxonomy":"product_tag","embeddable":true,"href":"https:\/\/shopbrasil.vinyllandrecords.com\/en\/wp-json\/wp\/v2\/product_tag?post=69240"}],"curies":[{"name":"wp","href":"https:\/\/api.w.org\/{rel}","templated":true}]}}