{"id":69244,"date":"2023-04-26T12:58:35","date_gmt":"2023-04-26T15:58:35","guid":{"rendered":"https:\/\/shopbrasil.vinyllandrecords.com\/?post_type=product&#038;p=69244"},"modified":"2024-09-02T16:32:12","modified_gmt":"2024-09-02T19:32:12","slug":"as-ganhadeiras-de-itapua","status":"publish","type":"product","link":"https:\/\/shopbrasil.vinyllandrecords.com\/en\/produto\/as-ganhadeiras-de-itapua\/","title":{"rendered":"AS GANHADEIRAS DE ITAPU\u00c3"},"content":{"rendered":"","protected":false},"excerpt":{"rendered":"<p><iframe width=\"560\" height=\"315\" src=\"https:\/\/www.youtube.com\/embed\/Rki9Leh_QNQ\" title=\"YouTube video player\" frameborder=\"0\" allow=\"accelerometer; autoplay; clipboard-write; encrypted-media; gyroscope; picture-in-picture; web-share\" allowfullscreen><\/iframe><\/p>\n<p>\u00d3timo Disco, com a raiz da m\u00fasica, os Cantos De Trabalho. Ou\u00e7a as maravilhosas Ganhadoras em &#8216;Rainha Do Mar&#8217; e &#8216;Conto De Areia&#8217;<\/p>\n<p>Gravadora: Taboca Discos Ano: 2023 Condi\u00e7\u00f5es: Mint<\/p>\n<p>Track List: <\/p>\n<p> A1.1 Canto Da Lavadeira A1.2 Prel\u00fadio Das \u00c1guas A2.1 Bando Das Ganhadeiras A2.2 Com Alma Lavada A3 As Ganhadeiras A4 Conto De Areia A5 Rainha Do Mar A6 Li\u00e7\u00e3o De Vida B1 Historia Das Ganhadeiras B2 Festa Na Aldeia B3 Mar\u00e9 Mansa B4 O Mar<\/p>\n","protected":false},"featured_media":69245,"template":"","meta":[],"product_brand":[],"product_cat":[107,111,126,147,97],"product_tag":[],"class_list":{"0":"post-69244","1":"product","2":"type-product","3":"status-publish","4":"has-post-thumbnail","6":"product_cat-garimpo","7":"product_cat-destaque","8":"product_cat-disco-colorido","9":"product_cat-taboca-discos","10":"product_cat-lp","12":"first","13":"outofstock","14":"taxable","15":"shipping-taxable","16":"purchasable","17":"product-type-simple"},"yoast_head":"<!-- This site is optimized with the Yoast SEO plugin v27.4 - https:\/\/yoast.com\/product\/yoast-seo-wordpress\/ -->\n<title>AS GANHADEIRAS DE ITAPU\u00c3 - Vinyl Land Records<\/title>\n<meta name=\"robots\" content=\"index, follow, max-snippet:-1, max-image-preview:large, max-video-preview:-1\" \/>\n<link rel=\"canonical\" href=\"https:\/\/shopbrasil.vinyllandrecords.com\/produto\/as-ganhadeiras-de-itapua\/\" \/>\n<meta property=\"og:locale\" content=\"en_US\" \/>\n<meta property=\"og:type\" content=\"article\" \/>\n<meta property=\"og:title\" content=\"AS GANHADEIRAS DE ITAPU\u00c3 - Vinyl Land Records\" \/>\n<meta property=\"og:description\" content=\"[:pb]  \u00d3timo Disco, com a raiz da m\u00fasica, os Cantos De Trabalho. Ou\u00e7a as maravilhosas Ganhadoras em &#039;Rainha Do Mar&#039; e &#039;Conto De Areia&#039;  Gravadora: Taboca Discos Ano: 2023  Track List:  A1.1 Canto Da Lavadeira A1.2 Prel\u00fadio Das \u00c1guas A2.1 Bando Das Ganhadeiras A2.2 Com Alma Lavada A3 As Ganhadeiras A4 Conto De Areia A5 Rainha Do Mar A6 Li\u00e7\u00e3o De Vida B1 Historia Das Ganhadeiras B2 Festa Na Aldeia B3 Mar\u00e9 Mansa B4 O Mar[:en]  \u00d3timo Disco, com a raiz da m\u00fasica, os Cantos De Trabalho. Ou\u00e7a as maravilhosas Ganhadoras em &#039;Rainha Do Mar&#039; e &#039;Conto De Areia&#039;  Gravadora: Taboca Discos Ano: 2023 Condi\u00e7\u00f5es: Mint  Track List:   A1.1 Canto Da Lavadeira A1.2 Prel\u00fadio Das \u00c1guas A2.1 Bando Das Ganhadeiras A2.2 Com Alma Lavada A3 As Ganhadeiras A4 Conto De Areia A5 Rainha Do Mar A6 Li\u00e7\u00e3o De Vida B1 Historia Das Ganhadeiras B2 Festa Na Aldeia B3 Mar\u00e9 Mansa B4 O Mar[:]\" \/>\n<meta property=\"og:url\" content=\"https:\/\/shopbrasil.vinyllandrecords.com\/produto\/as-ganhadeiras-de-itapua\/\" \/>\n<meta property=\"og:site_name\" content=\"Vinyl Land Records\" \/>\n<meta property=\"article:modified_time\" content=\"2024-09-02T19:32:12+00:00\" \/>\n<meta property=\"og:image\" content=\"https:\/\/shopbrasil.vinyllandrecords.com\/wp-content\/uploads\/2023\/04\/ganha.jpeg\" \/>\n\t<meta property=\"og:image:width\" content=\"600\" \/>\n\t<meta property=\"og:image:height\" content=\"599\" \/>\n\t<meta property=\"og:image:type\" content=\"image\/jpeg\" \/>\n<meta name=\"twitter:card\" content=\"summary_large_image\" \/>\n<meta name=\"twitter:label1\" content=\"Est. reading time\" \/>\n\t<meta name=\"twitter:data1\" content=\"1 minute\" \/>\n<script type=\"application\/ld+json\" class=\"yoast-schema-graph\">{\"@context\":\"https:\\\/\\\/schema.org\",\"@graph\":[{\"@type\":\"WebPage\",\"@id\":\"https:\\\/\\\/shopbrasil.vinyllandrecords.com\\\/produto\\\/as-ganhadeiras-de-itapua\\\/\",\"url\":\"https:\\\/\\\/shopbrasil.vinyllandrecords.com\\\/produto\\\/as-ganhadeiras-de-itapua\\\/\",\"name\":\"AS GANHADEIRAS DE ITAPU\u00c3 - Vinyl Land Records\",\"isPartOf\":{\"@id\":\"https:\\\/\\\/shopbrasil.vinyllandrecords.com\\\/#website\"},\"primaryImageOfPage\":{\"@id\":\"https:\\\/\\\/shopbrasil.vinyllandrecords.com\\\/produto\\\/as-ganhadeiras-de-itapua\\\/#primaryimage\"},\"image\":{\"@id\":\"https:\\\/\\\/shopbrasil.vinyllandrecords.com\\\/produto\\\/as-ganhadeiras-de-itapua\\\/#primaryimage\"},\"thumbnailUrl\":\"https:\\\/\\\/shopbrasil.vinyllandrecords.com\\\/wp-content\\\/uploads\\\/2023\\\/04\\\/ganha.jpeg\",\"datePublished\":\"2023-04-26T15:58:35+00:00\",\"dateModified\":\"2024-09-02T19:32:12+00:00\",\"breadcrumb\":{\"@id\":\"https:\\\/\\\/shopbrasil.vinyllandrecords.com\\\/produto\\\/as-ganhadeiras-de-itapua\\\/#breadcrumb\"},\"inLanguage\":\"en-US\",\"potentialAction\":[{\"@type\":\"ReadAction\",\"target\":[\"https:\\\/\\\/shopbrasil.vinyllandrecords.com\\\/produto\\\/as-ganhadeiras-de-itapua\\\/\"]}]},{\"@type\":\"ImageObject\",\"inLanguage\":\"en-US\",\"@id\":\"https:\\\/\\\/shopbrasil.vinyllandrecords.com\\\/produto\\\/as-ganhadeiras-de-itapua\\\/#primaryimage\",\"url\":\"https:\\\/\\\/shopbrasil.vinyllandrecords.com\\\/wp-content\\\/uploads\\\/2023\\\/04\\\/ganha.jpeg\",\"contentUrl\":\"https:\\\/\\\/shopbrasil.vinyllandrecords.com\\\/wp-content\\\/uploads\\\/2023\\\/04\\\/ganha.jpeg\",\"width\":600,\"height\":599},{\"@type\":\"BreadcrumbList\",\"@id\":\"https:\\\/\\\/shopbrasil.vinyllandrecords.com\\\/produto\\\/as-ganhadeiras-de-itapua\\\/#breadcrumb\",\"itemListElement\":[{\"@type\":\"ListItem\",\"position\":1,\"name\":\"In\u00edcio\",\"item\":\"https:\\\/\\\/shopbrasil.vinyllandrecords.com\\\/\"},{\"@type\":\"ListItem\",\"position\":2,\"name\":\"Shops\",\"item\":\"https:\\\/\\\/shopbrasil.vinyllandrecords.com\\\/shops\\\/\"},{\"@type\":\"ListItem\",\"position\":3,\"name\":\"AS GANHADEIRAS DE ITAPU\u00c3\"}]},{\"@type\":\"WebSite\",\"@id\":\"https:\\\/\\\/shopbrasil.vinyllandrecords.com\\\/#website\",\"url\":\"https:\\\/\\\/shopbrasil.vinyllandrecords.com\\\/\",\"name\":\"Vinyl Land Records\",\"description\":\"ONLINE SHOP\",\"potentialAction\":[{\"@type\":\"SearchAction\",\"target\":{\"@type\":\"EntryPoint\",\"urlTemplate\":\"https:\\\/\\\/shopbrasil.vinyllandrecords.com\\\/?s={search_term_string}\"},\"query-input\":{\"@type\":\"PropertyValueSpecification\",\"valueRequired\":true,\"valueName\":\"search_term_string\"}}],\"inLanguage\":\"en-US\"}]}<\/script>\n<!-- \/ Yoast SEO plugin. -->","yoast_head_json":{"title":"AS GANHADEIRAS DE ITAPU\u00c3 - Vinyl Land Records","robots":{"index":"index","follow":"follow","max-snippet":"max-snippet:-1","max-image-preview":"max-image-preview:large","max-video-preview":"max-video-preview:-1"},"canonical":"https:\/\/shopbrasil.vinyllandrecords.com\/produto\/as-ganhadeiras-de-itapua\/","og_locale":"en_US","og_type":"article","og_title":"AS GANHADEIRAS DE ITAPU\u00c3 - Vinyl Land Records","og_description":"[:pb]  \u00d3timo Disco, com a raiz da m\u00fasica, os Cantos De Trabalho. Ou\u00e7a as maravilhosas Ganhadoras em 'Rainha Do Mar' e 'Conto De Areia'  Gravadora: Taboca Discos Ano: 2023  Track List:  A1.1 Canto Da Lavadeira A1.2 Prel\u00fadio Das \u00c1guas A2.1 Bando Das Ganhadeiras A2.2 Com Alma Lavada A3 As Ganhadeiras A4 Conto De Areia A5 Rainha Do Mar A6 Li\u00e7\u00e3o De Vida B1 Historia Das Ganhadeiras B2 Festa Na Aldeia B3 Mar\u00e9 Mansa B4 O Mar[:en]  \u00d3timo Disco, com a raiz da m\u00fasica, os Cantos De Trabalho. Ou\u00e7a as maravilhosas Ganhadoras em 'Rainha Do Mar' e 'Conto De Areia'  Gravadora: Taboca Discos Ano: 2023 Condi\u00e7\u00f5es: Mint  Track List:   A1.1 Canto Da Lavadeira A1.2 Prel\u00fadio Das \u00c1guas A2.1 Bando Das Ganhadeiras A2.2 Com Alma Lavada A3 As Ganhadeiras A4 Conto De Areia A5 Rainha Do Mar A6 Li\u00e7\u00e3o De Vida B1 Historia Das Ganhadeiras B2 Festa Na Aldeia B3 Mar\u00e9 Mansa B4 O Mar[:]","og_url":"https:\/\/shopbrasil.vinyllandrecords.com\/produto\/as-ganhadeiras-de-itapua\/","og_site_name":"Vinyl Land Records","article_modified_time":"2024-09-02T19:32:12+00:00","og_image":[{"width":600,"height":599,"url":"https:\/\/shopbrasil.vinyllandrecords.com\/wp-content\/uploads\/2023\/04\/ganha.jpeg","type":"image\/jpeg"}],"twitter_card":"summary_large_image","twitter_misc":{"Est. reading time":"1 minute"},"schema":{"@context":"https:\/\/schema.org","@graph":[{"@type":"WebPage","@id":"https:\/\/shopbrasil.vinyllandrecords.com\/produto\/as-ganhadeiras-de-itapua\/","url":"https:\/\/shopbrasil.vinyllandrecords.com\/produto\/as-ganhadeiras-de-itapua\/","name":"AS GANHADEIRAS DE ITAPU\u00c3 - Vinyl Land Records","isPartOf":{"@id":"https:\/\/shopbrasil.vinyllandrecords.com\/#website"},"primaryImageOfPage":{"@id":"https:\/\/shopbrasil.vinyllandrecords.com\/produto\/as-ganhadeiras-de-itapua\/#primaryimage"},"image":{"@id":"https:\/\/shopbrasil.vinyllandrecords.com\/produto\/as-ganhadeiras-de-itapua\/#primaryimage"},"thumbnailUrl":"https:\/\/shopbrasil.vinyllandrecords.com\/wp-content\/uploads\/2023\/04\/ganha.jpeg","datePublished":"2023-04-26T15:58:35+00:00","dateModified":"2024-09-02T19:32:12+00:00","breadcrumb":{"@id":"https:\/\/shopbrasil.vinyllandrecords.com\/produto\/as-ganhadeiras-de-itapua\/#breadcrumb"},"inLanguage":"en-US","potentialAction":[{"@type":"ReadAction","target":["https:\/\/shopbrasil.vinyllandrecords.com\/produto\/as-ganhadeiras-de-itapua\/"]}]},{"@type":"ImageObject","inLanguage":"en-US","@id":"https:\/\/shopbrasil.vinyllandrecords.com\/produto\/as-ganhadeiras-de-itapua\/#primaryimage","url":"https:\/\/shopbrasil.vinyllandrecords.com\/wp-content\/uploads\/2023\/04\/ganha.jpeg","contentUrl":"https:\/\/shopbrasil.vinyllandrecords.com\/wp-content\/uploads\/2023\/04\/ganha.jpeg","width":600,"height":599},{"@type":"BreadcrumbList","@id":"https:\/\/shopbrasil.vinyllandrecords.com\/produto\/as-ganhadeiras-de-itapua\/#breadcrumb","itemListElement":[{"@type":"ListItem","position":1,"name":"In\u00edcio","item":"https:\/\/shopbrasil.vinyllandrecords.com\/"},{"@type":"ListItem","position":2,"name":"Shops","item":"https:\/\/shopbrasil.vinyllandrecords.com\/shops\/"},{"@type":"ListItem","position":3,"name":"AS GANHADEIRAS DE ITAPU\u00c3"}]},{"@type":"WebSite","@id":"https:\/\/shopbrasil.vinyllandrecords.com\/#website","url":"https:\/\/shopbrasil.vinyllandrecords.com\/","name":"Vinyl Land Records","description":"ONLINE SHOP","potentialAction":[{"@type":"SearchAction","target":{"@type":"EntryPoint","urlTemplate":"https:\/\/shopbrasil.vinyllandrecords.com\/?s={search_term_string}"},"query-input":{"@type":"PropertyValueSpecification","valueRequired":true,"valueName":"search_term_string"}}],"inLanguage":"en-US"}]}},"_links":{"self":[{"href":"https:\/\/shopbrasil.vinyllandrecords.com\/en\/wp-json\/wp\/v2\/product\/69244","targetHints":{"allow":["GET"]}}],"collection":[{"href":"https:\/\/shopbrasil.vinyllandrecords.com\/en\/wp-json\/wp\/v2\/product"}],"about":[{"href":"https:\/\/shopbrasil.vinyllandrecords.com\/en\/wp-json\/wp\/v2\/types\/product"}],"wp:featuredmedia":[{"embeddable":true,"href":"https:\/\/shopbrasil.vinyllandrecords.com\/en\/wp-json\/wp\/v2\/media\/69245"}],"wp:attachment":[{"href":"https:\/\/shopbrasil.vinyllandrecords.com\/en\/wp-json\/wp\/v2\/media?parent=69244"}],"wp:term":[{"taxonomy":"product_brand","embeddable":true,"href":"https:\/\/shopbrasil.vinyllandrecords.com\/en\/wp-json\/wp\/v2\/product_brand?post=69244"},{"taxonomy":"product_cat","embeddable":true,"href":"https:\/\/shopbrasil.vinyllandrecords.com\/en\/wp-json\/wp\/v2\/product_cat?post=69244"},{"taxonomy":"product_tag","embeddable":true,"href":"https:\/\/shopbrasil.vinyllandrecords.com\/en\/wp-json\/wp\/v2\/product_tag?post=69244"}],"curies":[{"name":"wp","href":"https:\/\/api.w.org\/{rel}","templated":true}]}}