{"id":69246,"date":"2023-04-26T13:17:07","date_gmt":"2023-04-26T16:17:07","guid":{"rendered":"https:\/\/shopbrasil.vinyllandrecords.com\/?post_type=product&#038;p=69246"},"modified":"2026-04-10T17:45:57","modified_gmt":"2026-04-10T20:45:57","slug":"gaby-amarantos-treme","status":"publish","type":"product","link":"https:\/\/shopbrasil.vinyllandrecords.com\/en\/produto\/gaby-amarantos-treme\/","title":{"rendered":"GABY AMARANTOS \u2013 \u2018TREME\u2019"},"content":{"rendered":"","protected":false},"excerpt":{"rendered":"<p><iframe width=\"560\" height=\"315\" src=\"https:\/\/www.youtube.com\/embed\/g6aQuO4K_VU\" title=\"YouTube video player\" frameborder=\"0\" allow=\"accelerometer; autoplay; clipboard-write; encrypted-media; gyroscope; picture-in-picture; web-share\" allowfullscreen><\/iframe><\/p>\n<p>O \u00e1lbum de estreia da cantora Gaby Amarantos completa 10 anos!<\/p>\n<p>Carregado do aut\u00eantico tecnobrega, nativo das aparelhagens das periferias de Bel\u00e9m, o disco tamb\u00e9m flerta com as tradi\u00e7\u00f5es do carimb\u00f3 e da guitarrada t\u00edpicos do Par\u00e1. No ecossistema de \u201cTreme\u201d tamb\u00e9m cabem inspira\u00e7\u00f5es vindas do funk carioca, do brega rom\u00e2ntico e das percuss\u00f5es ind\u00edgenas.<\/p>\n<p>A sonoridade impec\u00e1vel \u00e9 moldada pela trinca Carlos Eduardo Miranda (diretor musical), F\u00e9lix Robatto (produtor musical) e Waldo Squash (alquimista dos beats) e sustentada por uma banda refinada que d\u00e1 destaque a espontaneidade original de Gaby.<\/p>\n<p>O \u00e1lbum que traduz o pop brasileiro da maneira mais aut\u00eantica tem uma cole\u00e7\u00e3o de hits como \u201cEx Mai Love\u201d, tema de abertura da novela global Cheias de Charme, a divertida \u201cXirley\u201d, e os tecnobregas fren\u00e9ticos \u201cGalera da Laje\u201d e \u201c(Ela T\u00e1) Beba Doida\u201d. O disco tem participa\u00e7\u00f5es de Dona Onete, Maderito e Fernanda Takai. Al\u00e9m de composi\u00e7\u00f5es da pr\u00f3pria Gaby, Treme conta com uma diversidade de compositores do Brasil inteiro.<\/p>\n<p>Pela primeira vez em vinil, o \u00e1lbum recebe uma edi\u00e7\u00e3o cuidadosa atrav\u00e9s de tratamento minucioso de \u00e1udio, intensa pesquisa no acervo da cantora e produto com padr\u00e3o de luxo.<\/p>\n<p>A edi\u00e7\u00e3o comemorativa Tr\u00eas Selos tem:<br \/>\n\u2022 Vinil roxo<br \/>\n\u2022 Capa gatefold (dupla) empastada<br \/>\n\u2022 Livreto com 12 p\u00e1ginas (fotos, letras comentadas, desenhos e poema escrito pela Gaby)<br \/>\n\u2022 P\u00f4ster exclusivo<\/p>\n","protected":false},"featured_media":69247,"template":"","meta":[],"product_brand":[],"product_cat":[107,111,125,126,131,97],"product_tag":[],"class_list":{"0":"post-69246","1":"product","2":"type-product","3":"status-publish","4":"has-post-thumbnail","6":"product_cat-garimpo","7":"product_cat-destaque","8":"product_cat-gatefold-sleeve","9":"product_cat-disco-colorido","10":"product_cat-tres-selos","11":"product_cat-lp","13":"first","14":"outofstock","15":"taxable","16":"shipping-taxable","17":"purchasable","18":"product-type-simple"},"yoast_head":"<!-- This site is optimized with the Yoast SEO plugin v27.4 - https:\/\/yoast.com\/product\/yoast-seo-wordpress\/ -->\n<title>GABY AMARANTOS \u2013 \u2018TREME\u2019 - Vinyl Land Records<\/title>\n<meta name=\"robots\" content=\"index, follow, max-snippet:-1, max-image-preview:large, max-video-preview:-1\" \/>\n<link rel=\"canonical\" href=\"https:\/\/shopbrasil.vinyllandrecords.com\/produto\/gaby-amarantos-treme\/\" \/>\n<meta property=\"og:locale\" content=\"en_US\" \/>\n<meta property=\"og:type\" content=\"article\" \/>\n<meta property=\"og:title\" content=\"GABY AMARANTOS \u2013 \u2018TREME\u2019 - Vinyl Land Records\" \/>\n<meta property=\"og:description\" content=\"[:en]  O \u00e1lbum de estreia da cantora Gaby Amarantos completa 10 anos!  Carregado do aut\u00eantico tecnobrega, nativo das aparelhagens das periferias de Bel\u00e9m, o disco tamb\u00e9m flerta com as tradi\u00e7\u00f5es do carimb\u00f3 e da guitarrada t\u00edpicos do Par\u00e1. No ecossistema de \u201cTreme\u201d tamb\u00e9m cabem inspira\u00e7\u00f5es vindas do funk carioca, do brega rom\u00e2ntico e das percuss\u00f5es ind\u00edgenas.  A sonoridade impec\u00e1vel \u00e9 moldada pela trinca Carlos Eduardo Miranda (diretor musical), F\u00e9lix Robatto (produtor musical) e Waldo Squash (alquimista dos beats) e sustentada por uma banda refinada que d\u00e1 destaque a espontaneidade original de Gaby.  O \u00e1lbum que traduz o pop brasileiro da maneira mais aut\u00eantica tem uma cole\u00e7\u00e3o de hits como \u201cEx Mai Love\u201d, tema de abertura da novela global Cheias de Charme, a divertida \u201cXirley\u201d, e os tecnobregas fren\u00e9ticos \u201cGalera da Laje\u201d e \u201c(Ela T\u00e1) Beba Doida\u201d. O disco tem participa\u00e7\u00f5es de Dona Onete, Maderito e Fernanda Takai. Al\u00e9m de composi\u00e7\u00f5es da pr\u00f3pria Gaby, Treme conta com uma diversidade de compositores do Brasil inteiro.  Pela primeira vez em vinil, o \u00e1lbum recebe uma edi\u00e7\u00e3o cuidadosa atrav\u00e9s de tratamento minucioso de \u00e1udio, intensa pesquisa no acervo da cantora e produto com padr\u00e3o de luxo.  A edi\u00e7\u00e3o comemorativa Tr\u00eas Selos tem: \u2022 Vinil roxo \u2022 Capa gatefold (dupla) empastada \u2022 Livreto com 12 p\u00e1ginas (fotos, letras comentadas, desenhos e poema escrito pela Gaby) \u2022 P\u00f4ster exclusivo [:]\" \/>\n<meta property=\"og:url\" content=\"https:\/\/shopbrasil.vinyllandrecords.com\/produto\/gaby-amarantos-treme\/\" \/>\n<meta property=\"og:site_name\" content=\"Vinyl Land Records\" \/>\n<meta property=\"article:modified_time\" content=\"2026-04-10T20:45:57+00:00\" \/>\n<meta property=\"og:image\" content=\"https:\/\/shopbrasil.vinyllandrecords.com\/wp-content\/uploads\/2023\/04\/gaby.jpeg\" \/>\n\t<meta property=\"og:image:width\" content=\"1350\" \/>\n\t<meta property=\"og:image:height\" content=\"1353\" \/>\n\t<meta property=\"og:image:type\" content=\"image\/jpeg\" \/>\n<meta name=\"twitter:card\" content=\"summary_large_image\" \/>\n<script type=\"application\/ld+json\" class=\"yoast-schema-graph\">{\"@context\":\"https:\\\/\\\/schema.org\",\"@graph\":[{\"@type\":\"WebPage\",\"@id\":\"https:\\\/\\\/shopbrasil.vinyllandrecords.com\\\/produto\\\/gaby-amarantos-treme\\\/\",\"url\":\"https:\\\/\\\/shopbrasil.vinyllandrecords.com\\\/produto\\\/gaby-amarantos-treme\\\/\",\"name\":\"GABY AMARANTOS \u2013 \u2018TREME\u2019 - Vinyl Land Records\",\"isPartOf\":{\"@id\":\"https:\\\/\\\/shopbrasil.vinyllandrecords.com\\\/#website\"},\"primaryImageOfPage\":{\"@id\":\"https:\\\/\\\/shopbrasil.vinyllandrecords.com\\\/produto\\\/gaby-amarantos-treme\\\/#primaryimage\"},\"image\":{\"@id\":\"https:\\\/\\\/shopbrasil.vinyllandrecords.com\\\/produto\\\/gaby-amarantos-treme\\\/#primaryimage\"},\"thumbnailUrl\":\"https:\\\/\\\/shopbrasil.vinyllandrecords.com\\\/wp-content\\\/uploads\\\/2023\\\/04\\\/gaby.jpeg\",\"datePublished\":\"2023-04-26T16:17:07+00:00\",\"dateModified\":\"2026-04-10T20:45:57+00:00\",\"breadcrumb\":{\"@id\":\"https:\\\/\\\/shopbrasil.vinyllandrecords.com\\\/produto\\\/gaby-amarantos-treme\\\/#breadcrumb\"},\"inLanguage\":\"en-US\",\"potentialAction\":[{\"@type\":\"ReadAction\",\"target\":[\"https:\\\/\\\/shopbrasil.vinyllandrecords.com\\\/produto\\\/gaby-amarantos-treme\\\/\"]}]},{\"@type\":\"ImageObject\",\"inLanguage\":\"en-US\",\"@id\":\"https:\\\/\\\/shopbrasil.vinyllandrecords.com\\\/produto\\\/gaby-amarantos-treme\\\/#primaryimage\",\"url\":\"https:\\\/\\\/shopbrasil.vinyllandrecords.com\\\/wp-content\\\/uploads\\\/2023\\\/04\\\/gaby.jpeg\",\"contentUrl\":\"https:\\\/\\\/shopbrasil.vinyllandrecords.com\\\/wp-content\\\/uploads\\\/2023\\\/04\\\/gaby.jpeg\",\"width\":1350,\"height\":1353},{\"@type\":\"BreadcrumbList\",\"@id\":\"https:\\\/\\\/shopbrasil.vinyllandrecords.com\\\/produto\\\/gaby-amarantos-treme\\\/#breadcrumb\",\"itemListElement\":[{\"@type\":\"ListItem\",\"position\":1,\"name\":\"In\u00edcio\",\"item\":\"https:\\\/\\\/shopbrasil.vinyllandrecords.com\\\/\"},{\"@type\":\"ListItem\",\"position\":2,\"name\":\"Shops\",\"item\":\"https:\\\/\\\/shopbrasil.vinyllandrecords.com\\\/shops\\\/\"},{\"@type\":\"ListItem\",\"position\":3,\"name\":\"GABY AMARANTOS \u2013 \u2018TREME\u2019\"}]},{\"@type\":\"WebSite\",\"@id\":\"https:\\\/\\\/shopbrasil.vinyllandrecords.com\\\/#website\",\"url\":\"https:\\\/\\\/shopbrasil.vinyllandrecords.com\\\/\",\"name\":\"Vinyl Land Records\",\"description\":\"ONLINE SHOP\",\"potentialAction\":[{\"@type\":\"SearchAction\",\"target\":{\"@type\":\"EntryPoint\",\"urlTemplate\":\"https:\\\/\\\/shopbrasil.vinyllandrecords.com\\\/?s={search_term_string}\"},\"query-input\":{\"@type\":\"PropertyValueSpecification\",\"valueRequired\":true,\"valueName\":\"search_term_string\"}}],\"inLanguage\":\"en-US\"}]}<\/script>\n<!-- \/ Yoast SEO plugin. -->","yoast_head_json":{"title":"GABY AMARANTOS \u2013 \u2018TREME\u2019 - Vinyl Land Records","robots":{"index":"index","follow":"follow","max-snippet":"max-snippet:-1","max-image-preview":"max-image-preview:large","max-video-preview":"max-video-preview:-1"},"canonical":"https:\/\/shopbrasil.vinyllandrecords.com\/produto\/gaby-amarantos-treme\/","og_locale":"en_US","og_type":"article","og_title":"GABY AMARANTOS \u2013 \u2018TREME\u2019 - Vinyl Land Records","og_description":"[:en]  O \u00e1lbum de estreia da cantora Gaby Amarantos completa 10 anos!  Carregado do aut\u00eantico tecnobrega, nativo das aparelhagens das periferias de Bel\u00e9m, o disco tamb\u00e9m flerta com as tradi\u00e7\u00f5es do carimb\u00f3 e da guitarrada t\u00edpicos do Par\u00e1. No ecossistema de \u201cTreme\u201d tamb\u00e9m cabem inspira\u00e7\u00f5es vindas do funk carioca, do brega rom\u00e2ntico e das percuss\u00f5es ind\u00edgenas.  A sonoridade impec\u00e1vel \u00e9 moldada pela trinca Carlos Eduardo Miranda (diretor musical), F\u00e9lix Robatto (produtor musical) e Waldo Squash (alquimista dos beats) e sustentada por uma banda refinada que d\u00e1 destaque a espontaneidade original de Gaby.  O \u00e1lbum que traduz o pop brasileiro da maneira mais aut\u00eantica tem uma cole\u00e7\u00e3o de hits como \u201cEx Mai Love\u201d, tema de abertura da novela global Cheias de Charme, a divertida \u201cXirley\u201d, e os tecnobregas fren\u00e9ticos \u201cGalera da Laje\u201d e \u201c(Ela T\u00e1) Beba Doida\u201d. O disco tem participa\u00e7\u00f5es de Dona Onete, Maderito e Fernanda Takai. Al\u00e9m de composi\u00e7\u00f5es da pr\u00f3pria Gaby, Treme conta com uma diversidade de compositores do Brasil inteiro.  Pela primeira vez em vinil, o \u00e1lbum recebe uma edi\u00e7\u00e3o cuidadosa atrav\u00e9s de tratamento minucioso de \u00e1udio, intensa pesquisa no acervo da cantora e produto com padr\u00e3o de luxo.  A edi\u00e7\u00e3o comemorativa Tr\u00eas Selos tem: \u2022 Vinil roxo \u2022 Capa gatefold (dupla) empastada \u2022 Livreto com 12 p\u00e1ginas (fotos, letras comentadas, desenhos e poema escrito pela Gaby) \u2022 P\u00f4ster exclusivo [:]","og_url":"https:\/\/shopbrasil.vinyllandrecords.com\/produto\/gaby-amarantos-treme\/","og_site_name":"Vinyl Land Records","article_modified_time":"2026-04-10T20:45:57+00:00","og_image":[{"width":1350,"height":1353,"url":"https:\/\/shopbrasil.vinyllandrecords.com\/wp-content\/uploads\/2023\/04\/gaby.jpeg","type":"image\/jpeg"}],"twitter_card":"summary_large_image","schema":{"@context":"https:\/\/schema.org","@graph":[{"@type":"WebPage","@id":"https:\/\/shopbrasil.vinyllandrecords.com\/produto\/gaby-amarantos-treme\/","url":"https:\/\/shopbrasil.vinyllandrecords.com\/produto\/gaby-amarantos-treme\/","name":"GABY AMARANTOS \u2013 \u2018TREME\u2019 - Vinyl Land Records","isPartOf":{"@id":"https:\/\/shopbrasil.vinyllandrecords.com\/#website"},"primaryImageOfPage":{"@id":"https:\/\/shopbrasil.vinyllandrecords.com\/produto\/gaby-amarantos-treme\/#primaryimage"},"image":{"@id":"https:\/\/shopbrasil.vinyllandrecords.com\/produto\/gaby-amarantos-treme\/#primaryimage"},"thumbnailUrl":"https:\/\/shopbrasil.vinyllandrecords.com\/wp-content\/uploads\/2023\/04\/gaby.jpeg","datePublished":"2023-04-26T16:17:07+00:00","dateModified":"2026-04-10T20:45:57+00:00","breadcrumb":{"@id":"https:\/\/shopbrasil.vinyllandrecords.com\/produto\/gaby-amarantos-treme\/#breadcrumb"},"inLanguage":"en-US","potentialAction":[{"@type":"ReadAction","target":["https:\/\/shopbrasil.vinyllandrecords.com\/produto\/gaby-amarantos-treme\/"]}]},{"@type":"ImageObject","inLanguage":"en-US","@id":"https:\/\/shopbrasil.vinyllandrecords.com\/produto\/gaby-amarantos-treme\/#primaryimage","url":"https:\/\/shopbrasil.vinyllandrecords.com\/wp-content\/uploads\/2023\/04\/gaby.jpeg","contentUrl":"https:\/\/shopbrasil.vinyllandrecords.com\/wp-content\/uploads\/2023\/04\/gaby.jpeg","width":1350,"height":1353},{"@type":"BreadcrumbList","@id":"https:\/\/shopbrasil.vinyllandrecords.com\/produto\/gaby-amarantos-treme\/#breadcrumb","itemListElement":[{"@type":"ListItem","position":1,"name":"In\u00edcio","item":"https:\/\/shopbrasil.vinyllandrecords.com\/"},{"@type":"ListItem","position":2,"name":"Shops","item":"https:\/\/shopbrasil.vinyllandrecords.com\/shops\/"},{"@type":"ListItem","position":3,"name":"GABY AMARANTOS \u2013 \u2018TREME\u2019"}]},{"@type":"WebSite","@id":"https:\/\/shopbrasil.vinyllandrecords.com\/#website","url":"https:\/\/shopbrasil.vinyllandrecords.com\/","name":"Vinyl Land Records","description":"ONLINE SHOP","potentialAction":[{"@type":"SearchAction","target":{"@type":"EntryPoint","urlTemplate":"https:\/\/shopbrasil.vinyllandrecords.com\/?s={search_term_string}"},"query-input":{"@type":"PropertyValueSpecification","valueRequired":true,"valueName":"search_term_string"}}],"inLanguage":"en-US"}]}},"_links":{"self":[{"href":"https:\/\/shopbrasil.vinyllandrecords.com\/en\/wp-json\/wp\/v2\/product\/69246","targetHints":{"allow":["GET"]}}],"collection":[{"href":"https:\/\/shopbrasil.vinyllandrecords.com\/en\/wp-json\/wp\/v2\/product"}],"about":[{"href":"https:\/\/shopbrasil.vinyllandrecords.com\/en\/wp-json\/wp\/v2\/types\/product"}],"wp:featuredmedia":[{"embeddable":true,"href":"https:\/\/shopbrasil.vinyllandrecords.com\/en\/wp-json\/wp\/v2\/media\/69247"}],"wp:attachment":[{"href":"https:\/\/shopbrasil.vinyllandrecords.com\/en\/wp-json\/wp\/v2\/media?parent=69246"}],"wp:term":[{"taxonomy":"product_brand","embeddable":true,"href":"https:\/\/shopbrasil.vinyllandrecords.com\/en\/wp-json\/wp\/v2\/product_brand?post=69246"},{"taxonomy":"product_cat","embeddable":true,"href":"https:\/\/shopbrasil.vinyllandrecords.com\/en\/wp-json\/wp\/v2\/product_cat?post=69246"},{"taxonomy":"product_tag","embeddable":true,"href":"https:\/\/shopbrasil.vinyllandrecords.com\/en\/wp-json\/wp\/v2\/product_tag?post=69246"}],"curies":[{"name":"wp","href":"https:\/\/api.w.org\/{rel}","templated":true}]}}