{"id":69249,"date":"2023-04-26T13:26:46","date_gmt":"2023-04-26T16:26:46","guid":{"rendered":"https:\/\/shopbrasil.vinyllandrecords.com\/?post_type=product&#038;p=69249"},"modified":"2026-03-10T17:56:45","modified_gmt":"2026-03-10T20:56:45","slug":"ceu-um-gosto-de-sol","status":"publish","type":"product","link":"https:\/\/shopbrasil.vinyllandrecords.com\/en\/produto\/ceu-um-gosto-de-sol\/","title":{"rendered":"C\u00e9u &#8211; Um Gosto de Sol"},"content":{"rendered":"","protected":false},"excerpt":{"rendered":"<p><iframe width=\"560\" height=\"315\" src=\"https:\/\/www.youtube.com\/embed\/bdCNyJYNKno\" title=\"YouTube video player\" frameborder=\"0\" allow=\"accelerometer; autoplay; clipboard-write; encrypted-media; gyroscope; picture-in-picture; web-share\" allowfullscreen><\/iframe><\/p>\n<p>\u2018Um Gosto de Sol\u2019 \u00e9 o primeiro \u00e1lbum em que a cantora paulistana C\u00e9u se coloca apenas como int\u00e9rprete, dando voz a uma d\u00fazia de can\u00e7\u00f5es de outros autores e produzidas por Pupillo.<\/p>\n<p>O repert\u00f3rio do disco passa pelo samba em per\u00edodos e est\u00e9ticas distintas, nas releituras de can\u00e7\u00f5es de Jo\u00e3o Gilberto, Ant\u00f4nio Carlos &#038; Jocafi com participa\u00e7\u00e3o de Russo Passapusso e Grupo Revela\u00e7\u00e3o em dueto com Emicida. O primeiro single foi a arrebatadora \u201cChega Mais\u201d de Rita Lee e Roberto de Carvalho.<br \/>\nA m\u00fasica que d\u00e1 t\u00edtulo ao disco \u00e9 uma composi\u00e7\u00e3o de Milton Nascimento com Ronaldo Bastos pin\u00e7ada do cl\u00e1ssico \u201cClube da Esquina\u201d, de 1972.<br \/>\nO disco ainda traz vers\u00f5es muito bem feitas de Jimi Hendrix, Sade, Fiona Apple, Bestie Boys, entre outras.<br \/>\nA sele\u00e7\u00e3o musical \u00e9 assinada pela C\u00e9u, pelo seu pai Edgard Po\u00e7as, pelo m\u00fasico e produtor Pupillo e pelo jornalista Marcus Preto.<\/p>\n<p>O \u00e1lbum conta com os m\u00fasicos Pupillo (produ\u00e7\u00e3o, bateria e percuss\u00e3o), Andreas Kisser (viol\u00e3o de sete cordas), Lucas Martins (baixo) e com as participa\u00e7\u00f5es adicionais de Herv\u00e9 Salters e Rodrigo Tavares (teclados), do veterano maestro Jota Moraes (vibrafone) e do DJ Nyack (beats e programa\u00e7\u00f5es).<\/p>\n<p>A edi\u00e7\u00e3o Tr\u00eas Selos traz vinil 180 gramas, encarte com conte\u00fado in\u00e9dito assinado pela jornalista Lorena Cal\u00e1bria, p\u00f4ster exclusivo e capa gatefold empastada.<\/p>\n","protected":false},"featured_media":69251,"template":"","meta":[],"product_brand":[],"product_cat":[107,111,125,131,97],"product_tag":[],"class_list":{"0":"post-69249","1":"product","2":"type-product","3":"status-publish","4":"has-post-thumbnail","6":"product_cat-garimpo","7":"product_cat-destaque","8":"product_cat-gatefold-sleeve","9":"product_cat-tres-selos","10":"product_cat-lp","12":"first","13":"outofstock","14":"taxable","15":"shipping-taxable","16":"purchasable","17":"product-type-simple"},"yoast_head":"<!-- This site is optimized with the Yoast SEO plugin v27.4 - https:\/\/yoast.com\/product\/yoast-seo-wordpress\/ -->\n<title>C\u00e9u - Um Gosto de Sol - Vinyl Land Records<\/title>\n<meta name=\"robots\" content=\"index, follow, max-snippet:-1, max-image-preview:large, max-video-preview:-1\" \/>\n<link rel=\"canonical\" href=\"https:\/\/shopbrasil.vinyllandrecords.com\/produto\/ceu-um-gosto-de-sol\/\" \/>\n<meta property=\"og:locale\" content=\"en_US\" \/>\n<meta property=\"og:type\" content=\"article\" \/>\n<meta property=\"og:title\" content=\"C\u00e9u - Um Gosto de Sol - Vinyl Land Records\" \/>\n<meta property=\"og:description\" content=\"[:pb]  \u2018Um Gosto de Sol\u2019 \u00e9 o primeiro \u00e1lbum em que a cantora paulistana C\u00e9u se coloca apenas como int\u00e9rprete, dando voz a uma d\u00fazia de can\u00e7\u00f5es de outros autores e produzidas por Pupillo.  O repert\u00f3rio do disco passa pelo samba em per\u00edodos e est\u00e9ticas distintas, nas releituras de can\u00e7\u00f5es de Jo\u00e3o Gilberto, Ant\u00f4nio Carlos &amp; Jocafi com participa\u00e7\u00e3o de Russo Passapusso e Grupo Revela\u00e7\u00e3o em dueto com Emicida. O primeiro single foi a arrebatadora \u201cChega Mais\u201d de Rita Lee e Roberto de Carvalho. A m\u00fasica que d\u00e1 t\u00edtulo ao disco \u00e9 uma composi\u00e7\u00e3o de Milton Nascimento com Ronaldo Bastos pin\u00e7ada do cl\u00e1ssico \u201cClube da Esquina\u201d, de 1972. O disco ainda traz vers\u00f5es muito bem feitas de Jimi Hendrix, Sade, Fiona Apple, Bestie Boys, entre outras. A sele\u00e7\u00e3o musical \u00e9 assinada pela C\u00e9u, pelo seu pai Edgard Po\u00e7as, pelo m\u00fasico e produtor Pupillo e pelo jornalista Marcus Preto.  O \u00e1lbum conta com os m\u00fasicos Pupillo (produ\u00e7\u00e3o, bateria e percuss\u00e3o), Andreas Kisser (viol\u00e3o de sete cordas), Lucas Martins (baixo) e com as participa\u00e7\u00f5es adicionais de Herv\u00e9 Salters e Rodrigo Tavares (teclados), do veterano maestro Jota Moraes (vibrafone) e do DJ Nyack (beats e programa\u00e7\u00f5es).  A edi\u00e7\u00e3o Tr\u00eas Selos traz vinil 180 gramas, encarte com conte\u00fado in\u00e9dito assinado pela jornalista Lorena Cal\u00e1bria, p\u00f4ster exclusivo e capa gatefold empastada.[:en]  \u2018Um Gosto de Sol\u2019 \u00e9 o primeiro \u00e1lbum em que a cantora paulistana C\u00e9u se coloca apenas como int\u00e9rprete, dando voz a uma d\u00fazia de can\u00e7\u00f5es de outros autores e produzidas por Pupillo.  O repert\u00f3rio do disco passa pelo samba em per\u00edodos e est\u00e9ticas distintas, nas releituras de can\u00e7\u00f5es de Jo\u00e3o Gilberto, Ant\u00f4nio Carlos &amp; Jocafi com participa\u00e7\u00e3o de Russo Passapusso e Grupo Revela\u00e7\u00e3o em dueto com Emicida. O primeiro single foi a arrebatadora \u201cChega Mais\u201d de Rita Lee e Roberto de Carvalho. A m\u00fasica que d\u00e1 t\u00edtulo ao disco \u00e9 uma composi\u00e7\u00e3o de Milton Nascimento com Ronaldo Bastos pin\u00e7ada do cl\u00e1ssico \u201cClube da Esquina\u201d, de 1972. O disco ainda traz vers\u00f5es muito bem feitas de Jimi Hendrix, Sade, Fiona Apple, Bestie Boys, entre outras. A sele\u00e7\u00e3o musical \u00e9 assinada pela C\u00e9u, pelo seu pai Edgard Po\u00e7as, pelo m\u00fasico e produtor Pupillo e pelo jornalista Marcus Preto.  O \u00e1lbum conta com os m\u00fasicos Pupillo (produ\u00e7\u00e3o, bateria e percuss\u00e3o), Andreas Kisser (viol\u00e3o de sete cordas), Lucas Martins (baixo) e com as participa\u00e7\u00f5es adicionais de Herv\u00e9 Salters e Rodrigo Tavares (teclados), do veterano maestro Jota Moraes (vibrafone) e do DJ Nyack (beats e programa\u00e7\u00f5es).  A edi\u00e7\u00e3o Tr\u00eas Selos traz vinil 180 gramas, encarte com conte\u00fado in\u00e9dito assinado pela jornalista Lorena Cal\u00e1bria, p\u00f4ster exclusivo e capa gatefold empastada. [:]\" \/>\n<meta property=\"og:url\" content=\"https:\/\/shopbrasil.vinyllandrecords.com\/produto\/ceu-um-gosto-de-sol\/\" \/>\n<meta property=\"og:site_name\" content=\"Vinyl Land Records\" \/>\n<meta property=\"article:modified_time\" content=\"2026-03-10T20:56:45+00:00\" \/>\n<meta property=\"og:image\" content=\"https:\/\/shopbrasil.vinyllandrecords.com\/wp-content\/uploads\/2023\/04\/ceu.jpeg\" \/>\n\t<meta property=\"og:image:width\" content=\"450\" \/>\n\t<meta property=\"og:image:height\" content=\"451\" \/>\n\t<meta property=\"og:image:type\" content=\"image\/jpeg\" \/>\n<meta name=\"twitter:card\" content=\"summary_large_image\" \/>\n<meta name=\"twitter:label1\" content=\"Est. reading time\" \/>\n\t<meta name=\"twitter:data1\" content=\"1 minute\" \/>\n<script type=\"application\/ld+json\" class=\"yoast-schema-graph\">{\"@context\":\"https:\\\/\\\/schema.org\",\"@graph\":[{\"@type\":\"WebPage\",\"@id\":\"https:\\\/\\\/shopbrasil.vinyllandrecords.com\\\/produto\\\/ceu-um-gosto-de-sol\\\/\",\"url\":\"https:\\\/\\\/shopbrasil.vinyllandrecords.com\\\/produto\\\/ceu-um-gosto-de-sol\\\/\",\"name\":\"C\u00e9u - Um Gosto de Sol - Vinyl Land Records\",\"isPartOf\":{\"@id\":\"https:\\\/\\\/shopbrasil.vinyllandrecords.com\\\/#website\"},\"primaryImageOfPage\":{\"@id\":\"https:\\\/\\\/shopbrasil.vinyllandrecords.com\\\/produto\\\/ceu-um-gosto-de-sol\\\/#primaryimage\"},\"image\":{\"@id\":\"https:\\\/\\\/shopbrasil.vinyllandrecords.com\\\/produto\\\/ceu-um-gosto-de-sol\\\/#primaryimage\"},\"thumbnailUrl\":\"https:\\\/\\\/shopbrasil.vinyllandrecords.com\\\/wp-content\\\/uploads\\\/2023\\\/04\\\/ceu.jpeg\",\"datePublished\":\"2023-04-26T16:26:46+00:00\",\"dateModified\":\"2026-03-10T20:56:45+00:00\",\"breadcrumb\":{\"@id\":\"https:\\\/\\\/shopbrasil.vinyllandrecords.com\\\/produto\\\/ceu-um-gosto-de-sol\\\/#breadcrumb\"},\"inLanguage\":\"en-US\",\"potentialAction\":[{\"@type\":\"ReadAction\",\"target\":[\"https:\\\/\\\/shopbrasil.vinyllandrecords.com\\\/produto\\\/ceu-um-gosto-de-sol\\\/\"]}]},{\"@type\":\"ImageObject\",\"inLanguage\":\"en-US\",\"@id\":\"https:\\\/\\\/shopbrasil.vinyllandrecords.com\\\/produto\\\/ceu-um-gosto-de-sol\\\/#primaryimage\",\"url\":\"https:\\\/\\\/shopbrasil.vinyllandrecords.com\\\/wp-content\\\/uploads\\\/2023\\\/04\\\/ceu.jpeg\",\"contentUrl\":\"https:\\\/\\\/shopbrasil.vinyllandrecords.com\\\/wp-content\\\/uploads\\\/2023\\\/04\\\/ceu.jpeg\",\"width\":450,\"height\":451},{\"@type\":\"BreadcrumbList\",\"@id\":\"https:\\\/\\\/shopbrasil.vinyllandrecords.com\\\/produto\\\/ceu-um-gosto-de-sol\\\/#breadcrumb\",\"itemListElement\":[{\"@type\":\"ListItem\",\"position\":1,\"name\":\"In\u00edcio\",\"item\":\"https:\\\/\\\/shopbrasil.vinyllandrecords.com\\\/\"},{\"@type\":\"ListItem\",\"position\":2,\"name\":\"Shops\",\"item\":\"https:\\\/\\\/shopbrasil.vinyllandrecords.com\\\/shops\\\/\"},{\"@type\":\"ListItem\",\"position\":3,\"name\":\"C\u00e9u &#8211; Um Gosto de Sol\"}]},{\"@type\":\"WebSite\",\"@id\":\"https:\\\/\\\/shopbrasil.vinyllandrecords.com\\\/#website\",\"url\":\"https:\\\/\\\/shopbrasil.vinyllandrecords.com\\\/\",\"name\":\"Vinyl Land Records\",\"description\":\"ONLINE SHOP\",\"potentialAction\":[{\"@type\":\"SearchAction\",\"target\":{\"@type\":\"EntryPoint\",\"urlTemplate\":\"https:\\\/\\\/shopbrasil.vinyllandrecords.com\\\/?s={search_term_string}\"},\"query-input\":{\"@type\":\"PropertyValueSpecification\",\"valueRequired\":true,\"valueName\":\"search_term_string\"}}],\"inLanguage\":\"en-US\"}]}<\/script>\n<!-- \/ Yoast SEO plugin. -->","yoast_head_json":{"title":"C\u00e9u - Um Gosto de Sol - Vinyl Land Records","robots":{"index":"index","follow":"follow","max-snippet":"max-snippet:-1","max-image-preview":"max-image-preview:large","max-video-preview":"max-video-preview:-1"},"canonical":"https:\/\/shopbrasil.vinyllandrecords.com\/produto\/ceu-um-gosto-de-sol\/","og_locale":"en_US","og_type":"article","og_title":"C\u00e9u - Um Gosto de Sol - Vinyl Land Records","og_description":"[:pb]  \u2018Um Gosto de Sol\u2019 \u00e9 o primeiro \u00e1lbum em que a cantora paulistana C\u00e9u se coloca apenas como int\u00e9rprete, dando voz a uma d\u00fazia de can\u00e7\u00f5es de outros autores e produzidas por Pupillo.  O repert\u00f3rio do disco passa pelo samba em per\u00edodos e est\u00e9ticas distintas, nas releituras de can\u00e7\u00f5es de Jo\u00e3o Gilberto, Ant\u00f4nio Carlos &amp; Jocafi com participa\u00e7\u00e3o de Russo Passapusso e Grupo Revela\u00e7\u00e3o em dueto com Emicida. O primeiro single foi a arrebatadora \u201cChega Mais\u201d de Rita Lee e Roberto de Carvalho. A m\u00fasica que d\u00e1 t\u00edtulo ao disco \u00e9 uma composi\u00e7\u00e3o de Milton Nascimento com Ronaldo Bastos pin\u00e7ada do cl\u00e1ssico \u201cClube da Esquina\u201d, de 1972. O disco ainda traz vers\u00f5es muito bem feitas de Jimi Hendrix, Sade, Fiona Apple, Bestie Boys, entre outras. A sele\u00e7\u00e3o musical \u00e9 assinada pela C\u00e9u, pelo seu pai Edgard Po\u00e7as, pelo m\u00fasico e produtor Pupillo e pelo jornalista Marcus Preto.  O \u00e1lbum conta com os m\u00fasicos Pupillo (produ\u00e7\u00e3o, bateria e percuss\u00e3o), Andreas Kisser (viol\u00e3o de sete cordas), Lucas Martins (baixo) e com as participa\u00e7\u00f5es adicionais de Herv\u00e9 Salters e Rodrigo Tavares (teclados), do veterano maestro Jota Moraes (vibrafone) e do DJ Nyack (beats e programa\u00e7\u00f5es).  A edi\u00e7\u00e3o Tr\u00eas Selos traz vinil 180 gramas, encarte com conte\u00fado in\u00e9dito assinado pela jornalista Lorena Cal\u00e1bria, p\u00f4ster exclusivo e capa gatefold empastada.[:en]  \u2018Um Gosto de Sol\u2019 \u00e9 o primeiro \u00e1lbum em que a cantora paulistana C\u00e9u se coloca apenas como int\u00e9rprete, dando voz a uma d\u00fazia de can\u00e7\u00f5es de outros autores e produzidas por Pupillo.  O repert\u00f3rio do disco passa pelo samba em per\u00edodos e est\u00e9ticas distintas, nas releituras de can\u00e7\u00f5es de Jo\u00e3o Gilberto, Ant\u00f4nio Carlos & Jocafi com participa\u00e7\u00e3o de Russo Passapusso e Grupo Revela\u00e7\u00e3o em dueto com Emicida. O primeiro single foi a arrebatadora \u201cChega Mais\u201d de Rita Lee e Roberto de Carvalho. A m\u00fasica que d\u00e1 t\u00edtulo ao disco \u00e9 uma composi\u00e7\u00e3o de Milton Nascimento com Ronaldo Bastos pin\u00e7ada do cl\u00e1ssico \u201cClube da Esquina\u201d, de 1972. O disco ainda traz vers\u00f5es muito bem feitas de Jimi Hendrix, Sade, Fiona Apple, Bestie Boys, entre outras. A sele\u00e7\u00e3o musical \u00e9 assinada pela C\u00e9u, pelo seu pai Edgard Po\u00e7as, pelo m\u00fasico e produtor Pupillo e pelo jornalista Marcus Preto.  O \u00e1lbum conta com os m\u00fasicos Pupillo (produ\u00e7\u00e3o, bateria e percuss\u00e3o), Andreas Kisser (viol\u00e3o de sete cordas), Lucas Martins (baixo) e com as participa\u00e7\u00f5es adicionais de Herv\u00e9 Salters e Rodrigo Tavares (teclados), do veterano maestro Jota Moraes (vibrafone) e do DJ Nyack (beats e programa\u00e7\u00f5es).  A edi\u00e7\u00e3o Tr\u00eas Selos traz vinil 180 gramas, encarte com conte\u00fado in\u00e9dito assinado pela jornalista Lorena Cal\u00e1bria, p\u00f4ster exclusivo e capa gatefold empastada. [:]","og_url":"https:\/\/shopbrasil.vinyllandrecords.com\/produto\/ceu-um-gosto-de-sol\/","og_site_name":"Vinyl Land Records","article_modified_time":"2026-03-10T20:56:45+00:00","og_image":[{"width":450,"height":451,"url":"https:\/\/shopbrasil.vinyllandrecords.com\/wp-content\/uploads\/2023\/04\/ceu.jpeg","type":"image\/jpeg"}],"twitter_card":"summary_large_image","twitter_misc":{"Est. reading time":"1 minute"},"schema":{"@context":"https:\/\/schema.org","@graph":[{"@type":"WebPage","@id":"https:\/\/shopbrasil.vinyllandrecords.com\/produto\/ceu-um-gosto-de-sol\/","url":"https:\/\/shopbrasil.vinyllandrecords.com\/produto\/ceu-um-gosto-de-sol\/","name":"C\u00e9u - Um Gosto de Sol - Vinyl Land Records","isPartOf":{"@id":"https:\/\/shopbrasil.vinyllandrecords.com\/#website"},"primaryImageOfPage":{"@id":"https:\/\/shopbrasil.vinyllandrecords.com\/produto\/ceu-um-gosto-de-sol\/#primaryimage"},"image":{"@id":"https:\/\/shopbrasil.vinyllandrecords.com\/produto\/ceu-um-gosto-de-sol\/#primaryimage"},"thumbnailUrl":"https:\/\/shopbrasil.vinyllandrecords.com\/wp-content\/uploads\/2023\/04\/ceu.jpeg","datePublished":"2023-04-26T16:26:46+00:00","dateModified":"2026-03-10T20:56:45+00:00","breadcrumb":{"@id":"https:\/\/shopbrasil.vinyllandrecords.com\/produto\/ceu-um-gosto-de-sol\/#breadcrumb"},"inLanguage":"en-US","potentialAction":[{"@type":"ReadAction","target":["https:\/\/shopbrasil.vinyllandrecords.com\/produto\/ceu-um-gosto-de-sol\/"]}]},{"@type":"ImageObject","inLanguage":"en-US","@id":"https:\/\/shopbrasil.vinyllandrecords.com\/produto\/ceu-um-gosto-de-sol\/#primaryimage","url":"https:\/\/shopbrasil.vinyllandrecords.com\/wp-content\/uploads\/2023\/04\/ceu.jpeg","contentUrl":"https:\/\/shopbrasil.vinyllandrecords.com\/wp-content\/uploads\/2023\/04\/ceu.jpeg","width":450,"height":451},{"@type":"BreadcrumbList","@id":"https:\/\/shopbrasil.vinyllandrecords.com\/produto\/ceu-um-gosto-de-sol\/#breadcrumb","itemListElement":[{"@type":"ListItem","position":1,"name":"In\u00edcio","item":"https:\/\/shopbrasil.vinyllandrecords.com\/"},{"@type":"ListItem","position":2,"name":"Shops","item":"https:\/\/shopbrasil.vinyllandrecords.com\/shops\/"},{"@type":"ListItem","position":3,"name":"C\u00e9u &#8211; Um Gosto de Sol"}]},{"@type":"WebSite","@id":"https:\/\/shopbrasil.vinyllandrecords.com\/#website","url":"https:\/\/shopbrasil.vinyllandrecords.com\/","name":"Vinyl Land Records","description":"ONLINE SHOP","potentialAction":[{"@type":"SearchAction","target":{"@type":"EntryPoint","urlTemplate":"https:\/\/shopbrasil.vinyllandrecords.com\/?s={search_term_string}"},"query-input":{"@type":"PropertyValueSpecification","valueRequired":true,"valueName":"search_term_string"}}],"inLanguage":"en-US"}]}},"_links":{"self":[{"href":"https:\/\/shopbrasil.vinyllandrecords.com\/en\/wp-json\/wp\/v2\/product\/69249","targetHints":{"allow":["GET"]}}],"collection":[{"href":"https:\/\/shopbrasil.vinyllandrecords.com\/en\/wp-json\/wp\/v2\/product"}],"about":[{"href":"https:\/\/shopbrasil.vinyllandrecords.com\/en\/wp-json\/wp\/v2\/types\/product"}],"wp:featuredmedia":[{"embeddable":true,"href":"https:\/\/shopbrasil.vinyllandrecords.com\/en\/wp-json\/wp\/v2\/media\/69251"}],"wp:attachment":[{"href":"https:\/\/shopbrasil.vinyllandrecords.com\/en\/wp-json\/wp\/v2\/media?parent=69249"}],"wp:term":[{"taxonomy":"product_brand","embeddable":true,"href":"https:\/\/shopbrasil.vinyllandrecords.com\/en\/wp-json\/wp\/v2\/product_brand?post=69249"},{"taxonomy":"product_cat","embeddable":true,"href":"https:\/\/shopbrasil.vinyllandrecords.com\/en\/wp-json\/wp\/v2\/product_cat?post=69249"},{"taxonomy":"product_tag","embeddable":true,"href":"https:\/\/shopbrasil.vinyllandrecords.com\/en\/wp-json\/wp\/v2\/product_tag?post=69249"}],"curies":[{"name":"wp","href":"https:\/\/api.w.org\/{rel}","templated":true}]}}