{"id":69254,"date":"2023-04-26T13:39:25","date_gmt":"2023-04-26T16:39:25","guid":{"rendered":"https:\/\/shopbrasil.vinyllandrecords.com\/?post_type=product&#038;p=69254"},"modified":"2023-04-26T13:46:16","modified_gmt":"2023-04-26T16:46:16","slug":"ogi-cronicas-da-cidade-cinza","status":"publish","type":"product","link":"https:\/\/shopbrasil.vinyllandrecords.com\/en\/produto\/ogi-cronicas-da-cidade-cinza\/","title":{"rendered":"OGI &#8211; CR\u00d4NICAS DA CIDADE CINZA"},"content":{"rendered":"","protected":false},"excerpt":{"rendered":"<p><iframe width=\"560\" height=\"315\" src=\"https:\/\/www.youtube.com\/embed\/tcUBJANhhuY\" title=\"YouTube video player\" frameborder=\"0\" allow=\"accelerometer; autoplay; clipboard-write; encrypted-media; gyroscope; picture-in-picture; web-share\" allowfullscreen><\/iframe><\/p>\n<p>LP OGI &#8211; CR\u00d4NICAS DA CIDADE CINZA &#8220;LP DUPLO&#8221; (NOVO\/LACRADO)<br \/>\nCAPA: GATEFOLD<br \/>\nSELO: SOMAT\u00d3RIA DO BARULHO<br \/>\nPA\u00cdS: BRASIL<br \/>\nANO: 1999<br \/>\nLAN\u00c7AMENTO: 2019<br \/>\nM\u00daSICAS DO LP<\/p>\n<p>DISCO 1<br \/>\nLADO A<br \/>\nA1 Cidade Com Nome De Santo<br \/>\nA2 Profiss\u00e3o Perigo<br \/>\nA3 Por Que Meu Deus?<br \/>\nA4 Pronto Pra Guerra<br \/>\nA5 Z\u00e9 Medalha<br \/>\nA6 Besta Fera<\/p>\n<p>LADO B<br \/>\nB1 A Vaga<br \/>\nB2 Corrida Dos Ratos<br \/>\nB3 Premoni\u00e7\u00e3o<br \/>\nB4 Noite Fria<\/p>\n<p>DISCO 2<br \/>\nLADO C<br \/>\nC1 Eu Tive Um Sonho<br \/>\nC2 Monstro Gigante<br \/>\nC3 S\u00f3kizila<br \/>\nC4 Minha Sorte Mudou<\/p>\n<p>LADO D<br \/>\nD1 Os Tempos Mudam<br \/>\nD2 Tamo A\u00ed, No Rol\u00ea<br \/>\nD3 Eu Me Perdi Na Madrugada<br \/>\nD4 180 Por Hora<br \/>\nD5 Segunda Chance<\/p>\n","protected":false},"featured_media":69255,"template":"","meta":[],"product_brand":[],"product_cat":[107,111,114,118,124,125,97],"product_tag":[],"class_list":{"0":"post-69254","1":"product","2":"type-product","3":"status-publish","4":"has-post-thumbnail","6":"product_cat-garimpo","7":"product_cat-destaque","8":"product_cat-somatorio-do-barulho","9":"product_cat-importado","10":"product_cat-2xlp","11":"product_cat-gatefold-sleeve","12":"product_cat-lp","14":"first","15":"instock","16":"taxable","17":"shipping-taxable","18":"purchasable","19":"product-type-simple"},"yoast_head":"<!-- This site is optimized with the Yoast SEO plugin v27.4 - https:\/\/yoast.com\/product\/yoast-seo-wordpress\/ -->\n<title>OGI - CR\u00d4NICAS DA CIDADE CINZA - Vinyl Land Records<\/title>\n<meta name=\"robots\" content=\"index, follow, max-snippet:-1, max-image-preview:large, max-video-preview:-1\" \/>\n<link rel=\"canonical\" href=\"https:\/\/shopbrasil.vinyllandrecords.com\/produto\/ogi-cronicas-da-cidade-cinza\/\" \/>\n<meta property=\"og:locale\" content=\"en_US\" \/>\n<meta property=\"og:type\" content=\"article\" \/>\n<meta property=\"og:title\" content=\"OGI - CR\u00d4NICAS DA CIDADE CINZA - Vinyl Land Records\" \/>\n<meta property=\"og:description\" content=\"LP OGI - CR\u00d4NICAS DA CIDADE CINZA &quot;LP DUPLO&quot; (NOVO\/LACRADO) CAPA: GATEFOLD SELO: SOMAT\u00d3RIA DO BARULHO PA\u00cdS: BRASIL ANO: 1999 LAN\u00c7AMENTO: 2019 M\u00daSICAS DO LP  DISCO 1 LADO A A1 Cidade Com Nome De Santo A2 Profiss\u00e3o Perigo A3 Por Que Meu Deus? A4 Pronto Pra Guerra A5 Z\u00e9 Medalha A6 Besta Fera  LADO B B1 A Vaga B2 Corrida Dos Ratos B3 Premoni\u00e7\u00e3o B4 Noite Fria  DISCO 2 LADO C C1 Eu Tive Um Sonho C2 Monstro Gigante C3 S\u00f3kizila C4 Minha Sorte Mudou  LADO D D1 Os Tempos Mudam D2 Tamo A\u00ed, No Rol\u00ea D3 Eu Me Perdi Na Madrugada D4 180 Por Hora D5 Segunda Chance\" \/>\n<meta property=\"og:url\" content=\"https:\/\/shopbrasil.vinyllandrecords.com\/produto\/ogi-cronicas-da-cidade-cinza\/\" \/>\n<meta property=\"og:site_name\" content=\"Vinyl Land Records\" \/>\n<meta property=\"article:modified_time\" content=\"2023-04-26T16:46:16+00:00\" \/>\n<meta property=\"og:image\" content=\"https:\/\/shopbrasil.vinyllandrecords.com\/wp-content\/uploads\/2023\/04\/ogi.jpeg\" \/>\n\t<meta property=\"og:image:width\" content=\"450\" \/>\n\t<meta property=\"og:image:height\" content=\"450\" \/>\n\t<meta property=\"og:image:type\" content=\"image\/jpeg\" \/>\n<meta name=\"twitter:card\" content=\"summary_large_image\" \/>\n<script type=\"application\/ld+json\" class=\"yoast-schema-graph\">{\"@context\":\"https:\\\/\\\/schema.org\",\"@graph\":[{\"@type\":\"WebPage\",\"@id\":\"https:\\\/\\\/shopbrasil.vinyllandrecords.com\\\/produto\\\/ogi-cronicas-da-cidade-cinza\\\/\",\"url\":\"https:\\\/\\\/shopbrasil.vinyllandrecords.com\\\/produto\\\/ogi-cronicas-da-cidade-cinza\\\/\",\"name\":\"OGI - CR\u00d4NICAS DA CIDADE CINZA - Vinyl Land Records\",\"isPartOf\":{\"@id\":\"https:\\\/\\\/shopbrasil.vinyllandrecords.com\\\/#website\"},\"primaryImageOfPage\":{\"@id\":\"https:\\\/\\\/shopbrasil.vinyllandrecords.com\\\/produto\\\/ogi-cronicas-da-cidade-cinza\\\/#primaryimage\"},\"image\":{\"@id\":\"https:\\\/\\\/shopbrasil.vinyllandrecords.com\\\/produto\\\/ogi-cronicas-da-cidade-cinza\\\/#primaryimage\"},\"thumbnailUrl\":\"https:\\\/\\\/shopbrasil.vinyllandrecords.com\\\/wp-content\\\/uploads\\\/2023\\\/04\\\/ogi.jpeg\",\"datePublished\":\"2023-04-26T16:39:25+00:00\",\"dateModified\":\"2023-04-26T16:46:16+00:00\",\"breadcrumb\":{\"@id\":\"https:\\\/\\\/shopbrasil.vinyllandrecords.com\\\/produto\\\/ogi-cronicas-da-cidade-cinza\\\/#breadcrumb\"},\"inLanguage\":\"en-US\",\"potentialAction\":[{\"@type\":\"ReadAction\",\"target\":[\"https:\\\/\\\/shopbrasil.vinyllandrecords.com\\\/produto\\\/ogi-cronicas-da-cidade-cinza\\\/\"]}]},{\"@type\":\"ImageObject\",\"inLanguage\":\"en-US\",\"@id\":\"https:\\\/\\\/shopbrasil.vinyllandrecords.com\\\/produto\\\/ogi-cronicas-da-cidade-cinza\\\/#primaryimage\",\"url\":\"https:\\\/\\\/shopbrasil.vinyllandrecords.com\\\/wp-content\\\/uploads\\\/2023\\\/04\\\/ogi.jpeg\",\"contentUrl\":\"https:\\\/\\\/shopbrasil.vinyllandrecords.com\\\/wp-content\\\/uploads\\\/2023\\\/04\\\/ogi.jpeg\",\"width\":450,\"height\":450},{\"@type\":\"BreadcrumbList\",\"@id\":\"https:\\\/\\\/shopbrasil.vinyllandrecords.com\\\/produto\\\/ogi-cronicas-da-cidade-cinza\\\/#breadcrumb\",\"itemListElement\":[{\"@type\":\"ListItem\",\"position\":1,\"name\":\"In\u00edcio\",\"item\":\"https:\\\/\\\/shopbrasil.vinyllandrecords.com\\\/\"},{\"@type\":\"ListItem\",\"position\":2,\"name\":\"Shops\",\"item\":\"https:\\\/\\\/shopbrasil.vinyllandrecords.com\\\/shops\\\/\"},{\"@type\":\"ListItem\",\"position\":3,\"name\":\"OGI &#8211; CR\u00d4NICAS DA CIDADE CINZA\"}]},{\"@type\":\"WebSite\",\"@id\":\"https:\\\/\\\/shopbrasil.vinyllandrecords.com\\\/#website\",\"url\":\"https:\\\/\\\/shopbrasil.vinyllandrecords.com\\\/\",\"name\":\"Vinyl Land Records\",\"description\":\"ONLINE SHOP\",\"potentialAction\":[{\"@type\":\"SearchAction\",\"target\":{\"@type\":\"EntryPoint\",\"urlTemplate\":\"https:\\\/\\\/shopbrasil.vinyllandrecords.com\\\/?s={search_term_string}\"},\"query-input\":{\"@type\":\"PropertyValueSpecification\",\"valueRequired\":true,\"valueName\":\"search_term_string\"}}],\"inLanguage\":\"en-US\"}]}<\/script>\n<!-- \/ Yoast SEO plugin. -->","yoast_head_json":{"title":"OGI - CR\u00d4NICAS DA CIDADE CINZA - Vinyl Land Records","robots":{"index":"index","follow":"follow","max-snippet":"max-snippet:-1","max-image-preview":"max-image-preview:large","max-video-preview":"max-video-preview:-1"},"canonical":"https:\/\/shopbrasil.vinyllandrecords.com\/produto\/ogi-cronicas-da-cidade-cinza\/","og_locale":"en_US","og_type":"article","og_title":"OGI - CR\u00d4NICAS DA CIDADE CINZA - Vinyl Land Records","og_description":"LP OGI - CR\u00d4NICAS DA CIDADE CINZA \"LP DUPLO\" (NOVO\/LACRADO) CAPA: GATEFOLD SELO: SOMAT\u00d3RIA DO BARULHO PA\u00cdS: BRASIL ANO: 1999 LAN\u00c7AMENTO: 2019 M\u00daSICAS DO LP  DISCO 1 LADO A A1 Cidade Com Nome De Santo A2 Profiss\u00e3o Perigo A3 Por Que Meu Deus? A4 Pronto Pra Guerra A5 Z\u00e9 Medalha A6 Besta Fera  LADO B B1 A Vaga B2 Corrida Dos Ratos B3 Premoni\u00e7\u00e3o B4 Noite Fria  DISCO 2 LADO C C1 Eu Tive Um Sonho C2 Monstro Gigante C3 S\u00f3kizila C4 Minha Sorte Mudou  LADO D D1 Os Tempos Mudam D2 Tamo A\u00ed, No Rol\u00ea D3 Eu Me Perdi Na Madrugada D4 180 Por Hora D5 Segunda Chance","og_url":"https:\/\/shopbrasil.vinyllandrecords.com\/produto\/ogi-cronicas-da-cidade-cinza\/","og_site_name":"Vinyl Land Records","article_modified_time":"2023-04-26T16:46:16+00:00","og_image":[{"width":450,"height":450,"url":"https:\/\/shopbrasil.vinyllandrecords.com\/wp-content\/uploads\/2023\/04\/ogi.jpeg","type":"image\/jpeg"}],"twitter_card":"summary_large_image","schema":{"@context":"https:\/\/schema.org","@graph":[{"@type":"WebPage","@id":"https:\/\/shopbrasil.vinyllandrecords.com\/produto\/ogi-cronicas-da-cidade-cinza\/","url":"https:\/\/shopbrasil.vinyllandrecords.com\/produto\/ogi-cronicas-da-cidade-cinza\/","name":"OGI - CR\u00d4NICAS DA CIDADE CINZA - Vinyl Land Records","isPartOf":{"@id":"https:\/\/shopbrasil.vinyllandrecords.com\/#website"},"primaryImageOfPage":{"@id":"https:\/\/shopbrasil.vinyllandrecords.com\/produto\/ogi-cronicas-da-cidade-cinza\/#primaryimage"},"image":{"@id":"https:\/\/shopbrasil.vinyllandrecords.com\/produto\/ogi-cronicas-da-cidade-cinza\/#primaryimage"},"thumbnailUrl":"https:\/\/shopbrasil.vinyllandrecords.com\/wp-content\/uploads\/2023\/04\/ogi.jpeg","datePublished":"2023-04-26T16:39:25+00:00","dateModified":"2023-04-26T16:46:16+00:00","breadcrumb":{"@id":"https:\/\/shopbrasil.vinyllandrecords.com\/produto\/ogi-cronicas-da-cidade-cinza\/#breadcrumb"},"inLanguage":"en-US","potentialAction":[{"@type":"ReadAction","target":["https:\/\/shopbrasil.vinyllandrecords.com\/produto\/ogi-cronicas-da-cidade-cinza\/"]}]},{"@type":"ImageObject","inLanguage":"en-US","@id":"https:\/\/shopbrasil.vinyllandrecords.com\/produto\/ogi-cronicas-da-cidade-cinza\/#primaryimage","url":"https:\/\/shopbrasil.vinyllandrecords.com\/wp-content\/uploads\/2023\/04\/ogi.jpeg","contentUrl":"https:\/\/shopbrasil.vinyllandrecords.com\/wp-content\/uploads\/2023\/04\/ogi.jpeg","width":450,"height":450},{"@type":"BreadcrumbList","@id":"https:\/\/shopbrasil.vinyllandrecords.com\/produto\/ogi-cronicas-da-cidade-cinza\/#breadcrumb","itemListElement":[{"@type":"ListItem","position":1,"name":"In\u00edcio","item":"https:\/\/shopbrasil.vinyllandrecords.com\/"},{"@type":"ListItem","position":2,"name":"Shops","item":"https:\/\/shopbrasil.vinyllandrecords.com\/shops\/"},{"@type":"ListItem","position":3,"name":"OGI &#8211; CR\u00d4NICAS DA CIDADE CINZA"}]},{"@type":"WebSite","@id":"https:\/\/shopbrasil.vinyllandrecords.com\/#website","url":"https:\/\/shopbrasil.vinyllandrecords.com\/","name":"Vinyl Land Records","description":"ONLINE SHOP","potentialAction":[{"@type":"SearchAction","target":{"@type":"EntryPoint","urlTemplate":"https:\/\/shopbrasil.vinyllandrecords.com\/?s={search_term_string}"},"query-input":{"@type":"PropertyValueSpecification","valueRequired":true,"valueName":"search_term_string"}}],"inLanguage":"en-US"}]}},"_links":{"self":[{"href":"https:\/\/shopbrasil.vinyllandrecords.com\/en\/wp-json\/wp\/v2\/product\/69254","targetHints":{"allow":["GET"]}}],"collection":[{"href":"https:\/\/shopbrasil.vinyllandrecords.com\/en\/wp-json\/wp\/v2\/product"}],"about":[{"href":"https:\/\/shopbrasil.vinyllandrecords.com\/en\/wp-json\/wp\/v2\/types\/product"}],"wp:featuredmedia":[{"embeddable":true,"href":"https:\/\/shopbrasil.vinyllandrecords.com\/en\/wp-json\/wp\/v2\/media\/69255"}],"wp:attachment":[{"href":"https:\/\/shopbrasil.vinyllandrecords.com\/en\/wp-json\/wp\/v2\/media?parent=69254"}],"wp:term":[{"taxonomy":"product_brand","embeddable":true,"href":"https:\/\/shopbrasil.vinyllandrecords.com\/en\/wp-json\/wp\/v2\/product_brand?post=69254"},{"taxonomy":"product_cat","embeddable":true,"href":"https:\/\/shopbrasil.vinyllandrecords.com\/en\/wp-json\/wp\/v2\/product_cat?post=69254"},{"taxonomy":"product_tag","embeddable":true,"href":"https:\/\/shopbrasil.vinyllandrecords.com\/en\/wp-json\/wp\/v2\/product_tag?post=69254"}],"curies":[{"name":"wp","href":"https:\/\/api.w.org\/{rel}","templated":true}]}}