{"id":69259,"date":"2023-04-26T13:46:34","date_gmt":"2023-04-26T16:46:34","guid":{"rendered":"https:\/\/shopbrasil.vinyllandrecords.com\/?post_type=product&#038;p=69259"},"modified":"2023-04-26T13:54:06","modified_gmt":"2023-04-26T16:54:06","slug":"rabo-de-galo-ubunto-ainda-atras-do-por-do-sol","status":"publish","type":"product","link":"https:\/\/shopbrasil.vinyllandrecords.com\/en\/produto\/rabo-de-galo-ubunto-ainda-atras-do-por-do-sol\/","title":{"rendered":"Rabo de Galo &#038; Ubunto &#8211; Ainda Atr\u00e1s do P\u00f4r do Sol"},"content":{"rendered":"","protected":false},"excerpt":{"rendered":"<p><iframe width=\"560\" height=\"315\" src=\"https:\/\/www.youtube.com\/embed\/d-OUy-hWKdE\" title=\"YouTube video player\" frameborder=\"0\" allow=\"accelerometer; autoplay; clipboard-write; encrypted-media; gyroscope; picture-in-picture; web-share\" allowfullscreen><\/iframe><\/p>\n<p>O vinil de \u201cAinda Atr\u00e1s do P\u00f4r do Sol\u201d, uma homenagem que o Rabo de Galo fez a Lazzo Matumbi em parceria com Ubunto, j\u00e1 est\u00e1 dispon\u00edvel.<\/p>\n<p>Para quem n\u00e3o sabe, n\u00f3s fomos contemplados pelo edital da Natura Musical em 2018 e juntos com o Ubunto entramos numa jornada de pesquisa, afeto e respeito \u00e0 obra e ao legado de Lazzo Matumbi. Foram quatro anos de trabalho, quatro anos de dedica\u00e7\u00e3o, quatro anos de experi\u00eancia, quatro anos de nossas vidas que hoje chega a voc\u00eas com essa linda arte do Perpettuo e muito amor.<\/p>\n<p>O Rabo de Galo se tornou uma fam\u00edlia ainda mais forte. Ganhamos irm\u00e3s e irm\u00e3os, ganhamos novos parceiros de trabalho, ganhamos momentos \u00fanicos de amor e felicidade seja nos toca-discos ou nos est\u00fadios de grava\u00e7\u00e3o. A vida real n\u00e3o \u00e9 sobre n\u00fameros ou seguidores, \u00e9 sobre os abra\u00e7os que podemos dar e receber.<\/p>\n<p>E este disco que chega hoje \u00e0s ruas \u00e9 um abra\u00e7o que oferecemos a todos voc\u00eas que apreciam a obra de Lazzo Matumbi, que foram parar nas pistas de dan\u00e7a do Rabo de Galo ou do Ubunto e que nos acompanham de alguma forma.<\/p>\n<p>Vale um agradecimento muito especial aqui ao mestre Buguinha Dub, que trouxe peso, brilho e amor em cada processo da mixagem e masteriza\u00e7\u00e3o deste disco. E prepare-se, porque t\u00e1 batendo bonito demais.<\/p>\n<p>Obrigado tamb\u00e9m a todos que participaram deste trabalho e especialmente a Anelis Assump\u00e7\u00e3o, Curumin, Fabriccio, Fran, Josyara, Larissa Luz, Luedji Luna, Nara Couto e Nikima<\/p>\n<p>Ax\u00e9<\/p>\n","protected":false},"featured_media":69260,"template":"","meta":[],"product_brand":[],"product_cat":[107,111,148,97],"product_tag":[],"class_list":{"0":"post-69259","1":"product","2":"type-product","3":"status-publish","4":"has-post-thumbnail","6":"product_cat-garimpo","7":"product_cat-destaque","8":"product_cat-pindorama-discos","9":"product_cat-lp","11":"first","12":"instock","13":"taxable","14":"shipping-taxable","15":"purchasable","16":"product-type-simple"},"yoast_head":"<!-- This site is optimized with the Yoast SEO plugin v27.5 - https:\/\/yoast.com\/product\/yoast-seo-wordpress\/ -->\n<title>Rabo de Galo &amp; Ubunto - Ainda Atr\u00e1s do P\u00f4r do Sol - Vinyl Land Records<\/title>\n<meta name=\"robots\" content=\"index, follow, max-snippet:-1, max-image-preview:large, max-video-preview:-1\" \/>\n<link rel=\"canonical\" href=\"https:\/\/shopbrasil.vinyllandrecords.com\/produto\/rabo-de-galo-ubunto-ainda-atras-do-por-do-sol\/\" \/>\n<meta property=\"og:locale\" content=\"en_US\" \/>\n<meta property=\"og:type\" content=\"article\" \/>\n<meta property=\"og:title\" content=\"Rabo de Galo &amp; Ubunto - Ainda Atr\u00e1s do P\u00f4r do Sol - Vinyl Land Records\" \/>\n<meta property=\"og:description\" content=\"O vinil de \u201cAinda Atr\u00e1s do P\u00f4r do Sol\u201d, uma homenagem que o Rabo de Galo fez a Lazzo Matumbi em parceria com Ubunto, j\u00e1 est\u00e1 dispon\u00edvel.  Para quem n\u00e3o sabe, n\u00f3s fomos contemplados pelo edital da Natura Musical em 2018 e juntos com o Ubunto entramos numa jornada de pesquisa, afeto e respeito \u00e0 obra e ao legado de Lazzo Matumbi. Foram quatro anos de trabalho, quatro anos de dedica\u00e7\u00e3o, quatro anos de experi\u00eancia, quatro anos de nossas vidas que hoje chega a voc\u00eas com essa linda arte do Perpettuo e muito amor.  O Rabo de Galo se tornou uma fam\u00edlia ainda mais forte. Ganhamos irm\u00e3s e irm\u00e3os, ganhamos novos parceiros de trabalho, ganhamos momentos \u00fanicos de amor e felicidade seja nos toca-discos ou nos est\u00fadios de grava\u00e7\u00e3o. A vida real n\u00e3o \u00e9 sobre n\u00fameros ou seguidores, \u00e9 sobre os abra\u00e7os que podemos dar e receber.  E este disco que chega hoje \u00e0s ruas \u00e9 um abra\u00e7o que oferecemos a todos voc\u00eas que apreciam a obra de Lazzo Matumbi, que foram parar nas pistas de dan\u00e7a do Rabo de Galo ou do Ubunto e que nos acompanham de alguma forma.  Vale um agradecimento muito especial aqui ao mestre Buguinha Dub, que trouxe peso, brilho e amor em cada processo da mixagem e masteriza\u00e7\u00e3o deste disco. E prepare-se, porque t\u00e1 batendo bonito demais.  Obrigado tamb\u00e9m a todos que participaram deste trabalho e especialmente a Anelis Assump\u00e7\u00e3o, Curumin, Fabriccio, Fran, Josyara, Larissa Luz, Luedji Luna, Nara Couto e Nikima  Ax\u00e9\" \/>\n<meta property=\"og:url\" content=\"https:\/\/shopbrasil.vinyllandrecords.com\/produto\/rabo-de-galo-ubunto-ainda-atras-do-por-do-sol\/\" \/>\n<meta property=\"og:site_name\" content=\"Vinyl Land Records\" \/>\n<meta property=\"article:modified_time\" content=\"2023-04-26T16:54:06+00:00\" \/>\n<meta property=\"og:image\" content=\"https:\/\/shopbrasil.vinyllandrecords.com\/wp-content\/uploads\/2023\/04\/rabo.jpeg\" \/>\n\t<meta property=\"og:image:width\" content=\"450\" \/>\n\t<meta property=\"og:image:height\" content=\"450\" \/>\n\t<meta property=\"og:image:type\" content=\"image\/jpeg\" \/>\n<meta name=\"twitter:card\" content=\"summary_large_image\" \/>\n<script type=\"application\/ld+json\" class=\"yoast-schema-graph\">{\"@context\":\"https:\\\/\\\/schema.org\",\"@graph\":[{\"@type\":\"WebPage\",\"@id\":\"https:\\\/\\\/shopbrasil.vinyllandrecords.com\\\/produto\\\/rabo-de-galo-ubunto-ainda-atras-do-por-do-sol\\\/\",\"url\":\"https:\\\/\\\/shopbrasil.vinyllandrecords.com\\\/produto\\\/rabo-de-galo-ubunto-ainda-atras-do-por-do-sol\\\/\",\"name\":\"Rabo de Galo & Ubunto - Ainda Atr\u00e1s do P\u00f4r do Sol - Vinyl Land Records\",\"isPartOf\":{\"@id\":\"https:\\\/\\\/shopbrasil.vinyllandrecords.com\\\/#website\"},\"primaryImageOfPage\":{\"@id\":\"https:\\\/\\\/shopbrasil.vinyllandrecords.com\\\/produto\\\/rabo-de-galo-ubunto-ainda-atras-do-por-do-sol\\\/#primaryimage\"},\"image\":{\"@id\":\"https:\\\/\\\/shopbrasil.vinyllandrecords.com\\\/produto\\\/rabo-de-galo-ubunto-ainda-atras-do-por-do-sol\\\/#primaryimage\"},\"thumbnailUrl\":\"https:\\\/\\\/shopbrasil.vinyllandrecords.com\\\/wp-content\\\/uploads\\\/2023\\\/04\\\/rabo.jpeg\",\"datePublished\":\"2023-04-26T16:46:34+00:00\",\"dateModified\":\"2023-04-26T16:54:06+00:00\",\"breadcrumb\":{\"@id\":\"https:\\\/\\\/shopbrasil.vinyllandrecords.com\\\/produto\\\/rabo-de-galo-ubunto-ainda-atras-do-por-do-sol\\\/#breadcrumb\"},\"inLanguage\":\"en-US\",\"potentialAction\":[{\"@type\":\"ReadAction\",\"target\":[\"https:\\\/\\\/shopbrasil.vinyllandrecords.com\\\/produto\\\/rabo-de-galo-ubunto-ainda-atras-do-por-do-sol\\\/\"]}]},{\"@type\":\"ImageObject\",\"inLanguage\":\"en-US\",\"@id\":\"https:\\\/\\\/shopbrasil.vinyllandrecords.com\\\/produto\\\/rabo-de-galo-ubunto-ainda-atras-do-por-do-sol\\\/#primaryimage\",\"url\":\"https:\\\/\\\/shopbrasil.vinyllandrecords.com\\\/wp-content\\\/uploads\\\/2023\\\/04\\\/rabo.jpeg\",\"contentUrl\":\"https:\\\/\\\/shopbrasil.vinyllandrecords.com\\\/wp-content\\\/uploads\\\/2023\\\/04\\\/rabo.jpeg\",\"width\":450,\"height\":450},{\"@type\":\"BreadcrumbList\",\"@id\":\"https:\\\/\\\/shopbrasil.vinyllandrecords.com\\\/produto\\\/rabo-de-galo-ubunto-ainda-atras-do-por-do-sol\\\/#breadcrumb\",\"itemListElement\":[{\"@type\":\"ListItem\",\"position\":1,\"name\":\"In\u00edcio\",\"item\":\"https:\\\/\\\/shopbrasil.vinyllandrecords.com\\\/\"},{\"@type\":\"ListItem\",\"position\":2,\"name\":\"Shops\",\"item\":\"https:\\\/\\\/shopbrasil.vinyllandrecords.com\\\/shops\\\/\"},{\"@type\":\"ListItem\",\"position\":3,\"name\":\"Rabo de Galo &#038; Ubunto &#8211; Ainda Atr\u00e1s do P\u00f4r do Sol\"}]},{\"@type\":\"WebSite\",\"@id\":\"https:\\\/\\\/shopbrasil.vinyllandrecords.com\\\/#website\",\"url\":\"https:\\\/\\\/shopbrasil.vinyllandrecords.com\\\/\",\"name\":\"Vinyl Land Records\",\"description\":\"ONLINE SHOP\",\"potentialAction\":[{\"@type\":\"SearchAction\",\"target\":{\"@type\":\"EntryPoint\",\"urlTemplate\":\"https:\\\/\\\/shopbrasil.vinyllandrecords.com\\\/?s={search_term_string}\"},\"query-input\":{\"@type\":\"PropertyValueSpecification\",\"valueRequired\":true,\"valueName\":\"search_term_string\"}}],\"inLanguage\":\"en-US\"}]}<\/script>\n<!-- \/ Yoast SEO plugin. -->","yoast_head_json":{"title":"Rabo de Galo & Ubunto - Ainda Atr\u00e1s do P\u00f4r do Sol - Vinyl Land Records","robots":{"index":"index","follow":"follow","max-snippet":"max-snippet:-1","max-image-preview":"max-image-preview:large","max-video-preview":"max-video-preview:-1"},"canonical":"https:\/\/shopbrasil.vinyllandrecords.com\/produto\/rabo-de-galo-ubunto-ainda-atras-do-por-do-sol\/","og_locale":"en_US","og_type":"article","og_title":"Rabo de Galo & Ubunto - Ainda Atr\u00e1s do P\u00f4r do Sol - Vinyl Land Records","og_description":"O vinil de \u201cAinda Atr\u00e1s do P\u00f4r do Sol\u201d, uma homenagem que o Rabo de Galo fez a Lazzo Matumbi em parceria com Ubunto, j\u00e1 est\u00e1 dispon\u00edvel.  Para quem n\u00e3o sabe, n\u00f3s fomos contemplados pelo edital da Natura Musical em 2018 e juntos com o Ubunto entramos numa jornada de pesquisa, afeto e respeito \u00e0 obra e ao legado de Lazzo Matumbi. Foram quatro anos de trabalho, quatro anos de dedica\u00e7\u00e3o, quatro anos de experi\u00eancia, quatro anos de nossas vidas que hoje chega a voc\u00eas com essa linda arte do Perpettuo e muito amor.  O Rabo de Galo se tornou uma fam\u00edlia ainda mais forte. Ganhamos irm\u00e3s e irm\u00e3os, ganhamos novos parceiros de trabalho, ganhamos momentos \u00fanicos de amor e felicidade seja nos toca-discos ou nos est\u00fadios de grava\u00e7\u00e3o. A vida real n\u00e3o \u00e9 sobre n\u00fameros ou seguidores, \u00e9 sobre os abra\u00e7os que podemos dar e receber.  E este disco que chega hoje \u00e0s ruas \u00e9 um abra\u00e7o que oferecemos a todos voc\u00eas que apreciam a obra de Lazzo Matumbi, que foram parar nas pistas de dan\u00e7a do Rabo de Galo ou do Ubunto e que nos acompanham de alguma forma.  Vale um agradecimento muito especial aqui ao mestre Buguinha Dub, que trouxe peso, brilho e amor em cada processo da mixagem e masteriza\u00e7\u00e3o deste disco. E prepare-se, porque t\u00e1 batendo bonito demais.  Obrigado tamb\u00e9m a todos que participaram deste trabalho e especialmente a Anelis Assump\u00e7\u00e3o, Curumin, Fabriccio, Fran, Josyara, Larissa Luz, Luedji Luna, Nara Couto e Nikima  Ax\u00e9","og_url":"https:\/\/shopbrasil.vinyllandrecords.com\/produto\/rabo-de-galo-ubunto-ainda-atras-do-por-do-sol\/","og_site_name":"Vinyl Land Records","article_modified_time":"2023-04-26T16:54:06+00:00","og_image":[{"width":450,"height":450,"url":"https:\/\/shopbrasil.vinyllandrecords.com\/wp-content\/uploads\/2023\/04\/rabo.jpeg","type":"image\/jpeg"}],"twitter_card":"summary_large_image","schema":{"@context":"https:\/\/schema.org","@graph":[{"@type":"WebPage","@id":"https:\/\/shopbrasil.vinyllandrecords.com\/produto\/rabo-de-galo-ubunto-ainda-atras-do-por-do-sol\/","url":"https:\/\/shopbrasil.vinyllandrecords.com\/produto\/rabo-de-galo-ubunto-ainda-atras-do-por-do-sol\/","name":"Rabo de Galo & Ubunto - Ainda Atr\u00e1s do P\u00f4r do Sol - Vinyl Land Records","isPartOf":{"@id":"https:\/\/shopbrasil.vinyllandrecords.com\/#website"},"primaryImageOfPage":{"@id":"https:\/\/shopbrasil.vinyllandrecords.com\/produto\/rabo-de-galo-ubunto-ainda-atras-do-por-do-sol\/#primaryimage"},"image":{"@id":"https:\/\/shopbrasil.vinyllandrecords.com\/produto\/rabo-de-galo-ubunto-ainda-atras-do-por-do-sol\/#primaryimage"},"thumbnailUrl":"https:\/\/shopbrasil.vinyllandrecords.com\/wp-content\/uploads\/2023\/04\/rabo.jpeg","datePublished":"2023-04-26T16:46:34+00:00","dateModified":"2023-04-26T16:54:06+00:00","breadcrumb":{"@id":"https:\/\/shopbrasil.vinyllandrecords.com\/produto\/rabo-de-galo-ubunto-ainda-atras-do-por-do-sol\/#breadcrumb"},"inLanguage":"en-US","potentialAction":[{"@type":"ReadAction","target":["https:\/\/shopbrasil.vinyllandrecords.com\/produto\/rabo-de-galo-ubunto-ainda-atras-do-por-do-sol\/"]}]},{"@type":"ImageObject","inLanguage":"en-US","@id":"https:\/\/shopbrasil.vinyllandrecords.com\/produto\/rabo-de-galo-ubunto-ainda-atras-do-por-do-sol\/#primaryimage","url":"https:\/\/shopbrasil.vinyllandrecords.com\/wp-content\/uploads\/2023\/04\/rabo.jpeg","contentUrl":"https:\/\/shopbrasil.vinyllandrecords.com\/wp-content\/uploads\/2023\/04\/rabo.jpeg","width":450,"height":450},{"@type":"BreadcrumbList","@id":"https:\/\/shopbrasil.vinyllandrecords.com\/produto\/rabo-de-galo-ubunto-ainda-atras-do-por-do-sol\/#breadcrumb","itemListElement":[{"@type":"ListItem","position":1,"name":"In\u00edcio","item":"https:\/\/shopbrasil.vinyllandrecords.com\/"},{"@type":"ListItem","position":2,"name":"Shops","item":"https:\/\/shopbrasil.vinyllandrecords.com\/shops\/"},{"@type":"ListItem","position":3,"name":"Rabo de Galo &#038; Ubunto &#8211; Ainda Atr\u00e1s do P\u00f4r do Sol"}]},{"@type":"WebSite","@id":"https:\/\/shopbrasil.vinyllandrecords.com\/#website","url":"https:\/\/shopbrasil.vinyllandrecords.com\/","name":"Vinyl Land Records","description":"ONLINE SHOP","potentialAction":[{"@type":"SearchAction","target":{"@type":"EntryPoint","urlTemplate":"https:\/\/shopbrasil.vinyllandrecords.com\/?s={search_term_string}"},"query-input":{"@type":"PropertyValueSpecification","valueRequired":true,"valueName":"search_term_string"}}],"inLanguage":"en-US"}]}},"_links":{"self":[{"href":"https:\/\/shopbrasil.vinyllandrecords.com\/en\/wp-json\/wp\/v2\/product\/69259","targetHints":{"allow":["GET"]}}],"collection":[{"href":"https:\/\/shopbrasil.vinyllandrecords.com\/en\/wp-json\/wp\/v2\/product"}],"about":[{"href":"https:\/\/shopbrasil.vinyllandrecords.com\/en\/wp-json\/wp\/v2\/types\/product"}],"wp:featuredmedia":[{"embeddable":true,"href":"https:\/\/shopbrasil.vinyllandrecords.com\/en\/wp-json\/wp\/v2\/media\/69260"}],"wp:attachment":[{"href":"https:\/\/shopbrasil.vinyllandrecords.com\/en\/wp-json\/wp\/v2\/media?parent=69259"}],"wp:term":[{"taxonomy":"product_brand","embeddable":true,"href":"https:\/\/shopbrasil.vinyllandrecords.com\/en\/wp-json\/wp\/v2\/product_brand?post=69259"},{"taxonomy":"product_cat","embeddable":true,"href":"https:\/\/shopbrasil.vinyllandrecords.com\/en\/wp-json\/wp\/v2\/product_cat?post=69259"},{"taxonomy":"product_tag","embeddable":true,"href":"https:\/\/shopbrasil.vinyllandrecords.com\/en\/wp-json\/wp\/v2\/product_tag?post=69259"}],"curies":[{"name":"wp","href":"https:\/\/api.w.org\/{rel}","templated":true}]}}