{"id":69265,"date":"2023-04-26T14:09:39","date_gmt":"2023-04-26T17:09:39","guid":{"rendered":"https:\/\/shopbrasil.vinyllandrecords.com\/?post_type=product&#038;p=69265"},"modified":"2025-09-16T16:45:40","modified_gmt":"2025-09-16T19:45:40","slug":"jards-macale-e-joao-donato-sintese-do-lance","status":"publish","type":"product","link":"https:\/\/shopbrasil.vinyllandrecords.com\/en\/produto\/jards-macale-e-joao-donato-sintese-do-lance\/","title":{"rendered":"Jards Macal\u00e9 e Jo\u00e3o Donato &#8211; S\u00edntese do Lance"},"content":{"rendered":"","protected":false},"excerpt":{"rendered":"<p><iframe width=\"560\" height=\"315\" src=\"https:\/\/www.youtube.com\/embed\/41I5pghTxcw\" title=\"YouTube video player\" frameborder=\"0\" allow=\"accelerometer; autoplay; clipboard-write; encrypted-media; gyroscope; picture-in-picture; web-share\" allowfullscreen><\/iframe><\/p>\n<p>Que encontro! O bossanovista acreano Jo\u00e3o Donato e o mestre carioca da MPB p\u00f3s-Tropic\u00e1lia Jards Macal\u00e9 se re\u00fanem pela primeira em \u201cS\u00edntese do Lance\u201d \u2013 o primeiro na ativa j\u00e1 h\u00e1 mais de 50 anos e o outro h\u00e1 mais de quatro d\u00e9cadas. \u201cS\u00edntese\u201d \u00e9 mesmo uma boa palavra para intitular o \u00e1lbum j\u00e1 que ambos s\u00e3o especialistas em fazer muito com pouco, um som repleto de nuances com poucas notas.<\/p>\n<p>O repert\u00f3rio traz composi\u00e7\u00f5es que estes dois totens sagrados compuseram separadamente (sozinhos ou com outros parceiros) e uma parceria: \u201cC\u00f4co T\u00e1xi\u201d \u00e9 a primeira faixa do trabalho, com sabor latino e uma brincadeira na letra com o triciclo muito usado como transporte pelos turistas nas ruas de Havana, Cuba.<\/p>\n<p>As respectivas musas s\u00e3o homenageadas: Donato reverencia sua esposa e companheira h\u00e1 mais de 20 anos, Ivone Bel\u00e9m, em \u201cDona Castanheira\u201d; Macal\u00e9 oferece \u201cO Amor em Paz\u201d, composta junto com Ronaldo Bastos, a Rejane Zilles, sua parceria h\u00e1 mais de 10 anos.<\/p>\n<p>Os arranjos se baseiam na identidade do piano de Donato e no viol\u00e3o de Macal\u00e9, acompanhados de bateria, baixo, trombone e percuss\u00e3o. Tr\u00eas das faixas s\u00e3o instrumentais. A irrever\u00eancia que estampa a capa \u2013 com os dois senhores barrigudos completamente nus, com as partes \u00edntimas escondidas somente por folhas, em foto de Leo Aversa \u2013 marca tamb\u00e9m o repert\u00f3rio, leve e sofisticadamente descontra\u00eddo. Salve!<\/p>\n","protected":false},"featured_media":69266,"template":"","meta":[],"product_brand":[],"product_cat":[107,111,125,126,149,97],"product_tag":[],"class_list":{"0":"post-69265","1":"product","2":"type-product","3":"status-publish","4":"has-post-thumbnail","6":"product_cat-garimpo","7":"product_cat-destaque","8":"product_cat-gatefold-sleeve","9":"product_cat-disco-colorido","10":"product_cat-rocinante-discos","11":"product_cat-lp","13":"first","14":"instock","15":"taxable","16":"shipping-taxable","17":"purchasable","18":"product-type-simple"},"yoast_head":"<!-- This site is optimized with the Yoast SEO plugin v27.3 - https:\/\/yoast.com\/product\/yoast-seo-wordpress\/ -->\n<title>Jards Macal\u00e9 e Jo\u00e3o Donato - S\u00edntese do Lance - Vinyl Land Records<\/title>\n<meta name=\"robots\" content=\"index, follow, max-snippet:-1, max-image-preview:large, max-video-preview:-1\" \/>\n<link rel=\"canonical\" href=\"https:\/\/shopbrasil.vinyllandrecords.com\/produto\/jards-macale-e-joao-donato-sintese-do-lance\/\" \/>\n<meta property=\"og:locale\" content=\"en_US\" \/>\n<meta property=\"og:type\" content=\"article\" \/>\n<meta property=\"og:title\" content=\"Jards Macal\u00e9 e Jo\u00e3o Donato - S\u00edntese do Lance - Vinyl Land Records\" \/>\n<meta property=\"og:description\" content=\"[:pb]  Que encontro! O bossanovista acreano Jo\u00e3o Donato e o mestre carioca da MPB p\u00f3s-Tropic\u00e1lia Jards Macal\u00e9 se re\u00fanem pela primeira em \u201cS\u00edntese do Lance\u201d \u2013 o primeiro na ativa j\u00e1 h\u00e1 mais de 50 anos e o outro h\u00e1 mais de quatro d\u00e9cadas. \u201cS\u00edntese\u201d \u00e9 mesmo uma boa palavra para intitular o \u00e1lbum j\u00e1 que ambos s\u00e3o especialistas em fazer muito com pouco, um som repleto de nuances com poucas notas.  O repert\u00f3rio traz composi\u00e7\u00f5es que estes dois totens sagrados compuseram separadamente (sozinhos ou com outros parceiros) e uma parceria: \u201cC\u00f4co T\u00e1xi\u201d \u00e9 a primeira faixa do trabalho, com sabor latino e uma brincadeira na letra com o triciclo muito usado como transporte pelos turistas nas ruas de Havana, Cuba.  As respectivas musas s\u00e3o homenageadas: Donato reverencia sua esposa e companheira h\u00e1 mais de 20 anos, Ivone Bel\u00e9m, em \u201cDona Castanheira\u201d; Macal\u00e9 oferece \u201cO Amor em Paz\u201d, composta junto com Ronaldo Bastos, a Rejane Zilles, sua parceria h\u00e1 mais de 10 anos.  Os arranjos se baseiam na identidade do piano de Donato e no viol\u00e3o de Macal\u00e9, acompanhados de bateria, baixo, trombone e percuss\u00e3o. Tr\u00eas das faixas s\u00e3o instrumentais. A irrever\u00eancia que estampa a capa \u2013 com os dois senhores barrigudos completamente nus, com as partes \u00edntimas escondidas somente por folhas, em foto de Leo Aversa \u2013 marca tamb\u00e9m o repert\u00f3rio, leve e sofisticadamente descontra\u00eddo. Salve![:en]  Que encontro! O bossanovista acreano Jo\u00e3o Donato e o mestre carioca da MPB p\u00f3s-Tropic\u00e1lia Jards Macal\u00e9 se re\u00fanem pela primeira em \u201cS\u00edntese do Lance\u201d \u2013 o primeiro na ativa j\u00e1 h\u00e1 mais de 50 anos e o outro h\u00e1 mais de quatro d\u00e9cadas. \u201cS\u00edntese\u201d \u00e9 mesmo uma boa palavra para intitular o \u00e1lbum j\u00e1 que ambos s\u00e3o especialistas em fazer muito com pouco, um som repleto de nuances com poucas notas.  O repert\u00f3rio traz composi\u00e7\u00f5es que estes dois totens sagrados compuseram separadamente (sozinhos ou com outros parceiros) e uma parceria: \u201cC\u00f4co T\u00e1xi\u201d \u00e9 a primeira faixa do trabalho, com sabor latino e uma brincadeira na letra com o triciclo muito usado como transporte pelos turistas nas ruas de Havana, Cuba.  As respectivas musas s\u00e3o homenageadas: Donato reverencia sua esposa e companheira h\u00e1 mais de 20 anos, Ivone Bel\u00e9m, em \u201cDona Castanheira\u201d; Macal\u00e9 oferece \u201cO Amor em Paz\u201d, composta junto com Ronaldo Bastos, a Rejane Zilles, sua parceria h\u00e1 mais de 10 anos.  Os arranjos se baseiam na identidade do piano de Donato e no viol\u00e3o de Macal\u00e9, acompanhados de bateria, baixo, trombone e percuss\u00e3o. Tr\u00eas das faixas s\u00e3o instrumentais. A irrever\u00eancia que estampa a capa \u2013 com os dois senhores barrigudos completamente nus, com as partes \u00edntimas escondidas somente por folhas, em foto de Leo Aversa \u2013 marca tamb\u00e9m o repert\u00f3rio, leve e sofisticadamente descontra\u00eddo. Salve![:]\" \/>\n<meta property=\"og:url\" content=\"https:\/\/shopbrasil.vinyllandrecords.com\/produto\/jards-macale-e-joao-donato-sintese-do-lance\/\" \/>\n<meta property=\"og:site_name\" content=\"Vinyl Land Records\" \/>\n<meta property=\"article:modified_time\" content=\"2025-09-16T19:45:40+00:00\" \/>\n<meta property=\"og:image\" content=\"https:\/\/shopbrasil.vinyllandrecords.com\/wp-content\/uploads\/2023\/04\/sintese.jpeg\" \/>\n\t<meta property=\"og:image:width\" content=\"1000\" \/>\n\t<meta property=\"og:image:height\" content=\"1000\" \/>\n\t<meta property=\"og:image:type\" content=\"image\/jpeg\" \/>\n<meta name=\"twitter:card\" content=\"summary_large_image\" \/>\n<meta name=\"twitter:label1\" content=\"Est. reading time\" \/>\n\t<meta name=\"twitter:data1\" content=\"1 minute\" \/>\n<script type=\"application\/ld+json\" class=\"yoast-schema-graph\">{\"@context\":\"https:\\\/\\\/schema.org\",\"@graph\":[{\"@type\":\"WebPage\",\"@id\":\"https:\\\/\\\/shopbrasil.vinyllandrecords.com\\\/produto\\\/jards-macale-e-joao-donato-sintese-do-lance\\\/\",\"url\":\"https:\\\/\\\/shopbrasil.vinyllandrecords.com\\\/produto\\\/jards-macale-e-joao-donato-sintese-do-lance\\\/\",\"name\":\"Jards Macal\u00e9 e Jo\u00e3o Donato - S\u00edntese do Lance - Vinyl Land Records\",\"isPartOf\":{\"@id\":\"https:\\\/\\\/shopbrasil.vinyllandrecords.com\\\/#website\"},\"primaryImageOfPage\":{\"@id\":\"https:\\\/\\\/shopbrasil.vinyllandrecords.com\\\/produto\\\/jards-macale-e-joao-donato-sintese-do-lance\\\/#primaryimage\"},\"image\":{\"@id\":\"https:\\\/\\\/shopbrasil.vinyllandrecords.com\\\/produto\\\/jards-macale-e-joao-donato-sintese-do-lance\\\/#primaryimage\"},\"thumbnailUrl\":\"https:\\\/\\\/shopbrasil.vinyllandrecords.com\\\/wp-content\\\/uploads\\\/2023\\\/04\\\/sintese.jpeg\",\"datePublished\":\"2023-04-26T17:09:39+00:00\",\"dateModified\":\"2025-09-16T19:45:40+00:00\",\"breadcrumb\":{\"@id\":\"https:\\\/\\\/shopbrasil.vinyllandrecords.com\\\/produto\\\/jards-macale-e-joao-donato-sintese-do-lance\\\/#breadcrumb\"},\"inLanguage\":\"en-US\",\"potentialAction\":[{\"@type\":\"ReadAction\",\"target\":[\"https:\\\/\\\/shopbrasil.vinyllandrecords.com\\\/produto\\\/jards-macale-e-joao-donato-sintese-do-lance\\\/\"]}]},{\"@type\":\"ImageObject\",\"inLanguage\":\"en-US\",\"@id\":\"https:\\\/\\\/shopbrasil.vinyllandrecords.com\\\/produto\\\/jards-macale-e-joao-donato-sintese-do-lance\\\/#primaryimage\",\"url\":\"https:\\\/\\\/shopbrasil.vinyllandrecords.com\\\/wp-content\\\/uploads\\\/2023\\\/04\\\/sintese.jpeg\",\"contentUrl\":\"https:\\\/\\\/shopbrasil.vinyllandrecords.com\\\/wp-content\\\/uploads\\\/2023\\\/04\\\/sintese.jpeg\",\"width\":1000,\"height\":1000},{\"@type\":\"BreadcrumbList\",\"@id\":\"https:\\\/\\\/shopbrasil.vinyllandrecords.com\\\/produto\\\/jards-macale-e-joao-donato-sintese-do-lance\\\/#breadcrumb\",\"itemListElement\":[{\"@type\":\"ListItem\",\"position\":1,\"name\":\"In\u00edcio\",\"item\":\"https:\\\/\\\/shopbrasil.vinyllandrecords.com\\\/\"},{\"@type\":\"ListItem\",\"position\":2,\"name\":\"Shops\",\"item\":\"https:\\\/\\\/shopbrasil.vinyllandrecords.com\\\/shops\\\/\"},{\"@type\":\"ListItem\",\"position\":3,\"name\":\"Jards Macal\u00e9 e Jo\u00e3o Donato &#8211; S\u00edntese do Lance\"}]},{\"@type\":\"WebSite\",\"@id\":\"https:\\\/\\\/shopbrasil.vinyllandrecords.com\\\/#website\",\"url\":\"https:\\\/\\\/shopbrasil.vinyllandrecords.com\\\/\",\"name\":\"Vinyl Land Records\",\"description\":\"ONLINE SHOP\",\"potentialAction\":[{\"@type\":\"SearchAction\",\"target\":{\"@type\":\"EntryPoint\",\"urlTemplate\":\"https:\\\/\\\/shopbrasil.vinyllandrecords.com\\\/?s={search_term_string}\"},\"query-input\":{\"@type\":\"PropertyValueSpecification\",\"valueRequired\":true,\"valueName\":\"search_term_string\"}}],\"inLanguage\":\"en-US\"}]}<\/script>\n<!-- \/ Yoast SEO plugin. -->","yoast_head_json":{"title":"Jards Macal\u00e9 e Jo\u00e3o Donato - S\u00edntese do Lance - Vinyl Land Records","robots":{"index":"index","follow":"follow","max-snippet":"max-snippet:-1","max-image-preview":"max-image-preview:large","max-video-preview":"max-video-preview:-1"},"canonical":"https:\/\/shopbrasil.vinyllandrecords.com\/produto\/jards-macale-e-joao-donato-sintese-do-lance\/","og_locale":"en_US","og_type":"article","og_title":"Jards Macal\u00e9 e Jo\u00e3o Donato - S\u00edntese do Lance - Vinyl Land Records","og_description":"[:pb]  Que encontro! O bossanovista acreano Jo\u00e3o Donato e o mestre carioca da MPB p\u00f3s-Tropic\u00e1lia Jards Macal\u00e9 se re\u00fanem pela primeira em \u201cS\u00edntese do Lance\u201d \u2013 o primeiro na ativa j\u00e1 h\u00e1 mais de 50 anos e o outro h\u00e1 mais de quatro d\u00e9cadas. \u201cS\u00edntese\u201d \u00e9 mesmo uma boa palavra para intitular o \u00e1lbum j\u00e1 que ambos s\u00e3o especialistas em fazer muito com pouco, um som repleto de nuances com poucas notas.  O repert\u00f3rio traz composi\u00e7\u00f5es que estes dois totens sagrados compuseram separadamente (sozinhos ou com outros parceiros) e uma parceria: \u201cC\u00f4co T\u00e1xi\u201d \u00e9 a primeira faixa do trabalho, com sabor latino e uma brincadeira na letra com o triciclo muito usado como transporte pelos turistas nas ruas de Havana, Cuba.  As respectivas musas s\u00e3o homenageadas: Donato reverencia sua esposa e companheira h\u00e1 mais de 20 anos, Ivone Bel\u00e9m, em \u201cDona Castanheira\u201d; Macal\u00e9 oferece \u201cO Amor em Paz\u201d, composta junto com Ronaldo Bastos, a Rejane Zilles, sua parceria h\u00e1 mais de 10 anos.  Os arranjos se baseiam na identidade do piano de Donato e no viol\u00e3o de Macal\u00e9, acompanhados de bateria, baixo, trombone e percuss\u00e3o. Tr\u00eas das faixas s\u00e3o instrumentais. A irrever\u00eancia que estampa a capa \u2013 com os dois senhores barrigudos completamente nus, com as partes \u00edntimas escondidas somente por folhas, em foto de Leo Aversa \u2013 marca tamb\u00e9m o repert\u00f3rio, leve e sofisticadamente descontra\u00eddo. Salve![:en]  Que encontro! O bossanovista acreano Jo\u00e3o Donato e o mestre carioca da MPB p\u00f3s-Tropic\u00e1lia Jards Macal\u00e9 se re\u00fanem pela primeira em \u201cS\u00edntese do Lance\u201d \u2013 o primeiro na ativa j\u00e1 h\u00e1 mais de 50 anos e o outro h\u00e1 mais de quatro d\u00e9cadas. \u201cS\u00edntese\u201d \u00e9 mesmo uma boa palavra para intitular o \u00e1lbum j\u00e1 que ambos s\u00e3o especialistas em fazer muito com pouco, um som repleto de nuances com poucas notas.  O repert\u00f3rio traz composi\u00e7\u00f5es que estes dois totens sagrados compuseram separadamente (sozinhos ou com outros parceiros) e uma parceria: \u201cC\u00f4co T\u00e1xi\u201d \u00e9 a primeira faixa do trabalho, com sabor latino e uma brincadeira na letra com o triciclo muito usado como transporte pelos turistas nas ruas de Havana, Cuba.  As respectivas musas s\u00e3o homenageadas: Donato reverencia sua esposa e companheira h\u00e1 mais de 20 anos, Ivone Bel\u00e9m, em \u201cDona Castanheira\u201d; Macal\u00e9 oferece \u201cO Amor em Paz\u201d, composta junto com Ronaldo Bastos, a Rejane Zilles, sua parceria h\u00e1 mais de 10 anos.  Os arranjos se baseiam na identidade do piano de Donato e no viol\u00e3o de Macal\u00e9, acompanhados de bateria, baixo, trombone e percuss\u00e3o. Tr\u00eas das faixas s\u00e3o instrumentais. A irrever\u00eancia que estampa a capa \u2013 com os dois senhores barrigudos completamente nus, com as partes \u00edntimas escondidas somente por folhas, em foto de Leo Aversa \u2013 marca tamb\u00e9m o repert\u00f3rio, leve e sofisticadamente descontra\u00eddo. Salve![:]","og_url":"https:\/\/shopbrasil.vinyllandrecords.com\/produto\/jards-macale-e-joao-donato-sintese-do-lance\/","og_site_name":"Vinyl Land Records","article_modified_time":"2025-09-16T19:45:40+00:00","og_image":[{"width":1000,"height":1000,"url":"https:\/\/shopbrasil.vinyllandrecords.com\/wp-content\/uploads\/2023\/04\/sintese.jpeg","type":"image\/jpeg"}],"twitter_card":"summary_large_image","twitter_misc":{"Est. reading time":"1 minute"},"schema":{"@context":"https:\/\/schema.org","@graph":[{"@type":"WebPage","@id":"https:\/\/shopbrasil.vinyllandrecords.com\/produto\/jards-macale-e-joao-donato-sintese-do-lance\/","url":"https:\/\/shopbrasil.vinyllandrecords.com\/produto\/jards-macale-e-joao-donato-sintese-do-lance\/","name":"Jards Macal\u00e9 e Jo\u00e3o Donato - S\u00edntese do Lance - Vinyl Land Records","isPartOf":{"@id":"https:\/\/shopbrasil.vinyllandrecords.com\/#website"},"primaryImageOfPage":{"@id":"https:\/\/shopbrasil.vinyllandrecords.com\/produto\/jards-macale-e-joao-donato-sintese-do-lance\/#primaryimage"},"image":{"@id":"https:\/\/shopbrasil.vinyllandrecords.com\/produto\/jards-macale-e-joao-donato-sintese-do-lance\/#primaryimage"},"thumbnailUrl":"https:\/\/shopbrasil.vinyllandrecords.com\/wp-content\/uploads\/2023\/04\/sintese.jpeg","datePublished":"2023-04-26T17:09:39+00:00","dateModified":"2025-09-16T19:45:40+00:00","breadcrumb":{"@id":"https:\/\/shopbrasil.vinyllandrecords.com\/produto\/jards-macale-e-joao-donato-sintese-do-lance\/#breadcrumb"},"inLanguage":"en-US","potentialAction":[{"@type":"ReadAction","target":["https:\/\/shopbrasil.vinyllandrecords.com\/produto\/jards-macale-e-joao-donato-sintese-do-lance\/"]}]},{"@type":"ImageObject","inLanguage":"en-US","@id":"https:\/\/shopbrasil.vinyllandrecords.com\/produto\/jards-macale-e-joao-donato-sintese-do-lance\/#primaryimage","url":"https:\/\/shopbrasil.vinyllandrecords.com\/wp-content\/uploads\/2023\/04\/sintese.jpeg","contentUrl":"https:\/\/shopbrasil.vinyllandrecords.com\/wp-content\/uploads\/2023\/04\/sintese.jpeg","width":1000,"height":1000},{"@type":"BreadcrumbList","@id":"https:\/\/shopbrasil.vinyllandrecords.com\/produto\/jards-macale-e-joao-donato-sintese-do-lance\/#breadcrumb","itemListElement":[{"@type":"ListItem","position":1,"name":"In\u00edcio","item":"https:\/\/shopbrasil.vinyllandrecords.com\/"},{"@type":"ListItem","position":2,"name":"Shops","item":"https:\/\/shopbrasil.vinyllandrecords.com\/shops\/"},{"@type":"ListItem","position":3,"name":"Jards Macal\u00e9 e Jo\u00e3o Donato &#8211; S\u00edntese do Lance"}]},{"@type":"WebSite","@id":"https:\/\/shopbrasil.vinyllandrecords.com\/#website","url":"https:\/\/shopbrasil.vinyllandrecords.com\/","name":"Vinyl Land Records","description":"ONLINE SHOP","potentialAction":[{"@type":"SearchAction","target":{"@type":"EntryPoint","urlTemplate":"https:\/\/shopbrasil.vinyllandrecords.com\/?s={search_term_string}"},"query-input":{"@type":"PropertyValueSpecification","valueRequired":true,"valueName":"search_term_string"}}],"inLanguage":"en-US"}]}},"_links":{"self":[{"href":"https:\/\/shopbrasil.vinyllandrecords.com\/en\/wp-json\/wp\/v2\/product\/69265","targetHints":{"allow":["GET"]}}],"collection":[{"href":"https:\/\/shopbrasil.vinyllandrecords.com\/en\/wp-json\/wp\/v2\/product"}],"about":[{"href":"https:\/\/shopbrasil.vinyllandrecords.com\/en\/wp-json\/wp\/v2\/types\/product"}],"wp:featuredmedia":[{"embeddable":true,"href":"https:\/\/shopbrasil.vinyllandrecords.com\/en\/wp-json\/wp\/v2\/media\/69266"}],"wp:attachment":[{"href":"https:\/\/shopbrasil.vinyllandrecords.com\/en\/wp-json\/wp\/v2\/media?parent=69265"}],"wp:term":[{"taxonomy":"product_brand","embeddable":true,"href":"https:\/\/shopbrasil.vinyllandrecords.com\/en\/wp-json\/wp\/v2\/product_brand?post=69265"},{"taxonomy":"product_cat","embeddable":true,"href":"https:\/\/shopbrasil.vinyllandrecords.com\/en\/wp-json\/wp\/v2\/product_cat?post=69265"},{"taxonomy":"product_tag","embeddable":true,"href":"https:\/\/shopbrasil.vinyllandrecords.com\/en\/wp-json\/wp\/v2\/product_tag?post=69265"}],"curies":[{"name":"wp","href":"https:\/\/api.w.org\/{rel}","templated":true}]}}