{"id":69454,"date":"2023-10-02T18:00:38","date_gmt":"2023-10-02T21:00:38","guid":{"rendered":"https:\/\/shopbrasil.vinyllandrecords.com\/?post_type=product&#038;p=69454"},"modified":"2026-03-31T18:55:48","modified_gmt":"2026-03-31T21:55:48","slug":"luisa-e-os-alquimistas-jaguatirica-print","status":"publish","type":"product","link":"https:\/\/shopbrasil.vinyllandrecords.com\/en\/produto\/luisa-e-os-alquimistas-jaguatirica-print\/","title":{"rendered":"Lu\u00edsa e os Alquimistas &#8211; Jaguatirica Print"},"content":{"rendered":"","protected":false},"excerpt":{"rendered":"<p>https:\/\/youtu.be\/Ha5QlLFJVMA?si=peE6Yte-pH_sGSLq<\/p>\n<p>Pela primeira vez em vinil, em comemora\u00e7\u00e3o dos 4 anos do disco e 15 anos de Vinyl Land Records, temos o orgulho de anunciar o aguardado lan\u00e7amento do LP de Lu\u00edsa e os Alquimistas &#8211; Jaguatirica Print.<\/p>\n<p>Prensagem de 500 c\u00f3pias feitas na Rocinante F\u00e1brica de Discos, vinil colorido rosa e embalagem interna impressa. <\/p>\n<p>FICHA T\u00c9CNICA JAGUATIRICA PRINT:<br \/>\nLu\u00edsa e os Alquimistas: Lu\u00edsa Nascim, Gabriel Souto, Pedras, Z\u00e9 Caxang\u00e1, Pedro Regada, Carlos Tupy e Tal Pessoa<br \/>\nDire\u00e7\u00e3o Art\u00edstica e Musical: Lu\u00edsa Nascim<br \/>\nProdu\u00e7\u00e3o Musical e Mixagem: Gabriel Souto e Pedras<br \/>\nParticipa\u00e7\u00f5es: Catarina Dee Jah, Doralyce, Izy Mistura, Jamila, J\u00e9ssica Caitano, Lu\u00ea e Sinta A Liga Crew<br \/>\nM\u00fasicos convidados: L\u00e9o Fasio (Olhos de Tocha),  Rafael Melo (Furtacor), Ma\u00edra Soares (Algoritmos)<br \/>\nMasteriza\u00e7\u00e3o: Luiz Caf\u00e9<br \/>\nEst\u00fadios de Grava\u00e7\u00e3o: Red Bull Station, Cigarra, Suame e Fiaca<br \/>\nT\u00e9cnicos de Grava\u00e7\u00e3o Red Bull Station: Alejandra Luciani, Funai Costa e \u00c9ric Yoshino<br \/>\nSelo: Rizomarte Records<br \/>\nDistribui\u00e7\u00e3o Digital: ONErpm<br \/>\nDire\u00e7\u00e3o de Arte: Thiago Trapo e Mole Enterprise<br \/>\nIdentidade Visual e Material Gr\u00e1fico: Thiago Trapo<br \/>\nFotografias Capa\/Encarte: Rud\u00e1 Melo<br \/>\nStyling: Mole Enterprise<br \/>\nConfec\u00e7\u00e3o de Figurino: Ruth W\u00fcnsch<br \/>\nFotos de Divulga\u00e7\u00e3o: Luana Tayze<br \/>\nAssessoria de Comunica\u00e7\u00e3o: Caf\u00e9 8<br \/>\nGest\u00e3o do Projeto: Erva Doce Produ\u00e7\u00f5es<br \/>\nAssist\u00eancia de Produ\u00e7\u00e3o: BaseB Cultura&#038;Entretenimento e Rizomarte Records<br \/>\nPatroc\u00ednio: Natura Musical <\/p>\n<p>Gravado entre Abril de 2018 e Junho de 2019<\/p>\n<p>Siga Lu\u00edsa e os Alquimistas:<br \/>\nhttps:\/\/www.instagram.com\/luisaeosalq&#8230;<br \/>\nhttps:\/\/www.facebook.com\/luisaeosalqu&#8230;<\/p>\n","protected":false},"featured_media":69457,"template":"","meta":[],"product_brand":[],"product_cat":[108,111,126,97],"product_tag":[],"class_list":{"0":"post-69454","1":"product","2":"type-product","3":"status-publish","4":"has-post-thumbnail","6":"product_cat-lancamentos","7":"product_cat-destaque","8":"product_cat-disco-colorido","9":"product_cat-lp","11":"first","12":"instock","13":"taxable","14":"shipping-taxable","15":"purchasable","16":"product-type-simple"},"yoast_head":"<!-- This site is optimized with the Yoast SEO plugin v27.3 - https:\/\/yoast.com\/product\/yoast-seo-wordpress\/ -->\n<title>Lu\u00edsa e os Alquimistas - Jaguatirica Print - Vinyl Land Records<\/title>\n<meta name=\"robots\" content=\"index, follow, max-snippet:-1, max-image-preview:large, max-video-preview:-1\" \/>\n<link rel=\"canonical\" href=\"https:\/\/shopbrasil.vinyllandrecords.com\/produto\/luisa-e-os-alquimistas-jaguatirica-print\/\" \/>\n<meta property=\"og:locale\" content=\"en_US\" \/>\n<meta property=\"og:type\" content=\"article\" \/>\n<meta property=\"og:title\" content=\"Lu\u00edsa e os Alquimistas - Jaguatirica Print - Vinyl Land Records\" \/>\n<meta property=\"og:description\" content=\"[:pb]https:\/\/youtu.be\/Ha5QlLFJVMA?si=peE6Yte-pH_sGSLq  Pela primeira vez em vinil, em comemora\u00e7\u00e3o dos 4 anos do disco e 15 anos de Vinyl Land Records, temos o orgulho de anunciar o aguardado lan\u00e7amento do LP de Lu\u00edsa e os Alquimistas - Jaguatirica Print.  Prensagem de 500 c\u00f3pias feitas na Rocinante F\u00e1brica de Discos, vinil colorido rosa e embalagem interna impressa.  FICHA T\u00c9CNICA JAGUATIRICA PRINT: Lu\u00edsa e os Alquimistas: Lu\u00edsa Nascim, Gabriel Souto, Pedras, Z\u00e9 Caxang\u00e1, Pedro Regada, Carlos Tupy e Tal Pessoa Dire\u00e7\u00e3o Art\u00edstica e Musical: Lu\u00edsa Nascim Produ\u00e7\u00e3o Musical e Mixagem: Gabriel Souto e Pedras Participa\u00e7\u00f5es: Catarina Dee Jah, Doralyce, Izy Mistura, Jamila, J\u00e9ssica Caitano, Lu\u00ea e Sinta A Liga Crew M\u00fasicos convidados: L\u00e9o Fasio (Olhos de Tocha), Rafael Melo (Furtacor), Ma\u00edra Soares (Algoritmos) Masteriza\u00e7\u00e3o: Luiz Caf\u00e9 Est\u00fadios de Grava\u00e7\u00e3o: Red Bull Station, Cigarra, Suame e Fiaca T\u00e9cnicos de Grava\u00e7\u00e3o Red Bull Station: Alejandra Luciani, Funai Costa e \u00c9ric Yoshino Selo: Rizomarte Records Distribui\u00e7\u00e3o Digital: ONErpm Dire\u00e7\u00e3o de Arte: Thiago Trapo e Mole Enterprise Identidade Visual e Material Gr\u00e1fico: Thiago Trapo Fotografias Capa\/Encarte: Rud\u00e1 Melo Styling: Mole Enterprise Confec\u00e7\u00e3o de Figurino: Ruth W\u00fcnsch Fotos de Divulga\u00e7\u00e3o: Luana Tayze Assessoria de Comunica\u00e7\u00e3o: Caf\u00e9 8 Gest\u00e3o do Projeto: Erva Doce Produ\u00e7\u00f5es Assist\u00eancia de Produ\u00e7\u00e3o: BaseB Cultura&amp;Entretenimento e Rizomarte Records Patroc\u00ednio: Natura Musical  Gravado entre Abril de 2018 e Junho de 2019  Siga Lu\u00edsa e os Alquimistas: https:\/\/www.instagram.com\/luisaeosalq... https:\/\/www.facebook.com\/luisaeosalqu...[:en]https:\/\/youtu.be\/Ha5QlLFJVMA?si=peE6Yte-pH_sGSLq  Pela primeira vez em vinil, em comemora\u00e7\u00e3o dos 4 anos do disco e 15 anos de Vinyl Land Records, temos o orgulho de anunciar o aguardado lan\u00e7amento do LP de Lu\u00edsa e os Alquimistas - Jaguatirica Print.  Prensagem de 500 c\u00f3pias feitas na Rocinante F\u00e1brica de Discos, vinil colorido rosa e embalagem interna impressa.   FICHA T\u00c9CNICA JAGUATIRICA PRINT:  Lu\u00edsa e os Alquimistas: Lu\u00edsa Nascim, Gabriel Souto, Pedras, Z\u00e9 Caxang\u00e1, Pedro Regada, Carlos Tupy e Tal Pessoa Dire\u00e7\u00e3o Art\u00edstica e Musical: Lu\u00edsa Nascim  Produ\u00e7\u00e3o Musical e Mixagem: Gabriel Souto e Pedras Participa\u00e7\u00f5es: Catarina Dee Jah, Doralyce, Izy Mistura, Jamila, J\u00e9ssica Caitano, Lu\u00ea e Sinta A Liga Crew M\u00fasicos convidados: L\u00e9o Fasio (Olhos de Tocha), Rafael Melo (Furtacor), Ma\u00edra Soares (Algoritmos) Masteriza\u00e7\u00e3o: Luiz Caf\u00e9  Est\u00fadios de Grava\u00e7\u00e3o: Red Bull Station, Cigarra, Suame e Fiaca T\u00e9cnicos de Grava\u00e7\u00e3o Red Bull Station: Alejandra Luciani, Funai Costa e \u00c9ric Yoshino Selo: Rizomarte Records  Distribui\u00e7\u00e3o Digital: ONErpm  Dire\u00e7\u00e3o de Arte: Thiago Trapo e Mole Enterprise Identidade Visual e Material Gr\u00e1fico: Thiago Trapo Fotografias Capa\/Encarte: Rud\u00e1 Melo Styling: Mole Enterprise Confec\u00e7\u00e3o de Figurino: Ruth W\u00fcnsch Fotos de Divulga\u00e7\u00e3o: Luana Tayze  Assessoria de Comunica\u00e7\u00e3o: Caf\u00e9 8 Gest\u00e3o do Projeto: Erva Doce Produ\u00e7\u00f5es Assist\u00eancia de Produ\u00e7\u00e3o: BaseB Cultura&amp;Entretenimento e Rizomarte Records Patroc\u00ednio: Natura Musical   Gravado entre Abril de 2018 e Junho de 2019  Siga Lu\u00edsa e os Alquimistas:  https:\/\/www.instagram.com\/luisaeosalq...  https:\/\/www.facebook.com\/luisaeosalqu...  [:]\" \/>\n<meta property=\"og:url\" content=\"https:\/\/shopbrasil.vinyllandrecords.com\/produto\/luisa-e-os-alquimistas-jaguatirica-print\/\" \/>\n<meta property=\"og:site_name\" content=\"Vinyl Land Records\" \/>\n<meta property=\"article:modified_time\" content=\"2026-03-31T21:55:48+00:00\" \/>\n<meta property=\"og:image\" content=\"https:\/\/shopbrasil.vinyllandrecords.com\/wp-content\/uploads\/2023\/09\/capa-LUISA-E-OS-ALQUIMISTAS-C1-Capa-Simples-1LP-Lombada-3mm-copy-copy.jpg\" \/>\n\t<meta property=\"og:image:width\" content=\"1862\" \/>\n\t<meta property=\"og:image:height\" content=\"1829\" \/>\n\t<meta property=\"og:image:type\" content=\"image\/jpeg\" \/>\n<meta name=\"twitter:card\" content=\"summary_large_image\" \/>\n<meta name=\"twitter:label1\" content=\"Est. reading time\" \/>\n\t<meta name=\"twitter:data1\" content=\"1 minute\" \/>\n<script type=\"application\/ld+json\" class=\"yoast-schema-graph\">{\"@context\":\"https:\\\/\\\/schema.org\",\"@graph\":[{\"@type\":\"WebPage\",\"@id\":\"https:\\\/\\\/shopbrasil.vinyllandrecords.com\\\/produto\\\/luisa-e-os-alquimistas-jaguatirica-print\\\/\",\"url\":\"https:\\\/\\\/shopbrasil.vinyllandrecords.com\\\/produto\\\/luisa-e-os-alquimistas-jaguatirica-print\\\/\",\"name\":\"Lu\u00edsa e os Alquimistas - Jaguatirica Print - Vinyl Land Records\",\"isPartOf\":{\"@id\":\"https:\\\/\\\/shopbrasil.vinyllandrecords.com\\\/#website\"},\"primaryImageOfPage\":{\"@id\":\"https:\\\/\\\/shopbrasil.vinyllandrecords.com\\\/produto\\\/luisa-e-os-alquimistas-jaguatirica-print\\\/#primaryimage\"},\"image\":{\"@id\":\"https:\\\/\\\/shopbrasil.vinyllandrecords.com\\\/produto\\\/luisa-e-os-alquimistas-jaguatirica-print\\\/#primaryimage\"},\"thumbnailUrl\":\"https:\\\/\\\/shopbrasil.vinyllandrecords.com\\\/wp-content\\\/uploads\\\/2023\\\/09\\\/capa-LUISA-E-OS-ALQUIMISTAS-C1-Capa-Simples-1LP-Lombada-3mm-copy-copy.jpg\",\"datePublished\":\"2023-10-02T21:00:38+00:00\",\"dateModified\":\"2026-03-31T21:55:48+00:00\",\"breadcrumb\":{\"@id\":\"https:\\\/\\\/shopbrasil.vinyllandrecords.com\\\/produto\\\/luisa-e-os-alquimistas-jaguatirica-print\\\/#breadcrumb\"},\"inLanguage\":\"en-US\",\"potentialAction\":[{\"@type\":\"ReadAction\",\"target\":[\"https:\\\/\\\/shopbrasil.vinyllandrecords.com\\\/produto\\\/luisa-e-os-alquimistas-jaguatirica-print\\\/\"]}]},{\"@type\":\"ImageObject\",\"inLanguage\":\"en-US\",\"@id\":\"https:\\\/\\\/shopbrasil.vinyllandrecords.com\\\/produto\\\/luisa-e-os-alquimistas-jaguatirica-print\\\/#primaryimage\",\"url\":\"https:\\\/\\\/shopbrasil.vinyllandrecords.com\\\/wp-content\\\/uploads\\\/2023\\\/09\\\/capa-LUISA-E-OS-ALQUIMISTAS-C1-Capa-Simples-1LP-Lombada-3mm-copy-copy.jpg\",\"contentUrl\":\"https:\\\/\\\/shopbrasil.vinyllandrecords.com\\\/wp-content\\\/uploads\\\/2023\\\/09\\\/capa-LUISA-E-OS-ALQUIMISTAS-C1-Capa-Simples-1LP-Lombada-3mm-copy-copy.jpg\",\"width\":1862,\"height\":1829},{\"@type\":\"BreadcrumbList\",\"@id\":\"https:\\\/\\\/shopbrasil.vinyllandrecords.com\\\/produto\\\/luisa-e-os-alquimistas-jaguatirica-print\\\/#breadcrumb\",\"itemListElement\":[{\"@type\":\"ListItem\",\"position\":1,\"name\":\"In\u00edcio\",\"item\":\"https:\\\/\\\/shopbrasil.vinyllandrecords.com\\\/\"},{\"@type\":\"ListItem\",\"position\":2,\"name\":\"Shops\",\"item\":\"https:\\\/\\\/shopbrasil.vinyllandrecords.com\\\/shops\\\/\"},{\"@type\":\"ListItem\",\"position\":3,\"name\":\"Lu\u00edsa e os Alquimistas &#8211; Jaguatirica Print\"}]},{\"@type\":\"WebSite\",\"@id\":\"https:\\\/\\\/shopbrasil.vinyllandrecords.com\\\/#website\",\"url\":\"https:\\\/\\\/shopbrasil.vinyllandrecords.com\\\/\",\"name\":\"Vinyl Land Records\",\"description\":\"ONLINE SHOP\",\"potentialAction\":[{\"@type\":\"SearchAction\",\"target\":{\"@type\":\"EntryPoint\",\"urlTemplate\":\"https:\\\/\\\/shopbrasil.vinyllandrecords.com\\\/?s={search_term_string}\"},\"query-input\":{\"@type\":\"PropertyValueSpecification\",\"valueRequired\":true,\"valueName\":\"search_term_string\"}}],\"inLanguage\":\"en-US\"}]}<\/script>\n<!-- \/ Yoast SEO plugin. -->","yoast_head_json":{"title":"Lu\u00edsa e os Alquimistas - Jaguatirica Print - Vinyl Land Records","robots":{"index":"index","follow":"follow","max-snippet":"max-snippet:-1","max-image-preview":"max-image-preview:large","max-video-preview":"max-video-preview:-1"},"canonical":"https:\/\/shopbrasil.vinyllandrecords.com\/produto\/luisa-e-os-alquimistas-jaguatirica-print\/","og_locale":"en_US","og_type":"article","og_title":"Lu\u00edsa e os Alquimistas - Jaguatirica Print - Vinyl Land Records","og_description":"[:pb]https:\/\/youtu.be\/Ha5QlLFJVMA?si=peE6Yte-pH_sGSLq  Pela primeira vez em vinil, em comemora\u00e7\u00e3o dos 4 anos do disco e 15 anos de Vinyl Land Records, temos o orgulho de anunciar o aguardado lan\u00e7amento do LP de Lu\u00edsa e os Alquimistas - Jaguatirica Print.  Prensagem de 500 c\u00f3pias feitas na Rocinante F\u00e1brica de Discos, vinil colorido rosa e embalagem interna impressa.  FICHA T\u00c9CNICA JAGUATIRICA PRINT: Lu\u00edsa e os Alquimistas: Lu\u00edsa Nascim, Gabriel Souto, Pedras, Z\u00e9 Caxang\u00e1, Pedro Regada, Carlos Tupy e Tal Pessoa Dire\u00e7\u00e3o Art\u00edstica e Musical: Lu\u00edsa Nascim Produ\u00e7\u00e3o Musical e Mixagem: Gabriel Souto e Pedras Participa\u00e7\u00f5es: Catarina Dee Jah, Doralyce, Izy Mistura, Jamila, J\u00e9ssica Caitano, Lu\u00ea e Sinta A Liga Crew M\u00fasicos convidados: L\u00e9o Fasio (Olhos de Tocha), Rafael Melo (Furtacor), Ma\u00edra Soares (Algoritmos) Masteriza\u00e7\u00e3o: Luiz Caf\u00e9 Est\u00fadios de Grava\u00e7\u00e3o: Red Bull Station, Cigarra, Suame e Fiaca T\u00e9cnicos de Grava\u00e7\u00e3o Red Bull Station: Alejandra Luciani, Funai Costa e \u00c9ric Yoshino Selo: Rizomarte Records Distribui\u00e7\u00e3o Digital: ONErpm Dire\u00e7\u00e3o de Arte: Thiago Trapo e Mole Enterprise Identidade Visual e Material Gr\u00e1fico: Thiago Trapo Fotografias Capa\/Encarte: Rud\u00e1 Melo Styling: Mole Enterprise Confec\u00e7\u00e3o de Figurino: Ruth W\u00fcnsch Fotos de Divulga\u00e7\u00e3o: Luana Tayze Assessoria de Comunica\u00e7\u00e3o: Caf\u00e9 8 Gest\u00e3o do Projeto: Erva Doce Produ\u00e7\u00f5es Assist\u00eancia de Produ\u00e7\u00e3o: BaseB Cultura&amp;Entretenimento e Rizomarte Records Patroc\u00ednio: Natura Musical  Gravado entre Abril de 2018 e Junho de 2019  Siga Lu\u00edsa e os Alquimistas: https:\/\/www.instagram.com\/luisaeosalq... https:\/\/www.facebook.com\/luisaeosalqu...[:en]https:\/\/youtu.be\/Ha5QlLFJVMA?si=peE6Yte-pH_sGSLq  Pela primeira vez em vinil, em comemora\u00e7\u00e3o dos 4 anos do disco e 15 anos de Vinyl Land Records, temos o orgulho de anunciar o aguardado lan\u00e7amento do LP de Lu\u00edsa e os Alquimistas - Jaguatirica Print.  Prensagem de 500 c\u00f3pias feitas na Rocinante F\u00e1brica de Discos, vinil colorido rosa e embalagem interna impressa.   FICHA T\u00c9CNICA JAGUATIRICA PRINT:  Lu\u00edsa e os Alquimistas: Lu\u00edsa Nascim, Gabriel Souto, Pedras, Z\u00e9 Caxang\u00e1, Pedro Regada, Carlos Tupy e Tal Pessoa Dire\u00e7\u00e3o Art\u00edstica e Musical: Lu\u00edsa Nascim  Produ\u00e7\u00e3o Musical e Mixagem: Gabriel Souto e Pedras Participa\u00e7\u00f5es: Catarina Dee Jah, Doralyce, Izy Mistura, Jamila, J\u00e9ssica Caitano, Lu\u00ea e Sinta A Liga Crew M\u00fasicos convidados: L\u00e9o Fasio (Olhos de Tocha), Rafael Melo (Furtacor), Ma\u00edra Soares (Algoritmos) Masteriza\u00e7\u00e3o: Luiz Caf\u00e9  Est\u00fadios de Grava\u00e7\u00e3o: Red Bull Station, Cigarra, Suame e Fiaca T\u00e9cnicos de Grava\u00e7\u00e3o Red Bull Station: Alejandra Luciani, Funai Costa e \u00c9ric Yoshino Selo: Rizomarte Records  Distribui\u00e7\u00e3o Digital: ONErpm  Dire\u00e7\u00e3o de Arte: Thiago Trapo e Mole Enterprise Identidade Visual e Material Gr\u00e1fico: Thiago Trapo Fotografias Capa\/Encarte: Rud\u00e1 Melo Styling: Mole Enterprise Confec\u00e7\u00e3o de Figurino: Ruth W\u00fcnsch Fotos de Divulga\u00e7\u00e3o: Luana Tayze  Assessoria de Comunica\u00e7\u00e3o: Caf\u00e9 8 Gest\u00e3o do Projeto: Erva Doce Produ\u00e7\u00f5es Assist\u00eancia de Produ\u00e7\u00e3o: BaseB Cultura&Entretenimento e Rizomarte Records Patroc\u00ednio: Natura Musical   Gravado entre Abril de 2018 e Junho de 2019  Siga Lu\u00edsa e os Alquimistas:  https:\/\/www.instagram.com\/luisaeosalq...  https:\/\/www.facebook.com\/luisaeosalqu...  [:]","og_url":"https:\/\/shopbrasil.vinyllandrecords.com\/produto\/luisa-e-os-alquimistas-jaguatirica-print\/","og_site_name":"Vinyl Land Records","article_modified_time":"2026-03-31T21:55:48+00:00","og_image":[{"width":1862,"height":1829,"url":"https:\/\/shopbrasil.vinyllandrecords.com\/wp-content\/uploads\/2023\/09\/capa-LUISA-E-OS-ALQUIMISTAS-C1-Capa-Simples-1LP-Lombada-3mm-copy-copy.jpg","type":"image\/jpeg"}],"twitter_card":"summary_large_image","twitter_misc":{"Est. reading time":"1 minute"},"schema":{"@context":"https:\/\/schema.org","@graph":[{"@type":"WebPage","@id":"https:\/\/shopbrasil.vinyllandrecords.com\/produto\/luisa-e-os-alquimistas-jaguatirica-print\/","url":"https:\/\/shopbrasil.vinyllandrecords.com\/produto\/luisa-e-os-alquimistas-jaguatirica-print\/","name":"Lu\u00edsa e os Alquimistas - Jaguatirica Print - Vinyl Land Records","isPartOf":{"@id":"https:\/\/shopbrasil.vinyllandrecords.com\/#website"},"primaryImageOfPage":{"@id":"https:\/\/shopbrasil.vinyllandrecords.com\/produto\/luisa-e-os-alquimistas-jaguatirica-print\/#primaryimage"},"image":{"@id":"https:\/\/shopbrasil.vinyllandrecords.com\/produto\/luisa-e-os-alquimistas-jaguatirica-print\/#primaryimage"},"thumbnailUrl":"https:\/\/shopbrasil.vinyllandrecords.com\/wp-content\/uploads\/2023\/09\/capa-LUISA-E-OS-ALQUIMISTAS-C1-Capa-Simples-1LP-Lombada-3mm-copy-copy.jpg","datePublished":"2023-10-02T21:00:38+00:00","dateModified":"2026-03-31T21:55:48+00:00","breadcrumb":{"@id":"https:\/\/shopbrasil.vinyllandrecords.com\/produto\/luisa-e-os-alquimistas-jaguatirica-print\/#breadcrumb"},"inLanguage":"en-US","potentialAction":[{"@type":"ReadAction","target":["https:\/\/shopbrasil.vinyllandrecords.com\/produto\/luisa-e-os-alquimistas-jaguatirica-print\/"]}]},{"@type":"ImageObject","inLanguage":"en-US","@id":"https:\/\/shopbrasil.vinyllandrecords.com\/produto\/luisa-e-os-alquimistas-jaguatirica-print\/#primaryimage","url":"https:\/\/shopbrasil.vinyllandrecords.com\/wp-content\/uploads\/2023\/09\/capa-LUISA-E-OS-ALQUIMISTAS-C1-Capa-Simples-1LP-Lombada-3mm-copy-copy.jpg","contentUrl":"https:\/\/shopbrasil.vinyllandrecords.com\/wp-content\/uploads\/2023\/09\/capa-LUISA-E-OS-ALQUIMISTAS-C1-Capa-Simples-1LP-Lombada-3mm-copy-copy.jpg","width":1862,"height":1829},{"@type":"BreadcrumbList","@id":"https:\/\/shopbrasil.vinyllandrecords.com\/produto\/luisa-e-os-alquimistas-jaguatirica-print\/#breadcrumb","itemListElement":[{"@type":"ListItem","position":1,"name":"In\u00edcio","item":"https:\/\/shopbrasil.vinyllandrecords.com\/"},{"@type":"ListItem","position":2,"name":"Shops","item":"https:\/\/shopbrasil.vinyllandrecords.com\/shops\/"},{"@type":"ListItem","position":3,"name":"Lu\u00edsa e os Alquimistas &#8211; Jaguatirica Print"}]},{"@type":"WebSite","@id":"https:\/\/shopbrasil.vinyllandrecords.com\/#website","url":"https:\/\/shopbrasil.vinyllandrecords.com\/","name":"Vinyl Land Records","description":"ONLINE SHOP","potentialAction":[{"@type":"SearchAction","target":{"@type":"EntryPoint","urlTemplate":"https:\/\/shopbrasil.vinyllandrecords.com\/?s={search_term_string}"},"query-input":{"@type":"PropertyValueSpecification","valueRequired":true,"valueName":"search_term_string"}}],"inLanguage":"en-US"}]}},"_links":{"self":[{"href":"https:\/\/shopbrasil.vinyllandrecords.com\/en\/wp-json\/wp\/v2\/product\/69454","targetHints":{"allow":["GET"]}}],"collection":[{"href":"https:\/\/shopbrasil.vinyllandrecords.com\/en\/wp-json\/wp\/v2\/product"}],"about":[{"href":"https:\/\/shopbrasil.vinyllandrecords.com\/en\/wp-json\/wp\/v2\/types\/product"}],"wp:featuredmedia":[{"embeddable":true,"href":"https:\/\/shopbrasil.vinyllandrecords.com\/en\/wp-json\/wp\/v2\/media\/69457"}],"wp:attachment":[{"href":"https:\/\/shopbrasil.vinyllandrecords.com\/en\/wp-json\/wp\/v2\/media?parent=69454"}],"wp:term":[{"taxonomy":"product_brand","embeddable":true,"href":"https:\/\/shopbrasil.vinyllandrecords.com\/en\/wp-json\/wp\/v2\/product_brand?post=69454"},{"taxonomy":"product_cat","embeddable":true,"href":"https:\/\/shopbrasil.vinyllandrecords.com\/en\/wp-json\/wp\/v2\/product_cat?post=69454"},{"taxonomy":"product_tag","embeddable":true,"href":"https:\/\/shopbrasil.vinyllandrecords.com\/en\/wp-json\/wp\/v2\/product_tag?post=69454"}],"curies":[{"name":"wp","href":"https:\/\/api.w.org\/{rel}","templated":true}]}}