{"id":69485,"date":"2023-10-02T11:54:52","date_gmt":"2023-10-02T14:54:52","guid":{"rendered":"https:\/\/shopbrasil.vinyllandrecords.com\/?post_type=product&#038;p=69485"},"modified":"2024-09-28T10:24:14","modified_gmt":"2024-09-28T13:24:14","slug":"maga-bo-o-amor-e-revolucao","status":"publish","type":"product","link":"https:\/\/shopbrasil.vinyllandrecords.com\/en\/produto\/maga-bo-o-amor-e-revolucao\/","title":{"rendered":"(Portugu\u00eas) Maga Bo &#8211; O amor (\u00c9 revolu\u00e7\u00e3o)"},"content":{"rendered":"","protected":false},"excerpt":{"rendered":"<p class=\"qtranxs-available-languages-message qtranxs-available-languages-message-en\">Sorry, this entry is only available in <a href=\"https:\/\/shopbrasil.vinyllandrecords.com\/pb\/wp-json\/wp\/v2\/product\/69485\" class=\"qtranxs-available-language-link qtranxs-available-language-link-pb\" title=\"Portugu\u00eas\">Portugu\u00eas<\/a>.<\/p>\n","protected":false},"featured_media":69487,"template":"","meta":[],"product_brand":[],"product_cat":[107,111,118,151,97],"product_tag":[],"class_list":{"0":"post-69485","1":"product","2":"type-product","3":"status-publish","4":"has-post-thumbnail","6":"product_cat-garimpo","7":"product_cat-destaque","8":"product_cat-importado","9":"product_cat-kaxambu-records","10":"product_cat-lp","12":"first","13":"outofstock","14":"taxable","15":"shipping-taxable","16":"purchasable","17":"product-type-simple"},"yoast_head":"<!-- This site is optimized with the Yoast SEO plugin v27.4 - https:\/\/yoast.com\/product\/yoast-seo-wordpress\/ -->\n<title><\/title>\n<meta name=\"robots\" content=\"index, follow, max-snippet:-1, max-image-preview:large, max-video-preview:-1\" \/>\n<link rel=\"canonical\" href=\"https:\/\/shopbrasil.vinyllandrecords.com\/produto\/maga-bo-o-amor-e-revolucao\/\" \/>\n<meta property=\"og:locale\" content=\"en_US\" \/>\n<meta property=\"og:type\" content=\"article\" \/>\n<meta property=\"og:title\" content=\"[:pb]Maga Bo - O amor (\u00c9 revolu\u00e7\u00e3o)[:] - Vinyl Land Records\" \/>\n<meta property=\"og:description\" content=\"[:pb]Lan\u00e7ado em 27 de maio de 2022  Mestre Antonio Carlos de Xang\u00f4 - vocals on track 1. Ros\u00e2ngela Macedo - vocals on tracks 2 and 5. Russo Passapusso - vocals on track 3. Roberto Barreto - guitarra baiana on tracks 3 and 8. Felipe Cordeiro - guitar on track 7. Teleseen - effects on tracks 7, 8, and 9. Jeru Banto - vocals on track 8. Jota 3 - vocals on track 9. Isaar - vocals on track 10. Dih Neques - percussion on track 1. Alexandre Garniz\u00e9 - percussion tracks 2, 3, and 9. Biano Lima - percussion track 3. Icaro S\u00e1 - percussion on tracks 4 and 8. Mamah Soares - percussion on track 4. Samba de Coco Ra\u00edzes de Arcoverde - percussion on track 7. Moises Xamb\u00e1, Th\u00falio Xamb\u00e1, Nino Xamb\u00e1, Beto Xamb\u00e1 - percussion and vocals - tracks 5 and 10. Gloria de Iemanja da Xamb\u00e1, Gizelda Maria de Xang\u00f4, Celia do Coco (Filha de Seu Manoel do Coco), Negra Dany - vocals on tracks 1, 5, 6, 9 and 10.  Recorded in Rio de Janeiro, Salvador, Olinda, Porto Alegre, Florian\u00f3polis and S\u00e3o Paulo. BNeg\u00e3o gravado por Gabriel Morelo no GWM Studio (RJ). Vinyl mastered and cut by Frank Merit at The Carvery London, digital master by Krishnin at Blissonance, Paris, France. Graphic design by Senegambia. Models - Renata Batista &amp; Luang Senegambia.  \u00c0 mem\u00f3ria de Mestre Antonio Carlos de Xang\u00f4, Guitinho da Xamb\u00e1 e Marcelo Yuka.[:]\" \/>\n<meta property=\"og:url\" content=\"https:\/\/shopbrasil.vinyllandrecords.com\/produto\/maga-bo-o-amor-e-revolucao\/\" \/>\n<meta property=\"og:site_name\" content=\"Vinyl Land Records\" \/>\n<meta property=\"article:modified_time\" content=\"2024-09-28T13:24:14+00:00\" \/>\n<meta property=\"og:image\" content=\"https:\/\/shopbrasil.vinyllandrecords.com\/wp-content\/uploads\/2023\/10\/maga-bo-1.jpg\" \/>\n\t<meta property=\"og:image:width\" content=\"1200\" \/>\n\t<meta property=\"og:image:height\" content=\"1200\" \/>\n\t<meta property=\"og:image:type\" content=\"image\/jpeg\" \/>\n<meta name=\"twitter:card\" content=\"summary_large_image\" \/>\n<script type=\"application\/ld+json\" class=\"yoast-schema-graph\">{\"@context\":\"https:\\\/\\\/schema.org\",\"@graph\":[{\"@type\":\"WebPage\",\"@id\":\"https:\\\/\\\/shopbrasil.vinyllandrecords.com\\\/produto\\\/maga-bo-o-amor-e-revolucao\\\/\",\"url\":\"https:\\\/\\\/shopbrasil.vinyllandrecords.com\\\/produto\\\/maga-bo-o-amor-e-revolucao\\\/\",\"name\":\"[:pb]Maga Bo - O amor (\u00c9 revolu\u00e7\u00e3o)[:] - Vinyl Land Records\",\"isPartOf\":{\"@id\":\"https:\\\/\\\/shopbrasil.vinyllandrecords.com\\\/#website\"},\"primaryImageOfPage\":{\"@id\":\"https:\\\/\\\/shopbrasil.vinyllandrecords.com\\\/produto\\\/maga-bo-o-amor-e-revolucao\\\/#primaryimage\"},\"image\":{\"@id\":\"https:\\\/\\\/shopbrasil.vinyllandrecords.com\\\/produto\\\/maga-bo-o-amor-e-revolucao\\\/#primaryimage\"},\"thumbnailUrl\":\"https:\\\/\\\/shopbrasil.vinyllandrecords.com\\\/wp-content\\\/uploads\\\/2023\\\/10\\\/maga-bo-1.jpg\",\"datePublished\":\"2023-10-02T14:54:52+00:00\",\"dateModified\":\"2024-09-28T13:24:14+00:00\",\"breadcrumb\":{\"@id\":\"https:\\\/\\\/shopbrasil.vinyllandrecords.com\\\/produto\\\/maga-bo-o-amor-e-revolucao\\\/#breadcrumb\"},\"inLanguage\":\"en-US\",\"potentialAction\":[{\"@type\":\"ReadAction\",\"target\":[\"https:\\\/\\\/shopbrasil.vinyllandrecords.com\\\/produto\\\/maga-bo-o-amor-e-revolucao\\\/\"]}]},{\"@type\":\"ImageObject\",\"inLanguage\":\"en-US\",\"@id\":\"https:\\\/\\\/shopbrasil.vinyllandrecords.com\\\/produto\\\/maga-bo-o-amor-e-revolucao\\\/#primaryimage\",\"url\":\"https:\\\/\\\/shopbrasil.vinyllandrecords.com\\\/wp-content\\\/uploads\\\/2023\\\/10\\\/maga-bo-1.jpg\",\"contentUrl\":\"https:\\\/\\\/shopbrasil.vinyllandrecords.com\\\/wp-content\\\/uploads\\\/2023\\\/10\\\/maga-bo-1.jpg\",\"width\":1200,\"height\":1200},{\"@type\":\"BreadcrumbList\",\"@id\":\"https:\\\/\\\/shopbrasil.vinyllandrecords.com\\\/produto\\\/maga-bo-o-amor-e-revolucao\\\/#breadcrumb\",\"itemListElement\":[{\"@type\":\"ListItem\",\"position\":1,\"name\":\"In\u00edcio\",\"item\":\"https:\\\/\\\/shopbrasil.vinyllandrecords.com\\\/\"},{\"@type\":\"ListItem\",\"position\":2,\"name\":\"Shops\",\"item\":\"https:\\\/\\\/shopbrasil.vinyllandrecords.com\\\/shops\\\/\"},{\"@type\":\"ListItem\",\"position\":3,\"name\":\"Maga Bo &#8211; O amor (\u00c9 revolu\u00e7\u00e3o)\"}]},{\"@type\":\"WebSite\",\"@id\":\"https:\\\/\\\/shopbrasil.vinyllandrecords.com\\\/#website\",\"url\":\"https:\\\/\\\/shopbrasil.vinyllandrecords.com\\\/\",\"name\":\"Vinyl Land Records\",\"description\":\"ONLINE SHOP\",\"potentialAction\":[{\"@type\":\"SearchAction\",\"target\":{\"@type\":\"EntryPoint\",\"urlTemplate\":\"https:\\\/\\\/shopbrasil.vinyllandrecords.com\\\/?s={search_term_string}\"},\"query-input\":{\"@type\":\"PropertyValueSpecification\",\"valueRequired\":true,\"valueName\":\"search_term_string\"}}],\"inLanguage\":\"en-US\"}]}<\/script>\n<!-- \/ Yoast SEO plugin. -->","yoast_head_json":{"title":"[:pb]Maga Bo - O amor (\u00c9 revolu\u00e7\u00e3o)[:] - Vinyl Land Records","robots":{"index":"index","follow":"follow","max-snippet":"max-snippet:-1","max-image-preview":"max-image-preview:large","max-video-preview":"max-video-preview:-1"},"canonical":"https:\/\/shopbrasil.vinyllandrecords.com\/produto\/maga-bo-o-amor-e-revolucao\/","og_locale":"en_US","og_type":"article","og_title":"[:pb]Maga Bo - O amor (\u00c9 revolu\u00e7\u00e3o)[:] - Vinyl Land Records","og_description":"[:pb]Lan\u00e7ado em 27 de maio de 2022  Mestre Antonio Carlos de Xang\u00f4 - vocals on track 1. Ros\u00e2ngela Macedo - vocals on tracks 2 and 5. Russo Passapusso - vocals on track 3. Roberto Barreto - guitarra baiana on tracks 3 and 8. Felipe Cordeiro - guitar on track 7. Teleseen - effects on tracks 7, 8, and 9. Jeru Banto - vocals on track 8. Jota 3 - vocals on track 9. Isaar - vocals on track 10. Dih Neques - percussion on track 1. Alexandre Garniz\u00e9 - percussion tracks 2, 3, and 9. Biano Lima - percussion track 3. Icaro S\u00e1 - percussion on tracks 4 and 8. Mamah Soares - percussion on track 4. Samba de Coco Ra\u00edzes de Arcoverde - percussion on track 7. Moises Xamb\u00e1, Th\u00falio Xamb\u00e1, Nino Xamb\u00e1, Beto Xamb\u00e1 - percussion and vocals - tracks 5 and 10. Gloria de Iemanja da Xamb\u00e1, Gizelda Maria de Xang\u00f4, Celia do Coco (Filha de Seu Manoel do Coco), Negra Dany - vocals on tracks 1, 5, 6, 9 and 10.  Recorded in Rio de Janeiro, Salvador, Olinda, Porto Alegre, Florian\u00f3polis and S\u00e3o Paulo. BNeg\u00e3o gravado por Gabriel Morelo no GWM Studio (RJ). Vinyl mastered and cut by Frank Merit at The Carvery London, digital master by Krishnin at Blissonance, Paris, France. Graphic design by Senegambia. Models - Renata Batista &amp; Luang Senegambia.  \u00c0 mem\u00f3ria de Mestre Antonio Carlos de Xang\u00f4, Guitinho da Xamb\u00e1 e Marcelo Yuka.[:]","og_url":"https:\/\/shopbrasil.vinyllandrecords.com\/produto\/maga-bo-o-amor-e-revolucao\/","og_site_name":"Vinyl Land Records","article_modified_time":"2024-09-28T13:24:14+00:00","og_image":[{"width":1200,"height":1200,"url":"https:\/\/shopbrasil.vinyllandrecords.com\/wp-content\/uploads\/2023\/10\/maga-bo-1.jpg","type":"image\/jpeg"}],"twitter_card":"summary_large_image","schema":{"@context":"https:\/\/schema.org","@graph":[{"@type":"WebPage","@id":"https:\/\/shopbrasil.vinyllandrecords.com\/produto\/maga-bo-o-amor-e-revolucao\/","url":"https:\/\/shopbrasil.vinyllandrecords.com\/produto\/maga-bo-o-amor-e-revolucao\/","name":"[:pb]Maga Bo - O amor (\u00c9 revolu\u00e7\u00e3o)[:] - Vinyl Land Records","isPartOf":{"@id":"https:\/\/shopbrasil.vinyllandrecords.com\/#website"},"primaryImageOfPage":{"@id":"https:\/\/shopbrasil.vinyllandrecords.com\/produto\/maga-bo-o-amor-e-revolucao\/#primaryimage"},"image":{"@id":"https:\/\/shopbrasil.vinyllandrecords.com\/produto\/maga-bo-o-amor-e-revolucao\/#primaryimage"},"thumbnailUrl":"https:\/\/shopbrasil.vinyllandrecords.com\/wp-content\/uploads\/2023\/10\/maga-bo-1.jpg","datePublished":"2023-10-02T14:54:52+00:00","dateModified":"2024-09-28T13:24:14+00:00","breadcrumb":{"@id":"https:\/\/shopbrasil.vinyllandrecords.com\/produto\/maga-bo-o-amor-e-revolucao\/#breadcrumb"},"inLanguage":"en-US","potentialAction":[{"@type":"ReadAction","target":["https:\/\/shopbrasil.vinyllandrecords.com\/produto\/maga-bo-o-amor-e-revolucao\/"]}]},{"@type":"ImageObject","inLanguage":"en-US","@id":"https:\/\/shopbrasil.vinyllandrecords.com\/produto\/maga-bo-o-amor-e-revolucao\/#primaryimage","url":"https:\/\/shopbrasil.vinyllandrecords.com\/wp-content\/uploads\/2023\/10\/maga-bo-1.jpg","contentUrl":"https:\/\/shopbrasil.vinyllandrecords.com\/wp-content\/uploads\/2023\/10\/maga-bo-1.jpg","width":1200,"height":1200},{"@type":"BreadcrumbList","@id":"https:\/\/shopbrasil.vinyllandrecords.com\/produto\/maga-bo-o-amor-e-revolucao\/#breadcrumb","itemListElement":[{"@type":"ListItem","position":1,"name":"In\u00edcio","item":"https:\/\/shopbrasil.vinyllandrecords.com\/"},{"@type":"ListItem","position":2,"name":"Shops","item":"https:\/\/shopbrasil.vinyllandrecords.com\/shops\/"},{"@type":"ListItem","position":3,"name":"Maga Bo &#8211; O amor (\u00c9 revolu\u00e7\u00e3o)"}]},{"@type":"WebSite","@id":"https:\/\/shopbrasil.vinyllandrecords.com\/#website","url":"https:\/\/shopbrasil.vinyllandrecords.com\/","name":"Vinyl Land Records","description":"ONLINE SHOP","potentialAction":[{"@type":"SearchAction","target":{"@type":"EntryPoint","urlTemplate":"https:\/\/shopbrasil.vinyllandrecords.com\/?s={search_term_string}"},"query-input":{"@type":"PropertyValueSpecification","valueRequired":true,"valueName":"search_term_string"}}],"inLanguage":"en-US"}]}},"_links":{"self":[{"href":"https:\/\/shopbrasil.vinyllandrecords.com\/en\/wp-json\/wp\/v2\/product\/69485","targetHints":{"allow":["GET"]}}],"collection":[{"href":"https:\/\/shopbrasil.vinyllandrecords.com\/en\/wp-json\/wp\/v2\/product"}],"about":[{"href":"https:\/\/shopbrasil.vinyllandrecords.com\/en\/wp-json\/wp\/v2\/types\/product"}],"wp:featuredmedia":[{"embeddable":true,"href":"https:\/\/shopbrasil.vinyllandrecords.com\/en\/wp-json\/wp\/v2\/media\/69487"}],"wp:attachment":[{"href":"https:\/\/shopbrasil.vinyllandrecords.com\/en\/wp-json\/wp\/v2\/media?parent=69485"}],"wp:term":[{"taxonomy":"product_brand","embeddable":true,"href":"https:\/\/shopbrasil.vinyllandrecords.com\/en\/wp-json\/wp\/v2\/product_brand?post=69485"},{"taxonomy":"product_cat","embeddable":true,"href":"https:\/\/shopbrasil.vinyllandrecords.com\/en\/wp-json\/wp\/v2\/product_cat?post=69485"},{"taxonomy":"product_tag","embeddable":true,"href":"https:\/\/shopbrasil.vinyllandrecords.com\/en\/wp-json\/wp\/v2\/product_tag?post=69485"}],"curies":[{"name":"wp","href":"https:\/\/api.w.org\/{rel}","templated":true}]}}