{"id":69856,"date":"2024-03-20T13:52:30","date_gmt":"2024-03-20T16:52:30","guid":{"rendered":"https:\/\/shopbrasil.vinyllandrecords.com\/?post_type=product&#038;p=69856"},"modified":"2024-03-20T15:12:17","modified_gmt":"2024-03-20T18:12:17","slug":"naroca-meridiana","status":"publish","type":"product","link":"https:\/\/shopbrasil.vinyllandrecords.com\/en\/produto\/naroca-meridiana\/","title":{"rendered":"Naroca &#8211; Meridiana"},"content":{"rendered":"","protected":false},"excerpt":{"rendered":"<p>https:\/\/youtube.com\/playlist?list=OLAK5uy_l-vMXQOcJntz_O4sU2SIvWrVr4tX9zq3s&amp;si=U11skKHinjAU7pe0<\/p>\n<p>Lan\u00e7amento independente, 300 C\u00f3pias &#8211; Disco Roxo<\/p>\n<div class=\"article-top\" data-v-7ddef502=\"\">\n<div class=\"header-container mt-4 px-3 lg:px-0\" data-v-7ddef502=\"\">\n<div class=\"article-header\" data-v-7ddef502=\"\">\n<h1 class=\"titulo\" data-v-7ddef502=\"\">Naroca lan\u00e7a edi\u00e7\u00e3o de &#8216;Meridiana&#8217; em vinil com show gratuito em BH<\/h1>\n<h2 class=\"bigode\" data-v-7ddef502=\"\">Com participa\u00e7\u00f5es de Nath Rodrigues e VJ Homem Gaiola, apresenta\u00e7\u00e3o acontece nesta quinta-feira, no Teatro Sesiminas<\/h2>\n<\/div>\n<\/div>\n<div class=\"wrap-author px-3 mb-7 lg:px-0 lg:mb-16\" data-v-7ddef502=\"\">\n<div class=\"hr_ my-6\" data-v-7ddef502=\"\"><\/div>\n<div class=\"author-share-container\" data-v-7ddef502=\"\">\n<div data-fetch-key=\"data-v-0f72180d:0\" data-v-0f72180d=\"\" data-v-7ddef502=\"\">\n<div class=\"content\" data-v-0f72180d=\"\"><span class=\"by\" data-v-0f72180d=\"\">Por <b data-v-0f72180d=\"\">O Tempo Entretenimento<\/b><\/span> <span class=\"date\" data-v-0f72180d=\"\"><span data-v-0f72180d=\"\">Publicado em <b data-v-0f72180d=\"\">28 de junho de 2023 | 11h38<\/b><\/span> <span data-v-0f72180d=\"\">&#8211; Atualizado em <b data-v-0f72180d=\"\">28 de junho de 2023 | 11h38<\/b><\/span><\/span><\/div>\n<\/div>\n<div class=\"share right-options-enabled\" data-v-146b413f=\"\" data-v-7ddef502=\"\">\n<div class=\"icons\" data-v-146b413f=\"\">\n<div class=\"right-options\" data-v-146b413f=\"\"><\/div>\n<\/div>\n<\/div>\n<\/div>\n<\/div>\n<div class=\"media\" data-v-0fbb0f78=\"\" data-v-7ddef502=\"\">\n<div class=\"media-content\" data-v-0fbb0f78=\"\">\n<div class=\"description\" data-v-0fbb0f78=\"\"><span data-v-0fbb0f78=\"\">A cantora, compositora e DJ Naroca apresenta as ca\u00e7\u00f5es de &#8216;Meridiana&#8217; nesta quinta-feira (29), em BH <\/span><span data-v-0fbb0f78=\"\">\u2014 Foto: Jo\u00e3o Borges\/Divulga\u00e7\u00e3o<\/span><\/div>\n<\/div>\n<\/div>\n<\/div>\n<div class=\"article-body lg:grid lg:grid-cols-12 lg:gap-10\" data-v-7ddef502=\"\">\n<div class=\"wrap-body-artigo col-span-12 lg:col-span-8\" data-v-7ddef502=\"\">\n<div class=\"hide-article\" data-v-7ddef502=\"\">\n<div class=\"controller px-3 lg:px-0 lg:mx-0\" data-v-7ddef502=\"\">\n<div>\n<div id=\"article-content\" class=\"article-content mt-2 lg:mt-5 px-3 lg:px-0\" data-v-7ddef502=\"\">\n<div id=\"text-content\" data-v-7ddef502=\"\">\n<p>O in\u00edcio da carreira de Naroca como cantora e compositora data de outubro de 2021, quando a percussionista, regente de blocos de carnaval e DJ com atua\u00e7\u00e3o na cena de BH h\u00e1 quase 15 anos <a href=\"https:\/\/www.otempo.com.br\/entretenimento\/naroca-fala-sobre-meridiana-raizes-tropicalistas-feminismo-e-liberdade-1.2561933\" target=\"_blank\" rel=\"noopener\">lan\u00e7ou, nas plataformas digitais, o disco \u201cMeridiana\u201d<\/a>, voo livre da artista por diversos g\u00eaneros \u2013 reggae, afrobeat, pop, cultura popular e MPB \u2013 em 11 faixas autorais, cujas influ\u00eancias e tem\u00e1ticas passeiam pela Tropic\u00e1lia e pelo feminismo. Agora, Naroca sobe aos palcos belo-horizontinos para lan\u00e7ar a edi\u00e7\u00e3o do \u00e1lbum em vinil, que inclui o single \u201cTangar\u00e1 Dub\u201d.<\/p>\n<p>Nesta quinta-feira (29), \u00e0s 21h, a cantora se apresenta no Teatro de Bolso do Sesiminas (rua Padre Marinho, 60 \u2013 Santa Efig\u00eania).\u00a0<a href=\"https:\/\/bileto.sympla.com.br\/event\/84159\/d\/201937\/s\/1366592\" target=\"_blank\" rel=\"noopener\">Com entrada gratuita<\/a>, o show conta com participa\u00e7\u00f5es da cantora, compositora e multi-instrumentista Nath Rodrigues, vencedora do pr\u00eamio Fl\u00e1vio Henrique \u2013 BDMG Cultural 2023 de melhor \u00e1lbum de can\u00e7\u00e3o autoral mineira, e do VJ Homem Gaiola, respons\u00e1vel pelas proje\u00e7\u00f5es.<\/p>\n<div class=\"teads-adCall\"><\/div>\n<p>&nbsp;<\/p>\n<p><iframe title=\"YouTube video player\" src=\"https:\/\/www.youtube.com\/embed\/AplnEcZva3w\" width=\"560\" height=\"315\" frameborder=\"0\" allowfullscreen=\"allowfullscreen\" data-mce-fragment=\"1\"><\/iframe><\/p>\n<p>\u201cMeridiana\u201d traz a organicidade do viol\u00e3o, baixo, bateria e percuss\u00e3o somada aos beats, sintetizadores e camadas de texturas eletr\u00f4nicas num ambiente musical neo-tropicalista, abrilhantado pelos m\u00fasicos multi-instrumentistas Thiago Corr\u00eaa e Jo\u00e3o Myhrra, pela percussionista D\u00e9bora Costa e pela baterista Amanda Barbosa. O disco tem participa\u00e7\u00f5es especiais das cantoras e compositoras mineiras Mariana Cavanellas e Jennifer Souza. \u201cA linha-guia de Meridiana \u00e9 a liberdade, um valor importante na minha forma de estar no mundo. Existe uma presen\u00e7a forte da diversidade r\u00edtmica, que \u00e9 algo caro a mim enquanto percussionista\u201d, comenta Naroca.<\/p>\n<p>Sobre o conceito de \u201cMeridiana\u201d, a compositora ressalta: \u201cNa acupuntura, meridiano \u00e9 o canal energ\u00e9tico que liga os \u00f3rg\u00e3os internos aos pontos externos. A palavra tamb\u00e9m \u00e9 usada, na geografia, para definir limites que n\u00e3o s\u00e3o vis\u00edveis entre os hemisf\u00e9rios. Ou seja, limites sem limites. O conceito vem dessas met\u00e1foras, j\u00e1 que o disco liga meu universo interior ao mundo exterior, por meio de uma m\u00fasica sem fronteiras, livre, que conversa e se transforma\u201d.<\/p>\n<\/div>\n<\/div>\n<\/div>\n<\/div>\n<\/div>\n<\/div>\n<\/div>\n","protected":false},"featured_media":69857,"template":"","meta":[],"product_brand":[],"product_cat":[107,111,122,97],"product_tag":[],"class_list":{"0":"post-69856","1":"product","2":"type-product","3":"status-publish","4":"has-post-thumbnail","6":"product_cat-garimpo","7":"product_cat-destaque","8":"product_cat-musica-mineira-em-vinil","9":"product_cat-lp","11":"first","12":"instock","13":"taxable","14":"shipping-taxable","15":"purchasable","16":"product-type-simple"},"yoast_head":"<!-- This site is optimized with the Yoast SEO plugin v27.3 - https:\/\/yoast.com\/product\/yoast-seo-wordpress\/ -->\n<title>Naroca - Meridiana - Vinyl Land Records<\/title>\n<meta name=\"robots\" content=\"index, follow, max-snippet:-1, max-image-preview:large, max-video-preview:-1\" \/>\n<link rel=\"canonical\" href=\"https:\/\/shopbrasil.vinyllandrecords.com\/produto\/naroca-meridiana\/\" \/>\n<meta property=\"og:locale\" content=\"en_US\" \/>\n<meta property=\"og:type\" content=\"article\" \/>\n<meta property=\"og:title\" content=\"Naroca - Meridiana - Vinyl Land Records\" \/>\n<meta property=\"og:description\" content=\"https:\/\/youtube.com\/playlist?list=OLAK5uy_l-vMXQOcJntz_O4sU2SIvWrVr4tX9zq3s&amp;si=U11skKHinjAU7pe0  Lan\u00e7amento independente, 300 C\u00f3pias - Disco Roxo    Naroca lan\u00e7a edi\u00e7\u00e3o de &#039;Meridiana&#039; em vinil com show gratuito em BH Com participa\u00e7\u00f5es de Nath Rodrigues e VJ Homem Gaiola, apresenta\u00e7\u00e3o acontece nesta quinta-feira, no Teatro Sesiminas       Por O Tempo Entretenimento Publicado em 28 de junho de 2023 | 11h38 - Atualizado em 28 de junho de 2023 | 11h38           A cantora, compositora e DJ Naroca apresenta as ca\u00e7\u00f5es de &#039;Meridiana&#039; nesta quinta-feira (29), em BH \u2014 Foto: Jo\u00e3o Borges\/Divulga\u00e7\u00e3o            O in\u00edcio da carreira de Naroca como cantora e compositora data de outubro de 2021, quando a percussionista, regente de blocos de carnaval e DJ com atua\u00e7\u00e3o na cena de BH h\u00e1 quase 15 anos lan\u00e7ou, nas plataformas digitais, o disco \u201cMeridiana\u201d, voo livre da artista por diversos g\u00eaneros \u2013 reggae, afrobeat, pop, cultura popular e MPB \u2013 em 11 faixas autorais, cujas influ\u00eancias e tem\u00e1ticas passeiam pela Tropic\u00e1lia e pelo feminismo. Agora, Naroca sobe aos palcos belo-horizontinos para lan\u00e7ar a edi\u00e7\u00e3o do \u00e1lbum em vinil, que inclui o single \u201cTangar\u00e1 Dub\u201d.  Nesta quinta-feira (29), \u00e0s 21h, a cantora se apresenta no Teatro de Bolso do Sesiminas (rua Padre Marinho, 60 \u2013 Santa Efig\u00eania).\u00a0Com entrada gratuita, o show conta com participa\u00e7\u00f5es da cantora, compositora e multi-instrumentista Nath Rodrigues, vencedora do pr\u00eamio Fl\u00e1vio Henrique \u2013 BDMG Cultural 2023 de melhor \u00e1lbum de can\u00e7\u00e3o autoral mineira, e do VJ Homem Gaiola, respons\u00e1vel pelas proje\u00e7\u00f5es.  &nbsp;    \u201cMeridiana\u201d traz a organicidade do viol\u00e3o, baixo, bateria e percuss\u00e3o somada aos beats, sintetizadores e camadas de texturas eletr\u00f4nicas num ambiente musical neo-tropicalista, abrilhantado pelos m\u00fasicos multi-instrumentistas Thiago Corr\u00eaa e Jo\u00e3o Myhrra, pela percussionista D\u00e9bora Costa e pela baterista Amanda Barbosa. O disco tem participa\u00e7\u00f5es especiais das cantoras e compositoras mineiras Mariana Cavanellas e Jennifer Souza. \u201cA linha-guia de Meridiana \u00e9 a liberdade, um valor importante na minha forma de estar no mundo. Existe uma presen\u00e7a forte da diversidade r\u00edtmica, que \u00e9 algo caro a mim enquanto percussionista\u201d, comenta Naroca.  Sobre o conceito de \u201cMeridiana\u201d, a compositora ressalta: \u201cNa acupuntura, meridiano \u00e9 o canal energ\u00e9tico que liga os \u00f3rg\u00e3os internos aos pontos externos. A palavra tamb\u00e9m \u00e9 usada, na geografia, para definir limites que n\u00e3o s\u00e3o vis\u00edveis entre os hemisf\u00e9rios. Ou seja, limites sem limites. O conceito vem dessas met\u00e1foras, j\u00e1 que o disco liga meu universo interior ao mundo exterior, por meio de uma m\u00fasica sem fronteiras, livre, que conversa e se transforma\u201d.\" \/>\n<meta property=\"og:url\" content=\"https:\/\/shopbrasil.vinyllandrecords.com\/produto\/naroca-meridiana\/\" \/>\n<meta property=\"og:site_name\" content=\"Vinyl Land Records\" \/>\n<meta property=\"article:modified_time\" content=\"2024-03-20T18:12:17+00:00\" \/>\n<meta property=\"og:image\" content=\"https:\/\/shopbrasil.vinyllandrecords.com\/wp-content\/uploads\/2024\/03\/Capa-Naroca-Meridiana.jpeg\" \/>\n\t<meta property=\"og:image:width\" content=\"1600\" \/>\n\t<meta property=\"og:image:height\" content=\"1600\" \/>\n\t<meta property=\"og:image:type\" content=\"image\/jpeg\" \/>\n<meta name=\"twitter:card\" content=\"summary_large_image\" \/>\n<meta name=\"twitter:label1\" content=\"Est. reading time\" \/>\n\t<meta name=\"twitter:data1\" content=\"1 minute\" \/>\n<script type=\"application\/ld+json\" class=\"yoast-schema-graph\">{\"@context\":\"https:\\\/\\\/schema.org\",\"@graph\":[{\"@type\":\"WebPage\",\"@id\":\"https:\\\/\\\/shopbrasil.vinyllandrecords.com\\\/produto\\\/naroca-meridiana\\\/\",\"url\":\"https:\\\/\\\/shopbrasil.vinyllandrecords.com\\\/produto\\\/naroca-meridiana\\\/\",\"name\":\"Naroca - Meridiana - Vinyl Land Records\",\"isPartOf\":{\"@id\":\"https:\\\/\\\/shopbrasil.vinyllandrecords.com\\\/#website\"},\"primaryImageOfPage\":{\"@id\":\"https:\\\/\\\/shopbrasil.vinyllandrecords.com\\\/produto\\\/naroca-meridiana\\\/#primaryimage\"},\"image\":{\"@id\":\"https:\\\/\\\/shopbrasil.vinyllandrecords.com\\\/produto\\\/naroca-meridiana\\\/#primaryimage\"},\"thumbnailUrl\":\"https:\\\/\\\/shopbrasil.vinyllandrecords.com\\\/wp-content\\\/uploads\\\/2024\\\/03\\\/Capa-Naroca-Meridiana.jpeg\",\"datePublished\":\"2024-03-20T16:52:30+00:00\",\"dateModified\":\"2024-03-20T18:12:17+00:00\",\"breadcrumb\":{\"@id\":\"https:\\\/\\\/shopbrasil.vinyllandrecords.com\\\/produto\\\/naroca-meridiana\\\/#breadcrumb\"},\"inLanguage\":\"en-US\",\"potentialAction\":[{\"@type\":\"ReadAction\",\"target\":[\"https:\\\/\\\/shopbrasil.vinyllandrecords.com\\\/produto\\\/naroca-meridiana\\\/\"]}]},{\"@type\":\"ImageObject\",\"inLanguage\":\"en-US\",\"@id\":\"https:\\\/\\\/shopbrasil.vinyllandrecords.com\\\/produto\\\/naroca-meridiana\\\/#primaryimage\",\"url\":\"https:\\\/\\\/shopbrasil.vinyllandrecords.com\\\/wp-content\\\/uploads\\\/2024\\\/03\\\/Capa-Naroca-Meridiana.jpeg\",\"contentUrl\":\"https:\\\/\\\/shopbrasil.vinyllandrecords.com\\\/wp-content\\\/uploads\\\/2024\\\/03\\\/Capa-Naroca-Meridiana.jpeg\",\"width\":1600,\"height\":1600},{\"@type\":\"BreadcrumbList\",\"@id\":\"https:\\\/\\\/shopbrasil.vinyllandrecords.com\\\/produto\\\/naroca-meridiana\\\/#breadcrumb\",\"itemListElement\":[{\"@type\":\"ListItem\",\"position\":1,\"name\":\"In\u00edcio\",\"item\":\"https:\\\/\\\/shopbrasil.vinyllandrecords.com\\\/\"},{\"@type\":\"ListItem\",\"position\":2,\"name\":\"Shops\",\"item\":\"https:\\\/\\\/shopbrasil.vinyllandrecords.com\\\/shops\\\/\"},{\"@type\":\"ListItem\",\"position\":3,\"name\":\"Naroca &#8211; Meridiana\"}]},{\"@type\":\"WebSite\",\"@id\":\"https:\\\/\\\/shopbrasil.vinyllandrecords.com\\\/#website\",\"url\":\"https:\\\/\\\/shopbrasil.vinyllandrecords.com\\\/\",\"name\":\"Vinyl Land Records\",\"description\":\"ONLINE SHOP\",\"potentialAction\":[{\"@type\":\"SearchAction\",\"target\":{\"@type\":\"EntryPoint\",\"urlTemplate\":\"https:\\\/\\\/shopbrasil.vinyllandrecords.com\\\/?s={search_term_string}\"},\"query-input\":{\"@type\":\"PropertyValueSpecification\",\"valueRequired\":true,\"valueName\":\"search_term_string\"}}],\"inLanguage\":\"en-US\"}]}<\/script>\n<!-- \/ Yoast SEO plugin. -->","yoast_head_json":{"title":"Naroca - Meridiana - Vinyl Land Records","robots":{"index":"index","follow":"follow","max-snippet":"max-snippet:-1","max-image-preview":"max-image-preview:large","max-video-preview":"max-video-preview:-1"},"canonical":"https:\/\/shopbrasil.vinyllandrecords.com\/produto\/naroca-meridiana\/","og_locale":"en_US","og_type":"article","og_title":"Naroca - Meridiana - Vinyl Land Records","og_description":"https:\/\/youtube.com\/playlist?list=OLAK5uy_l-vMXQOcJntz_O4sU2SIvWrVr4tX9zq3s&amp;si=U11skKHinjAU7pe0  Lan\u00e7amento independente, 300 C\u00f3pias - Disco Roxo    Naroca lan\u00e7a edi\u00e7\u00e3o de 'Meridiana' em vinil com show gratuito em BH Com participa\u00e7\u00f5es de Nath Rodrigues e VJ Homem Gaiola, apresenta\u00e7\u00e3o acontece nesta quinta-feira, no Teatro Sesiminas       Por O Tempo Entretenimento Publicado em 28 de junho de 2023 | 11h38 - Atualizado em 28 de junho de 2023 | 11h38           A cantora, compositora e DJ Naroca apresenta as ca\u00e7\u00f5es de 'Meridiana' nesta quinta-feira (29), em BH \u2014 Foto: Jo\u00e3o Borges\/Divulga\u00e7\u00e3o            O in\u00edcio da carreira de Naroca como cantora e compositora data de outubro de 2021, quando a percussionista, regente de blocos de carnaval e DJ com atua\u00e7\u00e3o na cena de BH h\u00e1 quase 15 anos lan\u00e7ou, nas plataformas digitais, o disco \u201cMeridiana\u201d, voo livre da artista por diversos g\u00eaneros \u2013 reggae, afrobeat, pop, cultura popular e MPB \u2013 em 11 faixas autorais, cujas influ\u00eancias e tem\u00e1ticas passeiam pela Tropic\u00e1lia e pelo feminismo. Agora, Naroca sobe aos palcos belo-horizontinos para lan\u00e7ar a edi\u00e7\u00e3o do \u00e1lbum em vinil, que inclui o single \u201cTangar\u00e1 Dub\u201d.  Nesta quinta-feira (29), \u00e0s 21h, a cantora se apresenta no Teatro de Bolso do Sesiminas (rua Padre Marinho, 60 \u2013 Santa Efig\u00eania).\u00a0Com entrada gratuita, o show conta com participa\u00e7\u00f5es da cantora, compositora e multi-instrumentista Nath Rodrigues, vencedora do pr\u00eamio Fl\u00e1vio Henrique \u2013 BDMG Cultural 2023 de melhor \u00e1lbum de can\u00e7\u00e3o autoral mineira, e do VJ Homem Gaiola, respons\u00e1vel pelas proje\u00e7\u00f5es.  &nbsp;    \u201cMeridiana\u201d traz a organicidade do viol\u00e3o, baixo, bateria e percuss\u00e3o somada aos beats, sintetizadores e camadas de texturas eletr\u00f4nicas num ambiente musical neo-tropicalista, abrilhantado pelos m\u00fasicos multi-instrumentistas Thiago Corr\u00eaa e Jo\u00e3o Myhrra, pela percussionista D\u00e9bora Costa e pela baterista Amanda Barbosa. O disco tem participa\u00e7\u00f5es especiais das cantoras e compositoras mineiras Mariana Cavanellas e Jennifer Souza. \u201cA linha-guia de Meridiana \u00e9 a liberdade, um valor importante na minha forma de estar no mundo. Existe uma presen\u00e7a forte da diversidade r\u00edtmica, que \u00e9 algo caro a mim enquanto percussionista\u201d, comenta Naroca.  Sobre o conceito de \u201cMeridiana\u201d, a compositora ressalta: \u201cNa acupuntura, meridiano \u00e9 o canal energ\u00e9tico que liga os \u00f3rg\u00e3os internos aos pontos externos. A palavra tamb\u00e9m \u00e9 usada, na geografia, para definir limites que n\u00e3o s\u00e3o vis\u00edveis entre os hemisf\u00e9rios. Ou seja, limites sem limites. O conceito vem dessas met\u00e1foras, j\u00e1 que o disco liga meu universo interior ao mundo exterior, por meio de uma m\u00fasica sem fronteiras, livre, que conversa e se transforma\u201d.","og_url":"https:\/\/shopbrasil.vinyllandrecords.com\/produto\/naroca-meridiana\/","og_site_name":"Vinyl Land Records","article_modified_time":"2024-03-20T18:12:17+00:00","og_image":[{"width":1600,"height":1600,"url":"https:\/\/shopbrasil.vinyllandrecords.com\/wp-content\/uploads\/2024\/03\/Capa-Naroca-Meridiana.jpeg","type":"image\/jpeg"}],"twitter_card":"summary_large_image","twitter_misc":{"Est. reading time":"1 minute"},"schema":{"@context":"https:\/\/schema.org","@graph":[{"@type":"WebPage","@id":"https:\/\/shopbrasil.vinyllandrecords.com\/produto\/naroca-meridiana\/","url":"https:\/\/shopbrasil.vinyllandrecords.com\/produto\/naroca-meridiana\/","name":"Naroca - Meridiana - Vinyl Land Records","isPartOf":{"@id":"https:\/\/shopbrasil.vinyllandrecords.com\/#website"},"primaryImageOfPage":{"@id":"https:\/\/shopbrasil.vinyllandrecords.com\/produto\/naroca-meridiana\/#primaryimage"},"image":{"@id":"https:\/\/shopbrasil.vinyllandrecords.com\/produto\/naroca-meridiana\/#primaryimage"},"thumbnailUrl":"https:\/\/shopbrasil.vinyllandrecords.com\/wp-content\/uploads\/2024\/03\/Capa-Naroca-Meridiana.jpeg","datePublished":"2024-03-20T16:52:30+00:00","dateModified":"2024-03-20T18:12:17+00:00","breadcrumb":{"@id":"https:\/\/shopbrasil.vinyllandrecords.com\/produto\/naroca-meridiana\/#breadcrumb"},"inLanguage":"en-US","potentialAction":[{"@type":"ReadAction","target":["https:\/\/shopbrasil.vinyllandrecords.com\/produto\/naroca-meridiana\/"]}]},{"@type":"ImageObject","inLanguage":"en-US","@id":"https:\/\/shopbrasil.vinyllandrecords.com\/produto\/naroca-meridiana\/#primaryimage","url":"https:\/\/shopbrasil.vinyllandrecords.com\/wp-content\/uploads\/2024\/03\/Capa-Naroca-Meridiana.jpeg","contentUrl":"https:\/\/shopbrasil.vinyllandrecords.com\/wp-content\/uploads\/2024\/03\/Capa-Naroca-Meridiana.jpeg","width":1600,"height":1600},{"@type":"BreadcrumbList","@id":"https:\/\/shopbrasil.vinyllandrecords.com\/produto\/naroca-meridiana\/#breadcrumb","itemListElement":[{"@type":"ListItem","position":1,"name":"In\u00edcio","item":"https:\/\/shopbrasil.vinyllandrecords.com\/"},{"@type":"ListItem","position":2,"name":"Shops","item":"https:\/\/shopbrasil.vinyllandrecords.com\/shops\/"},{"@type":"ListItem","position":3,"name":"Naroca &#8211; Meridiana"}]},{"@type":"WebSite","@id":"https:\/\/shopbrasil.vinyllandrecords.com\/#website","url":"https:\/\/shopbrasil.vinyllandrecords.com\/","name":"Vinyl Land Records","description":"ONLINE SHOP","potentialAction":[{"@type":"SearchAction","target":{"@type":"EntryPoint","urlTemplate":"https:\/\/shopbrasil.vinyllandrecords.com\/?s={search_term_string}"},"query-input":{"@type":"PropertyValueSpecification","valueRequired":true,"valueName":"search_term_string"}}],"inLanguage":"en-US"}]}},"_links":{"self":[{"href":"https:\/\/shopbrasil.vinyllandrecords.com\/en\/wp-json\/wp\/v2\/product\/69856","targetHints":{"allow":["GET"]}}],"collection":[{"href":"https:\/\/shopbrasil.vinyllandrecords.com\/en\/wp-json\/wp\/v2\/product"}],"about":[{"href":"https:\/\/shopbrasil.vinyllandrecords.com\/en\/wp-json\/wp\/v2\/types\/product"}],"wp:featuredmedia":[{"embeddable":true,"href":"https:\/\/shopbrasil.vinyllandrecords.com\/en\/wp-json\/wp\/v2\/media\/69857"}],"wp:attachment":[{"href":"https:\/\/shopbrasil.vinyllandrecords.com\/en\/wp-json\/wp\/v2\/media?parent=69856"}],"wp:term":[{"taxonomy":"product_brand","embeddable":true,"href":"https:\/\/shopbrasil.vinyllandrecords.com\/en\/wp-json\/wp\/v2\/product_brand?post=69856"},{"taxonomy":"product_cat","embeddable":true,"href":"https:\/\/shopbrasil.vinyllandrecords.com\/en\/wp-json\/wp\/v2\/product_cat?post=69856"},{"taxonomy":"product_tag","embeddable":true,"href":"https:\/\/shopbrasil.vinyllandrecords.com\/en\/wp-json\/wp\/v2\/product_tag?post=69856"}],"curies":[{"name":"wp","href":"https:\/\/api.w.org\/{rel}","templated":true}]}}