{"id":69859,"date":"2024-03-20T14:11:59","date_gmt":"2024-03-20T17:11:59","guid":{"rendered":"https:\/\/shopbrasil.vinyllandrecords.com\/?post_type=product&#038;p=69859"},"modified":"2024-03-20T15:12:05","modified_gmt":"2024-03-20T18:12:05","slug":"libertalia","status":"publish","type":"product","link":"https:\/\/shopbrasil.vinyllandrecords.com\/en\/produto\/libertalia\/","title":{"rendered":"Libert\u00e1lia"},"content":{"rendered":"","protected":false},"excerpt":{"rendered":"<p>https:\/\/open.spotify.com\/album\/7EdwDkZeJj62C6AMgDwR1P?si=PZqyzOA7QYC8Y_0IMT8MSw<\/p>\n<p>Lan\u00e7amento independente &#8211; 500 c\u00f3pias Disco Amarelo<\/p>\n<section class=\"bg-gray-extra bg-none\">\n<div class=\"container container-full-width order-header-news\">\n<div class=\"row head-cover\">\n<div class=\"col-sm-10 col-sm-offset-1 head-cover-title\">\n<h1 class=\"txt-serif center-wall mt-0\">Alcova Libertina estreia em disco com &#8220;Libert\u00e1lia &#8211; Volume 1&#8221;<\/h1>\n<p class=\"h4 txt-gray-medium mb-0 center-wall\">Primeiro \u00e1lbum do bloco carnavalesco chega nesta quarta (1\/6) \u00e0s plataformas digitais e tem a participa\u00e7\u00e3o de 64 m\u00fasicos nacionais e estrangeiros<\/p>\n<\/div>\n<\/div>\n<p><span class=\"h6 author-name mb-xs-24 name\">Mariana Peixoto<\/span><\/p>\n<\/div>\n<\/section>\n<section>\n<div class=\"container container-full-width mt-20 mb-20\">\n<div class=\"row\">\n<div id=\"esquerda_8_12_1\" class=\"col-sm-10 col-sm-offset-1 col-md-6 mb-35 js-tools-fixed-parent\">\n<div class=\"article-content tbl-forkorts-article tbl-forkorts-article-active\">\n<article class=\"text-box\">\n<div class=\"row\">\n<div class=\"col-xs-12 col-sm-6\"><small class=\"js-columnist d-block txt-gray-medium ml-30 pl-20 ml-xs-0 mt-xs-30 mb-xs-20 pl-xs-0 text-xs-center\"><strong class=\"txt-gray-base\">01\/06\/2022 04:00 <\/strong>&#8211; atualizado 01\/06\/2022 09:44<\/small><\/div>\n<div><\/div>\n<\/div>\n<div id=\"rs_read_this2\" class=\"txt-serif js-article-box article-box mt-15 article-box-capitalize p402_premium\">\n<div>Para uma boa parte do p\u00fablico belo-horizontino, Alcova Libertina \u00e9 um bloco de carnaval, dos maiores da cidade. Mas o projeto \u00e9 bem anterior ao renascimento da folia mineira, que se deu a partir de 2010. Foi em 2000 que um grupo de amigos \u2013 m\u00fasicos, poetas, artistas pl\u00e1sticos \u2013 criou um personagem fict\u00edcio, Miguel Capobianco-Livorno, o \u201cautor\u201d do livro \u201cExemplar dispon\u00edvel ao roubo\u201d, uma colet\u00e2nea de poesias produzidas em conjunto.<\/div>\n<div><\/div>\n<div>Os anos se passaram e veio o ateli\u00ea Alcova Libertina, que desembocou no bloco e em outras iniciativas culturais. \u201cLibert\u00e1lia: Volume 1\u201d, com lan\u00e7amento nesta quarta (1\/6) nas plataformas digitais, \u00e9 o resultado de duas d\u00e9cadas de colabora\u00e7\u00e3o entre Bruno Leal Medeiros, Fernando Goulart, Humberto Mundim, Igor Marques, Marcos Braccini, Marcos Sarieddine, Rafael Fares e Thiakov.<\/div>\n<div><\/div>\n<div>Como a coletividade est\u00e1 na g\u00eanese do projeto, aos oito compositores de \u201cLibert\u00e1lia\u201d se juntaram 64 pessoas, entre m\u00fasicos de Minas, de outras partes do Brasil, de Portugal e da Col\u00f4mbia. Foram gravadas 16 can\u00e7\u00f5es \u2013 oito est\u00e3o sendo lan\u00e7adas hoje e a outra metade, que comp\u00f5e o \u201cVolume 2\u201d, vai sair no pr\u00f3ximo dia 5 de outubro.<\/div>\n<\/div>\n<\/article>\n<\/div>\n<\/div>\n<\/div>\n<\/div>\n<\/section>\n","protected":false},"featured_media":69860,"template":"","meta":[],"product_brand":[],"product_cat":[107,111,122,97],"product_tag":[],"class_list":{"0":"post-69859","1":"product","2":"type-product","3":"status-publish","4":"has-post-thumbnail","6":"product_cat-garimpo","7":"product_cat-destaque","8":"product_cat-musica-mineira-em-vinil","9":"product_cat-lp","11":"first","12":"instock","13":"taxable","14":"shipping-taxable","15":"purchasable","16":"product-type-simple"},"yoast_head":"<!-- This site is optimized with the Yoast SEO plugin v27.3 - https:\/\/yoast.com\/product\/yoast-seo-wordpress\/ -->\n<title>Libert\u00e1lia - Vinyl Land Records<\/title>\n<meta name=\"robots\" content=\"index, follow, max-snippet:-1, max-image-preview:large, max-video-preview:-1\" \/>\n<link rel=\"canonical\" href=\"https:\/\/shopbrasil.vinyllandrecords.com\/produto\/libertalia\/\" \/>\n<meta property=\"og:locale\" content=\"en_US\" \/>\n<meta property=\"og:type\" content=\"article\" \/>\n<meta property=\"og:title\" content=\"Libert\u00e1lia - Vinyl Land Records\" \/>\n<meta property=\"og:description\" content=\"[:pb]https:\/\/open.spotify.com\/album\/7EdwDkZeJj62C6AMgDwR1P?si=PZqyzOA7QYC8Y_0IMT8MSw  Lan\u00e7amento independente - 500 c\u00f3pias Disco Amarelo      Alcova Libertina estreia em disco com &quot;Libert\u00e1lia - Volume 1&quot; Primeiro \u00e1lbum do bloco carnavalesco chega nesta quarta (1\/6) \u00e0s plataformas digitais e tem a participa\u00e7\u00e3o de 64 m\u00fasicos nacionais e estrangeiros    Mariana Peixoto         01\/06\/2022 04:00 - atualizado 01\/06\/2022 09:44    Para uma boa parte do p\u00fablico belo-horizontino, Alcova Libertina \u00e9 um bloco de carnaval, dos maiores da cidade. Mas o projeto \u00e9 bem anterior ao renascimento da folia mineira, que se deu a partir de 2010. Foi em 2000 que um grupo de amigos \u2013 m\u00fasicos, poetas, artistas pl\u00e1sticos \u2013 criou um personagem fict\u00edcio, Miguel Capobianco-Livorno, o \u201cautor\u201d do livro \u201cExemplar dispon\u00edvel ao roubo\u201d, uma colet\u00e2nea de poesias produzidas em conjunto.  Os anos se passaram e veio o ateli\u00ea Alcova Libertina, que desembocou no bloco e em outras iniciativas culturais. \u201cLibert\u00e1lia: Volume 1\u201d, com lan\u00e7amento nesta quarta (1\/6) nas plataformas digitais, \u00e9 o resultado de duas d\u00e9cadas de colabora\u00e7\u00e3o entre Bruno Leal Medeiros, Fernando Goulart, Humberto Mundim, Igor Marques, Marcos Braccini, Marcos Sarieddine, Rafael Fares e Thiakov.  Como a coletividade est\u00e1 na g\u00eanese do projeto, aos oito compositores de \u201cLibert\u00e1lia\u201d se juntaram 64 pessoas, entre m\u00fasicos de Minas, de outras partes do Brasil, de Portugal e da Col\u00f4mbia. Foram gravadas 16 can\u00e7\u00f5es \u2013 oito est\u00e3o sendo lan\u00e7adas hoje e a outra metade, que comp\u00f5e o \u201cVolume 2\u201d, vai sair no pr\u00f3ximo dia 5 de outubro.      [:en]https:\/\/open.spotify.com\/album\/7EdwDkZeJj62C6AMgDwR1P?si=PZqyzOA7QYC8Y_0IMT8MSw  Lan\u00e7amento independente - 500 c\u00f3pias Disco Amarelo      Alcova Libertina estreia em disco com &quot;Libert\u00e1lia - Volume 1&quot; Primeiro \u00e1lbum do bloco carnavalesco chega nesta quarta (1\/6) \u00e0s plataformas digitais e tem a participa\u00e7\u00e3o de 64 m\u00fasicos nacionais e estrangeiros    Mariana Peixoto         01\/06\/2022 04:00 - atualizado 01\/06\/2022 09:44    Para uma boa parte do p\u00fablico belo-horizontino, Alcova Libertina \u00e9 um bloco de carnaval, dos maiores da cidade. Mas o projeto \u00e9 bem anterior ao renascimento da folia mineira, que se deu a partir de 2010. Foi em 2000 que um grupo de amigos \u2013 m\u00fasicos, poetas, artistas pl\u00e1sticos \u2013 criou um personagem fict\u00edcio, Miguel Capobianco-Livorno, o \u201cautor\u201d do livro \u201cExemplar dispon\u00edvel ao roubo\u201d, uma colet\u00e2nea de poesias produzidas em conjunto.  Os anos se passaram e veio o ateli\u00ea Alcova Libertina, que desembocou no bloco e em outras iniciativas culturais. \u201cLibert\u00e1lia: Volume 1\u201d, com lan\u00e7amento nesta quarta (1\/6) nas plataformas digitais, \u00e9 o resultado de duas d\u00e9cadas de colabora\u00e7\u00e3o entre Bruno Leal Medeiros, Fernando Goulart, Humberto Mundim, Igor Marques, Marcos Braccini, Marcos Sarieddine, Rafael Fares e Thiakov.  Como a coletividade est\u00e1 na g\u00eanese do projeto, aos oito compositores de \u201cLibert\u00e1lia\u201d se juntaram 64 pessoas, entre m\u00fasicos de Minas, de outras partes do Brasil, de Portugal e da Col\u00f4mbia. Foram gravadas 16 can\u00e7\u00f5es \u2013 oito est\u00e3o sendo lan\u00e7adas hoje e a outra metade, que comp\u00f5e o \u201cVolume 2\u201d, vai sair no pr\u00f3ximo dia 5 de outubro.      [:]\" \/>\n<meta property=\"og:url\" content=\"https:\/\/shopbrasil.vinyllandrecords.com\/produto\/libertalia\/\" \/>\n<meta property=\"og:site_name\" content=\"Vinyl Land Records\" \/>\n<meta property=\"article:modified_time\" content=\"2024-03-20T18:12:05+00:00\" \/>\n<meta property=\"og:image\" content=\"https:\/\/shopbrasil.vinyllandrecords.com\/wp-content\/uploads\/2024\/03\/libetalia.jpeg\" \/>\n\t<meta property=\"og:image:width\" content=\"2048\" \/>\n\t<meta property=\"og:image:height\" content=\"2048\" \/>\n\t<meta property=\"og:image:type\" content=\"image\/jpeg\" \/>\n<meta name=\"twitter:card\" content=\"summary_large_image\" \/>\n<meta name=\"twitter:label1\" content=\"Est. reading time\" \/>\n\t<meta name=\"twitter:data1\" content=\"1 minute\" \/>\n<script type=\"application\/ld+json\" class=\"yoast-schema-graph\">{\"@context\":\"https:\\\/\\\/schema.org\",\"@graph\":[{\"@type\":\"WebPage\",\"@id\":\"https:\\\/\\\/shopbrasil.vinyllandrecords.com\\\/produto\\\/libertalia\\\/\",\"url\":\"https:\\\/\\\/shopbrasil.vinyllandrecords.com\\\/produto\\\/libertalia\\\/\",\"name\":\"Libert\u00e1lia - Vinyl Land Records\",\"isPartOf\":{\"@id\":\"https:\\\/\\\/shopbrasil.vinyllandrecords.com\\\/#website\"},\"primaryImageOfPage\":{\"@id\":\"https:\\\/\\\/shopbrasil.vinyllandrecords.com\\\/produto\\\/libertalia\\\/#primaryimage\"},\"image\":{\"@id\":\"https:\\\/\\\/shopbrasil.vinyllandrecords.com\\\/produto\\\/libertalia\\\/#primaryimage\"},\"thumbnailUrl\":\"https:\\\/\\\/shopbrasil.vinyllandrecords.com\\\/wp-content\\\/uploads\\\/2024\\\/03\\\/libetalia.jpeg\",\"datePublished\":\"2024-03-20T17:11:59+00:00\",\"dateModified\":\"2024-03-20T18:12:05+00:00\",\"breadcrumb\":{\"@id\":\"https:\\\/\\\/shopbrasil.vinyllandrecords.com\\\/produto\\\/libertalia\\\/#breadcrumb\"},\"inLanguage\":\"en-US\",\"potentialAction\":[{\"@type\":\"ReadAction\",\"target\":[\"https:\\\/\\\/shopbrasil.vinyllandrecords.com\\\/produto\\\/libertalia\\\/\"]}]},{\"@type\":\"ImageObject\",\"inLanguage\":\"en-US\",\"@id\":\"https:\\\/\\\/shopbrasil.vinyllandrecords.com\\\/produto\\\/libertalia\\\/#primaryimage\",\"url\":\"https:\\\/\\\/shopbrasil.vinyllandrecords.com\\\/wp-content\\\/uploads\\\/2024\\\/03\\\/libetalia.jpeg\",\"contentUrl\":\"https:\\\/\\\/shopbrasil.vinyllandrecords.com\\\/wp-content\\\/uploads\\\/2024\\\/03\\\/libetalia.jpeg\",\"width\":2048,\"height\":2048},{\"@type\":\"BreadcrumbList\",\"@id\":\"https:\\\/\\\/shopbrasil.vinyllandrecords.com\\\/produto\\\/libertalia\\\/#breadcrumb\",\"itemListElement\":[{\"@type\":\"ListItem\",\"position\":1,\"name\":\"In\u00edcio\",\"item\":\"https:\\\/\\\/shopbrasil.vinyllandrecords.com\\\/\"},{\"@type\":\"ListItem\",\"position\":2,\"name\":\"Shops\",\"item\":\"https:\\\/\\\/shopbrasil.vinyllandrecords.com\\\/shops\\\/\"},{\"@type\":\"ListItem\",\"position\":3,\"name\":\"Libert\u00e1lia\"}]},{\"@type\":\"WebSite\",\"@id\":\"https:\\\/\\\/shopbrasil.vinyllandrecords.com\\\/#website\",\"url\":\"https:\\\/\\\/shopbrasil.vinyllandrecords.com\\\/\",\"name\":\"Vinyl Land Records\",\"description\":\"ONLINE SHOP\",\"potentialAction\":[{\"@type\":\"SearchAction\",\"target\":{\"@type\":\"EntryPoint\",\"urlTemplate\":\"https:\\\/\\\/shopbrasil.vinyllandrecords.com\\\/?s={search_term_string}\"},\"query-input\":{\"@type\":\"PropertyValueSpecification\",\"valueRequired\":true,\"valueName\":\"search_term_string\"}}],\"inLanguage\":\"en-US\"}]}<\/script>\n<!-- \/ Yoast SEO plugin. -->","yoast_head_json":{"title":"Libert\u00e1lia - Vinyl Land Records","robots":{"index":"index","follow":"follow","max-snippet":"max-snippet:-1","max-image-preview":"max-image-preview:large","max-video-preview":"max-video-preview:-1"},"canonical":"https:\/\/shopbrasil.vinyllandrecords.com\/produto\/libertalia\/","og_locale":"en_US","og_type":"article","og_title":"Libert\u00e1lia - Vinyl Land Records","og_description":"[:pb]https:\/\/open.spotify.com\/album\/7EdwDkZeJj62C6AMgDwR1P?si=PZqyzOA7QYC8Y_0IMT8MSw  Lan\u00e7amento independente - 500 c\u00f3pias Disco Amarelo      Alcova Libertina estreia em disco com \"Libert\u00e1lia - Volume 1\" Primeiro \u00e1lbum do bloco carnavalesco chega nesta quarta (1\/6) \u00e0s plataformas digitais e tem a participa\u00e7\u00e3o de 64 m\u00fasicos nacionais e estrangeiros    Mariana Peixoto         01\/06\/2022 04:00 - atualizado 01\/06\/2022 09:44    Para uma boa parte do p\u00fablico belo-horizontino, Alcova Libertina \u00e9 um bloco de carnaval, dos maiores da cidade. Mas o projeto \u00e9 bem anterior ao renascimento da folia mineira, que se deu a partir de 2010. Foi em 2000 que um grupo de amigos \u2013 m\u00fasicos, poetas, artistas pl\u00e1sticos \u2013 criou um personagem fict\u00edcio, Miguel Capobianco-Livorno, o \u201cautor\u201d do livro \u201cExemplar dispon\u00edvel ao roubo\u201d, uma colet\u00e2nea de poesias produzidas em conjunto.  Os anos se passaram e veio o ateli\u00ea Alcova Libertina, que desembocou no bloco e em outras iniciativas culturais. \u201cLibert\u00e1lia: Volume 1\u201d, com lan\u00e7amento nesta quarta (1\/6) nas plataformas digitais, \u00e9 o resultado de duas d\u00e9cadas de colabora\u00e7\u00e3o entre Bruno Leal Medeiros, Fernando Goulart, Humberto Mundim, Igor Marques, Marcos Braccini, Marcos Sarieddine, Rafael Fares e Thiakov.  Como a coletividade est\u00e1 na g\u00eanese do projeto, aos oito compositores de \u201cLibert\u00e1lia\u201d se juntaram 64 pessoas, entre m\u00fasicos de Minas, de outras partes do Brasil, de Portugal e da Col\u00f4mbia. Foram gravadas 16 can\u00e7\u00f5es \u2013 oito est\u00e3o sendo lan\u00e7adas hoje e a outra metade, que comp\u00f5e o \u201cVolume 2\u201d, vai sair no pr\u00f3ximo dia 5 de outubro.      [:en]https:\/\/open.spotify.com\/album\/7EdwDkZeJj62C6AMgDwR1P?si=PZqyzOA7QYC8Y_0IMT8MSw  Lan\u00e7amento independente - 500 c\u00f3pias Disco Amarelo      Alcova Libertina estreia em disco com \"Libert\u00e1lia - Volume 1\" Primeiro \u00e1lbum do bloco carnavalesco chega nesta quarta (1\/6) \u00e0s plataformas digitais e tem a participa\u00e7\u00e3o de 64 m\u00fasicos nacionais e estrangeiros    Mariana Peixoto         01\/06\/2022 04:00 - atualizado 01\/06\/2022 09:44    Para uma boa parte do p\u00fablico belo-horizontino, Alcova Libertina \u00e9 um bloco de carnaval, dos maiores da cidade. Mas o projeto \u00e9 bem anterior ao renascimento da folia mineira, que se deu a partir de 2010. Foi em 2000 que um grupo de amigos \u2013 m\u00fasicos, poetas, artistas pl\u00e1sticos \u2013 criou um personagem fict\u00edcio, Miguel Capobianco-Livorno, o \u201cautor\u201d do livro \u201cExemplar dispon\u00edvel ao roubo\u201d, uma colet\u00e2nea de poesias produzidas em conjunto.  Os anos se passaram e veio o ateli\u00ea Alcova Libertina, que desembocou no bloco e em outras iniciativas culturais. \u201cLibert\u00e1lia: Volume 1\u201d, com lan\u00e7amento nesta quarta (1\/6) nas plataformas digitais, \u00e9 o resultado de duas d\u00e9cadas de colabora\u00e7\u00e3o entre Bruno Leal Medeiros, Fernando Goulart, Humberto Mundim, Igor Marques, Marcos Braccini, Marcos Sarieddine, Rafael Fares e Thiakov.  Como a coletividade est\u00e1 na g\u00eanese do projeto, aos oito compositores de \u201cLibert\u00e1lia\u201d se juntaram 64 pessoas, entre m\u00fasicos de Minas, de outras partes do Brasil, de Portugal e da Col\u00f4mbia. Foram gravadas 16 can\u00e7\u00f5es \u2013 oito est\u00e3o sendo lan\u00e7adas hoje e a outra metade, que comp\u00f5e o \u201cVolume 2\u201d, vai sair no pr\u00f3ximo dia 5 de outubro.      [:]","og_url":"https:\/\/shopbrasil.vinyllandrecords.com\/produto\/libertalia\/","og_site_name":"Vinyl Land Records","article_modified_time":"2024-03-20T18:12:05+00:00","og_image":[{"width":2048,"height":2048,"url":"https:\/\/shopbrasil.vinyllandrecords.com\/wp-content\/uploads\/2024\/03\/libetalia.jpeg","type":"image\/jpeg"}],"twitter_card":"summary_large_image","twitter_misc":{"Est. reading time":"1 minute"},"schema":{"@context":"https:\/\/schema.org","@graph":[{"@type":"WebPage","@id":"https:\/\/shopbrasil.vinyllandrecords.com\/produto\/libertalia\/","url":"https:\/\/shopbrasil.vinyllandrecords.com\/produto\/libertalia\/","name":"Libert\u00e1lia - Vinyl Land Records","isPartOf":{"@id":"https:\/\/shopbrasil.vinyllandrecords.com\/#website"},"primaryImageOfPage":{"@id":"https:\/\/shopbrasil.vinyllandrecords.com\/produto\/libertalia\/#primaryimage"},"image":{"@id":"https:\/\/shopbrasil.vinyllandrecords.com\/produto\/libertalia\/#primaryimage"},"thumbnailUrl":"https:\/\/shopbrasil.vinyllandrecords.com\/wp-content\/uploads\/2024\/03\/libetalia.jpeg","datePublished":"2024-03-20T17:11:59+00:00","dateModified":"2024-03-20T18:12:05+00:00","breadcrumb":{"@id":"https:\/\/shopbrasil.vinyllandrecords.com\/produto\/libertalia\/#breadcrumb"},"inLanguage":"en-US","potentialAction":[{"@type":"ReadAction","target":["https:\/\/shopbrasil.vinyllandrecords.com\/produto\/libertalia\/"]}]},{"@type":"ImageObject","inLanguage":"en-US","@id":"https:\/\/shopbrasil.vinyllandrecords.com\/produto\/libertalia\/#primaryimage","url":"https:\/\/shopbrasil.vinyllandrecords.com\/wp-content\/uploads\/2024\/03\/libetalia.jpeg","contentUrl":"https:\/\/shopbrasil.vinyllandrecords.com\/wp-content\/uploads\/2024\/03\/libetalia.jpeg","width":2048,"height":2048},{"@type":"BreadcrumbList","@id":"https:\/\/shopbrasil.vinyllandrecords.com\/produto\/libertalia\/#breadcrumb","itemListElement":[{"@type":"ListItem","position":1,"name":"In\u00edcio","item":"https:\/\/shopbrasil.vinyllandrecords.com\/"},{"@type":"ListItem","position":2,"name":"Shops","item":"https:\/\/shopbrasil.vinyllandrecords.com\/shops\/"},{"@type":"ListItem","position":3,"name":"Libert\u00e1lia"}]},{"@type":"WebSite","@id":"https:\/\/shopbrasil.vinyllandrecords.com\/#website","url":"https:\/\/shopbrasil.vinyllandrecords.com\/","name":"Vinyl Land Records","description":"ONLINE SHOP","potentialAction":[{"@type":"SearchAction","target":{"@type":"EntryPoint","urlTemplate":"https:\/\/shopbrasil.vinyllandrecords.com\/?s={search_term_string}"},"query-input":{"@type":"PropertyValueSpecification","valueRequired":true,"valueName":"search_term_string"}}],"inLanguage":"en-US"}]}},"_links":{"self":[{"href":"https:\/\/shopbrasil.vinyllandrecords.com\/en\/wp-json\/wp\/v2\/product\/69859","targetHints":{"allow":["GET"]}}],"collection":[{"href":"https:\/\/shopbrasil.vinyllandrecords.com\/en\/wp-json\/wp\/v2\/product"}],"about":[{"href":"https:\/\/shopbrasil.vinyllandrecords.com\/en\/wp-json\/wp\/v2\/types\/product"}],"wp:featuredmedia":[{"embeddable":true,"href":"https:\/\/shopbrasil.vinyllandrecords.com\/en\/wp-json\/wp\/v2\/media\/69860"}],"wp:attachment":[{"href":"https:\/\/shopbrasil.vinyllandrecords.com\/en\/wp-json\/wp\/v2\/media?parent=69859"}],"wp:term":[{"taxonomy":"product_brand","embeddable":true,"href":"https:\/\/shopbrasil.vinyllandrecords.com\/en\/wp-json\/wp\/v2\/product_brand?post=69859"},{"taxonomy":"product_cat","embeddable":true,"href":"https:\/\/shopbrasil.vinyllandrecords.com\/en\/wp-json\/wp\/v2\/product_cat?post=69859"},{"taxonomy":"product_tag","embeddable":true,"href":"https:\/\/shopbrasil.vinyllandrecords.com\/en\/wp-json\/wp\/v2\/product_tag?post=69859"}],"curies":[{"name":"wp","href":"https:\/\/api.w.org\/{rel}","templated":true}]}}