{"id":69862,"date":"2024-03-20T14:42:34","date_gmt":"2024-03-20T17:42:34","guid":{"rendered":"https:\/\/shopbrasil.vinyllandrecords.com\/?post_type=product&#038;p=69862"},"modified":"2024-12-16T17:39:41","modified_gmt":"2024-12-16T20:39:41","slug":"sabotage-rap-e-compromisso-mun-ra-lp-duplo","status":"publish","type":"product","link":"https:\/\/shopbrasil.vinyllandrecords.com\/en\/produto\/sabotage-rap-e-compromisso-mun-ra-lp-duplo\/","title":{"rendered":"Sabotage &#8220;Rap \u00c9 Compromisso&#8221; + &#8220;MUN-R\u00c1&#8221; (LP Duplo)"},"content":{"rendered":"","protected":false},"excerpt":{"rendered":"<p>https:\/\/youtu.be\/pRYBBHIhF7I?si=eo1ruFW2tosENMUK<\/p>\n<p>Obra-prima do g\u00eanero originalmente lan\u00e7ada em 2001, o\u00a0LP &#8220;Rap \u00c9 Compromisso&#8221;,\u00a0trouxe \u00e0 luz e ao conhecimento de geral um furac\u00e3o das rimas chamado Sabotage.<br \/>\nEm pouco mais de 3 anos de carreira, SABOTAGE construiu um legado e plantou sementes que celebraremos por muitos e muitos\u00a0anos.<br \/>\n\u00c1 pedidos de muitos, est\u00e1 de volta em estoque depois de 3 anos esgotado, aproveite!<\/p>\n<p>Conhe\u00e7a as novidades desta EDI\u00c7\u00c3O ESPECIAL\u00a0limitada!<\/p>\n<ul>\n<li>Disco Duplo<\/li>\n<li>Audio\u00a0Remasterizado<\/li>\n<li>Capa Gatefold<\/li>\n<li>Inclui faixa Mun-R\u00e1, originalmente produzido por Instituto para trilha sonora do filme &#8220;O Invasor&#8221;<\/li>\n<\/ul>\n<p>TRACKILIST:<br \/>\n1. Introdu\u00e7\u00e3o<br \/>\n2. Rap \u00c9 Compromisso<br \/>\n3. Um Bom Lugar<br \/>\n4. No Brooklin<br \/>\n5. Coca\u00edna<br \/>\n6. Na Zona Sul<br \/>\n7. A Cultura<br \/>\n8. Incentivando o Som<br \/>\n9. Respeito \u00c9 Pra Quem Tem<br \/>\n10. Pa\u00eds da Fome<br \/>\n11. Cantando Pro Santo<br \/>\n+faixas b\u00f4nus (MUN-R\u00c1)<\/p>\n","protected":false},"featured_media":69863,"template":"","meta":[],"product_brand":[],"product_cat":[107,111,114,124,125,97],"product_tag":[],"class_list":{"0":"post-69862","1":"product","2":"type-product","3":"status-publish","4":"has-post-thumbnail","6":"product_cat-garimpo","7":"product_cat-destaque","8":"product_cat-somatorio-do-barulho","9":"product_cat-2xlp","10":"product_cat-gatefold-sleeve","11":"product_cat-lp","13":"first","14":"outofstock","15":"taxable","16":"shipping-taxable","17":"purchasable","18":"product-type-simple"},"yoast_head":"<!-- This site is optimized with the Yoast SEO plugin v27.4 - https:\/\/yoast.com\/product\/yoast-seo-wordpress\/ -->\n<title>Sabotage &quot;Rap \u00c9 Compromisso&quot; + &quot;MUN-R\u00c1&quot; (LP Duplo) - Vinyl Land Records<\/title>\n<meta name=\"robots\" content=\"index, follow, max-snippet:-1, max-image-preview:large, max-video-preview:-1\" \/>\n<link rel=\"canonical\" href=\"https:\/\/shopbrasil.vinyllandrecords.com\/produto\/sabotage-rap-e-compromisso-mun-ra-lp-duplo\/\" \/>\n<meta property=\"og:locale\" content=\"en_US\" \/>\n<meta property=\"og:type\" content=\"article\" \/>\n<meta property=\"og:title\" content=\"Sabotage &quot;Rap \u00c9 Compromisso&quot; + &quot;MUN-R\u00c1&quot; (LP Duplo) - Vinyl Land Records\" \/>\n<meta property=\"og:description\" content=\"https:\/\/youtu.be\/pRYBBHIhF7I?si=eo1ruFW2tosENMUK  Obra-prima do g\u00eanero originalmente lan\u00e7ada em 2001, o\u00a0LP &quot;Rap \u00c9 Compromisso&quot;,\u00a0trouxe \u00e0 luz e ao conhecimento de geral um furac\u00e3o das rimas chamado Sabotage. Em pouco mais de 3 anos de carreira, SABOTAGE construiu um legado e plantou sementes que celebraremos por muitos e muitos\u00a0anos. \u00c1 pedidos de muitos, est\u00e1 de volta em estoque depois de 3 anos esgotado, aproveite!  Conhe\u00e7a as novidades desta EDI\u00c7\u00c3O ESPECIAL\u00a0limitada!   Disco Duplo  Audio\u00a0Remasterizado  Capa Gatefold  Inclui faixa Mun-R\u00e1, originalmente produzido por Instituto para trilha sonora do filme &quot;O Invasor&quot;  TRACKILIST: 1. Introdu\u00e7\u00e3o 2. Rap \u00c9 Compromisso 3. Um Bom Lugar 4. No Brooklin 5. Coca\u00edna 6. Na Zona Sul 7. A Cultura 8. Incentivando o Som 9. Respeito \u00c9 Pra Quem Tem 10. Pa\u00eds da Fome 11. Cantando Pro Santo +faixas b\u00f4nus (MUN-R\u00c1)\" \/>\n<meta property=\"og:url\" content=\"https:\/\/shopbrasil.vinyllandrecords.com\/produto\/sabotage-rap-e-compromisso-mun-ra-lp-duplo\/\" \/>\n<meta property=\"og:site_name\" content=\"Vinyl Land Records\" \/>\n<meta property=\"article:modified_time\" content=\"2024-12-16T20:39:41+00:00\" \/>\n<meta property=\"og:image\" content=\"https:\/\/shopbrasil.vinyllandrecords.com\/wp-content\/uploads\/2024\/03\/sabota.jpeg\" \/>\n\t<meta property=\"og:image:width\" content=\"450\" \/>\n\t<meta property=\"og:image:height\" content=\"450\" \/>\n\t<meta property=\"og:image:type\" content=\"image\/jpeg\" \/>\n<meta name=\"twitter:card\" content=\"summary_large_image\" \/>\n<meta name=\"twitter:label1\" content=\"Est. reading time\" \/>\n\t<meta name=\"twitter:data1\" content=\"1 minute\" \/>\n<script type=\"application\/ld+json\" class=\"yoast-schema-graph\">{\"@context\":\"https:\\\/\\\/schema.org\",\"@graph\":[{\"@type\":\"WebPage\",\"@id\":\"https:\\\/\\\/shopbrasil.vinyllandrecords.com\\\/produto\\\/sabotage-rap-e-compromisso-mun-ra-lp-duplo\\\/\",\"url\":\"https:\\\/\\\/shopbrasil.vinyllandrecords.com\\\/produto\\\/sabotage-rap-e-compromisso-mun-ra-lp-duplo\\\/\",\"name\":\"Sabotage \\\"Rap \u00c9 Compromisso\\\" + \\\"MUN-R\u00c1\\\" (LP Duplo) - Vinyl Land Records\",\"isPartOf\":{\"@id\":\"https:\\\/\\\/shopbrasil.vinyllandrecords.com\\\/#website\"},\"primaryImageOfPage\":{\"@id\":\"https:\\\/\\\/shopbrasil.vinyllandrecords.com\\\/produto\\\/sabotage-rap-e-compromisso-mun-ra-lp-duplo\\\/#primaryimage\"},\"image\":{\"@id\":\"https:\\\/\\\/shopbrasil.vinyllandrecords.com\\\/produto\\\/sabotage-rap-e-compromisso-mun-ra-lp-duplo\\\/#primaryimage\"},\"thumbnailUrl\":\"https:\\\/\\\/shopbrasil.vinyllandrecords.com\\\/wp-content\\\/uploads\\\/2024\\\/03\\\/sabota.jpeg\",\"datePublished\":\"2024-03-20T17:42:34+00:00\",\"dateModified\":\"2024-12-16T20:39:41+00:00\",\"breadcrumb\":{\"@id\":\"https:\\\/\\\/shopbrasil.vinyllandrecords.com\\\/produto\\\/sabotage-rap-e-compromisso-mun-ra-lp-duplo\\\/#breadcrumb\"},\"inLanguage\":\"en-US\",\"potentialAction\":[{\"@type\":\"ReadAction\",\"target\":[\"https:\\\/\\\/shopbrasil.vinyllandrecords.com\\\/produto\\\/sabotage-rap-e-compromisso-mun-ra-lp-duplo\\\/\"]}]},{\"@type\":\"ImageObject\",\"inLanguage\":\"en-US\",\"@id\":\"https:\\\/\\\/shopbrasil.vinyllandrecords.com\\\/produto\\\/sabotage-rap-e-compromisso-mun-ra-lp-duplo\\\/#primaryimage\",\"url\":\"https:\\\/\\\/shopbrasil.vinyllandrecords.com\\\/wp-content\\\/uploads\\\/2024\\\/03\\\/sabota.jpeg\",\"contentUrl\":\"https:\\\/\\\/shopbrasil.vinyllandrecords.com\\\/wp-content\\\/uploads\\\/2024\\\/03\\\/sabota.jpeg\",\"width\":450,\"height\":450},{\"@type\":\"BreadcrumbList\",\"@id\":\"https:\\\/\\\/shopbrasil.vinyllandrecords.com\\\/produto\\\/sabotage-rap-e-compromisso-mun-ra-lp-duplo\\\/#breadcrumb\",\"itemListElement\":[{\"@type\":\"ListItem\",\"position\":1,\"name\":\"In\u00edcio\",\"item\":\"https:\\\/\\\/shopbrasil.vinyllandrecords.com\\\/\"},{\"@type\":\"ListItem\",\"position\":2,\"name\":\"Shops\",\"item\":\"https:\\\/\\\/shopbrasil.vinyllandrecords.com\\\/shops\\\/\"},{\"@type\":\"ListItem\",\"position\":3,\"name\":\"Sabotage &#8220;Rap \u00c9 Compromisso&#8221; + &#8220;MUN-R\u00c1&#8221; (LP Duplo)\"}]},{\"@type\":\"WebSite\",\"@id\":\"https:\\\/\\\/shopbrasil.vinyllandrecords.com\\\/#website\",\"url\":\"https:\\\/\\\/shopbrasil.vinyllandrecords.com\\\/\",\"name\":\"Vinyl Land Records\",\"description\":\"ONLINE SHOP\",\"potentialAction\":[{\"@type\":\"SearchAction\",\"target\":{\"@type\":\"EntryPoint\",\"urlTemplate\":\"https:\\\/\\\/shopbrasil.vinyllandrecords.com\\\/?s={search_term_string}\"},\"query-input\":{\"@type\":\"PropertyValueSpecification\",\"valueRequired\":true,\"valueName\":\"search_term_string\"}}],\"inLanguage\":\"en-US\"}]}<\/script>\n<!-- \/ Yoast SEO plugin. -->","yoast_head_json":{"title":"Sabotage \"Rap \u00c9 Compromisso\" + \"MUN-R\u00c1\" (LP Duplo) - Vinyl Land Records","robots":{"index":"index","follow":"follow","max-snippet":"max-snippet:-1","max-image-preview":"max-image-preview:large","max-video-preview":"max-video-preview:-1"},"canonical":"https:\/\/shopbrasil.vinyllandrecords.com\/produto\/sabotage-rap-e-compromisso-mun-ra-lp-duplo\/","og_locale":"en_US","og_type":"article","og_title":"Sabotage \"Rap \u00c9 Compromisso\" + \"MUN-R\u00c1\" (LP Duplo) - Vinyl Land Records","og_description":"https:\/\/youtu.be\/pRYBBHIhF7I?si=eo1ruFW2tosENMUK  Obra-prima do g\u00eanero originalmente lan\u00e7ada em 2001, o\u00a0LP \"Rap \u00c9 Compromisso\",\u00a0trouxe \u00e0 luz e ao conhecimento de geral um furac\u00e3o das rimas chamado Sabotage. Em pouco mais de 3 anos de carreira, SABOTAGE construiu um legado e plantou sementes que celebraremos por muitos e muitos\u00a0anos. \u00c1 pedidos de muitos, est\u00e1 de volta em estoque depois de 3 anos esgotado, aproveite!  Conhe\u00e7a as novidades desta EDI\u00c7\u00c3O ESPECIAL\u00a0limitada!   Disco Duplo  Audio\u00a0Remasterizado  Capa Gatefold  Inclui faixa Mun-R\u00e1, originalmente produzido por Instituto para trilha sonora do filme \"O Invasor\"  TRACKILIST: 1. Introdu\u00e7\u00e3o 2. Rap \u00c9 Compromisso 3. Um Bom Lugar 4. No Brooklin 5. Coca\u00edna 6. Na Zona Sul 7. A Cultura 8. Incentivando o Som 9. Respeito \u00c9 Pra Quem Tem 10. Pa\u00eds da Fome 11. Cantando Pro Santo +faixas b\u00f4nus (MUN-R\u00c1)","og_url":"https:\/\/shopbrasil.vinyllandrecords.com\/produto\/sabotage-rap-e-compromisso-mun-ra-lp-duplo\/","og_site_name":"Vinyl Land Records","article_modified_time":"2024-12-16T20:39:41+00:00","og_image":[{"width":450,"height":450,"url":"https:\/\/shopbrasil.vinyllandrecords.com\/wp-content\/uploads\/2024\/03\/sabota.jpeg","type":"image\/jpeg"}],"twitter_card":"summary_large_image","twitter_misc":{"Est. reading time":"1 minute"},"schema":{"@context":"https:\/\/schema.org","@graph":[{"@type":"WebPage","@id":"https:\/\/shopbrasil.vinyllandrecords.com\/produto\/sabotage-rap-e-compromisso-mun-ra-lp-duplo\/","url":"https:\/\/shopbrasil.vinyllandrecords.com\/produto\/sabotage-rap-e-compromisso-mun-ra-lp-duplo\/","name":"Sabotage \"Rap \u00c9 Compromisso\" + \"MUN-R\u00c1\" (LP Duplo) - Vinyl Land Records","isPartOf":{"@id":"https:\/\/shopbrasil.vinyllandrecords.com\/#website"},"primaryImageOfPage":{"@id":"https:\/\/shopbrasil.vinyllandrecords.com\/produto\/sabotage-rap-e-compromisso-mun-ra-lp-duplo\/#primaryimage"},"image":{"@id":"https:\/\/shopbrasil.vinyllandrecords.com\/produto\/sabotage-rap-e-compromisso-mun-ra-lp-duplo\/#primaryimage"},"thumbnailUrl":"https:\/\/shopbrasil.vinyllandrecords.com\/wp-content\/uploads\/2024\/03\/sabota.jpeg","datePublished":"2024-03-20T17:42:34+00:00","dateModified":"2024-12-16T20:39:41+00:00","breadcrumb":{"@id":"https:\/\/shopbrasil.vinyllandrecords.com\/produto\/sabotage-rap-e-compromisso-mun-ra-lp-duplo\/#breadcrumb"},"inLanguage":"en-US","potentialAction":[{"@type":"ReadAction","target":["https:\/\/shopbrasil.vinyllandrecords.com\/produto\/sabotage-rap-e-compromisso-mun-ra-lp-duplo\/"]}]},{"@type":"ImageObject","inLanguage":"en-US","@id":"https:\/\/shopbrasil.vinyllandrecords.com\/produto\/sabotage-rap-e-compromisso-mun-ra-lp-duplo\/#primaryimage","url":"https:\/\/shopbrasil.vinyllandrecords.com\/wp-content\/uploads\/2024\/03\/sabota.jpeg","contentUrl":"https:\/\/shopbrasil.vinyllandrecords.com\/wp-content\/uploads\/2024\/03\/sabota.jpeg","width":450,"height":450},{"@type":"BreadcrumbList","@id":"https:\/\/shopbrasil.vinyllandrecords.com\/produto\/sabotage-rap-e-compromisso-mun-ra-lp-duplo\/#breadcrumb","itemListElement":[{"@type":"ListItem","position":1,"name":"In\u00edcio","item":"https:\/\/shopbrasil.vinyllandrecords.com\/"},{"@type":"ListItem","position":2,"name":"Shops","item":"https:\/\/shopbrasil.vinyllandrecords.com\/shops\/"},{"@type":"ListItem","position":3,"name":"Sabotage &#8220;Rap \u00c9 Compromisso&#8221; + &#8220;MUN-R\u00c1&#8221; (LP Duplo)"}]},{"@type":"WebSite","@id":"https:\/\/shopbrasil.vinyllandrecords.com\/#website","url":"https:\/\/shopbrasil.vinyllandrecords.com\/","name":"Vinyl Land Records","description":"ONLINE SHOP","potentialAction":[{"@type":"SearchAction","target":{"@type":"EntryPoint","urlTemplate":"https:\/\/shopbrasil.vinyllandrecords.com\/?s={search_term_string}"},"query-input":{"@type":"PropertyValueSpecification","valueRequired":true,"valueName":"search_term_string"}}],"inLanguage":"en-US"}]}},"_links":{"self":[{"href":"https:\/\/shopbrasil.vinyllandrecords.com\/en\/wp-json\/wp\/v2\/product\/69862","targetHints":{"allow":["GET"]}}],"collection":[{"href":"https:\/\/shopbrasil.vinyllandrecords.com\/en\/wp-json\/wp\/v2\/product"}],"about":[{"href":"https:\/\/shopbrasil.vinyllandrecords.com\/en\/wp-json\/wp\/v2\/types\/product"}],"wp:featuredmedia":[{"embeddable":true,"href":"https:\/\/shopbrasil.vinyllandrecords.com\/en\/wp-json\/wp\/v2\/media\/69863"}],"wp:attachment":[{"href":"https:\/\/shopbrasil.vinyllandrecords.com\/en\/wp-json\/wp\/v2\/media?parent=69862"}],"wp:term":[{"taxonomy":"product_brand","embeddable":true,"href":"https:\/\/shopbrasil.vinyllandrecords.com\/en\/wp-json\/wp\/v2\/product_brand?post=69862"},{"taxonomy":"product_cat","embeddable":true,"href":"https:\/\/shopbrasil.vinyllandrecords.com\/en\/wp-json\/wp\/v2\/product_cat?post=69862"},{"taxonomy":"product_tag","embeddable":true,"href":"https:\/\/shopbrasil.vinyllandrecords.com\/en\/wp-json\/wp\/v2\/product_tag?post=69862"}],"curies":[{"name":"wp","href":"https:\/\/api.w.org\/{rel}","templated":true}]}}