{"id":69865,"date":"2024-03-20T15:01:14","date_gmt":"2024-03-20T18:01:14","guid":{"rendered":"https:\/\/shopbrasil.vinyllandrecords.com\/?post_type=product&#038;p=69865"},"modified":"2026-01-25T11:33:30","modified_gmt":"2026-01-25T14:33:30","slug":"baianasystem-oxeaxeexu-lp-duplo","status":"publish","type":"product","link":"https:\/\/shopbrasil.vinyllandrecords.com\/en\/produto\/baianasystem-oxeaxeexu-lp-duplo\/","title":{"rendered":"BaianaSystem\u00a0&#8211;\u00a0OXEAXEEXU (LP Duplo)"},"content":{"rendered":"","protected":false},"excerpt":{"rendered":"<p>&nbsp;<\/p>\n<p>https:\/\/youtu.be\/LmNc3x4iqqw?si=mbNebACLqCqWwOLm<\/p>\n<p>R3-002\u00a0&#8211; BaianaSystem\u00a0&#8211;\u00a0<em><strong>OXEAXEEXU<\/strong><\/em><\/p>\n<p>Foi BNeg\u00e3o quem soube descrever melhor essa entidade musical chamada BaianaSystem: \u201cDa m\u00fasica jamaicana vem a sabedoria das divis\u00f5es e dos graves de Seko Bass. Das antigas festas de largo, da tradi\u00e7\u00e3o fotogr\u00e1fica e da arquitetura moderna, vem os frames, m\u00e1scaras e tra\u00e7os de Filipe Cartaxo. Da mistura sem precedentes entre o toaster jamaicano e o samba do rec\u00f4ncavo baiano, vem o estilo inovador de Russo Passapusso e das tradi\u00e7\u00f5es da guitarra baiana (inventada pelos mestres Dod\u00f4 &amp; Osmar) em conjunto com uma forte influ\u00eancia africana, vem Roberto Barreto com suas linhas e riffs que d\u00e3o a identidade final e definitiva ao Baiana. Quatro cabe\u00e7as pensantes, \u00e0 servi\u00e7o da arte dan\u00e7ante\u201d.<\/p>\n<p>&nbsp;<\/p>\n<p><em>OXEAXEEXU<\/em>, ainda o \u00e1lbum mais recente do BaianaSystem, foi resultado de uma experi\u00eancia iniciada em abril de 2020, quando o mundo mudou sua rota. O disco come\u00e7ou a ser conhecido em um 2 de fevereiro, festa de Yemanj\u00e1, com o lan\u00e7amento do single e do clipe de \u201cReza Forte\u201d. Na sequ\u00eancia pintaram tr\u00eas atos \u2013 Navio Pirata, Recital Instrumental e Am\u00e9rica do Sol \u2013 que agora se completa com a chegada da can\u00e7\u00e3o \u201cBrasiliana\u201d, formando um LP duplo de 21 faixas. A m\u00fasica tem a participa\u00e7\u00e3o especial de Chico C\u00e9sar, que mandou sua voz diretamente do Uruguai, e de Mintcho Garrammone diretamente da Argentina, afirmando ainda mais o car\u00e1ter afrolatino desta obra.<\/p>\n<p>&nbsp;<\/p>\n<p>Como est\u00e1 no site da banda \u201cA f\u00e9, a luta, a transforma\u00e7\u00e3o e a esperan\u00e7a nos unem como povos em busca dessa na\u00e7\u00e3o Brasiliana, e<em> OXEAXEEXU<\/em> \u00e9 um movimento nessa dire\u00e7\u00e3o\u201d.<\/p>\n<p>&nbsp;<\/p>\n<p><strong>&#8211; LP duplo branco 180g<br \/>\n&#8211; Capa empastada gatefold<br \/>\n&#8211; Livreto com 16 p\u00e1ginas com fotos, letras, ficha t\u00e9cnica e texto.<br \/>\n&#8211; Bandeira em tecido tamanho A4<\/strong><\/p>\n<p><strong>Tracklist<\/strong><\/p>\n<p><strong>LADO A<\/strong><\/p>\n<p>A1. Reza forte<\/p>\n<p>A2. Raminho<\/p>\n<p>A3. Dan\u00e7a de Airum\u00e3<\/p>\n<p>A4. Corneteiro Lu\u00eds<\/p>\n<p>A5. Brasiliana<\/p>\n<p><strong>LADO B<\/strong><\/p>\n<p>B1. Chap\u00e9u panam\u00e1<\/p>\n<p>B2. Pachamama<\/p>\n<p>B3. Capucha<\/p>\n<p>B4. Oxe<\/p>\n<p>B5. Vixe<\/p>\n<p>B6. A vida \u00e9 curta pra viver depois<\/p>\n<p><strong>LADO C<\/strong><\/p>\n<p>C1. R\u00e1dio \u00c1frica (Instrumental)<\/p>\n<p>C2. Nauliza<\/p>\n<p>C3. Catraca<\/p>\n<p>C4. O que n\u00e3o me destr\u00f3i me fortalece<\/p>\n<p>C5. Monop\u00f3lio<\/p>\n<p><strong>LADO D<\/strong><\/p>\n<p>D1. Tubar\u00e3o<\/p>\n<p>D2. Barbatana<\/p>\n<p>D3. Criado mudou<\/p>\n<p>D4. Guerra batalha<\/p>\n<p>D5. Reza frevo<\/p>\n","protected":false},"featured_media":69867,"template":"","meta":[],"product_brand":[],"product_cat":[107,111,124,125,126,131,97],"product_tag":[],"class_list":{"0":"post-69865","1":"product","2":"type-product","3":"status-publish","4":"has-post-thumbnail","6":"product_cat-garimpo","7":"product_cat-destaque","8":"product_cat-2xlp","9":"product_cat-gatefold-sleeve","10":"product_cat-disco-colorido","11":"product_cat-tres-selos","12":"product_cat-lp","14":"first","15":"instock","16":"taxable","17":"shipping-taxable","18":"purchasable","19":"product-type-simple"},"yoast_head":"<!-- This site is optimized with the Yoast SEO plugin v27.4 - https:\/\/yoast.com\/product\/yoast-seo-wordpress\/ -->\n<title>BaianaSystem\u00a0-\u00a0OXEAXEEXU (LP Duplo) - Vinyl Land Records<\/title>\n<meta name=\"robots\" content=\"index, follow, max-snippet:-1, max-image-preview:large, max-video-preview:-1\" \/>\n<link rel=\"canonical\" href=\"https:\/\/shopbrasil.vinyllandrecords.com\/produto\/baianasystem-oxeaxeexu-lp-duplo\/\" \/>\n<meta property=\"og:locale\" content=\"en_US\" \/>\n<meta property=\"og:type\" content=\"article\" \/>\n<meta property=\"og:title\" content=\"BaianaSystem\u00a0-\u00a0OXEAXEEXU (LP Duplo) - Vinyl Land Records\" \/>\n<meta property=\"og:description\" content=\"[:pb]https:\/\/youtu.be\/LmNc3x4iqqw?si=mbNebACLqCqWwOLm  R3-002\u00a0- BaianaSystem\u00a0-\u00a0OXEAXEEXU  Foi BNeg\u00e3o quem soube descrever melhor essa entidade musical chamada BaianaSystem: \u201cDa m\u00fasica jamaicana vem a sabedoria das divis\u00f5es e dos graves de Seko Bass. Das antigas festas de largo, da tradi\u00e7\u00e3o fotogr\u00e1fica e da arquitetura moderna, vem os frames, m\u00e1scaras e tra\u00e7os de Filipe Cartaxo. Da mistura sem precedentes entre o toaster jamaicano e o samba do rec\u00f4ncavo baiano, vem o estilo inovador de Russo Passapusso e das tradi\u00e7\u00f5es da guitarra baiana (inventada pelos mestres Dod\u00f4 &amp; Osmar) em conjunto com uma forte influ\u00eancia africana, vem Roberto Barreto com suas linhas e riffs que d\u00e3o a identidade final e definitiva ao Baiana. Quatro cabe\u00e7as pensantes, \u00e0 servi\u00e7o da arte dan\u00e7ante\u201d.  &nbsp;  OXEAXEEXU, ainda o \u00e1lbum mais recente do BaianaSystem, foi resultado de uma experi\u00eancia iniciada em abril de 2020, quando o mundo mudou sua rota. O disco come\u00e7ou a ser conhecido em um 2 de fevereiro, festa de Yemanj\u00e1, com o lan\u00e7amento do single e do clipe de \u201cReza Forte\u201d. Na sequ\u00eancia pintaram tr\u00eas atos \u2013 Navio Pirata, Recital Instrumental e Am\u00e9rica do Sol \u2013 que agora se completa com a chegada da can\u00e7\u00e3o \u201cBrasiliana\u201d, formando um LP duplo de 21 faixas. A m\u00fasica tem a participa\u00e7\u00e3o especial de Chico C\u00e9sar, que mandou sua voz diretamente do Uruguai, e de Mintcho Garrammone diretamente da Argentina, afirmando ainda mais o car\u00e1ter afrolatino desta obra.  &nbsp;  Como est\u00e1 no site da banda \u201cA f\u00e9, a luta, a transforma\u00e7\u00e3o e a esperan\u00e7a nos unem como povos em busca dessa na\u00e7\u00e3o Brasiliana, e OXEAXEEXU \u00e9 um movimento nessa dire\u00e7\u00e3o\u201d.  &nbsp;  - LP duplo branco 180g - Capa empastada gatefold - Livreto com 16 p\u00e1ginas com fotos, letras, ficha t\u00e9cnica e texto. - Bandeira em tecido tamanho A4  Tracklist  LADO A  A1. Reza forte  A2. Raminho  A3. Dan\u00e7a de Airum\u00e3  A4. Corneteiro Lu\u00eds  A5. Brasiliana  LADO B  B1. Chap\u00e9u panam\u00e1  B2. Pachamama  B3. Capucha  B4. Oxe  B5. Vixe  B6. A vida \u00e9 curta pra viver depois  LADO C  C1. R\u00e1dio \u00c1frica (Instrumental)  C2. Nauliza  C3. Catraca  C4. O que n\u00e3o me destr\u00f3i me fortalece  C5. Monop\u00f3lio  LADO D  D1. Tubar\u00e3o  D2. Barbatana  D3. Criado mudou  D4. Guerra batalha  D5. Reza frevo[:en]&nbsp;  https:\/\/youtu.be\/LmNc3x4iqqw?si=mbNebACLqCqWwOLm  R3-002\u00a0- BaianaSystem\u00a0-\u00a0OXEAXEEXU  Foi BNeg\u00e3o quem soube descrever melhor essa entidade musical chamada BaianaSystem: \u201cDa m\u00fasica jamaicana vem a sabedoria das divis\u00f5es e dos graves de Seko Bass. Das antigas festas de largo, da tradi\u00e7\u00e3o fotogr\u00e1fica e da arquitetura moderna, vem os frames, m\u00e1scaras e tra\u00e7os de Filipe Cartaxo. Da mistura sem precedentes entre o toaster jamaicano e o samba do rec\u00f4ncavo baiano, vem o estilo inovador de Russo Passapusso e das tradi\u00e7\u00f5es da guitarra baiana (inventada pelos mestres Dod\u00f4 &amp; Osmar) em conjunto com uma forte influ\u00eancia africana, vem Roberto Barreto com suas linhas e riffs que d\u00e3o a identidade final e definitiva ao Baiana. Quatro cabe\u00e7as pensantes, \u00e0 servi\u00e7o da arte dan\u00e7ante\u201d.  &nbsp;  OXEAXEEXU, ainda o \u00e1lbum mais recente do BaianaSystem, foi resultado de uma experi\u00eancia iniciada em abril de 2020, quando o mundo mudou sua rota. O disco come\u00e7ou a ser conhecido em um 2 de fevereiro, festa de Yemanj\u00e1, com o lan\u00e7amento do single e do clipe de \u201cReza Forte\u201d. Na sequ\u00eancia pintaram tr\u00eas atos \u2013 Navio Pirata, Recital Instrumental e Am\u00e9rica do Sol \u2013 que agora se completa com a chegada da can\u00e7\u00e3o \u201cBrasiliana\u201d, formando um LP duplo de 21 faixas. A m\u00fasica tem a participa\u00e7\u00e3o especial de Chico C\u00e9sar, que mandou sua voz diretamente do Uruguai, e de Mintcho Garrammone diretamente da Argentina, afirmando ainda mais o car\u00e1ter afrolatino desta obra.  &nbsp;  Como est\u00e1 no site da banda \u201cA f\u00e9, a luta, a transforma\u00e7\u00e3o e a esperan\u00e7a nos unem como povos em busca dessa na\u00e7\u00e3o Brasiliana, e OXEAXEEXU \u00e9 um movimento nessa dire\u00e7\u00e3o\u201d.  &nbsp;  - LP duplo branco 180g - Capa empastada gatefold - Livreto com 16 p\u00e1ginas com fotos, letras, ficha t\u00e9cnica e texto. - Bandeira em tecido tamanho A4  Tracklist  LADO A  A1. Reza forte  A2. Raminho  A3. Dan\u00e7a de Airum\u00e3  A4. Corneteiro Lu\u00eds  A5. Brasiliana  LADO B  B1. Chap\u00e9u panam\u00e1  B2. Pachamama  B3. Capucha  B4. Oxe  B5. Vixe  B6. A vida \u00e9 curta pra viver depois  LADO C  C1. R\u00e1dio \u00c1frica (Instrumental)  C2. Nauliza  C3. Catraca  C4. O que n\u00e3o me destr\u00f3i me fortalece  C5. Monop\u00f3lio  LADO D  D1. Tubar\u00e3o  D2. Barbatana  D3. Criado mudou  D4. Guerra batalha  D5. Reza frevo[:]\" \/>\n<meta property=\"og:url\" content=\"https:\/\/shopbrasil.vinyllandrecords.com\/produto\/baianasystem-oxeaxeexu-lp-duplo\/\" \/>\n<meta property=\"og:site_name\" content=\"Vinyl Land Records\" \/>\n<meta property=\"article:modified_time\" content=\"2026-01-25T14:33:30+00:00\" \/>\n<meta property=\"og:image\" content=\"https:\/\/shopbrasil.vinyllandrecords.com\/wp-content\/uploads\/2024\/03\/capa-baiana.jpeg\" \/>\n\t<meta property=\"og:image:width\" content=\"1024\" \/>\n\t<meta property=\"og:image:height\" content=\"1001\" \/>\n\t<meta property=\"og:image:type\" content=\"image\/jpeg\" \/>\n<meta name=\"twitter:card\" content=\"summary_large_image\" \/>\n<meta name=\"twitter:label1\" content=\"Est. reading time\" \/>\n\t<meta name=\"twitter:data1\" content=\"1 minute\" \/>\n<script type=\"application\/ld+json\" class=\"yoast-schema-graph\">{\"@context\":\"https:\\\/\\\/schema.org\",\"@graph\":[{\"@type\":\"WebPage\",\"@id\":\"https:\\\/\\\/shopbrasil.vinyllandrecords.com\\\/produto\\\/baianasystem-oxeaxeexu-lp-duplo\\\/\",\"url\":\"https:\\\/\\\/shopbrasil.vinyllandrecords.com\\\/produto\\\/baianasystem-oxeaxeexu-lp-duplo\\\/\",\"name\":\"BaianaSystem\u00a0-\u00a0OXEAXEEXU (LP Duplo) - Vinyl Land Records\",\"isPartOf\":{\"@id\":\"https:\\\/\\\/shopbrasil.vinyllandrecords.com\\\/#website\"},\"primaryImageOfPage\":{\"@id\":\"https:\\\/\\\/shopbrasil.vinyllandrecords.com\\\/produto\\\/baianasystem-oxeaxeexu-lp-duplo\\\/#primaryimage\"},\"image\":{\"@id\":\"https:\\\/\\\/shopbrasil.vinyllandrecords.com\\\/produto\\\/baianasystem-oxeaxeexu-lp-duplo\\\/#primaryimage\"},\"thumbnailUrl\":\"https:\\\/\\\/shopbrasil.vinyllandrecords.com\\\/wp-content\\\/uploads\\\/2024\\\/03\\\/capa-baiana.jpeg\",\"datePublished\":\"2024-03-20T18:01:14+00:00\",\"dateModified\":\"2026-01-25T14:33:30+00:00\",\"breadcrumb\":{\"@id\":\"https:\\\/\\\/shopbrasil.vinyllandrecords.com\\\/produto\\\/baianasystem-oxeaxeexu-lp-duplo\\\/#breadcrumb\"},\"inLanguage\":\"en-US\",\"potentialAction\":[{\"@type\":\"ReadAction\",\"target\":[\"https:\\\/\\\/shopbrasil.vinyllandrecords.com\\\/produto\\\/baianasystem-oxeaxeexu-lp-duplo\\\/\"]}]},{\"@type\":\"ImageObject\",\"inLanguage\":\"en-US\",\"@id\":\"https:\\\/\\\/shopbrasil.vinyllandrecords.com\\\/produto\\\/baianasystem-oxeaxeexu-lp-duplo\\\/#primaryimage\",\"url\":\"https:\\\/\\\/shopbrasil.vinyllandrecords.com\\\/wp-content\\\/uploads\\\/2024\\\/03\\\/capa-baiana.jpeg\",\"contentUrl\":\"https:\\\/\\\/shopbrasil.vinyllandrecords.com\\\/wp-content\\\/uploads\\\/2024\\\/03\\\/capa-baiana.jpeg\",\"width\":1024,\"height\":1001},{\"@type\":\"BreadcrumbList\",\"@id\":\"https:\\\/\\\/shopbrasil.vinyllandrecords.com\\\/produto\\\/baianasystem-oxeaxeexu-lp-duplo\\\/#breadcrumb\",\"itemListElement\":[{\"@type\":\"ListItem\",\"position\":1,\"name\":\"In\u00edcio\",\"item\":\"https:\\\/\\\/shopbrasil.vinyllandrecords.com\\\/\"},{\"@type\":\"ListItem\",\"position\":2,\"name\":\"Shops\",\"item\":\"https:\\\/\\\/shopbrasil.vinyllandrecords.com\\\/shops\\\/\"},{\"@type\":\"ListItem\",\"position\":3,\"name\":\"BaianaSystem\u00a0&#8211;\u00a0OXEAXEEXU (LP Duplo)\"}]},{\"@type\":\"WebSite\",\"@id\":\"https:\\\/\\\/shopbrasil.vinyllandrecords.com\\\/#website\",\"url\":\"https:\\\/\\\/shopbrasil.vinyllandrecords.com\\\/\",\"name\":\"Vinyl Land Records\",\"description\":\"ONLINE SHOP\",\"potentialAction\":[{\"@type\":\"SearchAction\",\"target\":{\"@type\":\"EntryPoint\",\"urlTemplate\":\"https:\\\/\\\/shopbrasil.vinyllandrecords.com\\\/?s={search_term_string}\"},\"query-input\":{\"@type\":\"PropertyValueSpecification\",\"valueRequired\":true,\"valueName\":\"search_term_string\"}}],\"inLanguage\":\"en-US\"}]}<\/script>\n<!-- \/ Yoast SEO plugin. -->","yoast_head_json":{"title":"BaianaSystem\u00a0-\u00a0OXEAXEEXU (LP Duplo) - Vinyl Land Records","robots":{"index":"index","follow":"follow","max-snippet":"max-snippet:-1","max-image-preview":"max-image-preview:large","max-video-preview":"max-video-preview:-1"},"canonical":"https:\/\/shopbrasil.vinyllandrecords.com\/produto\/baianasystem-oxeaxeexu-lp-duplo\/","og_locale":"en_US","og_type":"article","og_title":"BaianaSystem\u00a0-\u00a0OXEAXEEXU (LP Duplo) - Vinyl Land Records","og_description":"[:pb]https:\/\/youtu.be\/LmNc3x4iqqw?si=mbNebACLqCqWwOLm  R3-002\u00a0- BaianaSystem\u00a0-\u00a0OXEAXEEXU  Foi BNeg\u00e3o quem soube descrever melhor essa entidade musical chamada BaianaSystem: \u201cDa m\u00fasica jamaicana vem a sabedoria das divis\u00f5es e dos graves de Seko Bass. Das antigas festas de largo, da tradi\u00e7\u00e3o fotogr\u00e1fica e da arquitetura moderna, vem os frames, m\u00e1scaras e tra\u00e7os de Filipe Cartaxo. Da mistura sem precedentes entre o toaster jamaicano e o samba do rec\u00f4ncavo baiano, vem o estilo inovador de Russo Passapusso e das tradi\u00e7\u00f5es da guitarra baiana (inventada pelos mestres Dod\u00f4 &amp; Osmar) em conjunto com uma forte influ\u00eancia africana, vem Roberto Barreto com suas linhas e riffs que d\u00e3o a identidade final e definitiva ao Baiana. Quatro cabe\u00e7as pensantes, \u00e0 servi\u00e7o da arte dan\u00e7ante\u201d.  &nbsp;  OXEAXEEXU, ainda o \u00e1lbum mais recente do BaianaSystem, foi resultado de uma experi\u00eancia iniciada em abril de 2020, quando o mundo mudou sua rota. O disco come\u00e7ou a ser conhecido em um 2 de fevereiro, festa de Yemanj\u00e1, com o lan\u00e7amento do single e do clipe de \u201cReza Forte\u201d. Na sequ\u00eancia pintaram tr\u00eas atos \u2013 Navio Pirata, Recital Instrumental e Am\u00e9rica do Sol \u2013 que agora se completa com a chegada da can\u00e7\u00e3o \u201cBrasiliana\u201d, formando um LP duplo de 21 faixas. A m\u00fasica tem a participa\u00e7\u00e3o especial de Chico C\u00e9sar, que mandou sua voz diretamente do Uruguai, e de Mintcho Garrammone diretamente da Argentina, afirmando ainda mais o car\u00e1ter afrolatino desta obra.  &nbsp;  Como est\u00e1 no site da banda \u201cA f\u00e9, a luta, a transforma\u00e7\u00e3o e a esperan\u00e7a nos unem como povos em busca dessa na\u00e7\u00e3o Brasiliana, e OXEAXEEXU \u00e9 um movimento nessa dire\u00e7\u00e3o\u201d.  &nbsp;  - LP duplo branco 180g - Capa empastada gatefold - Livreto com 16 p\u00e1ginas com fotos, letras, ficha t\u00e9cnica e texto. - Bandeira em tecido tamanho A4  Tracklist  LADO A  A1. Reza forte  A2. Raminho  A3. Dan\u00e7a de Airum\u00e3  A4. Corneteiro Lu\u00eds  A5. Brasiliana  LADO B  B1. Chap\u00e9u panam\u00e1  B2. Pachamama  B3. Capucha  B4. Oxe  B5. Vixe  B6. A vida \u00e9 curta pra viver depois  LADO C  C1. R\u00e1dio \u00c1frica (Instrumental)  C2. Nauliza  C3. Catraca  C4. O que n\u00e3o me destr\u00f3i me fortalece  C5. Monop\u00f3lio  LADO D  D1. Tubar\u00e3o  D2. Barbatana  D3. Criado mudou  D4. Guerra batalha  D5. Reza frevo[:en]&nbsp;  https:\/\/youtu.be\/LmNc3x4iqqw?si=mbNebACLqCqWwOLm  R3-002\u00a0- BaianaSystem\u00a0-\u00a0OXEAXEEXU  Foi BNeg\u00e3o quem soube descrever melhor essa entidade musical chamada BaianaSystem: \u201cDa m\u00fasica jamaicana vem a sabedoria das divis\u00f5es e dos graves de Seko Bass. Das antigas festas de largo, da tradi\u00e7\u00e3o fotogr\u00e1fica e da arquitetura moderna, vem os frames, m\u00e1scaras e tra\u00e7os de Filipe Cartaxo. Da mistura sem precedentes entre o toaster jamaicano e o samba do rec\u00f4ncavo baiano, vem o estilo inovador de Russo Passapusso e das tradi\u00e7\u00f5es da guitarra baiana (inventada pelos mestres Dod\u00f4 &amp; Osmar) em conjunto com uma forte influ\u00eancia africana, vem Roberto Barreto com suas linhas e riffs que d\u00e3o a identidade final e definitiva ao Baiana. Quatro cabe\u00e7as pensantes, \u00e0 servi\u00e7o da arte dan\u00e7ante\u201d.  &nbsp;  OXEAXEEXU, ainda o \u00e1lbum mais recente do BaianaSystem, foi resultado de uma experi\u00eancia iniciada em abril de 2020, quando o mundo mudou sua rota. O disco come\u00e7ou a ser conhecido em um 2 de fevereiro, festa de Yemanj\u00e1, com o lan\u00e7amento do single e do clipe de \u201cReza Forte\u201d. Na sequ\u00eancia pintaram tr\u00eas atos \u2013 Navio Pirata, Recital Instrumental e Am\u00e9rica do Sol \u2013 que agora se completa com a chegada da can\u00e7\u00e3o \u201cBrasiliana\u201d, formando um LP duplo de 21 faixas. A m\u00fasica tem a participa\u00e7\u00e3o especial de Chico C\u00e9sar, que mandou sua voz diretamente do Uruguai, e de Mintcho Garrammone diretamente da Argentina, afirmando ainda mais o car\u00e1ter afrolatino desta obra.  &nbsp;  Como est\u00e1 no site da banda \u201cA f\u00e9, a luta, a transforma\u00e7\u00e3o e a esperan\u00e7a nos unem como povos em busca dessa na\u00e7\u00e3o Brasiliana, e OXEAXEEXU \u00e9 um movimento nessa dire\u00e7\u00e3o\u201d.  &nbsp;  - LP duplo branco 180g - Capa empastada gatefold - Livreto com 16 p\u00e1ginas com fotos, letras, ficha t\u00e9cnica e texto. - Bandeira em tecido tamanho A4  Tracklist  LADO A  A1. Reza forte  A2. Raminho  A3. Dan\u00e7a de Airum\u00e3  A4. Corneteiro Lu\u00eds  A5. Brasiliana  LADO B  B1. Chap\u00e9u panam\u00e1  B2. Pachamama  B3. Capucha  B4. Oxe  B5. Vixe  B6. A vida \u00e9 curta pra viver depois  LADO C  C1. R\u00e1dio \u00c1frica (Instrumental)  C2. Nauliza  C3. Catraca  C4. O que n\u00e3o me destr\u00f3i me fortalece  C5. Monop\u00f3lio  LADO D  D1. Tubar\u00e3o  D2. Barbatana  D3. Criado mudou  D4. Guerra batalha  D5. Reza frevo[:]","og_url":"https:\/\/shopbrasil.vinyllandrecords.com\/produto\/baianasystem-oxeaxeexu-lp-duplo\/","og_site_name":"Vinyl Land Records","article_modified_time":"2026-01-25T14:33:30+00:00","og_image":[{"width":1024,"height":1001,"url":"https:\/\/shopbrasil.vinyllandrecords.com\/wp-content\/uploads\/2024\/03\/capa-baiana.jpeg","type":"image\/jpeg"}],"twitter_card":"summary_large_image","twitter_misc":{"Est. reading time":"1 minute"},"schema":{"@context":"https:\/\/schema.org","@graph":[{"@type":"WebPage","@id":"https:\/\/shopbrasil.vinyllandrecords.com\/produto\/baianasystem-oxeaxeexu-lp-duplo\/","url":"https:\/\/shopbrasil.vinyllandrecords.com\/produto\/baianasystem-oxeaxeexu-lp-duplo\/","name":"BaianaSystem\u00a0-\u00a0OXEAXEEXU (LP Duplo) - Vinyl Land Records","isPartOf":{"@id":"https:\/\/shopbrasil.vinyllandrecords.com\/#website"},"primaryImageOfPage":{"@id":"https:\/\/shopbrasil.vinyllandrecords.com\/produto\/baianasystem-oxeaxeexu-lp-duplo\/#primaryimage"},"image":{"@id":"https:\/\/shopbrasil.vinyllandrecords.com\/produto\/baianasystem-oxeaxeexu-lp-duplo\/#primaryimage"},"thumbnailUrl":"https:\/\/shopbrasil.vinyllandrecords.com\/wp-content\/uploads\/2024\/03\/capa-baiana.jpeg","datePublished":"2024-03-20T18:01:14+00:00","dateModified":"2026-01-25T14:33:30+00:00","breadcrumb":{"@id":"https:\/\/shopbrasil.vinyllandrecords.com\/produto\/baianasystem-oxeaxeexu-lp-duplo\/#breadcrumb"},"inLanguage":"en-US","potentialAction":[{"@type":"ReadAction","target":["https:\/\/shopbrasil.vinyllandrecords.com\/produto\/baianasystem-oxeaxeexu-lp-duplo\/"]}]},{"@type":"ImageObject","inLanguage":"en-US","@id":"https:\/\/shopbrasil.vinyllandrecords.com\/produto\/baianasystem-oxeaxeexu-lp-duplo\/#primaryimage","url":"https:\/\/shopbrasil.vinyllandrecords.com\/wp-content\/uploads\/2024\/03\/capa-baiana.jpeg","contentUrl":"https:\/\/shopbrasil.vinyllandrecords.com\/wp-content\/uploads\/2024\/03\/capa-baiana.jpeg","width":1024,"height":1001},{"@type":"BreadcrumbList","@id":"https:\/\/shopbrasil.vinyllandrecords.com\/produto\/baianasystem-oxeaxeexu-lp-duplo\/#breadcrumb","itemListElement":[{"@type":"ListItem","position":1,"name":"In\u00edcio","item":"https:\/\/shopbrasil.vinyllandrecords.com\/"},{"@type":"ListItem","position":2,"name":"Shops","item":"https:\/\/shopbrasil.vinyllandrecords.com\/shops\/"},{"@type":"ListItem","position":3,"name":"BaianaSystem\u00a0&#8211;\u00a0OXEAXEEXU (LP Duplo)"}]},{"@type":"WebSite","@id":"https:\/\/shopbrasil.vinyllandrecords.com\/#website","url":"https:\/\/shopbrasil.vinyllandrecords.com\/","name":"Vinyl Land Records","description":"ONLINE SHOP","potentialAction":[{"@type":"SearchAction","target":{"@type":"EntryPoint","urlTemplate":"https:\/\/shopbrasil.vinyllandrecords.com\/?s={search_term_string}"},"query-input":{"@type":"PropertyValueSpecification","valueRequired":true,"valueName":"search_term_string"}}],"inLanguage":"en-US"}]}},"_links":{"self":[{"href":"https:\/\/shopbrasil.vinyllandrecords.com\/en\/wp-json\/wp\/v2\/product\/69865","targetHints":{"allow":["GET"]}}],"collection":[{"href":"https:\/\/shopbrasil.vinyllandrecords.com\/en\/wp-json\/wp\/v2\/product"}],"about":[{"href":"https:\/\/shopbrasil.vinyllandrecords.com\/en\/wp-json\/wp\/v2\/types\/product"}],"wp:featuredmedia":[{"embeddable":true,"href":"https:\/\/shopbrasil.vinyllandrecords.com\/en\/wp-json\/wp\/v2\/media\/69867"}],"wp:attachment":[{"href":"https:\/\/shopbrasil.vinyllandrecords.com\/en\/wp-json\/wp\/v2\/media?parent=69865"}],"wp:term":[{"taxonomy":"product_brand","embeddable":true,"href":"https:\/\/shopbrasil.vinyllandrecords.com\/en\/wp-json\/wp\/v2\/product_brand?post=69865"},{"taxonomy":"product_cat","embeddable":true,"href":"https:\/\/shopbrasil.vinyllandrecords.com\/en\/wp-json\/wp\/v2\/product_cat?post=69865"},{"taxonomy":"product_tag","embeddable":true,"href":"https:\/\/shopbrasil.vinyllandrecords.com\/en\/wp-json\/wp\/v2\/product_tag?post=69865"}],"curies":[{"name":"wp","href":"https:\/\/api.w.org\/{rel}","templated":true}]}}