{"id":69879,"date":"2024-03-25T13:46:04","date_gmt":"2024-03-25T16:46:04","guid":{"rendered":"https:\/\/shopbrasil.vinyllandrecords.com\/?post_type=product&#038;p=69879"},"modified":"2024-09-19T11:54:45","modified_gmt":"2024-09-19T14:54:45","slug":"obmj-orquestra-brasileira-de-musica-jamaicana-maior","status":"publish","type":"product","link":"https:\/\/shopbrasil.vinyllandrecords.com\/en\/produto\/obmj-orquestra-brasileira-de-musica-jamaicana-maior\/","title":{"rendered":"OBMJ (Orquestra Brasileira de M\u00fasica Jamaicana) &#8211; Maior"},"content":{"rendered":"","protected":false},"excerpt":{"rendered":"<p>https:\/\/youtube.com\/playlist?list=OLAK5uy_mh94rIohax2VhsE818PVlQVVTbMjjRElg&amp;si=Y7H4e5TZAA8_HLn1<\/p>\n<p>MAIOR \u00e9 uma homenagem \u00e0 grandiosidade da vida. O novo \u00e1lbum da OBMJ, MAIOR, segue por uma trilha Latino Americana, com toques do Caribe, da m\u00fasica andina, da m\u00fasica mexicana, passando por Bel\u00e9m do Par\u00e1, pela Bahia, misturado ao Reggae e o Ska, nossos ritmos jamaicanos prediletos. Um trabalho autoral emocionante, sem deixar de promover aquele baile.<\/p>\n<p><strong>Ficha t\u00e9cnica<\/strong><\/p>\n<p>Sergio Soffiatti: guitarra e produ\u00e7\u00e3o musical | Felippe Pipeta: trompete | F\u00e1bio Luchs: bateria | Igor Thomaz: sax alto e bar\u00edtono | Otavio Nestares: trompete | Pedro Cunha: teclado | Fernando Bastos: sax tenor e flauta | Lincoln Bretha: baixo | Ruben Marley: trombone.<\/p>\n<table class=\"tracklist_3QGRS\">\n<tbody>\n<tr data-track-position=\"A1\">\n<td class=\"trackPos_2RCje\">A1<\/td>\n<td class=\"artist_3zAQD\"><\/td>\n<td class=\"trackTitle_CTKp4\"><span class=\"trackTitle_CTKp4\">Pachamama<\/span><\/td>\n<\/tr>\n<tr data-track-position=\"A2\">\n<td class=\"trackPos_2RCje\">A2<\/td>\n<td class=\"artist_3zAQD\"><\/td>\n<td class=\"trackTitle_CTKp4\"><span class=\"trackTitle_CTKp4\">Maior<\/span><\/td>\n<\/tr>\n<tr data-track-position=\"A3\">\n<td class=\"trackPos_2RCje\">A3<\/td>\n<td class=\"artist_3zAQD\"><\/td>\n<td class=\"trackTitle_CTKp4\"><span class=\"trackTitle_CTKp4\">Ramses<\/span><\/td>\n<\/tr>\n<tr data-track-position=\"A4\">\n<td class=\"trackPos_2RCje\">A4<\/td>\n<td class=\"artist_3zAQD\"><\/td>\n<td class=\"trackTitle_CTKp4\"><span class=\"trackTitle_CTKp4\">Coisa Del\u00edcia<\/span><\/td>\n<\/tr>\n<tr data-track-position=\"A5\">\n<td class=\"trackPos_2RCje\">A5<\/td>\n<td class=\"artist_3zAQD\"><\/td>\n<td class=\"trackTitle_CTKp4\"><span class=\"trackTitle_CTKp4\">Tarde em S\u00e3o Luis<\/span><\/td>\n<\/tr>\n<tr data-track-position=\"B1\">\n<td class=\"trackPos_2RCje\">B1<\/td>\n<td class=\"artist_3zAQD\"><\/td>\n<td class=\"trackTitle_CTKp4\"><span class=\"trackTitle_CTKp4\">Estrela Maior<\/span><\/td>\n<\/tr>\n<tr data-track-position=\"B2\">\n<td class=\"trackPos_2RCje\">B2<\/td>\n<td class=\"artist_3zAQD\"><\/td>\n<td class=\"trackTitle_CTKp4\"><span class=\"trackTitle_CTKp4\">Saudade<\/span><\/td>\n<\/tr>\n<tr data-track-position=\"B3\">\n<td class=\"trackPos_2RCje\">B3<\/td>\n<td class=\"artist_3zAQD\"><\/td>\n<td class=\"trackTitle_CTKp4\"><span class=\"trackTitle_CTKp4\">A Los Hermanos<\/span><\/td>\n<\/tr>\n<tr data-track-position=\"B4\">\n<td class=\"trackPos_2RCje\">B4<\/td>\n<td class=\"artist_3zAQD\"><\/td>\n<td class=\"trackTitle_CTKp4\"><span class=\"trackTitle_CTKp4\">Onde \u00e9 Que Vou Parar<\/span><\/td>\n<\/tr>\n<tr data-track-position=\"B5\">\n<td class=\"trackPos_2RCje\">B5<\/td>\n<td class=\"artist_3zAQD\"><\/td>\n<td class=\"trackTitle_CTKp4\"><span class=\"trackTitle_CTKp4\">Vai<\/span><\/td>\n<\/tr>\n<tr data-track-position=\"B6\">\n<td class=\"trackPos_2RCje\">B6<\/td>\n<td class=\"artist_3zAQD\"><\/td>\n<td class=\"trackTitle_CTKp4\"><span class=\"trackTitle_CTKp4\">Monfalcone 15<\/span><\/td>\n<\/tr>\n<\/tbody>\n<\/table>\n","protected":false},"featured_media":69880,"template":"","meta":[],"product_brand":[],"product_cat":[107,111,126],"product_tag":[],"class_list":{"0":"post-69879","1":"product","2":"type-product","3":"status-publish","4":"has-post-thumbnail","6":"product_cat-garimpo","7":"product_cat-destaque","8":"product_cat-disco-colorido","10":"first","11":"outofstock","12":"taxable","13":"shipping-taxable","14":"purchasable","15":"product-type-simple"},"yoast_head":"<!-- This site is optimized with the Yoast SEO plugin v27.3 - https:\/\/yoast.com\/product\/yoast-seo-wordpress\/ -->\n<title>OBMJ (Orquestra Brasileira de M\u00fasica Jamaicana) - Maior - Vinyl Land Records<\/title>\n<meta name=\"robots\" content=\"index, follow, max-snippet:-1, max-image-preview:large, max-video-preview:-1\" \/>\n<link rel=\"canonical\" href=\"https:\/\/shopbrasil.vinyllandrecords.com\/produto\/obmj-orquestra-brasileira-de-musica-jamaicana-maior\/\" \/>\n<meta property=\"og:locale\" content=\"en_US\" \/>\n<meta property=\"og:type\" content=\"article\" \/>\n<meta property=\"og:title\" content=\"OBMJ (Orquestra Brasileira de M\u00fasica Jamaicana) - Maior - Vinyl Land Records\" \/>\n<meta property=\"og:description\" content=\"[:pb]https:\/\/youtube.com\/playlist?list=OLAK5uy_mh94rIohax2VhsE818PVlQVVTbMjjRElg&amp;si=Y7H4e5TZAA8_HLn1  &nbsp;  MAIOR \u00e9 uma homenagem \u00e0 grandiosidade da vida. O novo \u00e1lbum da OBMJ, MAIOR, segue por uma trilha Latino Americana, com toques do Caribe, da m\u00fasica andina, da m\u00fasica mexicana, passando por Bel\u00e9m do Par\u00e1, pela Bahia, misturado ao Reggae e o Ska, nossos ritmos jamaicanos prediletos. Um trabalho autoral emocionante, sem deixar de promover aquele baile.  Ficha t\u00e9cnica  Sergio Soffiatti: guitarra e produ\u00e7\u00e3o musical | Felippe Pipeta: trompete | F\u00e1bio Luchs: bateria | Igor Thomaz: sax alto e bar\u00edtono | Otavio Nestares: trompete | Pedro Cunha: teclado | Fernando Bastos: sax tenor e flauta | Lincoln Bretha: baixo | Ruben Marley: trombone.    A1  Pachamama   A2  Maior   A3  Ramses   A4  Coisa Del\u00edcia   A5  Tarde em S\u00e3o Luis   B1  Estrela Maior   B2  Saudade   B3  A Los Hermanos   B4  Onde \u00e9 Que Vou Parar   B5  Vai   B6  Monfalcone 15   [:en]https:\/\/youtube.com\/playlist?list=OLAK5uy_mh94rIohax2VhsE818PVlQVVTbMjjRElg&amp;si=Y7H4e5TZAA8_HLn1  MAIOR \u00e9 uma homenagem \u00e0 grandiosidade da vida. O novo \u00e1lbum da OBMJ, MAIOR, segue por uma trilha Latino Americana, com toques do Caribe, da m\u00fasica andina, da m\u00fasica mexicana, passando por Bel\u00e9m do Par\u00e1, pela Bahia, misturado ao Reggae e o Ska, nossos ritmos jamaicanos prediletos. Um trabalho autoral emocionante, sem deixar de promover aquele baile.  Ficha t\u00e9cnica  Sergio Soffiatti: guitarra e produ\u00e7\u00e3o musical | Felippe Pipeta: trompete | F\u00e1bio Luchs: bateria | Igor Thomaz: sax alto e bar\u00edtono | Otavio Nestares: trompete | Pedro Cunha: teclado | Fernando Bastos: sax tenor e flauta | Lincoln Bretha: baixo | Ruben Marley: trombone.    A1  Pachamama   A2  Maior   A3  Ramses   A4  Coisa Del\u00edcia   A5  Tarde em S\u00e3o Luis   B1  Estrela Maior   B2  Saudade   B3  A Los Hermanos   B4  Onde \u00e9 Que Vou Parar   B5  Vai   B6  Monfalcone 15   [:]\" \/>\n<meta property=\"og:url\" content=\"https:\/\/shopbrasil.vinyllandrecords.com\/produto\/obmj-orquestra-brasileira-de-musica-jamaicana-maior\/\" \/>\n<meta property=\"og:site_name\" content=\"Vinyl Land Records\" \/>\n<meta property=\"article:modified_time\" content=\"2024-09-19T14:54:45+00:00\" \/>\n<meta property=\"og:image\" content=\"https:\/\/shopbrasil.vinyllandrecords.com\/wp-content\/uploads\/2024\/03\/obmj.jpeg\" \/>\n\t<meta property=\"og:image:width\" content=\"1200\" \/>\n\t<meta property=\"og:image:height\" content=\"1200\" \/>\n\t<meta property=\"og:image:type\" content=\"image\/jpeg\" \/>\n<meta name=\"twitter:card\" content=\"summary_large_image\" \/>\n<meta name=\"twitter:label1\" content=\"Est. reading time\" \/>\n\t<meta name=\"twitter:data1\" content=\"1 minute\" \/>\n<script type=\"application\/ld+json\" class=\"yoast-schema-graph\">{\"@context\":\"https:\\\/\\\/schema.org\",\"@graph\":[{\"@type\":\"WebPage\",\"@id\":\"https:\\\/\\\/shopbrasil.vinyllandrecords.com\\\/produto\\\/obmj-orquestra-brasileira-de-musica-jamaicana-maior\\\/\",\"url\":\"https:\\\/\\\/shopbrasil.vinyllandrecords.com\\\/produto\\\/obmj-orquestra-brasileira-de-musica-jamaicana-maior\\\/\",\"name\":\"OBMJ (Orquestra Brasileira de M\u00fasica Jamaicana) - Maior - Vinyl Land Records\",\"isPartOf\":{\"@id\":\"https:\\\/\\\/shopbrasil.vinyllandrecords.com\\\/#website\"},\"primaryImageOfPage\":{\"@id\":\"https:\\\/\\\/shopbrasil.vinyllandrecords.com\\\/produto\\\/obmj-orquestra-brasileira-de-musica-jamaicana-maior\\\/#primaryimage\"},\"image\":{\"@id\":\"https:\\\/\\\/shopbrasil.vinyllandrecords.com\\\/produto\\\/obmj-orquestra-brasileira-de-musica-jamaicana-maior\\\/#primaryimage\"},\"thumbnailUrl\":\"https:\\\/\\\/shopbrasil.vinyllandrecords.com\\\/wp-content\\\/uploads\\\/2024\\\/03\\\/obmj.jpeg\",\"datePublished\":\"2024-03-25T16:46:04+00:00\",\"dateModified\":\"2024-09-19T14:54:45+00:00\",\"breadcrumb\":{\"@id\":\"https:\\\/\\\/shopbrasil.vinyllandrecords.com\\\/produto\\\/obmj-orquestra-brasileira-de-musica-jamaicana-maior\\\/#breadcrumb\"},\"inLanguage\":\"en-US\",\"potentialAction\":[{\"@type\":\"ReadAction\",\"target\":[\"https:\\\/\\\/shopbrasil.vinyllandrecords.com\\\/produto\\\/obmj-orquestra-brasileira-de-musica-jamaicana-maior\\\/\"]}]},{\"@type\":\"ImageObject\",\"inLanguage\":\"en-US\",\"@id\":\"https:\\\/\\\/shopbrasil.vinyllandrecords.com\\\/produto\\\/obmj-orquestra-brasileira-de-musica-jamaicana-maior\\\/#primaryimage\",\"url\":\"https:\\\/\\\/shopbrasil.vinyllandrecords.com\\\/wp-content\\\/uploads\\\/2024\\\/03\\\/obmj.jpeg\",\"contentUrl\":\"https:\\\/\\\/shopbrasil.vinyllandrecords.com\\\/wp-content\\\/uploads\\\/2024\\\/03\\\/obmj.jpeg\",\"width\":1200,\"height\":1200},{\"@type\":\"BreadcrumbList\",\"@id\":\"https:\\\/\\\/shopbrasil.vinyllandrecords.com\\\/produto\\\/obmj-orquestra-brasileira-de-musica-jamaicana-maior\\\/#breadcrumb\",\"itemListElement\":[{\"@type\":\"ListItem\",\"position\":1,\"name\":\"In\u00edcio\",\"item\":\"https:\\\/\\\/shopbrasil.vinyllandrecords.com\\\/\"},{\"@type\":\"ListItem\",\"position\":2,\"name\":\"Shops\",\"item\":\"https:\\\/\\\/shopbrasil.vinyllandrecords.com\\\/shops\\\/\"},{\"@type\":\"ListItem\",\"position\":3,\"name\":\"OBMJ (Orquestra Brasileira de M\u00fasica Jamaicana) &#8211; Maior\"}]},{\"@type\":\"WebSite\",\"@id\":\"https:\\\/\\\/shopbrasil.vinyllandrecords.com\\\/#website\",\"url\":\"https:\\\/\\\/shopbrasil.vinyllandrecords.com\\\/\",\"name\":\"Vinyl Land Records\",\"description\":\"ONLINE SHOP\",\"potentialAction\":[{\"@type\":\"SearchAction\",\"target\":{\"@type\":\"EntryPoint\",\"urlTemplate\":\"https:\\\/\\\/shopbrasil.vinyllandrecords.com\\\/?s={search_term_string}\"},\"query-input\":{\"@type\":\"PropertyValueSpecification\",\"valueRequired\":true,\"valueName\":\"search_term_string\"}}],\"inLanguage\":\"en-US\"}]}<\/script>\n<!-- \/ Yoast SEO plugin. -->","yoast_head_json":{"title":"OBMJ (Orquestra Brasileira de M\u00fasica Jamaicana) - Maior - Vinyl Land Records","robots":{"index":"index","follow":"follow","max-snippet":"max-snippet:-1","max-image-preview":"max-image-preview:large","max-video-preview":"max-video-preview:-1"},"canonical":"https:\/\/shopbrasil.vinyllandrecords.com\/produto\/obmj-orquestra-brasileira-de-musica-jamaicana-maior\/","og_locale":"en_US","og_type":"article","og_title":"OBMJ (Orquestra Brasileira de M\u00fasica Jamaicana) - Maior - Vinyl Land Records","og_description":"[:pb]https:\/\/youtube.com\/playlist?list=OLAK5uy_mh94rIohax2VhsE818PVlQVVTbMjjRElg&amp;si=Y7H4e5TZAA8_HLn1  &nbsp;  MAIOR \u00e9 uma homenagem \u00e0 grandiosidade da vida. O novo \u00e1lbum da OBMJ, MAIOR, segue por uma trilha Latino Americana, com toques do Caribe, da m\u00fasica andina, da m\u00fasica mexicana, passando por Bel\u00e9m do Par\u00e1, pela Bahia, misturado ao Reggae e o Ska, nossos ritmos jamaicanos prediletos. Um trabalho autoral emocionante, sem deixar de promover aquele baile.  Ficha t\u00e9cnica  Sergio Soffiatti: guitarra e produ\u00e7\u00e3o musical | Felippe Pipeta: trompete | F\u00e1bio Luchs: bateria | Igor Thomaz: sax alto e bar\u00edtono | Otavio Nestares: trompete | Pedro Cunha: teclado | Fernando Bastos: sax tenor e flauta | Lincoln Bretha: baixo | Ruben Marley: trombone.    A1  Pachamama   A2  Maior   A3  Ramses   A4  Coisa Del\u00edcia   A5  Tarde em S\u00e3o Luis   B1  Estrela Maior   B2  Saudade   B3  A Los Hermanos   B4  Onde \u00e9 Que Vou Parar   B5  Vai   B6  Monfalcone 15   [:en]https:\/\/youtube.com\/playlist?list=OLAK5uy_mh94rIohax2VhsE818PVlQVVTbMjjRElg&amp;si=Y7H4e5TZAA8_HLn1  MAIOR \u00e9 uma homenagem \u00e0 grandiosidade da vida. O novo \u00e1lbum da OBMJ, MAIOR, segue por uma trilha Latino Americana, com toques do Caribe, da m\u00fasica andina, da m\u00fasica mexicana, passando por Bel\u00e9m do Par\u00e1, pela Bahia, misturado ao Reggae e o Ska, nossos ritmos jamaicanos prediletos. Um trabalho autoral emocionante, sem deixar de promover aquele baile.  Ficha t\u00e9cnica  Sergio Soffiatti: guitarra e produ\u00e7\u00e3o musical | Felippe Pipeta: trompete | F\u00e1bio Luchs: bateria | Igor Thomaz: sax alto e bar\u00edtono | Otavio Nestares: trompete | Pedro Cunha: teclado | Fernando Bastos: sax tenor e flauta | Lincoln Bretha: baixo | Ruben Marley: trombone.    A1  Pachamama   A2  Maior   A3  Ramses   A4  Coisa Del\u00edcia   A5  Tarde em S\u00e3o Luis   B1  Estrela Maior   B2  Saudade   B3  A Los Hermanos   B4  Onde \u00e9 Que Vou Parar   B5  Vai   B6  Monfalcone 15   [:]","og_url":"https:\/\/shopbrasil.vinyllandrecords.com\/produto\/obmj-orquestra-brasileira-de-musica-jamaicana-maior\/","og_site_name":"Vinyl Land Records","article_modified_time":"2024-09-19T14:54:45+00:00","og_image":[{"width":1200,"height":1200,"url":"https:\/\/shopbrasil.vinyllandrecords.com\/wp-content\/uploads\/2024\/03\/obmj.jpeg","type":"image\/jpeg"}],"twitter_card":"summary_large_image","twitter_misc":{"Est. reading time":"1 minute"},"schema":{"@context":"https:\/\/schema.org","@graph":[{"@type":"WebPage","@id":"https:\/\/shopbrasil.vinyllandrecords.com\/produto\/obmj-orquestra-brasileira-de-musica-jamaicana-maior\/","url":"https:\/\/shopbrasil.vinyllandrecords.com\/produto\/obmj-orquestra-brasileira-de-musica-jamaicana-maior\/","name":"OBMJ (Orquestra Brasileira de M\u00fasica Jamaicana) - Maior - Vinyl Land Records","isPartOf":{"@id":"https:\/\/shopbrasil.vinyllandrecords.com\/#website"},"primaryImageOfPage":{"@id":"https:\/\/shopbrasil.vinyllandrecords.com\/produto\/obmj-orquestra-brasileira-de-musica-jamaicana-maior\/#primaryimage"},"image":{"@id":"https:\/\/shopbrasil.vinyllandrecords.com\/produto\/obmj-orquestra-brasileira-de-musica-jamaicana-maior\/#primaryimage"},"thumbnailUrl":"https:\/\/shopbrasil.vinyllandrecords.com\/wp-content\/uploads\/2024\/03\/obmj.jpeg","datePublished":"2024-03-25T16:46:04+00:00","dateModified":"2024-09-19T14:54:45+00:00","breadcrumb":{"@id":"https:\/\/shopbrasil.vinyllandrecords.com\/produto\/obmj-orquestra-brasileira-de-musica-jamaicana-maior\/#breadcrumb"},"inLanguage":"en-US","potentialAction":[{"@type":"ReadAction","target":["https:\/\/shopbrasil.vinyllandrecords.com\/produto\/obmj-orquestra-brasileira-de-musica-jamaicana-maior\/"]}]},{"@type":"ImageObject","inLanguage":"en-US","@id":"https:\/\/shopbrasil.vinyllandrecords.com\/produto\/obmj-orquestra-brasileira-de-musica-jamaicana-maior\/#primaryimage","url":"https:\/\/shopbrasil.vinyllandrecords.com\/wp-content\/uploads\/2024\/03\/obmj.jpeg","contentUrl":"https:\/\/shopbrasil.vinyllandrecords.com\/wp-content\/uploads\/2024\/03\/obmj.jpeg","width":1200,"height":1200},{"@type":"BreadcrumbList","@id":"https:\/\/shopbrasil.vinyllandrecords.com\/produto\/obmj-orquestra-brasileira-de-musica-jamaicana-maior\/#breadcrumb","itemListElement":[{"@type":"ListItem","position":1,"name":"In\u00edcio","item":"https:\/\/shopbrasil.vinyllandrecords.com\/"},{"@type":"ListItem","position":2,"name":"Shops","item":"https:\/\/shopbrasil.vinyllandrecords.com\/shops\/"},{"@type":"ListItem","position":3,"name":"OBMJ (Orquestra Brasileira de M\u00fasica Jamaicana) &#8211; Maior"}]},{"@type":"WebSite","@id":"https:\/\/shopbrasil.vinyllandrecords.com\/#website","url":"https:\/\/shopbrasil.vinyllandrecords.com\/","name":"Vinyl Land Records","description":"ONLINE SHOP","potentialAction":[{"@type":"SearchAction","target":{"@type":"EntryPoint","urlTemplate":"https:\/\/shopbrasil.vinyllandrecords.com\/?s={search_term_string}"},"query-input":{"@type":"PropertyValueSpecification","valueRequired":true,"valueName":"search_term_string"}}],"inLanguage":"en-US"}]}},"_links":{"self":[{"href":"https:\/\/shopbrasil.vinyllandrecords.com\/en\/wp-json\/wp\/v2\/product\/69879","targetHints":{"allow":["GET"]}}],"collection":[{"href":"https:\/\/shopbrasil.vinyllandrecords.com\/en\/wp-json\/wp\/v2\/product"}],"about":[{"href":"https:\/\/shopbrasil.vinyllandrecords.com\/en\/wp-json\/wp\/v2\/types\/product"}],"wp:featuredmedia":[{"embeddable":true,"href":"https:\/\/shopbrasil.vinyllandrecords.com\/en\/wp-json\/wp\/v2\/media\/69880"}],"wp:attachment":[{"href":"https:\/\/shopbrasil.vinyllandrecords.com\/en\/wp-json\/wp\/v2\/media?parent=69879"}],"wp:term":[{"taxonomy":"product_brand","embeddable":true,"href":"https:\/\/shopbrasil.vinyllandrecords.com\/en\/wp-json\/wp\/v2\/product_brand?post=69879"},{"taxonomy":"product_cat","embeddable":true,"href":"https:\/\/shopbrasil.vinyllandrecords.com\/en\/wp-json\/wp\/v2\/product_cat?post=69879"},{"taxonomy":"product_tag","embeddable":true,"href":"https:\/\/shopbrasil.vinyllandrecords.com\/en\/wp-json\/wp\/v2\/product_tag?post=69879"}],"curies":[{"name":"wp","href":"https:\/\/api.w.org\/{rel}","templated":true}]}}