{"id":69881,"date":"2024-03-25T13:53:39","date_gmt":"2024-03-25T16:53:39","guid":{"rendered":"https:\/\/shopbrasil.vinyllandrecords.com\/?post_type=product&#038;p=69881"},"modified":"2025-04-03T13:27:03","modified_gmt":"2025-04-03T16:27:03","slug":"dj-tahira-minhas-versoes","status":"publish","type":"product","link":"https:\/\/shopbrasil.vinyllandrecords.com\/en\/produto\/dj-tahira-minhas-versoes\/","title":{"rendered":"Dj Tahira &#8211; Minhas Vers\u00f5es"},"content":{"rendered":"","protected":false},"excerpt":{"rendered":"<p>https:\/\/soundcloud.com\/tahira\/sets\/dj-tahira-minhas-versoes?utm_source=clipboard&amp;utm_campaign=wtshare&amp;utm_medium=widget&amp;utm_content=https%253A%252F%252Fsoundcloud.com%252Ftahira%252Fsets%252Fdj-tahira-minhas-versoes<\/p>\n<p>A fantastic set of remixes\/edits by\u00a0S\u00e3o Paulo&#8217;s\u00a0DJ Tahira, highly recommended!!<\/p>\n<p>Lado A<br \/>\n1. Luedji Luna \u2013 Banho de Folhas (Tahira Maculele Edit)<br \/>\n2. Mundo Livre S.A. + Pedrosa DJ \u2013 Meu Esquema (Tahira Rework)<br \/>\n3. Latinaotearoa \u2013 Chi Chi Cha Cha (Tahira Remix feat. Ully Costa)<\/p>\n<p>Lado B<br \/>\n1. Captain Planet, Zuzuka Poderosa, Raphael Futura \u2013 Moqueca (Tahira Remix)<br \/>\n2. Leticia Fialho \u2013 Corpo e Can\u00e7\u00e3o (Tahira Edit)<br \/>\n3. Edground \u2013 Iroke (Tahira Sambajazz Instrumental)<\/p>\n","protected":false},"featured_media":69882,"template":"","meta":[],"product_brand":[],"product_cat":[107,111,118,97],"product_tag":[],"class_list":{"0":"post-69881","1":"product","2":"type-product","3":"status-publish","4":"has-post-thumbnail","6":"product_cat-garimpo","7":"product_cat-destaque","8":"product_cat-importado","9":"product_cat-lp","11":"first","12":"outofstock","13":"taxable","14":"shipping-taxable","15":"purchasable","16":"product-type-simple"},"yoast_head":"<!-- This site is optimized with the Yoast SEO plugin v27.4 - https:\/\/yoast.com\/product\/yoast-seo-wordpress\/ -->\n<title>Dj Tahira - Minhas Vers\u00f5es - Vinyl Land Records<\/title>\n<meta name=\"robots\" content=\"index, follow, max-snippet:-1, max-image-preview:large, max-video-preview:-1\" \/>\n<link rel=\"canonical\" href=\"https:\/\/shopbrasil.vinyllandrecords.com\/produto\/dj-tahira-minhas-versoes\/\" \/>\n<meta property=\"og:locale\" content=\"en_US\" \/>\n<meta property=\"og:type\" content=\"article\" \/>\n<meta property=\"og:title\" content=\"Dj Tahira - Minhas Vers\u00f5es - Vinyl Land Records\" \/>\n<meta property=\"og:description\" content=\"[:pb]https:\/\/soundcloud.com\/tahira\/sets\/dj-tahira-minhas-versoes?utm_source=clipboard&amp;utm_campaign=wtshare&amp;utm_medium=widget&amp;utm_content=https%253A%252F%252Fsoundcloud.com%252Ftahira%252Fsets%252Fdj-tahira-minhas-versoes  Seleta de excelentes remixes do Dj paulistano Tahira, mestre e refer\u00eancia do g\u00eanero! Disco importado, pouqu\u00edssimas c\u00f3pias.  Lado A 1. Luedji Luna \u2013 Banho de Folhas (Tahira Maculele Edit) 2. Mundo Livre S.A. + Pedrosa DJ \u2013 Meu Esquema (Tahira Rework) 3. Latinaotearoa \u2013 Chi Chi Cha Cha (Tahira Remix feat. Ully Costa)  Lado B 1. Captain Planet, Zuzuka Poderosa, Raphael Futura \u2013 Moqueca (Tahira Remix) 2. Leticia Fialho \u2013 Corpo e Can\u00e7\u00e3o (Tahira Edit) 3. Edground \u2013 Iroke (Tahira Sambajazz Instrumental)[:en]https:\/\/soundcloud.com\/tahira\/sets\/dj-tahira-minhas-versoes?utm_source=clipboard&amp;utm_campaign=wtshare&amp;utm_medium=widget&amp;utm_content=https%253A%252F%252Fsoundcloud.com%252Ftahira%252Fsets%252Fdj-tahira-minhas-versoes  A fantastic set of remixes\/edits by\u00a0S\u00e3o Paulo&#039;s\u00a0DJ Tahira, highly recommended!!  Lado A 1. Luedji Luna \u2013 Banho de Folhas (Tahira Maculele Edit) 2. Mundo Livre S.A. + Pedrosa DJ \u2013 Meu Esquema (Tahira Rework) 3. Latinaotearoa \u2013 Chi Chi Cha Cha (Tahira Remix feat. Ully Costa)  Lado B 1. Captain Planet, Zuzuka Poderosa, Raphael Futura \u2013 Moqueca (Tahira Remix) 2. Leticia Fialho \u2013 Corpo e Can\u00e7\u00e3o (Tahira Edit) 3. Edground \u2013 Iroke (Tahira Sambajazz Instrumental)[:]\" \/>\n<meta property=\"og:url\" content=\"https:\/\/shopbrasil.vinyllandrecords.com\/produto\/dj-tahira-minhas-versoes\/\" \/>\n<meta property=\"og:site_name\" content=\"Vinyl Land Records\" \/>\n<meta property=\"article:modified_time\" content=\"2025-04-03T16:27:03+00:00\" \/>\n<meta property=\"og:image\" content=\"https:\/\/shopbrasil.vinyllandrecords.com\/wp-content\/uploads\/2024\/03\/tahira.jpeg\" \/>\n\t<meta property=\"og:image:width\" content=\"1280\" \/>\n\t<meta property=\"og:image:height\" content=\"1280\" \/>\n\t<meta property=\"og:image:type\" content=\"image\/jpeg\" \/>\n<meta name=\"twitter:card\" content=\"summary_large_image\" \/>\n<meta name=\"twitter:label1\" content=\"Est. reading time\" \/>\n\t<meta name=\"twitter:data1\" content=\"1 minute\" \/>\n<script type=\"application\/ld+json\" class=\"yoast-schema-graph\">{\"@context\":\"https:\\\/\\\/schema.org\",\"@graph\":[{\"@type\":\"WebPage\",\"@id\":\"https:\\\/\\\/shopbrasil.vinyllandrecords.com\\\/produto\\\/dj-tahira-minhas-versoes\\\/\",\"url\":\"https:\\\/\\\/shopbrasil.vinyllandrecords.com\\\/produto\\\/dj-tahira-minhas-versoes\\\/\",\"name\":\"Dj Tahira - Minhas Vers\u00f5es - Vinyl Land Records\",\"isPartOf\":{\"@id\":\"https:\\\/\\\/shopbrasil.vinyllandrecords.com\\\/#website\"},\"primaryImageOfPage\":{\"@id\":\"https:\\\/\\\/shopbrasil.vinyllandrecords.com\\\/produto\\\/dj-tahira-minhas-versoes\\\/#primaryimage\"},\"image\":{\"@id\":\"https:\\\/\\\/shopbrasil.vinyllandrecords.com\\\/produto\\\/dj-tahira-minhas-versoes\\\/#primaryimage\"},\"thumbnailUrl\":\"https:\\\/\\\/shopbrasil.vinyllandrecords.com\\\/wp-content\\\/uploads\\\/2024\\\/03\\\/tahira.jpeg\",\"datePublished\":\"2024-03-25T16:53:39+00:00\",\"dateModified\":\"2025-04-03T16:27:03+00:00\",\"breadcrumb\":{\"@id\":\"https:\\\/\\\/shopbrasil.vinyllandrecords.com\\\/produto\\\/dj-tahira-minhas-versoes\\\/#breadcrumb\"},\"inLanguage\":\"en-US\",\"potentialAction\":[{\"@type\":\"ReadAction\",\"target\":[\"https:\\\/\\\/shopbrasil.vinyllandrecords.com\\\/produto\\\/dj-tahira-minhas-versoes\\\/\"]}]},{\"@type\":\"ImageObject\",\"inLanguage\":\"en-US\",\"@id\":\"https:\\\/\\\/shopbrasil.vinyllandrecords.com\\\/produto\\\/dj-tahira-minhas-versoes\\\/#primaryimage\",\"url\":\"https:\\\/\\\/shopbrasil.vinyllandrecords.com\\\/wp-content\\\/uploads\\\/2024\\\/03\\\/tahira.jpeg\",\"contentUrl\":\"https:\\\/\\\/shopbrasil.vinyllandrecords.com\\\/wp-content\\\/uploads\\\/2024\\\/03\\\/tahira.jpeg\",\"width\":1280,\"height\":1280},{\"@type\":\"BreadcrumbList\",\"@id\":\"https:\\\/\\\/shopbrasil.vinyllandrecords.com\\\/produto\\\/dj-tahira-minhas-versoes\\\/#breadcrumb\",\"itemListElement\":[{\"@type\":\"ListItem\",\"position\":1,\"name\":\"In\u00edcio\",\"item\":\"https:\\\/\\\/shopbrasil.vinyllandrecords.com\\\/\"},{\"@type\":\"ListItem\",\"position\":2,\"name\":\"Shops\",\"item\":\"https:\\\/\\\/shopbrasil.vinyllandrecords.com\\\/shops\\\/\"},{\"@type\":\"ListItem\",\"position\":3,\"name\":\"Dj Tahira &#8211; Minhas Vers\u00f5es\"}]},{\"@type\":\"WebSite\",\"@id\":\"https:\\\/\\\/shopbrasil.vinyllandrecords.com\\\/#website\",\"url\":\"https:\\\/\\\/shopbrasil.vinyllandrecords.com\\\/\",\"name\":\"Vinyl Land Records\",\"description\":\"ONLINE SHOP\",\"potentialAction\":[{\"@type\":\"SearchAction\",\"target\":{\"@type\":\"EntryPoint\",\"urlTemplate\":\"https:\\\/\\\/shopbrasil.vinyllandrecords.com\\\/?s={search_term_string}\"},\"query-input\":{\"@type\":\"PropertyValueSpecification\",\"valueRequired\":true,\"valueName\":\"search_term_string\"}}],\"inLanguage\":\"en-US\"}]}<\/script>\n<!-- \/ Yoast SEO plugin. -->","yoast_head_json":{"title":"Dj Tahira - Minhas Vers\u00f5es - Vinyl Land Records","robots":{"index":"index","follow":"follow","max-snippet":"max-snippet:-1","max-image-preview":"max-image-preview:large","max-video-preview":"max-video-preview:-1"},"canonical":"https:\/\/shopbrasil.vinyllandrecords.com\/produto\/dj-tahira-minhas-versoes\/","og_locale":"en_US","og_type":"article","og_title":"Dj Tahira - Minhas Vers\u00f5es - Vinyl Land Records","og_description":"[:pb]https:\/\/soundcloud.com\/tahira\/sets\/dj-tahira-minhas-versoes?utm_source=clipboard&amp;utm_campaign=wtshare&amp;utm_medium=widget&amp;utm_content=https%253A%252F%252Fsoundcloud.com%252Ftahira%252Fsets%252Fdj-tahira-minhas-versoes  Seleta de excelentes remixes do Dj paulistano Tahira, mestre e refer\u00eancia do g\u00eanero! Disco importado, pouqu\u00edssimas c\u00f3pias.  Lado A 1. Luedji Luna \u2013 Banho de Folhas (Tahira Maculele Edit) 2. Mundo Livre S.A. + Pedrosa DJ \u2013 Meu Esquema (Tahira Rework) 3. Latinaotearoa \u2013 Chi Chi Cha Cha (Tahira Remix feat. Ully Costa)  Lado B 1. Captain Planet, Zuzuka Poderosa, Raphael Futura \u2013 Moqueca (Tahira Remix) 2. Leticia Fialho \u2013 Corpo e Can\u00e7\u00e3o (Tahira Edit) 3. Edground \u2013 Iroke (Tahira Sambajazz Instrumental)[:en]https:\/\/soundcloud.com\/tahira\/sets\/dj-tahira-minhas-versoes?utm_source=clipboard&amp;utm_campaign=wtshare&amp;utm_medium=widget&amp;utm_content=https%253A%252F%252Fsoundcloud.com%252Ftahira%252Fsets%252Fdj-tahira-minhas-versoes  A fantastic set of remixes\/edits by\u00a0S\u00e3o Paulo's\u00a0DJ Tahira, highly recommended!!  Lado A 1. Luedji Luna \u2013 Banho de Folhas (Tahira Maculele Edit) 2. Mundo Livre S.A. + Pedrosa DJ \u2013 Meu Esquema (Tahira Rework) 3. Latinaotearoa \u2013 Chi Chi Cha Cha (Tahira Remix feat. Ully Costa)  Lado B 1. Captain Planet, Zuzuka Poderosa, Raphael Futura \u2013 Moqueca (Tahira Remix) 2. Leticia Fialho \u2013 Corpo e Can\u00e7\u00e3o (Tahira Edit) 3. Edground \u2013 Iroke (Tahira Sambajazz Instrumental)[:]","og_url":"https:\/\/shopbrasil.vinyllandrecords.com\/produto\/dj-tahira-minhas-versoes\/","og_site_name":"Vinyl Land Records","article_modified_time":"2025-04-03T16:27:03+00:00","og_image":[{"width":1280,"height":1280,"url":"https:\/\/shopbrasil.vinyllandrecords.com\/wp-content\/uploads\/2024\/03\/tahira.jpeg","type":"image\/jpeg"}],"twitter_card":"summary_large_image","twitter_misc":{"Est. reading time":"1 minute"},"schema":{"@context":"https:\/\/schema.org","@graph":[{"@type":"WebPage","@id":"https:\/\/shopbrasil.vinyllandrecords.com\/produto\/dj-tahira-minhas-versoes\/","url":"https:\/\/shopbrasil.vinyllandrecords.com\/produto\/dj-tahira-minhas-versoes\/","name":"Dj Tahira - Minhas Vers\u00f5es - Vinyl Land Records","isPartOf":{"@id":"https:\/\/shopbrasil.vinyllandrecords.com\/#website"},"primaryImageOfPage":{"@id":"https:\/\/shopbrasil.vinyllandrecords.com\/produto\/dj-tahira-minhas-versoes\/#primaryimage"},"image":{"@id":"https:\/\/shopbrasil.vinyllandrecords.com\/produto\/dj-tahira-minhas-versoes\/#primaryimage"},"thumbnailUrl":"https:\/\/shopbrasil.vinyllandrecords.com\/wp-content\/uploads\/2024\/03\/tahira.jpeg","datePublished":"2024-03-25T16:53:39+00:00","dateModified":"2025-04-03T16:27:03+00:00","breadcrumb":{"@id":"https:\/\/shopbrasil.vinyllandrecords.com\/produto\/dj-tahira-minhas-versoes\/#breadcrumb"},"inLanguage":"en-US","potentialAction":[{"@type":"ReadAction","target":["https:\/\/shopbrasil.vinyllandrecords.com\/produto\/dj-tahira-minhas-versoes\/"]}]},{"@type":"ImageObject","inLanguage":"en-US","@id":"https:\/\/shopbrasil.vinyllandrecords.com\/produto\/dj-tahira-minhas-versoes\/#primaryimage","url":"https:\/\/shopbrasil.vinyllandrecords.com\/wp-content\/uploads\/2024\/03\/tahira.jpeg","contentUrl":"https:\/\/shopbrasil.vinyllandrecords.com\/wp-content\/uploads\/2024\/03\/tahira.jpeg","width":1280,"height":1280},{"@type":"BreadcrumbList","@id":"https:\/\/shopbrasil.vinyllandrecords.com\/produto\/dj-tahira-minhas-versoes\/#breadcrumb","itemListElement":[{"@type":"ListItem","position":1,"name":"In\u00edcio","item":"https:\/\/shopbrasil.vinyllandrecords.com\/"},{"@type":"ListItem","position":2,"name":"Shops","item":"https:\/\/shopbrasil.vinyllandrecords.com\/shops\/"},{"@type":"ListItem","position":3,"name":"Dj Tahira &#8211; Minhas Vers\u00f5es"}]},{"@type":"WebSite","@id":"https:\/\/shopbrasil.vinyllandrecords.com\/#website","url":"https:\/\/shopbrasil.vinyllandrecords.com\/","name":"Vinyl Land Records","description":"ONLINE SHOP","potentialAction":[{"@type":"SearchAction","target":{"@type":"EntryPoint","urlTemplate":"https:\/\/shopbrasil.vinyllandrecords.com\/?s={search_term_string}"},"query-input":{"@type":"PropertyValueSpecification","valueRequired":true,"valueName":"search_term_string"}}],"inLanguage":"en-US"}]}},"_links":{"self":[{"href":"https:\/\/shopbrasil.vinyllandrecords.com\/en\/wp-json\/wp\/v2\/product\/69881","targetHints":{"allow":["GET"]}}],"collection":[{"href":"https:\/\/shopbrasil.vinyllandrecords.com\/en\/wp-json\/wp\/v2\/product"}],"about":[{"href":"https:\/\/shopbrasil.vinyllandrecords.com\/en\/wp-json\/wp\/v2\/types\/product"}],"wp:featuredmedia":[{"embeddable":true,"href":"https:\/\/shopbrasil.vinyllandrecords.com\/en\/wp-json\/wp\/v2\/media\/69882"}],"wp:attachment":[{"href":"https:\/\/shopbrasil.vinyllandrecords.com\/en\/wp-json\/wp\/v2\/media?parent=69881"}],"wp:term":[{"taxonomy":"product_brand","embeddable":true,"href":"https:\/\/shopbrasil.vinyllandrecords.com\/en\/wp-json\/wp\/v2\/product_brand?post=69881"},{"taxonomy":"product_cat","embeddable":true,"href":"https:\/\/shopbrasil.vinyllandrecords.com\/en\/wp-json\/wp\/v2\/product_cat?post=69881"},{"taxonomy":"product_tag","embeddable":true,"href":"https:\/\/shopbrasil.vinyllandrecords.com\/en\/wp-json\/wp\/v2\/product_tag?post=69881"}],"curies":[{"name":"wp","href":"https:\/\/api.w.org\/{rel}","templated":true}]}}