{"id":69904,"date":"2024-06-14T11:53:20","date_gmt":"2024-06-14T14:53:20","guid":{"rendered":"https:\/\/shopbrasil.vinyllandrecords.com\/?post_type=product&#038;p=69904"},"modified":"2025-02-25T03:51:39","modified_gmt":"2025-02-25T06:51:39","slug":"julia-mestre-arrepiada","status":"publish","type":"product","link":"https:\/\/shopbrasil.vinyllandrecords.com\/en\/produto\/julia-mestre-arrepiada\/","title":{"rendered":"Julia Mestre \u2013 ARREPIADA"},"content":{"rendered":"","protected":false},"excerpt":{"rendered":"<p>https:\/\/youtu.be\/0yz7jBLJwu4?si=zG5L5FZLY5sPmki2<\/p>\n<p>ARREPIADA \u00e9 um lan\u00e7amento Romaria Discos &amp; Amigues do Vinil. LP vermelho remasterizado com encarte duplo e faixa b\u00f4nus<\/p>\n<p>ARREPIADA, que rompe com movimentos anteriores na carreira da artista de 27 anos, \u00e9 marcado por sonoridade saudosista, numa dualidade entre o dan\u00e7ante e o reflexivo. Da MPB ao pop-rock, o \u00e1lbum transita com fluidez entre diversas tem\u00e1ticas, passando pelo suor das pistas de dan\u00e7a (\u201cArrepiada\u201d, \u201cMeu Para\u00edso\u201d), o calor das paix\u00f5es de ver\u00e3o (\u201cChuva de Caju\u201d, \u201cMenino Bonito\u201d), miragens da juventude (\u201cSonhos &amp; Ilus\u00f5es\u201d), a magia da maternidade (\u201cDe Toda M\u00e3e\u201d) e o mist\u00e9rio da morte (\u201cDeusa Inebriante\u201d).<\/p>\n<p>Segundo disco solo da trajet\u00f3ria da tamb\u00e9m atriz, ARREPIADA coleciona composi\u00e7\u00f5es autorais em parceria com Jo\u00e3o Gil, dos Gilsons, e Ana Caetano, do ANAVIT\u00d3RIA, al\u00e9m de um dueto com a cantora portuguesa MARO. O disco, o quarto a ser assinado pelos produtores Lux Ferreira e Tom\u00e1s Tr\u00f3ia, caminha para a marca de 2 milh\u00f5es de reprodu\u00e7\u00f5es apenas no Spotify.<\/p>\n","protected":false},"featured_media":69906,"template":"","meta":[],"product_brand":[],"product_cat":[107,111,145,150],"product_tag":[],"class_list":{"0":"post-69904","1":"product","2":"type-product","3":"status-publish","4":"has-post-thumbnail","6":"product_cat-garimpo","7":"product_cat-destaque","8":"product_cat-amigues-do-vinil","9":"product_cat-romaria-discos","11":"first","12":"instock","13":"taxable","14":"shipping-taxable","15":"purchasable","16":"product-type-simple"},"yoast_head":"<!-- This site is optimized with the Yoast SEO plugin v27.4 - https:\/\/yoast.com\/product\/yoast-seo-wordpress\/ -->\n<title>Julia Mestre \u2013 ARREPIADA - Vinyl Land Records<\/title>\n<meta name=\"robots\" content=\"index, follow, max-snippet:-1, max-image-preview:large, max-video-preview:-1\" \/>\n<link rel=\"canonical\" href=\"https:\/\/shopbrasil.vinyllandrecords.com\/produto\/julia-mestre-arrepiada\/\" \/>\n<meta property=\"og:locale\" content=\"en_US\" \/>\n<meta property=\"og:type\" content=\"article\" \/>\n<meta property=\"og:title\" content=\"Julia Mestre \u2013 ARREPIADA - Vinyl Land Records\" \/>\n<meta property=\"og:description\" content=\"https:\/\/youtu.be\/0yz7jBLJwu4?si=zG5L5FZLY5sPmki2  ARREPIADA \u00e9 um lan\u00e7amento Romaria Discos &amp; Amigues do Vinil. LP vermelho remasterizado com encarte duplo e faixa b\u00f4nus  ARREPIADA, que rompe com movimentos anteriores na carreira da artista de 27 anos, \u00e9 marcado por sonoridade saudosista, numa dualidade entre o dan\u00e7ante e o reflexivo. Da MPB ao pop-rock, o \u00e1lbum transita com fluidez entre diversas tem\u00e1ticas, passando pelo suor das pistas de dan\u00e7a (\u201cArrepiada\u201d, \u201cMeu Para\u00edso\u201d), o calor das paix\u00f5es de ver\u00e3o (\u201cChuva de Caju\u201d, \u201cMenino Bonito\u201d), miragens da juventude (\u201cSonhos &amp; Ilus\u00f5es\u201d), a magia da maternidade (\u201cDe Toda M\u00e3e\u201d) e o mist\u00e9rio da morte (\u201cDeusa Inebriante\u201d).  Segundo disco solo da trajet\u00f3ria da tamb\u00e9m atriz, ARREPIADA coleciona composi\u00e7\u00f5es autorais em parceria com Jo\u00e3o Gil, dos Gilsons, e Ana Caetano, do ANAVIT\u00d3RIA, al\u00e9m de um dueto com a cantora portuguesa MARO. O disco, o quarto a ser assinado pelos produtores Lux Ferreira e Tom\u00e1s Tr\u00f3ia, caminha para a marca de 2 milh\u00f5es de reprodu\u00e7\u00f5es apenas no Spotify.\" \/>\n<meta property=\"og:url\" content=\"https:\/\/shopbrasil.vinyllandrecords.com\/produto\/julia-mestre-arrepiada\/\" \/>\n<meta property=\"og:site_name\" content=\"Vinyl Land Records\" \/>\n<meta property=\"article:modified_time\" content=\"2025-02-25T06:51:39+00:00\" \/>\n<meta property=\"og:image\" content=\"https:\/\/shopbrasil.vinyllandrecords.com\/wp-content\/uploads\/2024\/06\/julia.jpeg\" \/>\n\t<meta property=\"og:image:width\" content=\"225\" \/>\n\t<meta property=\"og:image:height\" content=\"225\" \/>\n\t<meta property=\"og:image:type\" content=\"image\/jpeg\" \/>\n<meta name=\"twitter:card\" content=\"summary_large_image\" \/>\n<meta name=\"twitter:label1\" content=\"Est. reading time\" \/>\n\t<meta name=\"twitter:data1\" content=\"1 minute\" \/>\n<script type=\"application\/ld+json\" class=\"yoast-schema-graph\">{\"@context\":\"https:\\\/\\\/schema.org\",\"@graph\":[{\"@type\":\"WebPage\",\"@id\":\"https:\\\/\\\/shopbrasil.vinyllandrecords.com\\\/produto\\\/julia-mestre-arrepiada\\\/\",\"url\":\"https:\\\/\\\/shopbrasil.vinyllandrecords.com\\\/produto\\\/julia-mestre-arrepiada\\\/\",\"name\":\"Julia Mestre \u2013 ARREPIADA - Vinyl Land Records\",\"isPartOf\":{\"@id\":\"https:\\\/\\\/shopbrasil.vinyllandrecords.com\\\/#website\"},\"primaryImageOfPage\":{\"@id\":\"https:\\\/\\\/shopbrasil.vinyllandrecords.com\\\/produto\\\/julia-mestre-arrepiada\\\/#primaryimage\"},\"image\":{\"@id\":\"https:\\\/\\\/shopbrasil.vinyllandrecords.com\\\/produto\\\/julia-mestre-arrepiada\\\/#primaryimage\"},\"thumbnailUrl\":\"https:\\\/\\\/shopbrasil.vinyllandrecords.com\\\/wp-content\\\/uploads\\\/2024\\\/06\\\/julia.jpeg\",\"datePublished\":\"2024-06-14T14:53:20+00:00\",\"dateModified\":\"2025-02-25T06:51:39+00:00\",\"breadcrumb\":{\"@id\":\"https:\\\/\\\/shopbrasil.vinyllandrecords.com\\\/produto\\\/julia-mestre-arrepiada\\\/#breadcrumb\"},\"inLanguage\":\"en-US\",\"potentialAction\":[{\"@type\":\"ReadAction\",\"target\":[\"https:\\\/\\\/shopbrasil.vinyllandrecords.com\\\/produto\\\/julia-mestre-arrepiada\\\/\"]}]},{\"@type\":\"ImageObject\",\"inLanguage\":\"en-US\",\"@id\":\"https:\\\/\\\/shopbrasil.vinyllandrecords.com\\\/produto\\\/julia-mestre-arrepiada\\\/#primaryimage\",\"url\":\"https:\\\/\\\/shopbrasil.vinyllandrecords.com\\\/wp-content\\\/uploads\\\/2024\\\/06\\\/julia.jpeg\",\"contentUrl\":\"https:\\\/\\\/shopbrasil.vinyllandrecords.com\\\/wp-content\\\/uploads\\\/2024\\\/06\\\/julia.jpeg\",\"width\":225,\"height\":225},{\"@type\":\"BreadcrumbList\",\"@id\":\"https:\\\/\\\/shopbrasil.vinyllandrecords.com\\\/produto\\\/julia-mestre-arrepiada\\\/#breadcrumb\",\"itemListElement\":[{\"@type\":\"ListItem\",\"position\":1,\"name\":\"In\u00edcio\",\"item\":\"https:\\\/\\\/shopbrasil.vinyllandrecords.com\\\/\"},{\"@type\":\"ListItem\",\"position\":2,\"name\":\"Shops\",\"item\":\"https:\\\/\\\/shopbrasil.vinyllandrecords.com\\\/shops\\\/\"},{\"@type\":\"ListItem\",\"position\":3,\"name\":\"Julia Mestre \u2013 ARREPIADA\"}]},{\"@type\":\"WebSite\",\"@id\":\"https:\\\/\\\/shopbrasil.vinyllandrecords.com\\\/#website\",\"url\":\"https:\\\/\\\/shopbrasil.vinyllandrecords.com\\\/\",\"name\":\"Vinyl Land Records\",\"description\":\"ONLINE SHOP\",\"potentialAction\":[{\"@type\":\"SearchAction\",\"target\":{\"@type\":\"EntryPoint\",\"urlTemplate\":\"https:\\\/\\\/shopbrasil.vinyllandrecords.com\\\/?s={search_term_string}\"},\"query-input\":{\"@type\":\"PropertyValueSpecification\",\"valueRequired\":true,\"valueName\":\"search_term_string\"}}],\"inLanguage\":\"en-US\"}]}<\/script>\n<!-- \/ Yoast SEO plugin. -->","yoast_head_json":{"title":"Julia Mestre \u2013 ARREPIADA - Vinyl Land Records","robots":{"index":"index","follow":"follow","max-snippet":"max-snippet:-1","max-image-preview":"max-image-preview:large","max-video-preview":"max-video-preview:-1"},"canonical":"https:\/\/shopbrasil.vinyllandrecords.com\/produto\/julia-mestre-arrepiada\/","og_locale":"en_US","og_type":"article","og_title":"Julia Mestre \u2013 ARREPIADA - Vinyl Land Records","og_description":"https:\/\/youtu.be\/0yz7jBLJwu4?si=zG5L5FZLY5sPmki2  ARREPIADA \u00e9 um lan\u00e7amento Romaria Discos &amp; Amigues do Vinil. LP vermelho remasterizado com encarte duplo e faixa b\u00f4nus  ARREPIADA, que rompe com movimentos anteriores na carreira da artista de 27 anos, \u00e9 marcado por sonoridade saudosista, numa dualidade entre o dan\u00e7ante e o reflexivo. Da MPB ao pop-rock, o \u00e1lbum transita com fluidez entre diversas tem\u00e1ticas, passando pelo suor das pistas de dan\u00e7a (\u201cArrepiada\u201d, \u201cMeu Para\u00edso\u201d), o calor das paix\u00f5es de ver\u00e3o (\u201cChuva de Caju\u201d, \u201cMenino Bonito\u201d), miragens da juventude (\u201cSonhos &amp; Ilus\u00f5es\u201d), a magia da maternidade (\u201cDe Toda M\u00e3e\u201d) e o mist\u00e9rio da morte (\u201cDeusa Inebriante\u201d).  Segundo disco solo da trajet\u00f3ria da tamb\u00e9m atriz, ARREPIADA coleciona composi\u00e7\u00f5es autorais em parceria com Jo\u00e3o Gil, dos Gilsons, e Ana Caetano, do ANAVIT\u00d3RIA, al\u00e9m de um dueto com a cantora portuguesa MARO. O disco, o quarto a ser assinado pelos produtores Lux Ferreira e Tom\u00e1s Tr\u00f3ia, caminha para a marca de 2 milh\u00f5es de reprodu\u00e7\u00f5es apenas no Spotify.","og_url":"https:\/\/shopbrasil.vinyllandrecords.com\/produto\/julia-mestre-arrepiada\/","og_site_name":"Vinyl Land Records","article_modified_time":"2025-02-25T06:51:39+00:00","og_image":[{"width":225,"height":225,"url":"https:\/\/shopbrasil.vinyllandrecords.com\/wp-content\/uploads\/2024\/06\/julia.jpeg","type":"image\/jpeg"}],"twitter_card":"summary_large_image","twitter_misc":{"Est. reading time":"1 minute"},"schema":{"@context":"https:\/\/schema.org","@graph":[{"@type":"WebPage","@id":"https:\/\/shopbrasil.vinyllandrecords.com\/produto\/julia-mestre-arrepiada\/","url":"https:\/\/shopbrasil.vinyllandrecords.com\/produto\/julia-mestre-arrepiada\/","name":"Julia Mestre \u2013 ARREPIADA - Vinyl Land Records","isPartOf":{"@id":"https:\/\/shopbrasil.vinyllandrecords.com\/#website"},"primaryImageOfPage":{"@id":"https:\/\/shopbrasil.vinyllandrecords.com\/produto\/julia-mestre-arrepiada\/#primaryimage"},"image":{"@id":"https:\/\/shopbrasil.vinyllandrecords.com\/produto\/julia-mestre-arrepiada\/#primaryimage"},"thumbnailUrl":"https:\/\/shopbrasil.vinyllandrecords.com\/wp-content\/uploads\/2024\/06\/julia.jpeg","datePublished":"2024-06-14T14:53:20+00:00","dateModified":"2025-02-25T06:51:39+00:00","breadcrumb":{"@id":"https:\/\/shopbrasil.vinyllandrecords.com\/produto\/julia-mestre-arrepiada\/#breadcrumb"},"inLanguage":"en-US","potentialAction":[{"@type":"ReadAction","target":["https:\/\/shopbrasil.vinyllandrecords.com\/produto\/julia-mestre-arrepiada\/"]}]},{"@type":"ImageObject","inLanguage":"en-US","@id":"https:\/\/shopbrasil.vinyllandrecords.com\/produto\/julia-mestre-arrepiada\/#primaryimage","url":"https:\/\/shopbrasil.vinyllandrecords.com\/wp-content\/uploads\/2024\/06\/julia.jpeg","contentUrl":"https:\/\/shopbrasil.vinyllandrecords.com\/wp-content\/uploads\/2024\/06\/julia.jpeg","width":225,"height":225},{"@type":"BreadcrumbList","@id":"https:\/\/shopbrasil.vinyllandrecords.com\/produto\/julia-mestre-arrepiada\/#breadcrumb","itemListElement":[{"@type":"ListItem","position":1,"name":"In\u00edcio","item":"https:\/\/shopbrasil.vinyllandrecords.com\/"},{"@type":"ListItem","position":2,"name":"Shops","item":"https:\/\/shopbrasil.vinyllandrecords.com\/shops\/"},{"@type":"ListItem","position":3,"name":"Julia Mestre \u2013 ARREPIADA"}]},{"@type":"WebSite","@id":"https:\/\/shopbrasil.vinyllandrecords.com\/#website","url":"https:\/\/shopbrasil.vinyllandrecords.com\/","name":"Vinyl Land Records","description":"ONLINE SHOP","potentialAction":[{"@type":"SearchAction","target":{"@type":"EntryPoint","urlTemplate":"https:\/\/shopbrasil.vinyllandrecords.com\/?s={search_term_string}"},"query-input":{"@type":"PropertyValueSpecification","valueRequired":true,"valueName":"search_term_string"}}],"inLanguage":"en-US"}]}},"_links":{"self":[{"href":"https:\/\/shopbrasil.vinyllandrecords.com\/en\/wp-json\/wp\/v2\/product\/69904","targetHints":{"allow":["GET"]}}],"collection":[{"href":"https:\/\/shopbrasil.vinyllandrecords.com\/en\/wp-json\/wp\/v2\/product"}],"about":[{"href":"https:\/\/shopbrasil.vinyllandrecords.com\/en\/wp-json\/wp\/v2\/types\/product"}],"wp:featuredmedia":[{"embeddable":true,"href":"https:\/\/shopbrasil.vinyllandrecords.com\/en\/wp-json\/wp\/v2\/media\/69906"}],"wp:attachment":[{"href":"https:\/\/shopbrasil.vinyllandrecords.com\/en\/wp-json\/wp\/v2\/media?parent=69904"}],"wp:term":[{"taxonomy":"product_brand","embeddable":true,"href":"https:\/\/shopbrasil.vinyllandrecords.com\/en\/wp-json\/wp\/v2\/product_brand?post=69904"},{"taxonomy":"product_cat","embeddable":true,"href":"https:\/\/shopbrasil.vinyllandrecords.com\/en\/wp-json\/wp\/v2\/product_cat?post=69904"},{"taxonomy":"product_tag","embeddable":true,"href":"https:\/\/shopbrasil.vinyllandrecords.com\/en\/wp-json\/wp\/v2\/product_tag?post=69904"}],"curies":[{"name":"wp","href":"https:\/\/api.w.org\/{rel}","templated":true}]}}