{"id":69912,"date":"2024-06-19T14:54:02","date_gmt":"2024-06-19T17:54:02","guid":{"rendered":"https:\/\/shopbrasil.vinyllandrecords.com\/?post_type=product&#038;p=69912"},"modified":"2024-12-11T21:11:17","modified_gmt":"2024-12-12T00:11:17","slug":"sophia-chablau-e-uma-enorme-perda-de-tempo","status":"publish","type":"product","link":"https:\/\/shopbrasil.vinyllandrecords.com\/en\/produto\/sophia-chablau-e-uma-enorme-perda-de-tempo\/","title":{"rendered":"Sophia Chablau E Uma Enorme Perda De Tempo"},"content":{"rendered":"","protected":false},"excerpt":{"rendered":"<p>https:\/\/youtu.be\/5t0h3a-vi8E?si=IH-YJ3uyXfCYKwgH<\/p>\n<p>Vinil transl\u00facido<br \/>\nRemasterizado por Arthur Joly<br \/>\nProjeto gr\u00e1fico revisitado por Maria Cau Levy<br \/>\nCapa brilhante com encarte poroso<\/p>\n<p>A1 Pop Cabecinha<br \/>\nA2 Se Voc\u00ea<br \/>\nA3 Fora do Meu Quarto<br \/>\nA4 Se eu Fiz Pra Voc\u00ea Uma N\u00e3o-can\u00e7\u00e3o<br \/>\nA5 Deus Lindo<\/p>\n<p>B1 Hello<br \/>\nB2 Debaixo do Pano<br \/>\nB3 Mo\u00e7as e Aeromo\u00e7as<br \/>\nB4 Del\u00edcia\/Lux\u00faria<\/p>\n","protected":false},"featured_media":69913,"template":"","meta":[],"product_brand":[],"product_cat":[107,111,145,150,97],"product_tag":[],"class_list":{"0":"post-69912","1":"product","2":"type-product","3":"status-publish","4":"has-post-thumbnail","6":"product_cat-garimpo","7":"product_cat-destaque","8":"product_cat-amigues-do-vinil","9":"product_cat-romaria-discos","10":"product_cat-lp","12":"first","13":"outofstock","14":"taxable","15":"shipping-taxable","16":"purchasable","17":"product-type-simple"},"yoast_head":"<!-- This site is optimized with the Yoast SEO plugin v27.4 - https:\/\/yoast.com\/product\/yoast-seo-wordpress\/ -->\n<title>Sophia Chablau E Uma Enorme Perda De Tempo - Vinyl Land Records<\/title>\n<meta name=\"robots\" content=\"index, follow, max-snippet:-1, max-image-preview:large, max-video-preview:-1\" \/>\n<link rel=\"canonical\" href=\"https:\/\/shopbrasil.vinyllandrecords.com\/produto\/sophia-chablau-e-uma-enorme-perda-de-tempo\/\" \/>\n<meta property=\"og:locale\" content=\"en_US\" \/>\n<meta property=\"og:type\" content=\"article\" \/>\n<meta property=\"og:title\" content=\"Sophia Chablau E Uma Enorme Perda De Tempo - Vinyl Land Records\" \/>\n<meta property=\"og:description\" content=\"https:\/\/youtu.be\/5t0h3a-vi8E?si=IH-YJ3uyXfCYKwgH  Vinil transl\u00facido Remasterizado por Arthur Joly Projeto gr\u00e1fico revisitado por Maria Cau Levy Capa brilhante com encarte poroso  A1 Pop Cabecinha A2 Se Voc\u00ea A3 Fora do Meu Quarto A4 Se eu Fiz Pra Voc\u00ea Uma N\u00e3o-can\u00e7\u00e3o A5 Deus Lindo  B1 Hello B2 Debaixo do Pano B3 Mo\u00e7as e Aeromo\u00e7as B4 Del\u00edcia\/Lux\u00faria\" \/>\n<meta property=\"og:url\" content=\"https:\/\/shopbrasil.vinyllandrecords.com\/produto\/sophia-chablau-e-uma-enorme-perda-de-tempo\/\" \/>\n<meta property=\"og:site_name\" content=\"Vinyl Land Records\" \/>\n<meta property=\"article:modified_time\" content=\"2024-12-12T00:11:17+00:00\" \/>\n<meta property=\"og:image\" content=\"https:\/\/shopbrasil.vinyllandrecords.com\/wp-content\/uploads\/2024\/06\/sofia.jpeg\" \/>\n\t<meta property=\"og:image:width\" content=\"1200\" \/>\n\t<meta property=\"og:image:height\" content=\"1200\" \/>\n\t<meta property=\"og:image:type\" content=\"image\/jpeg\" \/>\n<meta name=\"twitter:card\" content=\"summary_large_image\" \/>\n<meta name=\"twitter:label1\" content=\"Est. reading time\" \/>\n\t<meta name=\"twitter:data1\" content=\"1 minute\" \/>\n<script type=\"application\/ld+json\" class=\"yoast-schema-graph\">{\"@context\":\"https:\\\/\\\/schema.org\",\"@graph\":[{\"@type\":\"WebPage\",\"@id\":\"https:\\\/\\\/shopbrasil.vinyllandrecords.com\\\/produto\\\/sophia-chablau-e-uma-enorme-perda-de-tempo\\\/\",\"url\":\"https:\\\/\\\/shopbrasil.vinyllandrecords.com\\\/produto\\\/sophia-chablau-e-uma-enorme-perda-de-tempo\\\/\",\"name\":\"Sophia Chablau E Uma Enorme Perda De Tempo - Vinyl Land Records\",\"isPartOf\":{\"@id\":\"https:\\\/\\\/shopbrasil.vinyllandrecords.com\\\/#website\"},\"primaryImageOfPage\":{\"@id\":\"https:\\\/\\\/shopbrasil.vinyllandrecords.com\\\/produto\\\/sophia-chablau-e-uma-enorme-perda-de-tempo\\\/#primaryimage\"},\"image\":{\"@id\":\"https:\\\/\\\/shopbrasil.vinyllandrecords.com\\\/produto\\\/sophia-chablau-e-uma-enorme-perda-de-tempo\\\/#primaryimage\"},\"thumbnailUrl\":\"https:\\\/\\\/shopbrasil.vinyllandrecords.com\\\/wp-content\\\/uploads\\\/2024\\\/06\\\/sofia.jpeg\",\"datePublished\":\"2024-06-19T17:54:02+00:00\",\"dateModified\":\"2024-12-12T00:11:17+00:00\",\"breadcrumb\":{\"@id\":\"https:\\\/\\\/shopbrasil.vinyllandrecords.com\\\/produto\\\/sophia-chablau-e-uma-enorme-perda-de-tempo\\\/#breadcrumb\"},\"inLanguage\":\"en-US\",\"potentialAction\":[{\"@type\":\"ReadAction\",\"target\":[\"https:\\\/\\\/shopbrasil.vinyllandrecords.com\\\/produto\\\/sophia-chablau-e-uma-enorme-perda-de-tempo\\\/\"]}]},{\"@type\":\"ImageObject\",\"inLanguage\":\"en-US\",\"@id\":\"https:\\\/\\\/shopbrasil.vinyllandrecords.com\\\/produto\\\/sophia-chablau-e-uma-enorme-perda-de-tempo\\\/#primaryimage\",\"url\":\"https:\\\/\\\/shopbrasil.vinyllandrecords.com\\\/wp-content\\\/uploads\\\/2024\\\/06\\\/sofia.jpeg\",\"contentUrl\":\"https:\\\/\\\/shopbrasil.vinyllandrecords.com\\\/wp-content\\\/uploads\\\/2024\\\/06\\\/sofia.jpeg\",\"width\":1200,\"height\":1200},{\"@type\":\"BreadcrumbList\",\"@id\":\"https:\\\/\\\/shopbrasil.vinyllandrecords.com\\\/produto\\\/sophia-chablau-e-uma-enorme-perda-de-tempo\\\/#breadcrumb\",\"itemListElement\":[{\"@type\":\"ListItem\",\"position\":1,\"name\":\"In\u00edcio\",\"item\":\"https:\\\/\\\/shopbrasil.vinyllandrecords.com\\\/\"},{\"@type\":\"ListItem\",\"position\":2,\"name\":\"Shops\",\"item\":\"https:\\\/\\\/shopbrasil.vinyllandrecords.com\\\/shops\\\/\"},{\"@type\":\"ListItem\",\"position\":3,\"name\":\"Sophia Chablau E Uma Enorme Perda De Tempo\"}]},{\"@type\":\"WebSite\",\"@id\":\"https:\\\/\\\/shopbrasil.vinyllandrecords.com\\\/#website\",\"url\":\"https:\\\/\\\/shopbrasil.vinyllandrecords.com\\\/\",\"name\":\"Vinyl Land Records\",\"description\":\"ONLINE SHOP\",\"potentialAction\":[{\"@type\":\"SearchAction\",\"target\":{\"@type\":\"EntryPoint\",\"urlTemplate\":\"https:\\\/\\\/shopbrasil.vinyllandrecords.com\\\/?s={search_term_string}\"},\"query-input\":{\"@type\":\"PropertyValueSpecification\",\"valueRequired\":true,\"valueName\":\"search_term_string\"}}],\"inLanguage\":\"en-US\"}]}<\/script>\n<!-- \/ Yoast SEO plugin. -->","yoast_head_json":{"title":"Sophia Chablau E Uma Enorme Perda De Tempo - Vinyl Land Records","robots":{"index":"index","follow":"follow","max-snippet":"max-snippet:-1","max-image-preview":"max-image-preview:large","max-video-preview":"max-video-preview:-1"},"canonical":"https:\/\/shopbrasil.vinyllandrecords.com\/produto\/sophia-chablau-e-uma-enorme-perda-de-tempo\/","og_locale":"en_US","og_type":"article","og_title":"Sophia Chablau E Uma Enorme Perda De Tempo - Vinyl Land Records","og_description":"https:\/\/youtu.be\/5t0h3a-vi8E?si=IH-YJ3uyXfCYKwgH  Vinil transl\u00facido Remasterizado por Arthur Joly Projeto gr\u00e1fico revisitado por Maria Cau Levy Capa brilhante com encarte poroso  A1 Pop Cabecinha A2 Se Voc\u00ea A3 Fora do Meu Quarto A4 Se eu Fiz Pra Voc\u00ea Uma N\u00e3o-can\u00e7\u00e3o A5 Deus Lindo  B1 Hello B2 Debaixo do Pano B3 Mo\u00e7as e Aeromo\u00e7as B4 Del\u00edcia\/Lux\u00faria","og_url":"https:\/\/shopbrasil.vinyllandrecords.com\/produto\/sophia-chablau-e-uma-enorme-perda-de-tempo\/","og_site_name":"Vinyl Land Records","article_modified_time":"2024-12-12T00:11:17+00:00","og_image":[{"width":1200,"height":1200,"url":"https:\/\/shopbrasil.vinyllandrecords.com\/wp-content\/uploads\/2024\/06\/sofia.jpeg","type":"image\/jpeg"}],"twitter_card":"summary_large_image","twitter_misc":{"Est. reading time":"1 minute"},"schema":{"@context":"https:\/\/schema.org","@graph":[{"@type":"WebPage","@id":"https:\/\/shopbrasil.vinyllandrecords.com\/produto\/sophia-chablau-e-uma-enorme-perda-de-tempo\/","url":"https:\/\/shopbrasil.vinyllandrecords.com\/produto\/sophia-chablau-e-uma-enorme-perda-de-tempo\/","name":"Sophia Chablau E Uma Enorme Perda De Tempo - Vinyl Land Records","isPartOf":{"@id":"https:\/\/shopbrasil.vinyllandrecords.com\/#website"},"primaryImageOfPage":{"@id":"https:\/\/shopbrasil.vinyllandrecords.com\/produto\/sophia-chablau-e-uma-enorme-perda-de-tempo\/#primaryimage"},"image":{"@id":"https:\/\/shopbrasil.vinyllandrecords.com\/produto\/sophia-chablau-e-uma-enorme-perda-de-tempo\/#primaryimage"},"thumbnailUrl":"https:\/\/shopbrasil.vinyllandrecords.com\/wp-content\/uploads\/2024\/06\/sofia.jpeg","datePublished":"2024-06-19T17:54:02+00:00","dateModified":"2024-12-12T00:11:17+00:00","breadcrumb":{"@id":"https:\/\/shopbrasil.vinyllandrecords.com\/produto\/sophia-chablau-e-uma-enorme-perda-de-tempo\/#breadcrumb"},"inLanguage":"en-US","potentialAction":[{"@type":"ReadAction","target":["https:\/\/shopbrasil.vinyllandrecords.com\/produto\/sophia-chablau-e-uma-enorme-perda-de-tempo\/"]}]},{"@type":"ImageObject","inLanguage":"en-US","@id":"https:\/\/shopbrasil.vinyllandrecords.com\/produto\/sophia-chablau-e-uma-enorme-perda-de-tempo\/#primaryimage","url":"https:\/\/shopbrasil.vinyllandrecords.com\/wp-content\/uploads\/2024\/06\/sofia.jpeg","contentUrl":"https:\/\/shopbrasil.vinyllandrecords.com\/wp-content\/uploads\/2024\/06\/sofia.jpeg","width":1200,"height":1200},{"@type":"BreadcrumbList","@id":"https:\/\/shopbrasil.vinyllandrecords.com\/produto\/sophia-chablau-e-uma-enorme-perda-de-tempo\/#breadcrumb","itemListElement":[{"@type":"ListItem","position":1,"name":"In\u00edcio","item":"https:\/\/shopbrasil.vinyllandrecords.com\/"},{"@type":"ListItem","position":2,"name":"Shops","item":"https:\/\/shopbrasil.vinyllandrecords.com\/shops\/"},{"@type":"ListItem","position":3,"name":"Sophia Chablau E Uma Enorme Perda De Tempo"}]},{"@type":"WebSite","@id":"https:\/\/shopbrasil.vinyllandrecords.com\/#website","url":"https:\/\/shopbrasil.vinyllandrecords.com\/","name":"Vinyl Land Records","description":"ONLINE SHOP","potentialAction":[{"@type":"SearchAction","target":{"@type":"EntryPoint","urlTemplate":"https:\/\/shopbrasil.vinyllandrecords.com\/?s={search_term_string}"},"query-input":{"@type":"PropertyValueSpecification","valueRequired":true,"valueName":"search_term_string"}}],"inLanguage":"en-US"}]}},"_links":{"self":[{"href":"https:\/\/shopbrasil.vinyllandrecords.com\/en\/wp-json\/wp\/v2\/product\/69912","targetHints":{"allow":["GET"]}}],"collection":[{"href":"https:\/\/shopbrasil.vinyllandrecords.com\/en\/wp-json\/wp\/v2\/product"}],"about":[{"href":"https:\/\/shopbrasil.vinyllandrecords.com\/en\/wp-json\/wp\/v2\/types\/product"}],"wp:featuredmedia":[{"embeddable":true,"href":"https:\/\/shopbrasil.vinyllandrecords.com\/en\/wp-json\/wp\/v2\/media\/69913"}],"wp:attachment":[{"href":"https:\/\/shopbrasil.vinyllandrecords.com\/en\/wp-json\/wp\/v2\/media?parent=69912"}],"wp:term":[{"taxonomy":"product_brand","embeddable":true,"href":"https:\/\/shopbrasil.vinyllandrecords.com\/en\/wp-json\/wp\/v2\/product_brand?post=69912"},{"taxonomy":"product_cat","embeddable":true,"href":"https:\/\/shopbrasil.vinyllandrecords.com\/en\/wp-json\/wp\/v2\/product_cat?post=69912"},{"taxonomy":"product_tag","embeddable":true,"href":"https:\/\/shopbrasil.vinyllandrecords.com\/en\/wp-json\/wp\/v2\/product_tag?post=69912"}],"curies":[{"name":"wp","href":"https:\/\/api.w.org\/{rel}","templated":true}]}}