{"id":69928,"date":"2024-08-26T11:26:58","date_gmt":"2024-08-26T14:26:58","guid":{"rendered":"https:\/\/shopbrasil.vinyllandrecords.com\/?post_type=product&#038;p=69928"},"modified":"2026-04-01T10:50:47","modified_gmt":"2026-04-01T13:50:47","slug":"lamparina-original-brasil","status":"publish","type":"product","link":"https:\/\/shopbrasil.vinyllandrecords.com\/en\/produto\/lamparina-original-brasil\/","title":{"rendered":"Lamparina &#8211; Original Brasil"},"content":{"rendered":"","protected":false},"excerpt":{"rendered":"<p><strong><i>Lamparina &#8211; Original Brasil LP\u00a0<\/i><\/strong><\/p>\n<p>\u00c9 com muito orgulho e felicidade que anunciamos mais um lan\u00e7amento da Vinyl Land Records de uma banda mineira que admiramos tanto!<\/p>\n<p>&#8220;ORIGINAL BRASIL&#8221; \u00e9 o terceiro disco da\u00a0<b>Lamparina,\u00a0<\/b>banda formada na cidade de Belo Horizonte em 2017 que traz nesse trabalho elementos do reggae, MPB, pop e pagod\u00e3o que temperam a chamada \u201cbrasilidade\u201d, termo que os artistas usam para resumir a diversidade sonora das faixas embaladas em uma est\u00e9tica <span style=\"font-weight: 400;\">com refer\u00eancias aos anos 2000.<\/span><\/p>\n<p>O Disco ganha sua edi\u00e7\u00e3o completa em vinil amarelo e ainda incluiu as faixas &#8220;Conversa Fiada&#8221; e &#8220;Pochete&#8221;, previamente lan\u00e7adas online como singles.<\/p>\n<p>Lan\u00e7amento em edi\u00e7\u00e3o limitada de 500 c\u00f3pias prensadas na Rocinante F\u00e1brica de Discos.<br \/>\n<sup id=\"cite_ref-9\" class=\"reference\"><\/sup><\/p>\n<p>https:\/\/youtu.be\/FbW1ZNp8Y0E?si=IA3Wvm3fBctEuSYv<\/p>\n<p>https:\/\/youtu.be\/OaaAFpkA7wM?si=hgRtvv2uitJjG51n<\/p>\n<p>https:\/\/youtu.be\/zBDp8Yjdbco?si=z-2nNJXOJQkPehAg<\/p>\n","protected":false},"featured_media":69929,"template":"","meta":[],"product_brand":[],"product_cat":[108,111,122,126,97],"product_tag":[],"class_list":{"0":"post-69928","1":"product","2":"type-product","3":"status-publish","4":"has-post-thumbnail","6":"product_cat-lancamentos","7":"product_cat-destaque","8":"product_cat-musica-mineira-em-vinil","9":"product_cat-disco-colorido","10":"product_cat-lp","12":"first","13":"instock","14":"taxable","15":"shipping-taxable","16":"purchasable","17":"product-type-simple"},"yoast_head":"<!-- This site is optimized with the Yoast SEO plugin v27.4 - https:\/\/yoast.com\/product\/yoast-seo-wordpress\/ -->\n<title>Lamparina - Original Brasil - Vinyl Land Records<\/title>\n<meta name=\"robots\" content=\"index, follow, max-snippet:-1, max-image-preview:large, max-video-preview:-1\" \/>\n<link rel=\"canonical\" href=\"https:\/\/shopbrasil.vinyllandrecords.com\/produto\/lamparina-original-brasil\/\" \/>\n<meta property=\"og:locale\" content=\"en_US\" \/>\n<meta property=\"og:type\" content=\"article\" \/>\n<meta property=\"og:title\" content=\"Lamparina - Original Brasil - Vinyl Land Records\" \/>\n<meta property=\"og:description\" content=\"[:pb] Lamparina - Original Brasil LP\u00a0  \u00c9 com muito orgulho e felicidade que anunciamos mais um lan\u00e7amento da Vinyl Land Records de uma banda mineira que admiramos tanto!  &quot;ORIGINAL BRASIL&quot; \u00e9 o terceiro disco da\u00a0Lamparina,\u00a0banda formada na cidade de Belo Horizonte em 2017 que traz nesse trabalho elementos do reggae, MPB, pop e pagod\u00e3o que temperam a chamada \u201cbrasilidade\u201d, termo que os artistas usam para resumir a diversidade sonora das faixas embaladas em uma est\u00e9tica com refer\u00eancias aos anos 2000.  O Disco ganha sua edi\u00e7\u00e3o completa em vinil amarelo e ainda incluiu as faixas &quot;Conversa Fiada&quot; e &quot;Pochete&quot;, previamente lan\u00e7adas online como singles.  Lan\u00e7amento em edi\u00e7\u00e3o limitada de 500 c\u00f3pias prensadas na Rocinante F\u00e1brica de Discos.   https:\/\/youtu.be\/FbW1ZNp8Y0E?si=IA3Wvm3fBctEuSYv  https:\/\/youtu.be\/OaaAFpkA7wM?si=hgRtvv2uitJjG51n  https:\/\/youtu.be\/zBDp8Yjdbco?si=z-2nNJXOJQkPehAg[:en]Lamparina - Original Brasil LP\u00a0  \u00c9 com muito orgulho e felicidade que anunciamos mais um lan\u00e7amento da Vinyl Land Records de uma banda mineira que admiramos tanto!  &quot;ORIGINAL BRASIL&quot; \u00e9 o terceiro disco da\u00a0Lamparina,\u00a0banda formada na cidade de Belo Horizonte em 2017 que traz nesse trabalho elementos do reggae, MPB, pop e pagod\u00e3o que temperam a chamada \u201cbrasilidade\u201d, termo que os artistas usam para resumir a diversidade sonora das faixas embaladas em uma est\u00e9tica com refer\u00eancias aos anos 2000.  O Disco ganha sua edi\u00e7\u00e3o completa em vinil amarelo e ainda incluiu as faixas &quot;Conversa Fiada&quot; e &quot;Pochete&quot;, previamente lan\u00e7adas online como singles.  Lan\u00e7amento em edi\u00e7\u00e3o limitada de 500 c\u00f3pias prensadas na Rocinante F\u00e1brica de Discos.   https:\/\/youtu.be\/FbW1ZNp8Y0E?si=IA3Wvm3fBctEuSYv  https:\/\/youtu.be\/OaaAFpkA7wM?si=hgRtvv2uitJjG51n  https:\/\/youtu.be\/zBDp8Yjdbco?si=z-2nNJXOJQkPehAg[:]\" \/>\n<meta property=\"og:url\" content=\"https:\/\/shopbrasil.vinyllandrecords.com\/produto\/lamparina-original-brasil\/\" \/>\n<meta property=\"og:site_name\" content=\"Vinyl Land Records\" \/>\n<meta property=\"article:modified_time\" content=\"2026-04-01T13:50:47+00:00\" \/>\n<meta property=\"og:image\" content=\"https:\/\/shopbrasil.vinyllandrecords.com\/wp-content\/uploads\/2024\/08\/Capa_Vinil_Lamparina.jpg\" \/>\n\t<meta property=\"og:image:width\" content=\"1865\" \/>\n\t<meta property=\"og:image:height\" content=\"1845\" \/>\n\t<meta property=\"og:image:type\" content=\"image\/jpeg\" \/>\n<meta name=\"twitter:card\" content=\"summary_large_image\" \/>\n<meta name=\"twitter:label1\" content=\"Est. reading time\" \/>\n\t<meta name=\"twitter:data1\" content=\"1 minute\" \/>\n<script type=\"application\/ld+json\" class=\"yoast-schema-graph\">{\"@context\":\"https:\\\/\\\/schema.org\",\"@graph\":[{\"@type\":\"WebPage\",\"@id\":\"https:\\\/\\\/shopbrasil.vinyllandrecords.com\\\/produto\\\/lamparina-original-brasil\\\/\",\"url\":\"https:\\\/\\\/shopbrasil.vinyllandrecords.com\\\/produto\\\/lamparina-original-brasil\\\/\",\"name\":\"Lamparina - Original Brasil - Vinyl Land Records\",\"isPartOf\":{\"@id\":\"https:\\\/\\\/shopbrasil.vinyllandrecords.com\\\/#website\"},\"primaryImageOfPage\":{\"@id\":\"https:\\\/\\\/shopbrasil.vinyllandrecords.com\\\/produto\\\/lamparina-original-brasil\\\/#primaryimage\"},\"image\":{\"@id\":\"https:\\\/\\\/shopbrasil.vinyllandrecords.com\\\/produto\\\/lamparina-original-brasil\\\/#primaryimage\"},\"thumbnailUrl\":\"https:\\\/\\\/shopbrasil.vinyllandrecords.com\\\/wp-content\\\/uploads\\\/2024\\\/08\\\/Capa_Vinil_Lamparina.jpg\",\"datePublished\":\"2024-08-26T14:26:58+00:00\",\"dateModified\":\"2026-04-01T13:50:47+00:00\",\"breadcrumb\":{\"@id\":\"https:\\\/\\\/shopbrasil.vinyllandrecords.com\\\/produto\\\/lamparina-original-brasil\\\/#breadcrumb\"},\"inLanguage\":\"en-US\",\"potentialAction\":[{\"@type\":\"ReadAction\",\"target\":[\"https:\\\/\\\/shopbrasil.vinyllandrecords.com\\\/produto\\\/lamparina-original-brasil\\\/\"]}]},{\"@type\":\"ImageObject\",\"inLanguage\":\"en-US\",\"@id\":\"https:\\\/\\\/shopbrasil.vinyllandrecords.com\\\/produto\\\/lamparina-original-brasil\\\/#primaryimage\",\"url\":\"https:\\\/\\\/shopbrasil.vinyllandrecords.com\\\/wp-content\\\/uploads\\\/2024\\\/08\\\/Capa_Vinil_Lamparina.jpg\",\"contentUrl\":\"https:\\\/\\\/shopbrasil.vinyllandrecords.com\\\/wp-content\\\/uploads\\\/2024\\\/08\\\/Capa_Vinil_Lamparina.jpg\",\"width\":1865,\"height\":1845},{\"@type\":\"BreadcrumbList\",\"@id\":\"https:\\\/\\\/shopbrasil.vinyllandrecords.com\\\/produto\\\/lamparina-original-brasil\\\/#breadcrumb\",\"itemListElement\":[{\"@type\":\"ListItem\",\"position\":1,\"name\":\"In\u00edcio\",\"item\":\"https:\\\/\\\/shopbrasil.vinyllandrecords.com\\\/\"},{\"@type\":\"ListItem\",\"position\":2,\"name\":\"Shops\",\"item\":\"https:\\\/\\\/shopbrasil.vinyllandrecords.com\\\/shops\\\/\"},{\"@type\":\"ListItem\",\"position\":3,\"name\":\"Lamparina &#8211; Original Brasil\"}]},{\"@type\":\"WebSite\",\"@id\":\"https:\\\/\\\/shopbrasil.vinyllandrecords.com\\\/#website\",\"url\":\"https:\\\/\\\/shopbrasil.vinyllandrecords.com\\\/\",\"name\":\"Vinyl Land Records\",\"description\":\"ONLINE SHOP\",\"potentialAction\":[{\"@type\":\"SearchAction\",\"target\":{\"@type\":\"EntryPoint\",\"urlTemplate\":\"https:\\\/\\\/shopbrasil.vinyllandrecords.com\\\/?s={search_term_string}\"},\"query-input\":{\"@type\":\"PropertyValueSpecification\",\"valueRequired\":true,\"valueName\":\"search_term_string\"}}],\"inLanguage\":\"en-US\"}]}<\/script>\n<!-- \/ Yoast SEO plugin. -->","yoast_head_json":{"title":"Lamparina - Original Brasil - Vinyl Land Records","robots":{"index":"index","follow":"follow","max-snippet":"max-snippet:-1","max-image-preview":"max-image-preview:large","max-video-preview":"max-video-preview:-1"},"canonical":"https:\/\/shopbrasil.vinyllandrecords.com\/produto\/lamparina-original-brasil\/","og_locale":"en_US","og_type":"article","og_title":"Lamparina - Original Brasil - Vinyl Land Records","og_description":"[:pb] Lamparina - Original Brasil LP\u00a0  \u00c9 com muito orgulho e felicidade que anunciamos mais um lan\u00e7amento da Vinyl Land Records de uma banda mineira que admiramos tanto!  \"ORIGINAL BRASIL\" \u00e9 o terceiro disco da\u00a0Lamparina,\u00a0banda formada na cidade de Belo Horizonte em 2017 que traz nesse trabalho elementos do reggae, MPB, pop e pagod\u00e3o que temperam a chamada \u201cbrasilidade\u201d, termo que os artistas usam para resumir a diversidade sonora das faixas embaladas em uma est\u00e9tica com refer\u00eancias aos anos 2000.  O Disco ganha sua edi\u00e7\u00e3o completa em vinil amarelo e ainda incluiu as faixas \"Conversa Fiada\" e \"Pochete\", previamente lan\u00e7adas online como singles.  Lan\u00e7amento em edi\u00e7\u00e3o limitada de 500 c\u00f3pias prensadas na Rocinante F\u00e1brica de Discos.   https:\/\/youtu.be\/FbW1ZNp8Y0E?si=IA3Wvm3fBctEuSYv  https:\/\/youtu.be\/OaaAFpkA7wM?si=hgRtvv2uitJjG51n  https:\/\/youtu.be\/zBDp8Yjdbco?si=z-2nNJXOJQkPehAg[:en]Lamparina - Original Brasil LP\u00a0  \u00c9 com muito orgulho e felicidade que anunciamos mais um lan\u00e7amento da Vinyl Land Records de uma banda mineira que admiramos tanto!  \"ORIGINAL BRASIL\" \u00e9 o terceiro disco da\u00a0Lamparina,\u00a0banda formada na cidade de Belo Horizonte em 2017 que traz nesse trabalho elementos do reggae, MPB, pop e pagod\u00e3o que temperam a chamada \u201cbrasilidade\u201d, termo que os artistas usam para resumir a diversidade sonora das faixas embaladas em uma est\u00e9tica com refer\u00eancias aos anos 2000.  O Disco ganha sua edi\u00e7\u00e3o completa em vinil amarelo e ainda incluiu as faixas \"Conversa Fiada\" e \"Pochete\", previamente lan\u00e7adas online como singles.  Lan\u00e7amento em edi\u00e7\u00e3o limitada de 500 c\u00f3pias prensadas na Rocinante F\u00e1brica de Discos.   https:\/\/youtu.be\/FbW1ZNp8Y0E?si=IA3Wvm3fBctEuSYv  https:\/\/youtu.be\/OaaAFpkA7wM?si=hgRtvv2uitJjG51n  https:\/\/youtu.be\/zBDp8Yjdbco?si=z-2nNJXOJQkPehAg[:]","og_url":"https:\/\/shopbrasil.vinyllandrecords.com\/produto\/lamparina-original-brasil\/","og_site_name":"Vinyl Land Records","article_modified_time":"2026-04-01T13:50:47+00:00","og_image":[{"width":1865,"height":1845,"url":"https:\/\/shopbrasil.vinyllandrecords.com\/wp-content\/uploads\/2024\/08\/Capa_Vinil_Lamparina.jpg","type":"image\/jpeg"}],"twitter_card":"summary_large_image","twitter_misc":{"Est. reading time":"1 minute"},"schema":{"@context":"https:\/\/schema.org","@graph":[{"@type":"WebPage","@id":"https:\/\/shopbrasil.vinyllandrecords.com\/produto\/lamparina-original-brasil\/","url":"https:\/\/shopbrasil.vinyllandrecords.com\/produto\/lamparina-original-brasil\/","name":"Lamparina - Original Brasil - Vinyl Land Records","isPartOf":{"@id":"https:\/\/shopbrasil.vinyllandrecords.com\/#website"},"primaryImageOfPage":{"@id":"https:\/\/shopbrasil.vinyllandrecords.com\/produto\/lamparina-original-brasil\/#primaryimage"},"image":{"@id":"https:\/\/shopbrasil.vinyllandrecords.com\/produto\/lamparina-original-brasil\/#primaryimage"},"thumbnailUrl":"https:\/\/shopbrasil.vinyllandrecords.com\/wp-content\/uploads\/2024\/08\/Capa_Vinil_Lamparina.jpg","datePublished":"2024-08-26T14:26:58+00:00","dateModified":"2026-04-01T13:50:47+00:00","breadcrumb":{"@id":"https:\/\/shopbrasil.vinyllandrecords.com\/produto\/lamparina-original-brasil\/#breadcrumb"},"inLanguage":"en-US","potentialAction":[{"@type":"ReadAction","target":["https:\/\/shopbrasil.vinyllandrecords.com\/produto\/lamparina-original-brasil\/"]}]},{"@type":"ImageObject","inLanguage":"en-US","@id":"https:\/\/shopbrasil.vinyllandrecords.com\/produto\/lamparina-original-brasil\/#primaryimage","url":"https:\/\/shopbrasil.vinyllandrecords.com\/wp-content\/uploads\/2024\/08\/Capa_Vinil_Lamparina.jpg","contentUrl":"https:\/\/shopbrasil.vinyllandrecords.com\/wp-content\/uploads\/2024\/08\/Capa_Vinil_Lamparina.jpg","width":1865,"height":1845},{"@type":"BreadcrumbList","@id":"https:\/\/shopbrasil.vinyllandrecords.com\/produto\/lamparina-original-brasil\/#breadcrumb","itemListElement":[{"@type":"ListItem","position":1,"name":"In\u00edcio","item":"https:\/\/shopbrasil.vinyllandrecords.com\/"},{"@type":"ListItem","position":2,"name":"Shops","item":"https:\/\/shopbrasil.vinyllandrecords.com\/shops\/"},{"@type":"ListItem","position":3,"name":"Lamparina &#8211; Original Brasil"}]},{"@type":"WebSite","@id":"https:\/\/shopbrasil.vinyllandrecords.com\/#website","url":"https:\/\/shopbrasil.vinyllandrecords.com\/","name":"Vinyl Land Records","description":"ONLINE SHOP","potentialAction":[{"@type":"SearchAction","target":{"@type":"EntryPoint","urlTemplate":"https:\/\/shopbrasil.vinyllandrecords.com\/?s={search_term_string}"},"query-input":{"@type":"PropertyValueSpecification","valueRequired":true,"valueName":"search_term_string"}}],"inLanguage":"en-US"}]}},"_links":{"self":[{"href":"https:\/\/shopbrasil.vinyllandrecords.com\/en\/wp-json\/wp\/v2\/product\/69928","targetHints":{"allow":["GET"]}}],"collection":[{"href":"https:\/\/shopbrasil.vinyllandrecords.com\/en\/wp-json\/wp\/v2\/product"}],"about":[{"href":"https:\/\/shopbrasil.vinyllandrecords.com\/en\/wp-json\/wp\/v2\/types\/product"}],"wp:featuredmedia":[{"embeddable":true,"href":"https:\/\/shopbrasil.vinyllandrecords.com\/en\/wp-json\/wp\/v2\/media\/69929"}],"wp:attachment":[{"href":"https:\/\/shopbrasil.vinyllandrecords.com\/en\/wp-json\/wp\/v2\/media?parent=69928"}],"wp:term":[{"taxonomy":"product_brand","embeddable":true,"href":"https:\/\/shopbrasil.vinyllandrecords.com\/en\/wp-json\/wp\/v2\/product_brand?post=69928"},{"taxonomy":"product_cat","embeddable":true,"href":"https:\/\/shopbrasil.vinyllandrecords.com\/en\/wp-json\/wp\/v2\/product_cat?post=69928"},{"taxonomy":"product_tag","embeddable":true,"href":"https:\/\/shopbrasil.vinyllandrecords.com\/en\/wp-json\/wp\/v2\/product_tag?post=69928"}],"curies":[{"name":"wp","href":"https:\/\/api.w.org\/{rel}","templated":true}]}}