{"id":70249,"date":"2024-12-12T13:15:55","date_gmt":"2024-12-12T16:15:55","guid":{"rendered":"https:\/\/shopbrasil.vinyllandrecords.com\/?post_type=product&#038;p=70249"},"modified":"2025-03-26T12:12:38","modified_gmt":"2025-03-26T15:12:38","slug":"silvia-machete-invisible-woman","status":"publish","type":"product","link":"https:\/\/shopbrasil.vinyllandrecords.com\/en\/produto\/silvia-machete-invisible-woman\/","title":{"rendered":"Silvia Machete &#8211; Invisible Woman"},"content":{"rendered":"","protected":false},"excerpt":{"rendered":"<div>O novo projeto de\u00a0 Silvia Machete nasceu de um desejo de explorar uma sonoridade diferente, mais alinhada com o que costuma ouvir no dia a dia \u2013 jazz, soul, e m\u00fasicas de outras eras, como as das d\u00e9cadas de 50, 60, 70 e 80, buscando uma fus\u00e3o entre suas influ\u00eancias e sua pr\u00f3pria abordagem criativa.<\/div>\n<div>Invisible Woman \u00e9 um dos grandes \u00e1lbuns do ano!<\/div>\n<p>Capa dupla com encarte.\u00a0Prensagem independente da artista \/ Rocinante<\/p>\n<p>https:\/\/open.spotify.com\/album\/7bvGHREN1g1gZWEnWyyyty?si=Md_JIKalQZmlj80WNwOUtA<\/p>\n","protected":false},"featured_media":70250,"template":"","meta":[],"product_brand":[],"product_cat":[107,111,125,97],"product_tag":[],"class_list":{"0":"post-70249","1":"product","2":"type-product","3":"status-publish","4":"has-post-thumbnail","6":"product_cat-garimpo","7":"product_cat-destaque","8":"product_cat-gatefold-sleeve","9":"product_cat-lp","11":"first","12":"instock","13":"taxable","14":"shipping-taxable","15":"purchasable","16":"product-type-simple"},"yoast_head":"<!-- This site is optimized with the Yoast SEO plugin v27.4 - https:\/\/yoast.com\/product\/yoast-seo-wordpress\/ -->\n<title>Silvia Machete - Invisible Woman - Vinyl Land Records<\/title>\n<meta name=\"robots\" content=\"index, follow, max-snippet:-1, max-image-preview:large, max-video-preview:-1\" \/>\n<link rel=\"canonical\" href=\"https:\/\/shopbrasil.vinyllandrecords.com\/produto\/silvia-machete-invisible-woman\/\" \/>\n<meta property=\"og:locale\" content=\"en_US\" \/>\n<meta property=\"og:type\" content=\"article\" \/>\n<meta property=\"og:title\" content=\"Silvia Machete - Invisible Woman - Vinyl Land Records\" \/>\n<meta property=\"og:description\" content=\"O novo projeto de\u00a0 Silvia Machete nasceu de um desejo de explorar uma sonoridade diferente, mais alinhada com o que costuma ouvir no dia a dia \u2013 jazz, soul, e m\u00fasicas de outras eras, como as das d\u00e9cadas de 50, 60, 70 e 80, buscando uma fus\u00e3o entre suas influ\u00eancias e sua pr\u00f3pria abordagem criativa. Invisible Woman \u00e9 um dos grandes \u00e1lbuns do ano! Capa dupla com encarte.\u00a0Prensagem independente da artista \/ Rocinante  https:\/\/open.spotify.com\/album\/7bvGHREN1g1gZWEnWyyyty?si=Md_JIKalQZmlj80WNwOUtA\" \/>\n<meta property=\"og:url\" content=\"https:\/\/shopbrasil.vinyllandrecords.com\/produto\/silvia-machete-invisible-woman\/\" \/>\n<meta property=\"og:site_name\" content=\"Vinyl Land Records\" \/>\n<meta property=\"article:modified_time\" content=\"2025-03-26T15:12:38+00:00\" \/>\n<meta property=\"og:image\" content=\"https:\/\/shopbrasil.vinyllandrecords.com\/wp-content\/uploads\/2024\/12\/silvia.jpeg\" \/>\n\t<meta property=\"og:image:width\" content=\"640\" \/>\n\t<meta property=\"og:image:height\" content=\"640\" \/>\n\t<meta property=\"og:image:type\" content=\"image\/jpeg\" \/>\n<meta name=\"twitter:card\" content=\"summary_large_image\" \/>\n<meta name=\"twitter:label1\" content=\"Est. reading time\" \/>\n\t<meta name=\"twitter:data1\" content=\"1 minute\" \/>\n<script type=\"application\/ld+json\" class=\"yoast-schema-graph\">{\"@context\":\"https:\\\/\\\/schema.org\",\"@graph\":[{\"@type\":\"WebPage\",\"@id\":\"https:\\\/\\\/shopbrasil.vinyllandrecords.com\\\/produto\\\/silvia-machete-invisible-woman\\\/\",\"url\":\"https:\\\/\\\/shopbrasil.vinyllandrecords.com\\\/produto\\\/silvia-machete-invisible-woman\\\/\",\"name\":\"Silvia Machete - Invisible Woman - Vinyl Land Records\",\"isPartOf\":{\"@id\":\"https:\\\/\\\/shopbrasil.vinyllandrecords.com\\\/#website\"},\"primaryImageOfPage\":{\"@id\":\"https:\\\/\\\/shopbrasil.vinyllandrecords.com\\\/produto\\\/silvia-machete-invisible-woman\\\/#primaryimage\"},\"image\":{\"@id\":\"https:\\\/\\\/shopbrasil.vinyllandrecords.com\\\/produto\\\/silvia-machete-invisible-woman\\\/#primaryimage\"},\"thumbnailUrl\":\"https:\\\/\\\/shopbrasil.vinyllandrecords.com\\\/wp-content\\\/uploads\\\/2024\\\/12\\\/silvia.jpeg\",\"datePublished\":\"2024-12-12T16:15:55+00:00\",\"dateModified\":\"2025-03-26T15:12:38+00:00\",\"breadcrumb\":{\"@id\":\"https:\\\/\\\/shopbrasil.vinyllandrecords.com\\\/produto\\\/silvia-machete-invisible-woman\\\/#breadcrumb\"},\"inLanguage\":\"en-US\",\"potentialAction\":[{\"@type\":\"ReadAction\",\"target\":[\"https:\\\/\\\/shopbrasil.vinyllandrecords.com\\\/produto\\\/silvia-machete-invisible-woman\\\/\"]}]},{\"@type\":\"ImageObject\",\"inLanguage\":\"en-US\",\"@id\":\"https:\\\/\\\/shopbrasil.vinyllandrecords.com\\\/produto\\\/silvia-machete-invisible-woman\\\/#primaryimage\",\"url\":\"https:\\\/\\\/shopbrasil.vinyllandrecords.com\\\/wp-content\\\/uploads\\\/2024\\\/12\\\/silvia.jpeg\",\"contentUrl\":\"https:\\\/\\\/shopbrasil.vinyllandrecords.com\\\/wp-content\\\/uploads\\\/2024\\\/12\\\/silvia.jpeg\",\"width\":640,\"height\":640},{\"@type\":\"BreadcrumbList\",\"@id\":\"https:\\\/\\\/shopbrasil.vinyllandrecords.com\\\/produto\\\/silvia-machete-invisible-woman\\\/#breadcrumb\",\"itemListElement\":[{\"@type\":\"ListItem\",\"position\":1,\"name\":\"In\u00edcio\",\"item\":\"https:\\\/\\\/shopbrasil.vinyllandrecords.com\\\/\"},{\"@type\":\"ListItem\",\"position\":2,\"name\":\"Shops\",\"item\":\"https:\\\/\\\/shopbrasil.vinyllandrecords.com\\\/shops\\\/\"},{\"@type\":\"ListItem\",\"position\":3,\"name\":\"Silvia Machete &#8211; Invisible Woman\"}]},{\"@type\":\"WebSite\",\"@id\":\"https:\\\/\\\/shopbrasil.vinyllandrecords.com\\\/#website\",\"url\":\"https:\\\/\\\/shopbrasil.vinyllandrecords.com\\\/\",\"name\":\"Vinyl Land Records\",\"description\":\"ONLINE SHOP\",\"potentialAction\":[{\"@type\":\"SearchAction\",\"target\":{\"@type\":\"EntryPoint\",\"urlTemplate\":\"https:\\\/\\\/shopbrasil.vinyllandrecords.com\\\/?s={search_term_string}\"},\"query-input\":{\"@type\":\"PropertyValueSpecification\",\"valueRequired\":true,\"valueName\":\"search_term_string\"}}],\"inLanguage\":\"en-US\"}]}<\/script>\n<!-- \/ Yoast SEO plugin. -->","yoast_head_json":{"title":"Silvia Machete - Invisible Woman - Vinyl Land Records","robots":{"index":"index","follow":"follow","max-snippet":"max-snippet:-1","max-image-preview":"max-image-preview:large","max-video-preview":"max-video-preview:-1"},"canonical":"https:\/\/shopbrasil.vinyllandrecords.com\/produto\/silvia-machete-invisible-woman\/","og_locale":"en_US","og_type":"article","og_title":"Silvia Machete - Invisible Woman - Vinyl Land Records","og_description":"O novo projeto de\u00a0 Silvia Machete nasceu de um desejo de explorar uma sonoridade diferente, mais alinhada com o que costuma ouvir no dia a dia \u2013 jazz, soul, e m\u00fasicas de outras eras, como as das d\u00e9cadas de 50, 60, 70 e 80, buscando uma fus\u00e3o entre suas influ\u00eancias e sua pr\u00f3pria abordagem criativa. Invisible Woman \u00e9 um dos grandes \u00e1lbuns do ano! Capa dupla com encarte.\u00a0Prensagem independente da artista \/ Rocinante  https:\/\/open.spotify.com\/album\/7bvGHREN1g1gZWEnWyyyty?si=Md_JIKalQZmlj80WNwOUtA","og_url":"https:\/\/shopbrasil.vinyllandrecords.com\/produto\/silvia-machete-invisible-woman\/","og_site_name":"Vinyl Land Records","article_modified_time":"2025-03-26T15:12:38+00:00","og_image":[{"width":640,"height":640,"url":"https:\/\/shopbrasil.vinyllandrecords.com\/wp-content\/uploads\/2024\/12\/silvia.jpeg","type":"image\/jpeg"}],"twitter_card":"summary_large_image","twitter_misc":{"Est. reading time":"1 minute"},"schema":{"@context":"https:\/\/schema.org","@graph":[{"@type":"WebPage","@id":"https:\/\/shopbrasil.vinyllandrecords.com\/produto\/silvia-machete-invisible-woman\/","url":"https:\/\/shopbrasil.vinyllandrecords.com\/produto\/silvia-machete-invisible-woman\/","name":"Silvia Machete - Invisible Woman - Vinyl Land Records","isPartOf":{"@id":"https:\/\/shopbrasil.vinyllandrecords.com\/#website"},"primaryImageOfPage":{"@id":"https:\/\/shopbrasil.vinyllandrecords.com\/produto\/silvia-machete-invisible-woman\/#primaryimage"},"image":{"@id":"https:\/\/shopbrasil.vinyllandrecords.com\/produto\/silvia-machete-invisible-woman\/#primaryimage"},"thumbnailUrl":"https:\/\/shopbrasil.vinyllandrecords.com\/wp-content\/uploads\/2024\/12\/silvia.jpeg","datePublished":"2024-12-12T16:15:55+00:00","dateModified":"2025-03-26T15:12:38+00:00","breadcrumb":{"@id":"https:\/\/shopbrasil.vinyllandrecords.com\/produto\/silvia-machete-invisible-woman\/#breadcrumb"},"inLanguage":"en-US","potentialAction":[{"@type":"ReadAction","target":["https:\/\/shopbrasil.vinyllandrecords.com\/produto\/silvia-machete-invisible-woman\/"]}]},{"@type":"ImageObject","inLanguage":"en-US","@id":"https:\/\/shopbrasil.vinyllandrecords.com\/produto\/silvia-machete-invisible-woman\/#primaryimage","url":"https:\/\/shopbrasil.vinyllandrecords.com\/wp-content\/uploads\/2024\/12\/silvia.jpeg","contentUrl":"https:\/\/shopbrasil.vinyllandrecords.com\/wp-content\/uploads\/2024\/12\/silvia.jpeg","width":640,"height":640},{"@type":"BreadcrumbList","@id":"https:\/\/shopbrasil.vinyllandrecords.com\/produto\/silvia-machete-invisible-woman\/#breadcrumb","itemListElement":[{"@type":"ListItem","position":1,"name":"In\u00edcio","item":"https:\/\/shopbrasil.vinyllandrecords.com\/"},{"@type":"ListItem","position":2,"name":"Shops","item":"https:\/\/shopbrasil.vinyllandrecords.com\/shops\/"},{"@type":"ListItem","position":3,"name":"Silvia Machete &#8211; Invisible Woman"}]},{"@type":"WebSite","@id":"https:\/\/shopbrasil.vinyllandrecords.com\/#website","url":"https:\/\/shopbrasil.vinyllandrecords.com\/","name":"Vinyl Land Records","description":"ONLINE SHOP","potentialAction":[{"@type":"SearchAction","target":{"@type":"EntryPoint","urlTemplate":"https:\/\/shopbrasil.vinyllandrecords.com\/?s={search_term_string}"},"query-input":{"@type":"PropertyValueSpecification","valueRequired":true,"valueName":"search_term_string"}}],"inLanguage":"en-US"}]}},"_links":{"self":[{"href":"https:\/\/shopbrasil.vinyllandrecords.com\/en\/wp-json\/wp\/v2\/product\/70249","targetHints":{"allow":["GET"]}}],"collection":[{"href":"https:\/\/shopbrasil.vinyllandrecords.com\/en\/wp-json\/wp\/v2\/product"}],"about":[{"href":"https:\/\/shopbrasil.vinyllandrecords.com\/en\/wp-json\/wp\/v2\/types\/product"}],"wp:featuredmedia":[{"embeddable":true,"href":"https:\/\/shopbrasil.vinyllandrecords.com\/en\/wp-json\/wp\/v2\/media\/70250"}],"wp:attachment":[{"href":"https:\/\/shopbrasil.vinyllandrecords.com\/en\/wp-json\/wp\/v2\/media?parent=70249"}],"wp:term":[{"taxonomy":"product_brand","embeddable":true,"href":"https:\/\/shopbrasil.vinyllandrecords.com\/en\/wp-json\/wp\/v2\/product_brand?post=70249"},{"taxonomy":"product_cat","embeddable":true,"href":"https:\/\/shopbrasil.vinyllandrecords.com\/en\/wp-json\/wp\/v2\/product_cat?post=70249"},{"taxonomy":"product_tag","embeddable":true,"href":"https:\/\/shopbrasil.vinyllandrecords.com\/en\/wp-json\/wp\/v2\/product_tag?post=70249"}],"curies":[{"name":"wp","href":"https:\/\/api.w.org\/{rel}","templated":true}]}}