{"id":70258,"date":"2024-12-12T13:38:20","date_gmt":"2024-12-12T16:38:20","guid":{"rendered":"https:\/\/shopbrasil.vinyllandrecords.com\/?post_type=product&#038;p=70258"},"modified":"2026-02-22T16:07:07","modified_gmt":"2026-02-22T19:07:07","slug":"wealstarcks-valeu-obrigado","status":"publish","type":"product","link":"https:\/\/shopbrasil.vinyllandrecords.com\/en\/produto\/wealstarcks-valeu-obrigado\/","title":{"rendered":"Wealstarcks &#8211; &#8220;Valeu Obrigado&#8221;"},"content":{"rendered":"","protected":false},"excerpt":{"rendered":"<p>Logo ap\u00f3s o enorme sucesso de seu \u00e1lbum de estreia \u201cGratid\u00e3o\u201d 2021, o produtor franc\u00eas Wealstarcks ataca novamente com mais um estouro em forma de LP \u201cValeu Obrigado\u201d. Assim como em 2021, Wealstarcks mescla com maestria o melhor do house e do electro aos \u00faltimos sucessos da cultura Funk Carioca. Um soul, cheio de grooves e claro, j\u00f3ias de pista de dan\u00e7a que v\u00e3o te fazer pular! Edi\u00e7\u00e3o limitada, garanta j\u00e1 a sua.<\/p>\n<p>https:\/\/open.spotify.com\/album\/6VJZ0nkYELt8ea9ViC8Vfl?si=gXVzZlO2SuWNKhb9fXjC7Q<\/p>\n","protected":false},"featured_media":70254,"template":"","meta":[],"product_brand":[],"product_cat":[107,111,114,118,97],"product_tag":[],"class_list":{"0":"post-70258","1":"product","2":"type-product","3":"status-publish","4":"has-post-thumbnail","6":"product_cat-garimpo","7":"product_cat-destaque","8":"product_cat-somatorio-do-barulho","9":"product_cat-importado","10":"product_cat-lp","12":"first","13":"outofstock","14":"taxable","15":"shipping-taxable","16":"purchasable","17":"product-type-simple"},"yoast_head":"<!-- This site is optimized with the Yoast SEO plugin v27.4 - https:\/\/yoast.com\/product\/yoast-seo-wordpress\/ -->\n<title>Wealstarcks - &quot;Valeu Obrigado&quot; - Vinyl Land Records<\/title>\n<meta name=\"robots\" content=\"index, follow, max-snippet:-1, max-image-preview:large, max-video-preview:-1\" \/>\n<link rel=\"canonical\" href=\"https:\/\/shopbrasil.vinyllandrecords.com\/produto\/wealstarcks-valeu-obrigado\/\" \/>\n<meta property=\"og:locale\" content=\"en_US\" \/>\n<meta property=\"og:type\" content=\"article\" \/>\n<meta property=\"og:title\" content=\"Wealstarcks - &quot;Valeu Obrigado&quot; - Vinyl Land Records\" \/>\n<meta property=\"og:description\" content=\"[:pb]Logo ap\u00f3s o enorme sucesso de seu \u00e1lbum de estreia \u201cGratid\u00e3o\u201d 2021, o produtor franc\u00eas Wealstarcks ataca novamente com mais um estouro em forma de LP \u201cValeu Obrigado\u201d. Assim como em 2021, Wealstarcks mescla com maestria o melhor do house e do electro aos \u00faltimos sucessos da cultura Funk Carioca. Um soul, cheio de grooves e claro, j\u00f3ias de pista de dan\u00e7a que v\u00e3o te fazer pular! Edi\u00e7\u00e3o limitada, garanta j\u00e1 a sua.  https:\/\/open.spotify.com\/album\/6VJZ0nkYELt8ea9ViC8Vfl?si=t5pIRJ3VQCCnCA07_pobwA[:en]Logo ap\u00f3s o enorme sucesso de seu \u00e1lbum de estreia \u201cGratid\u00e3o\u201d 2021, o produtor franc\u00eas Wealstarcks ataca novamente com mais um estouro em forma de LP \u201cValeu Obrigado\u201d. Assim como em 2021, Wealstarcks mescla com maestria o melhor do house e do electro aos \u00faltimos sucessos da cultura Funk Carioca. Um soul, cheio de grooves e claro, j\u00f3ias de pista de dan\u00e7a que v\u00e3o te fazer pular! Edi\u00e7\u00e3o limitada, garanta j\u00e1 a sua.  https:\/\/open.spotify.com\/album\/6VJZ0nkYELt8ea9ViC8Vfl?si=gXVzZlO2SuWNKhb9fXjC7Q[:]\" \/>\n<meta property=\"og:url\" content=\"https:\/\/shopbrasil.vinyllandrecords.com\/produto\/wealstarcks-valeu-obrigado\/\" \/>\n<meta property=\"og:site_name\" content=\"Vinyl Land Records\" \/>\n<meta property=\"article:modified_time\" content=\"2026-02-22T19:07:07+00:00\" \/>\n<meta property=\"og:image\" content=\"https:\/\/shopbrasil.vinyllandrecords.com\/wp-content\/uploads\/2024\/12\/450xN.jpeg\" \/>\n\t<meta property=\"og:image:width\" content=\"450\" \/>\n\t<meta property=\"og:image:height\" content=\"450\" \/>\n\t<meta property=\"og:image:type\" content=\"image\/jpeg\" \/>\n<meta name=\"twitter:card\" content=\"summary_large_image\" \/>\n<meta name=\"twitter:label1\" content=\"Est. reading time\" \/>\n\t<meta name=\"twitter:data1\" content=\"1 minute\" \/>\n<script type=\"application\/ld+json\" class=\"yoast-schema-graph\">{\"@context\":\"https:\\\/\\\/schema.org\",\"@graph\":[{\"@type\":\"WebPage\",\"@id\":\"https:\\\/\\\/shopbrasil.vinyllandrecords.com\\\/produto\\\/wealstarcks-valeu-obrigado\\\/\",\"url\":\"https:\\\/\\\/shopbrasil.vinyllandrecords.com\\\/produto\\\/wealstarcks-valeu-obrigado\\\/\",\"name\":\"Wealstarcks - \\\"Valeu Obrigado\\\" - Vinyl Land Records\",\"isPartOf\":{\"@id\":\"https:\\\/\\\/shopbrasil.vinyllandrecords.com\\\/#website\"},\"primaryImageOfPage\":{\"@id\":\"https:\\\/\\\/shopbrasil.vinyllandrecords.com\\\/produto\\\/wealstarcks-valeu-obrigado\\\/#primaryimage\"},\"image\":{\"@id\":\"https:\\\/\\\/shopbrasil.vinyllandrecords.com\\\/produto\\\/wealstarcks-valeu-obrigado\\\/#primaryimage\"},\"thumbnailUrl\":\"https:\\\/\\\/shopbrasil.vinyllandrecords.com\\\/wp-content\\\/uploads\\\/2024\\\/12\\\/450xN.jpeg\",\"datePublished\":\"2024-12-12T16:38:20+00:00\",\"dateModified\":\"2026-02-22T19:07:07+00:00\",\"breadcrumb\":{\"@id\":\"https:\\\/\\\/shopbrasil.vinyllandrecords.com\\\/produto\\\/wealstarcks-valeu-obrigado\\\/#breadcrumb\"},\"inLanguage\":\"en-US\",\"potentialAction\":[{\"@type\":\"ReadAction\",\"target\":[\"https:\\\/\\\/shopbrasil.vinyllandrecords.com\\\/produto\\\/wealstarcks-valeu-obrigado\\\/\"]}]},{\"@type\":\"ImageObject\",\"inLanguage\":\"en-US\",\"@id\":\"https:\\\/\\\/shopbrasil.vinyllandrecords.com\\\/produto\\\/wealstarcks-valeu-obrigado\\\/#primaryimage\",\"url\":\"https:\\\/\\\/shopbrasil.vinyllandrecords.com\\\/wp-content\\\/uploads\\\/2024\\\/12\\\/450xN.jpeg\",\"contentUrl\":\"https:\\\/\\\/shopbrasil.vinyllandrecords.com\\\/wp-content\\\/uploads\\\/2024\\\/12\\\/450xN.jpeg\",\"width\":450,\"height\":450},{\"@type\":\"BreadcrumbList\",\"@id\":\"https:\\\/\\\/shopbrasil.vinyllandrecords.com\\\/produto\\\/wealstarcks-valeu-obrigado\\\/#breadcrumb\",\"itemListElement\":[{\"@type\":\"ListItem\",\"position\":1,\"name\":\"In\u00edcio\",\"item\":\"https:\\\/\\\/shopbrasil.vinyllandrecords.com\\\/\"},{\"@type\":\"ListItem\",\"position\":2,\"name\":\"Shops\",\"item\":\"https:\\\/\\\/shopbrasil.vinyllandrecords.com\\\/shops\\\/\"},{\"@type\":\"ListItem\",\"position\":3,\"name\":\"Wealstarcks &#8211; &#8220;Valeu Obrigado&#8221;\"}]},{\"@type\":\"WebSite\",\"@id\":\"https:\\\/\\\/shopbrasil.vinyllandrecords.com\\\/#website\",\"url\":\"https:\\\/\\\/shopbrasil.vinyllandrecords.com\\\/\",\"name\":\"Vinyl Land Records\",\"description\":\"ONLINE SHOP\",\"potentialAction\":[{\"@type\":\"SearchAction\",\"target\":{\"@type\":\"EntryPoint\",\"urlTemplate\":\"https:\\\/\\\/shopbrasil.vinyllandrecords.com\\\/?s={search_term_string}\"},\"query-input\":{\"@type\":\"PropertyValueSpecification\",\"valueRequired\":true,\"valueName\":\"search_term_string\"}}],\"inLanguage\":\"en-US\"}]}<\/script>\n<!-- \/ Yoast SEO plugin. -->","yoast_head_json":{"title":"Wealstarcks - \"Valeu Obrigado\" - Vinyl Land Records","robots":{"index":"index","follow":"follow","max-snippet":"max-snippet:-1","max-image-preview":"max-image-preview:large","max-video-preview":"max-video-preview:-1"},"canonical":"https:\/\/shopbrasil.vinyllandrecords.com\/produto\/wealstarcks-valeu-obrigado\/","og_locale":"en_US","og_type":"article","og_title":"Wealstarcks - \"Valeu Obrigado\" - Vinyl Land Records","og_description":"[:pb]Logo ap\u00f3s o enorme sucesso de seu \u00e1lbum de estreia \u201cGratid\u00e3o\u201d 2021, o produtor franc\u00eas Wealstarcks ataca novamente com mais um estouro em forma de LP \u201cValeu Obrigado\u201d. Assim como em 2021, Wealstarcks mescla com maestria o melhor do house e do electro aos \u00faltimos sucessos da cultura Funk Carioca. Um soul, cheio de grooves e claro, j\u00f3ias de pista de dan\u00e7a que v\u00e3o te fazer pular! Edi\u00e7\u00e3o limitada, garanta j\u00e1 a sua.  https:\/\/open.spotify.com\/album\/6VJZ0nkYELt8ea9ViC8Vfl?si=t5pIRJ3VQCCnCA07_pobwA[:en]Logo ap\u00f3s o enorme sucesso de seu \u00e1lbum de estreia \u201cGratid\u00e3o\u201d 2021, o produtor franc\u00eas Wealstarcks ataca novamente com mais um estouro em forma de LP \u201cValeu Obrigado\u201d. Assim como em 2021, Wealstarcks mescla com maestria o melhor do house e do electro aos \u00faltimos sucessos da cultura Funk Carioca. Um soul, cheio de grooves e claro, j\u00f3ias de pista de dan\u00e7a que v\u00e3o te fazer pular! Edi\u00e7\u00e3o limitada, garanta j\u00e1 a sua.  https:\/\/open.spotify.com\/album\/6VJZ0nkYELt8ea9ViC8Vfl?si=gXVzZlO2SuWNKhb9fXjC7Q[:]","og_url":"https:\/\/shopbrasil.vinyllandrecords.com\/produto\/wealstarcks-valeu-obrigado\/","og_site_name":"Vinyl Land Records","article_modified_time":"2026-02-22T19:07:07+00:00","og_image":[{"width":450,"height":450,"url":"https:\/\/shopbrasil.vinyllandrecords.com\/wp-content\/uploads\/2024\/12\/450xN.jpeg","type":"image\/jpeg"}],"twitter_card":"summary_large_image","twitter_misc":{"Est. reading time":"1 minute"},"schema":{"@context":"https:\/\/schema.org","@graph":[{"@type":"WebPage","@id":"https:\/\/shopbrasil.vinyllandrecords.com\/produto\/wealstarcks-valeu-obrigado\/","url":"https:\/\/shopbrasil.vinyllandrecords.com\/produto\/wealstarcks-valeu-obrigado\/","name":"Wealstarcks - \"Valeu Obrigado\" - Vinyl Land Records","isPartOf":{"@id":"https:\/\/shopbrasil.vinyllandrecords.com\/#website"},"primaryImageOfPage":{"@id":"https:\/\/shopbrasil.vinyllandrecords.com\/produto\/wealstarcks-valeu-obrigado\/#primaryimage"},"image":{"@id":"https:\/\/shopbrasil.vinyllandrecords.com\/produto\/wealstarcks-valeu-obrigado\/#primaryimage"},"thumbnailUrl":"https:\/\/shopbrasil.vinyllandrecords.com\/wp-content\/uploads\/2024\/12\/450xN.jpeg","datePublished":"2024-12-12T16:38:20+00:00","dateModified":"2026-02-22T19:07:07+00:00","breadcrumb":{"@id":"https:\/\/shopbrasil.vinyllandrecords.com\/produto\/wealstarcks-valeu-obrigado\/#breadcrumb"},"inLanguage":"en-US","potentialAction":[{"@type":"ReadAction","target":["https:\/\/shopbrasil.vinyllandrecords.com\/produto\/wealstarcks-valeu-obrigado\/"]}]},{"@type":"ImageObject","inLanguage":"en-US","@id":"https:\/\/shopbrasil.vinyllandrecords.com\/produto\/wealstarcks-valeu-obrigado\/#primaryimage","url":"https:\/\/shopbrasil.vinyllandrecords.com\/wp-content\/uploads\/2024\/12\/450xN.jpeg","contentUrl":"https:\/\/shopbrasil.vinyllandrecords.com\/wp-content\/uploads\/2024\/12\/450xN.jpeg","width":450,"height":450},{"@type":"BreadcrumbList","@id":"https:\/\/shopbrasil.vinyllandrecords.com\/produto\/wealstarcks-valeu-obrigado\/#breadcrumb","itemListElement":[{"@type":"ListItem","position":1,"name":"In\u00edcio","item":"https:\/\/shopbrasil.vinyllandrecords.com\/"},{"@type":"ListItem","position":2,"name":"Shops","item":"https:\/\/shopbrasil.vinyllandrecords.com\/shops\/"},{"@type":"ListItem","position":3,"name":"Wealstarcks &#8211; &#8220;Valeu Obrigado&#8221;"}]},{"@type":"WebSite","@id":"https:\/\/shopbrasil.vinyllandrecords.com\/#website","url":"https:\/\/shopbrasil.vinyllandrecords.com\/","name":"Vinyl Land Records","description":"ONLINE SHOP","potentialAction":[{"@type":"SearchAction","target":{"@type":"EntryPoint","urlTemplate":"https:\/\/shopbrasil.vinyllandrecords.com\/?s={search_term_string}"},"query-input":{"@type":"PropertyValueSpecification","valueRequired":true,"valueName":"search_term_string"}}],"inLanguage":"en-US"}]}},"_links":{"self":[{"href":"https:\/\/shopbrasil.vinyllandrecords.com\/en\/wp-json\/wp\/v2\/product\/70258","targetHints":{"allow":["GET"]}}],"collection":[{"href":"https:\/\/shopbrasil.vinyllandrecords.com\/en\/wp-json\/wp\/v2\/product"}],"about":[{"href":"https:\/\/shopbrasil.vinyllandrecords.com\/en\/wp-json\/wp\/v2\/types\/product"}],"wp:featuredmedia":[{"embeddable":true,"href":"https:\/\/shopbrasil.vinyllandrecords.com\/en\/wp-json\/wp\/v2\/media\/70254"}],"wp:attachment":[{"href":"https:\/\/shopbrasil.vinyllandrecords.com\/en\/wp-json\/wp\/v2\/media?parent=70258"}],"wp:term":[{"taxonomy":"product_brand","embeddable":true,"href":"https:\/\/shopbrasil.vinyllandrecords.com\/en\/wp-json\/wp\/v2\/product_brand?post=70258"},{"taxonomy":"product_cat","embeddable":true,"href":"https:\/\/shopbrasil.vinyllandrecords.com\/en\/wp-json\/wp\/v2\/product_cat?post=70258"},{"taxonomy":"product_tag","embeddable":true,"href":"https:\/\/shopbrasil.vinyllandrecords.com\/en\/wp-json\/wp\/v2\/product_tag?post=70258"}],"curies":[{"name":"wp","href":"https:\/\/api.w.org\/{rel}","templated":true}]}}