{"id":70259,"date":"2024-12-12T13:42:18","date_gmt":"2024-12-12T16:42:18","guid":{"rendered":"https:\/\/shopbrasil.vinyllandrecords.com\/?post_type=product&#038;p=70259"},"modified":"2025-11-16T08:39:33","modified_gmt":"2025-11-16T11:39:33","slug":"wealstarcks-gratidaoh","status":"publish","type":"product","link":"https:\/\/shopbrasil.vinyllandrecords.com\/en\/produto\/wealstarcks-gratidaoh\/","title":{"rendered":"Wealstarcks &#8211; &#8220;GRATIDAOH&#8221;"},"content":{"rendered":"","protected":false},"excerpt":{"rendered":"<p>O parisiense Wealstarcks amplia o nosso mundo atrav\u00e9s da sua m\u00fasica. O produtor\/DJ franc\u00eas foi criado na cidade da luz, mas seu som \u00e9 n\u00f4made, pois ele arranja com maestria house music e a cultura brasileira. Seu primeiro lan\u00e7amento, \u201cGratidaoh\u201d 2021, gerou milh\u00f5es de streams e, desde ent\u00e3o, a edi\u00e7\u00e3o em vinil tem sido muito procurada. Seus DJ sets s\u00e3o conhecidos por comandar uma sala e diminuir inibi\u00e7\u00f5es, do Rio de Janeiro a Mil\u00e3o e seus cr\u00e9ditos de produ\u00e7\u00e3o incluem nomes eminentes em todo o mundo, de Tory Lanez ao rapper franc\u00eas Booba ou \u00e0 cantora italiana Sfera Ebbasta. O LP \u201cGratidaoh\u201d est\u00e1 finalmente dispon\u00edvel pela Somat\u00f3ria do Barulho em edi\u00e7\u00e3o limitada em 45RPM para melhor qualidade de som! Garanta j\u00e1 o seu!<\/p>\n<p>https:\/\/open.spotify.com\/album\/5MGJ5gIaNYJAj53JfcvndP?si=az84JIUEQfGSv4RIG6a-_g<\/p>\n","protected":false},"featured_media":70260,"template":"","meta":[],"product_brand":[],"product_cat":[107,111,114,118,97],"product_tag":[],"class_list":{"0":"post-70259","1":"product","2":"type-product","3":"status-publish","4":"has-post-thumbnail","6":"product_cat-garimpo","7":"product_cat-destaque","8":"product_cat-somatorio-do-barulho","9":"product_cat-importado","10":"product_cat-lp","12":"first","13":"instock","14":"taxable","15":"shipping-taxable","16":"purchasable","17":"product-type-simple"},"yoast_head":"<!-- This site is optimized with the Yoast SEO plugin v27.4 - https:\/\/yoast.com\/product\/yoast-seo-wordpress\/ -->\n<title>Wealstarcks - &quot;GRATIDAOH&quot; - Vinyl Land Records<\/title>\n<meta name=\"robots\" content=\"index, follow, max-snippet:-1, max-image-preview:large, max-video-preview:-1\" \/>\n<link rel=\"canonical\" href=\"https:\/\/shopbrasil.vinyllandrecords.com\/produto\/wealstarcks-gratidaoh\/\" \/>\n<meta property=\"og:locale\" content=\"en_US\" \/>\n<meta property=\"og:type\" content=\"article\" \/>\n<meta property=\"og:title\" content=\"Wealstarcks - &quot;GRATIDAOH&quot; - Vinyl Land Records\" \/>\n<meta property=\"og:description\" content=\"O parisiense Wealstarcks amplia o nosso mundo atrav\u00e9s da sua m\u00fasica. O produtor\/DJ franc\u00eas foi criado na cidade da luz, mas seu som \u00e9 n\u00f4made, pois ele arranja com maestria house music e a cultura brasileira. Seu primeiro lan\u00e7amento, \u201cGratidaoh\u201d 2021, gerou milh\u00f5es de streams e, desde ent\u00e3o, a edi\u00e7\u00e3o em vinil tem sido muito procurada. Seus DJ sets s\u00e3o conhecidos por comandar uma sala e diminuir inibi\u00e7\u00f5es, do Rio de Janeiro a Mil\u00e3o e seus cr\u00e9ditos de produ\u00e7\u00e3o incluem nomes eminentes em todo o mundo, de Tory Lanez ao rapper franc\u00eas Booba ou \u00e0 cantora italiana Sfera Ebbasta. O LP \u201cGratidaoh\u201d est\u00e1 finalmente dispon\u00edvel pela Somat\u00f3ria do Barulho em edi\u00e7\u00e3o limitada em 45RPM para melhor qualidade de som! Garanta j\u00e1 o seu!  https:\/\/open.spotify.com\/album\/5MGJ5gIaNYJAj53JfcvndP?si=az84JIUEQfGSv4RIG6a-_g\" \/>\n<meta property=\"og:url\" content=\"https:\/\/shopbrasil.vinyllandrecords.com\/produto\/wealstarcks-gratidaoh\/\" \/>\n<meta property=\"og:site_name\" content=\"Vinyl Land Records\" \/>\n<meta property=\"article:modified_time\" content=\"2025-11-16T11:39:33+00:00\" \/>\n<meta property=\"og:image\" content=\"https:\/\/shopbrasil.vinyllandrecords.com\/wp-content\/uploads\/2024\/12\/weastalks.jpeg\" \/>\n\t<meta property=\"og:image:width\" content=\"450\" \/>\n\t<meta property=\"og:image:height\" content=\"448\" \/>\n\t<meta property=\"og:image:type\" content=\"image\/jpeg\" \/>\n<meta name=\"twitter:card\" content=\"summary_large_image\" \/>\n<meta name=\"twitter:label1\" content=\"Est. reading time\" \/>\n\t<meta name=\"twitter:data1\" content=\"1 minute\" \/>\n<script type=\"application\/ld+json\" class=\"yoast-schema-graph\">{\"@context\":\"https:\\\/\\\/schema.org\",\"@graph\":[{\"@type\":\"WebPage\",\"@id\":\"https:\\\/\\\/shopbrasil.vinyllandrecords.com\\\/produto\\\/wealstarcks-gratidaoh\\\/\",\"url\":\"https:\\\/\\\/shopbrasil.vinyllandrecords.com\\\/produto\\\/wealstarcks-gratidaoh\\\/\",\"name\":\"Wealstarcks - \\\"GRATIDAOH\\\" - Vinyl Land Records\",\"isPartOf\":{\"@id\":\"https:\\\/\\\/shopbrasil.vinyllandrecords.com\\\/#website\"},\"primaryImageOfPage\":{\"@id\":\"https:\\\/\\\/shopbrasil.vinyllandrecords.com\\\/produto\\\/wealstarcks-gratidaoh\\\/#primaryimage\"},\"image\":{\"@id\":\"https:\\\/\\\/shopbrasil.vinyllandrecords.com\\\/produto\\\/wealstarcks-gratidaoh\\\/#primaryimage\"},\"thumbnailUrl\":\"https:\\\/\\\/shopbrasil.vinyllandrecords.com\\\/wp-content\\\/uploads\\\/2024\\\/12\\\/weastalks.jpeg\",\"datePublished\":\"2024-12-12T16:42:18+00:00\",\"dateModified\":\"2025-11-16T11:39:33+00:00\",\"breadcrumb\":{\"@id\":\"https:\\\/\\\/shopbrasil.vinyllandrecords.com\\\/produto\\\/wealstarcks-gratidaoh\\\/#breadcrumb\"},\"inLanguage\":\"en-US\",\"potentialAction\":[{\"@type\":\"ReadAction\",\"target\":[\"https:\\\/\\\/shopbrasil.vinyllandrecords.com\\\/produto\\\/wealstarcks-gratidaoh\\\/\"]}]},{\"@type\":\"ImageObject\",\"inLanguage\":\"en-US\",\"@id\":\"https:\\\/\\\/shopbrasil.vinyllandrecords.com\\\/produto\\\/wealstarcks-gratidaoh\\\/#primaryimage\",\"url\":\"https:\\\/\\\/shopbrasil.vinyllandrecords.com\\\/wp-content\\\/uploads\\\/2024\\\/12\\\/weastalks.jpeg\",\"contentUrl\":\"https:\\\/\\\/shopbrasil.vinyllandrecords.com\\\/wp-content\\\/uploads\\\/2024\\\/12\\\/weastalks.jpeg\",\"width\":450,\"height\":448},{\"@type\":\"BreadcrumbList\",\"@id\":\"https:\\\/\\\/shopbrasil.vinyllandrecords.com\\\/produto\\\/wealstarcks-gratidaoh\\\/#breadcrumb\",\"itemListElement\":[{\"@type\":\"ListItem\",\"position\":1,\"name\":\"In\u00edcio\",\"item\":\"https:\\\/\\\/shopbrasil.vinyllandrecords.com\\\/\"},{\"@type\":\"ListItem\",\"position\":2,\"name\":\"Shops\",\"item\":\"https:\\\/\\\/shopbrasil.vinyllandrecords.com\\\/shops\\\/\"},{\"@type\":\"ListItem\",\"position\":3,\"name\":\"Wealstarcks &#8211; &#8220;GRATIDAOH&#8221;\"}]},{\"@type\":\"WebSite\",\"@id\":\"https:\\\/\\\/shopbrasil.vinyllandrecords.com\\\/#website\",\"url\":\"https:\\\/\\\/shopbrasil.vinyllandrecords.com\\\/\",\"name\":\"Vinyl Land Records\",\"description\":\"ONLINE SHOP\",\"potentialAction\":[{\"@type\":\"SearchAction\",\"target\":{\"@type\":\"EntryPoint\",\"urlTemplate\":\"https:\\\/\\\/shopbrasil.vinyllandrecords.com\\\/?s={search_term_string}\"},\"query-input\":{\"@type\":\"PropertyValueSpecification\",\"valueRequired\":true,\"valueName\":\"search_term_string\"}}],\"inLanguage\":\"en-US\"}]}<\/script>\n<!-- \/ Yoast SEO plugin. -->","yoast_head_json":{"title":"Wealstarcks - \"GRATIDAOH\" - Vinyl Land Records","robots":{"index":"index","follow":"follow","max-snippet":"max-snippet:-1","max-image-preview":"max-image-preview:large","max-video-preview":"max-video-preview:-1"},"canonical":"https:\/\/shopbrasil.vinyllandrecords.com\/produto\/wealstarcks-gratidaoh\/","og_locale":"en_US","og_type":"article","og_title":"Wealstarcks - \"GRATIDAOH\" - Vinyl Land Records","og_description":"O parisiense Wealstarcks amplia o nosso mundo atrav\u00e9s da sua m\u00fasica. O produtor\/DJ franc\u00eas foi criado na cidade da luz, mas seu som \u00e9 n\u00f4made, pois ele arranja com maestria house music e a cultura brasileira. Seu primeiro lan\u00e7amento, \u201cGratidaoh\u201d 2021, gerou milh\u00f5es de streams e, desde ent\u00e3o, a edi\u00e7\u00e3o em vinil tem sido muito procurada. Seus DJ sets s\u00e3o conhecidos por comandar uma sala e diminuir inibi\u00e7\u00f5es, do Rio de Janeiro a Mil\u00e3o e seus cr\u00e9ditos de produ\u00e7\u00e3o incluem nomes eminentes em todo o mundo, de Tory Lanez ao rapper franc\u00eas Booba ou \u00e0 cantora italiana Sfera Ebbasta. O LP \u201cGratidaoh\u201d est\u00e1 finalmente dispon\u00edvel pela Somat\u00f3ria do Barulho em edi\u00e7\u00e3o limitada em 45RPM para melhor qualidade de som! Garanta j\u00e1 o seu!  https:\/\/open.spotify.com\/album\/5MGJ5gIaNYJAj53JfcvndP?si=az84JIUEQfGSv4RIG6a-_g","og_url":"https:\/\/shopbrasil.vinyllandrecords.com\/produto\/wealstarcks-gratidaoh\/","og_site_name":"Vinyl Land Records","article_modified_time":"2025-11-16T11:39:33+00:00","og_image":[{"width":450,"height":448,"url":"https:\/\/shopbrasil.vinyllandrecords.com\/wp-content\/uploads\/2024\/12\/weastalks.jpeg","type":"image\/jpeg"}],"twitter_card":"summary_large_image","twitter_misc":{"Est. reading time":"1 minute"},"schema":{"@context":"https:\/\/schema.org","@graph":[{"@type":"WebPage","@id":"https:\/\/shopbrasil.vinyllandrecords.com\/produto\/wealstarcks-gratidaoh\/","url":"https:\/\/shopbrasil.vinyllandrecords.com\/produto\/wealstarcks-gratidaoh\/","name":"Wealstarcks - \"GRATIDAOH\" - Vinyl Land Records","isPartOf":{"@id":"https:\/\/shopbrasil.vinyllandrecords.com\/#website"},"primaryImageOfPage":{"@id":"https:\/\/shopbrasil.vinyllandrecords.com\/produto\/wealstarcks-gratidaoh\/#primaryimage"},"image":{"@id":"https:\/\/shopbrasil.vinyllandrecords.com\/produto\/wealstarcks-gratidaoh\/#primaryimage"},"thumbnailUrl":"https:\/\/shopbrasil.vinyllandrecords.com\/wp-content\/uploads\/2024\/12\/weastalks.jpeg","datePublished":"2024-12-12T16:42:18+00:00","dateModified":"2025-11-16T11:39:33+00:00","breadcrumb":{"@id":"https:\/\/shopbrasil.vinyllandrecords.com\/produto\/wealstarcks-gratidaoh\/#breadcrumb"},"inLanguage":"en-US","potentialAction":[{"@type":"ReadAction","target":["https:\/\/shopbrasil.vinyllandrecords.com\/produto\/wealstarcks-gratidaoh\/"]}]},{"@type":"ImageObject","inLanguage":"en-US","@id":"https:\/\/shopbrasil.vinyllandrecords.com\/produto\/wealstarcks-gratidaoh\/#primaryimage","url":"https:\/\/shopbrasil.vinyllandrecords.com\/wp-content\/uploads\/2024\/12\/weastalks.jpeg","contentUrl":"https:\/\/shopbrasil.vinyllandrecords.com\/wp-content\/uploads\/2024\/12\/weastalks.jpeg","width":450,"height":448},{"@type":"BreadcrumbList","@id":"https:\/\/shopbrasil.vinyllandrecords.com\/produto\/wealstarcks-gratidaoh\/#breadcrumb","itemListElement":[{"@type":"ListItem","position":1,"name":"In\u00edcio","item":"https:\/\/shopbrasil.vinyllandrecords.com\/"},{"@type":"ListItem","position":2,"name":"Shops","item":"https:\/\/shopbrasil.vinyllandrecords.com\/shops\/"},{"@type":"ListItem","position":3,"name":"Wealstarcks &#8211; &#8220;GRATIDAOH&#8221;"}]},{"@type":"WebSite","@id":"https:\/\/shopbrasil.vinyllandrecords.com\/#website","url":"https:\/\/shopbrasil.vinyllandrecords.com\/","name":"Vinyl Land Records","description":"ONLINE SHOP","potentialAction":[{"@type":"SearchAction","target":{"@type":"EntryPoint","urlTemplate":"https:\/\/shopbrasil.vinyllandrecords.com\/?s={search_term_string}"},"query-input":{"@type":"PropertyValueSpecification","valueRequired":true,"valueName":"search_term_string"}}],"inLanguage":"en-US"}]}},"_links":{"self":[{"href":"https:\/\/shopbrasil.vinyllandrecords.com\/en\/wp-json\/wp\/v2\/product\/70259","targetHints":{"allow":["GET"]}}],"collection":[{"href":"https:\/\/shopbrasil.vinyllandrecords.com\/en\/wp-json\/wp\/v2\/product"}],"about":[{"href":"https:\/\/shopbrasil.vinyllandrecords.com\/en\/wp-json\/wp\/v2\/types\/product"}],"wp:featuredmedia":[{"embeddable":true,"href":"https:\/\/shopbrasil.vinyllandrecords.com\/en\/wp-json\/wp\/v2\/media\/70260"}],"wp:attachment":[{"href":"https:\/\/shopbrasil.vinyllandrecords.com\/en\/wp-json\/wp\/v2\/media?parent=70259"}],"wp:term":[{"taxonomy":"product_brand","embeddable":true,"href":"https:\/\/shopbrasil.vinyllandrecords.com\/en\/wp-json\/wp\/v2\/product_brand?post=70259"},{"taxonomy":"product_cat","embeddable":true,"href":"https:\/\/shopbrasil.vinyllandrecords.com\/en\/wp-json\/wp\/v2\/product_cat?post=70259"},{"taxonomy":"product_tag","embeddable":true,"href":"https:\/\/shopbrasil.vinyllandrecords.com\/en\/wp-json\/wp\/v2\/product_tag?post=70259"}],"curies":[{"name":"wp","href":"https:\/\/api.w.org\/{rel}","templated":true}]}}