{"id":70373,"date":"2025-07-16T13:27:18","date_gmt":"2025-07-16T16:27:18","guid":{"rendered":"https:\/\/shopbrasil.vinyllandrecords.com\/?post_type=product&#038;p=70373"},"modified":"2025-10-29T22:58:23","modified_gmt":"2025-10-30T01:58:23","slug":"telefunksoul-samba-reggae-do-futuro-bahia-bass-10-anos","status":"publish","type":"product","link":"https:\/\/shopbrasil.vinyllandrecords.com\/en\/produto\/telefunksoul-samba-reggae-do-futuro-bahia-bass-10-anos\/","title":{"rendered":"Telefunksoul \u200e\u2013 Samba Reggae Do Futuro &#8211; Bahia Bass 10 Anos"},"content":{"rendered":"","protected":false},"excerpt":{"rendered":"<p>\u201cBahia Bass \u00e9 pra voc\u00ea! Retado e preparado no azeite de dend\u00ea.\u201d<\/p>\n<p>A espera acabou e Samba Reggae do Futuro chegou!<\/p>\n<p>Telefunksoul comemora 10 anos do projeto Bahia Bass com o lan\u00e7amento de seu segundo LP, que tem a mistura \u00fanica e insinuante de Bass Music com os ritmos e ancestralidade baiana.<\/p>\n<p>S\u00e3o apenas 300 copias limitadas e numeradas a m\u00e3o.<br \/>\n.Dispon\u00edvel nas cores Azul ou Vermelho;<br \/>\n.Gatefold duplo;<br \/>\n.com encarte especial fotogr\u00e1fico;<br \/>\n.Fitinha do Senhor do Bonfim.<\/p>\n<p>https:\/\/youtube.com\/playlist?list=OLAK5uy_k1Q5jqi13wtyM41zcgnAReSd846_qGuuc&amp;si=ANQkTAk9I66ydFUJ<\/p>\n<p>&nbsp;<\/p>\n","protected":false},"featured_media":70374,"template":"","meta":[],"product_brand":[],"product_cat":[107,111,126,97],"product_tag":[],"class_list":{"0":"post-70373","1":"product","2":"type-product","3":"status-publish","4":"has-post-thumbnail","6":"product_cat-garimpo","7":"product_cat-destaque","8":"product_cat-disco-colorido","9":"product_cat-lp","11":"first","12":"instock","13":"taxable","14":"shipping-taxable","15":"purchasable","16":"product-type-simple"},"yoast_head":"<!-- This site is optimized with the Yoast SEO plugin v27.4 - https:\/\/yoast.com\/product\/yoast-seo-wordpress\/ -->\n<title>Telefunksoul \u200e\u2013 Samba Reggae Do Futuro - Bahia Bass 10 Anos - Vinyl Land Records<\/title>\n<meta name=\"robots\" content=\"index, follow, max-snippet:-1, max-image-preview:large, max-video-preview:-1\" \/>\n<link rel=\"canonical\" href=\"https:\/\/shopbrasil.vinyllandrecords.com\/produto\/telefunksoul-samba-reggae-do-futuro-bahia-bass-10-anos\/\" \/>\n<meta property=\"og:locale\" content=\"en_US\" \/>\n<meta property=\"og:type\" content=\"article\" \/>\n<meta property=\"og:title\" content=\"Telefunksoul \u200e\u2013 Samba Reggae Do Futuro - Bahia Bass 10 Anos - Vinyl Land Records\" \/>\n<meta property=\"og:description\" content=\"[:pb]\u201cBahia Bass \u00e9 pra voc\u00ea! Retado e preparado no azeite de dend\u00ea.\u201d  A espera acabou e Samba Reggae do Futuro chegou!  Telefunksoul comemora 10 anos do projeto Bahia Bass com o lan\u00e7amento de seu segundo LP, que tem a mistura \u00fanica e insinuante de Bass Music com os ritmos e ancestralidade baiana.  S\u00e3o apenas 300 copias limitadas e numeradas a m\u00e3o. .Dispon\u00edvel nas cores Azul ou Vermelho; .Gatefold duplo; .com encarte especial fotogr\u00e1fico; .Fitinha do Senhor do Bonfim.  &nbsp;  https:\/\/youtube.com\/playlist?list=OLAK5uy_k1Q5jqi13wtyM41zcgnAReSd846_qGuuc&amp;si=ANQkTAk9I66ydFUJ[:en]\u201cBahia Bass \u00e9 pra voc\u00ea! Retado e preparado no azeite de dend\u00ea.\u201d  A espera acabou e Samba Reggae do Futuro chegou!  Telefunksoul comemora 10 anos do projeto Bahia Bass com o lan\u00e7amento de seu segundo LP, que tem a mistura \u00fanica e insinuante de Bass Music com os ritmos e ancestralidade baiana.  S\u00e3o apenas 300 copias limitadas e numeradas a m\u00e3o. .Dispon\u00edvel nas cores Azul ou Vermelho; .Gatefold duplo; .com encarte especial fotogr\u00e1fico; .Fitinha do Senhor do Bonfim.  https:\/\/youtube.com\/playlist?list=OLAK5uy_k1Q5jqi13wtyM41zcgnAReSd846_qGuuc&amp;si=ANQkTAk9I66ydFUJ  &nbsp;[:]\" \/>\n<meta property=\"og:url\" content=\"https:\/\/shopbrasil.vinyllandrecords.com\/produto\/telefunksoul-samba-reggae-do-futuro-bahia-bass-10-anos\/\" \/>\n<meta property=\"og:site_name\" content=\"Vinyl Land Records\" \/>\n<meta property=\"article:modified_time\" content=\"2025-10-30T01:58:23+00:00\" \/>\n<meta property=\"og:image\" content=\"https:\/\/shopbrasil.vinyllandrecords.com\/wp-content\/uploads\/2025\/07\/TELEFUNNK.jpeg\" \/>\n\t<meta property=\"og:image:width\" content=\"450\" \/>\n\t<meta property=\"og:image:height\" content=\"449\" \/>\n\t<meta property=\"og:image:type\" content=\"image\/jpeg\" \/>\n<meta name=\"twitter:card\" content=\"summary_large_image\" \/>\n<meta name=\"twitter:label1\" content=\"Est. reading time\" \/>\n\t<meta name=\"twitter:data1\" content=\"1 minute\" \/>\n<script type=\"application\/ld+json\" class=\"yoast-schema-graph\">{\"@context\":\"https:\\\/\\\/schema.org\",\"@graph\":[{\"@type\":\"WebPage\",\"@id\":\"https:\\\/\\\/shopbrasil.vinyllandrecords.com\\\/produto\\\/telefunksoul-samba-reggae-do-futuro-bahia-bass-10-anos\\\/\",\"url\":\"https:\\\/\\\/shopbrasil.vinyllandrecords.com\\\/produto\\\/telefunksoul-samba-reggae-do-futuro-bahia-bass-10-anos\\\/\",\"name\":\"Telefunksoul \u200e\u2013 Samba Reggae Do Futuro - Bahia Bass 10 Anos - Vinyl Land Records\",\"isPartOf\":{\"@id\":\"https:\\\/\\\/shopbrasil.vinyllandrecords.com\\\/#website\"},\"primaryImageOfPage\":{\"@id\":\"https:\\\/\\\/shopbrasil.vinyllandrecords.com\\\/produto\\\/telefunksoul-samba-reggae-do-futuro-bahia-bass-10-anos\\\/#primaryimage\"},\"image\":{\"@id\":\"https:\\\/\\\/shopbrasil.vinyllandrecords.com\\\/produto\\\/telefunksoul-samba-reggae-do-futuro-bahia-bass-10-anos\\\/#primaryimage\"},\"thumbnailUrl\":\"https:\\\/\\\/shopbrasil.vinyllandrecords.com\\\/wp-content\\\/uploads\\\/2025\\\/07\\\/TELEFUNNK.jpeg\",\"datePublished\":\"2025-07-16T16:27:18+00:00\",\"dateModified\":\"2025-10-30T01:58:23+00:00\",\"breadcrumb\":{\"@id\":\"https:\\\/\\\/shopbrasil.vinyllandrecords.com\\\/produto\\\/telefunksoul-samba-reggae-do-futuro-bahia-bass-10-anos\\\/#breadcrumb\"},\"inLanguage\":\"en-US\",\"potentialAction\":[{\"@type\":\"ReadAction\",\"target\":[\"https:\\\/\\\/shopbrasil.vinyllandrecords.com\\\/produto\\\/telefunksoul-samba-reggae-do-futuro-bahia-bass-10-anos\\\/\"]}]},{\"@type\":\"ImageObject\",\"inLanguage\":\"en-US\",\"@id\":\"https:\\\/\\\/shopbrasil.vinyllandrecords.com\\\/produto\\\/telefunksoul-samba-reggae-do-futuro-bahia-bass-10-anos\\\/#primaryimage\",\"url\":\"https:\\\/\\\/shopbrasil.vinyllandrecords.com\\\/wp-content\\\/uploads\\\/2025\\\/07\\\/TELEFUNNK.jpeg\",\"contentUrl\":\"https:\\\/\\\/shopbrasil.vinyllandrecords.com\\\/wp-content\\\/uploads\\\/2025\\\/07\\\/TELEFUNNK.jpeg\",\"width\":450,\"height\":449},{\"@type\":\"BreadcrumbList\",\"@id\":\"https:\\\/\\\/shopbrasil.vinyllandrecords.com\\\/produto\\\/telefunksoul-samba-reggae-do-futuro-bahia-bass-10-anos\\\/#breadcrumb\",\"itemListElement\":[{\"@type\":\"ListItem\",\"position\":1,\"name\":\"In\u00edcio\",\"item\":\"https:\\\/\\\/shopbrasil.vinyllandrecords.com\\\/\"},{\"@type\":\"ListItem\",\"position\":2,\"name\":\"Shops\",\"item\":\"https:\\\/\\\/shopbrasil.vinyllandrecords.com\\\/shops\\\/\"},{\"@type\":\"ListItem\",\"position\":3,\"name\":\"Telefunksoul \u200e\u2013 Samba Reggae Do Futuro &#8211; Bahia Bass 10 Anos\"}]},{\"@type\":\"WebSite\",\"@id\":\"https:\\\/\\\/shopbrasil.vinyllandrecords.com\\\/#website\",\"url\":\"https:\\\/\\\/shopbrasil.vinyllandrecords.com\\\/\",\"name\":\"Vinyl Land Records\",\"description\":\"ONLINE SHOP\",\"potentialAction\":[{\"@type\":\"SearchAction\",\"target\":{\"@type\":\"EntryPoint\",\"urlTemplate\":\"https:\\\/\\\/shopbrasil.vinyllandrecords.com\\\/?s={search_term_string}\"},\"query-input\":{\"@type\":\"PropertyValueSpecification\",\"valueRequired\":true,\"valueName\":\"search_term_string\"}}],\"inLanguage\":\"en-US\"}]}<\/script>\n<!-- \/ Yoast SEO plugin. -->","yoast_head_json":{"title":"Telefunksoul \u200e\u2013 Samba Reggae Do Futuro - Bahia Bass 10 Anos - Vinyl Land Records","robots":{"index":"index","follow":"follow","max-snippet":"max-snippet:-1","max-image-preview":"max-image-preview:large","max-video-preview":"max-video-preview:-1"},"canonical":"https:\/\/shopbrasil.vinyllandrecords.com\/produto\/telefunksoul-samba-reggae-do-futuro-bahia-bass-10-anos\/","og_locale":"en_US","og_type":"article","og_title":"Telefunksoul \u200e\u2013 Samba Reggae Do Futuro - Bahia Bass 10 Anos - Vinyl Land Records","og_description":"[:pb]\u201cBahia Bass \u00e9 pra voc\u00ea! Retado e preparado no azeite de dend\u00ea.\u201d  A espera acabou e Samba Reggae do Futuro chegou!  Telefunksoul comemora 10 anos do projeto Bahia Bass com o lan\u00e7amento de seu segundo LP, que tem a mistura \u00fanica e insinuante de Bass Music com os ritmos e ancestralidade baiana.  S\u00e3o apenas 300 copias limitadas e numeradas a m\u00e3o. .Dispon\u00edvel nas cores Azul ou Vermelho; .Gatefold duplo; .com encarte especial fotogr\u00e1fico; .Fitinha do Senhor do Bonfim.  &nbsp;  https:\/\/youtube.com\/playlist?list=OLAK5uy_k1Q5jqi13wtyM41zcgnAReSd846_qGuuc&amp;si=ANQkTAk9I66ydFUJ[:en]\u201cBahia Bass \u00e9 pra voc\u00ea! Retado e preparado no azeite de dend\u00ea.\u201d  A espera acabou e Samba Reggae do Futuro chegou!  Telefunksoul comemora 10 anos do projeto Bahia Bass com o lan\u00e7amento de seu segundo LP, que tem a mistura \u00fanica e insinuante de Bass Music com os ritmos e ancestralidade baiana.  S\u00e3o apenas 300 copias limitadas e numeradas a m\u00e3o. .Dispon\u00edvel nas cores Azul ou Vermelho; .Gatefold duplo; .com encarte especial fotogr\u00e1fico; .Fitinha do Senhor do Bonfim.  https:\/\/youtube.com\/playlist?list=OLAK5uy_k1Q5jqi13wtyM41zcgnAReSd846_qGuuc&amp;si=ANQkTAk9I66ydFUJ  &nbsp;[:]","og_url":"https:\/\/shopbrasil.vinyllandrecords.com\/produto\/telefunksoul-samba-reggae-do-futuro-bahia-bass-10-anos\/","og_site_name":"Vinyl Land Records","article_modified_time":"2025-10-30T01:58:23+00:00","og_image":[{"width":450,"height":449,"url":"https:\/\/shopbrasil.vinyllandrecords.com\/wp-content\/uploads\/2025\/07\/TELEFUNNK.jpeg","type":"image\/jpeg"}],"twitter_card":"summary_large_image","twitter_misc":{"Est. reading time":"1 minute"},"schema":{"@context":"https:\/\/schema.org","@graph":[{"@type":"WebPage","@id":"https:\/\/shopbrasil.vinyllandrecords.com\/produto\/telefunksoul-samba-reggae-do-futuro-bahia-bass-10-anos\/","url":"https:\/\/shopbrasil.vinyllandrecords.com\/produto\/telefunksoul-samba-reggae-do-futuro-bahia-bass-10-anos\/","name":"Telefunksoul \u200e\u2013 Samba Reggae Do Futuro - Bahia Bass 10 Anos - Vinyl Land Records","isPartOf":{"@id":"https:\/\/shopbrasil.vinyllandrecords.com\/#website"},"primaryImageOfPage":{"@id":"https:\/\/shopbrasil.vinyllandrecords.com\/produto\/telefunksoul-samba-reggae-do-futuro-bahia-bass-10-anos\/#primaryimage"},"image":{"@id":"https:\/\/shopbrasil.vinyllandrecords.com\/produto\/telefunksoul-samba-reggae-do-futuro-bahia-bass-10-anos\/#primaryimage"},"thumbnailUrl":"https:\/\/shopbrasil.vinyllandrecords.com\/wp-content\/uploads\/2025\/07\/TELEFUNNK.jpeg","datePublished":"2025-07-16T16:27:18+00:00","dateModified":"2025-10-30T01:58:23+00:00","breadcrumb":{"@id":"https:\/\/shopbrasil.vinyllandrecords.com\/produto\/telefunksoul-samba-reggae-do-futuro-bahia-bass-10-anos\/#breadcrumb"},"inLanguage":"en-US","potentialAction":[{"@type":"ReadAction","target":["https:\/\/shopbrasil.vinyllandrecords.com\/produto\/telefunksoul-samba-reggae-do-futuro-bahia-bass-10-anos\/"]}]},{"@type":"ImageObject","inLanguage":"en-US","@id":"https:\/\/shopbrasil.vinyllandrecords.com\/produto\/telefunksoul-samba-reggae-do-futuro-bahia-bass-10-anos\/#primaryimage","url":"https:\/\/shopbrasil.vinyllandrecords.com\/wp-content\/uploads\/2025\/07\/TELEFUNNK.jpeg","contentUrl":"https:\/\/shopbrasil.vinyllandrecords.com\/wp-content\/uploads\/2025\/07\/TELEFUNNK.jpeg","width":450,"height":449},{"@type":"BreadcrumbList","@id":"https:\/\/shopbrasil.vinyllandrecords.com\/produto\/telefunksoul-samba-reggae-do-futuro-bahia-bass-10-anos\/#breadcrumb","itemListElement":[{"@type":"ListItem","position":1,"name":"In\u00edcio","item":"https:\/\/shopbrasil.vinyllandrecords.com\/"},{"@type":"ListItem","position":2,"name":"Shops","item":"https:\/\/shopbrasil.vinyllandrecords.com\/shops\/"},{"@type":"ListItem","position":3,"name":"Telefunksoul \u200e\u2013 Samba Reggae Do Futuro &#8211; Bahia Bass 10 Anos"}]},{"@type":"WebSite","@id":"https:\/\/shopbrasil.vinyllandrecords.com\/#website","url":"https:\/\/shopbrasil.vinyllandrecords.com\/","name":"Vinyl Land Records","description":"ONLINE SHOP","potentialAction":[{"@type":"SearchAction","target":{"@type":"EntryPoint","urlTemplate":"https:\/\/shopbrasil.vinyllandrecords.com\/?s={search_term_string}"},"query-input":{"@type":"PropertyValueSpecification","valueRequired":true,"valueName":"search_term_string"}}],"inLanguage":"en-US"}]}},"_links":{"self":[{"href":"https:\/\/shopbrasil.vinyllandrecords.com\/en\/wp-json\/wp\/v2\/product\/70373","targetHints":{"allow":["GET"]}}],"collection":[{"href":"https:\/\/shopbrasil.vinyllandrecords.com\/en\/wp-json\/wp\/v2\/product"}],"about":[{"href":"https:\/\/shopbrasil.vinyllandrecords.com\/en\/wp-json\/wp\/v2\/types\/product"}],"wp:featuredmedia":[{"embeddable":true,"href":"https:\/\/shopbrasil.vinyllandrecords.com\/en\/wp-json\/wp\/v2\/media\/70374"}],"wp:attachment":[{"href":"https:\/\/shopbrasil.vinyllandrecords.com\/en\/wp-json\/wp\/v2\/media?parent=70373"}],"wp:term":[{"taxonomy":"product_brand","embeddable":true,"href":"https:\/\/shopbrasil.vinyllandrecords.com\/en\/wp-json\/wp\/v2\/product_brand?post=70373"},{"taxonomy":"product_cat","embeddable":true,"href":"https:\/\/shopbrasil.vinyllandrecords.com\/en\/wp-json\/wp\/v2\/product_cat?post=70373"},{"taxonomy":"product_tag","embeddable":true,"href":"https:\/\/shopbrasil.vinyllandrecords.com\/en\/wp-json\/wp\/v2\/product_tag?post=70373"}],"curies":[{"name":"wp","href":"https:\/\/api.w.org\/{rel}","templated":true}]}}