{"id":70379,"date":"2025-07-16T13:38:55","date_gmt":"2025-07-16T16:38:55","guid":{"rendered":"https:\/\/shopbrasil.vinyllandrecords.com\/?post_type=product&#038;p=70379"},"modified":"2025-10-29T22:36:03","modified_gmt":"2025-10-30T01:36:03","slug":"dj-novset-saudade-bamba-beats","status":"publish","type":"product","link":"https:\/\/shopbrasil.vinyllandrecords.com\/en\/produto\/dj-novset-saudade-bamba-beats\/","title":{"rendered":"Dj Novset &#8211; Saudade Bamba Beats"},"content":{"rendered":"","protected":false},"excerpt":{"rendered":"<h5 class=\"font-big\">Descri\u00e7\u00e3o<\/h5>\n<p>Lp Novo<\/p>\n<p>Lacrado<\/p>\n<p>Tiragem limitada de 300 c\u00f3pias numeradas.<\/p>\n<p>Com Encarte<\/p>\n<p>Lan\u00e7amento: Selo Vitrine, Made in Quebrada Discos, Mem\u00f3ria Discos em Novembro 2024.<\/p>\n<p>&nbsp;<\/p>\n<p>LADO Arroz<\/p>\n<p>1. Scratch Canarinho<\/p>\n<p>2.Bamba<\/p>\n<p>3.Sul-Americana<\/p>\n<p>4.An\u00e9is<\/p>\n<p>5.Incorporando<\/p>\n<p>6.Estrada de Ch\u00e3o<\/p>\n<p>7.Cena<\/p>\n<p>&nbsp;<\/p>\n<p>LADO Feij\u00e3o<\/p>\n<p>1.Terra Santa<\/p>\n<p>2.Quarto sem cama<\/p>\n<p>3.Tudo Volta<\/p>\n<p>4.Saudade<\/p>\n<p>5.Parabahia<\/p>\n<p>6. Sinal<\/p>\n<p>7.Mem\u00f3ria<\/p>\n<p>8.Paradinha<\/p>\n<p>https:\/\/youtu.be\/GPmKeBB555g?si=CSIBO9GmAO3D3rp8<\/p>\n","protected":false},"featured_media":70384,"template":"","meta":[],"product_brand":[],"product_cat":[107,111,161,97],"product_tag":[],"class_list":{"0":"post-70379","1":"product","2":"type-product","3":"status-publish","4":"has-post-thumbnail","6":"product_cat-garimpo","7":"product_cat-destaque","8":"product_cat-made-in-quebrada","9":"product_cat-lp","11":"first","12":"outofstock","13":"taxable","14":"shipping-taxable","15":"purchasable","16":"product-type-simple"},"yoast_head":"<!-- This site is optimized with the Yoast SEO plugin v27.4 - https:\/\/yoast.com\/product\/yoast-seo-wordpress\/ -->\n<title>Dj Novset - Saudade Bamba Beats - Vinyl Land Records<\/title>\n<meta name=\"robots\" content=\"index, follow, max-snippet:-1, max-image-preview:large, max-video-preview:-1\" \/>\n<link rel=\"canonical\" href=\"https:\/\/shopbrasil.vinyllandrecords.com\/produto\/dj-novset-saudade-bamba-beats\/\" \/>\n<meta property=\"og:locale\" content=\"en_US\" \/>\n<meta property=\"og:type\" content=\"article\" \/>\n<meta property=\"og:title\" content=\"Dj Novset - Saudade Bamba Beats - Vinyl Land Records\" \/>\n<meta property=\"og:description\" content=\"Descri\u00e7\u00e3o Lp Novo  Lacrado  Tiragem limitada de 300 c\u00f3pias numeradas.  Com Encarte  Lan\u00e7amento: Selo Vitrine, Made in Quebrada Discos, Mem\u00f3ria Discos em Novembro 2024.  &nbsp;  LADO Arroz  1. Scratch Canarinho  2.Bamba  3.Sul-Americana  4.An\u00e9is  5.Incorporando  6.Estrada de Ch\u00e3o  7.Cena  &nbsp;  LADO Feij\u00e3o  1.Terra Santa  2.Quarto sem cama  3.Tudo Volta  4.Saudade  5.Parabahia  6. Sinal  7.Mem\u00f3ria  8.Paradinha  https:\/\/youtu.be\/GPmKeBB555g?si=CSIBO9GmAO3D3rp8\" \/>\n<meta property=\"og:url\" content=\"https:\/\/shopbrasil.vinyllandrecords.com\/produto\/dj-novset-saudade-bamba-beats\/\" \/>\n<meta property=\"og:site_name\" content=\"Vinyl Land Records\" \/>\n<meta property=\"article:modified_time\" content=\"2025-10-30T01:36:03+00:00\" \/>\n<meta property=\"og:image\" content=\"https:\/\/shopbrasil.vinyllandrecords.com\/wp-content\/uploads\/2025\/07\/450xN.jpg\" \/>\n\t<meta property=\"og:image:width\" content=\"450\" \/>\n\t<meta property=\"og:image:height\" content=\"423\" \/>\n\t<meta property=\"og:image:type\" content=\"image\/jpeg\" \/>\n<meta name=\"twitter:card\" content=\"summary_large_image\" \/>\n<meta name=\"twitter:label1\" content=\"Est. reading time\" \/>\n\t<meta name=\"twitter:data1\" content=\"1 minute\" \/>\n<script type=\"application\/ld+json\" class=\"yoast-schema-graph\">{\"@context\":\"https:\\\/\\\/schema.org\",\"@graph\":[{\"@type\":\"WebPage\",\"@id\":\"https:\\\/\\\/shopbrasil.vinyllandrecords.com\\\/produto\\\/dj-novset-saudade-bamba-beats\\\/\",\"url\":\"https:\\\/\\\/shopbrasil.vinyllandrecords.com\\\/produto\\\/dj-novset-saudade-bamba-beats\\\/\",\"name\":\"Dj Novset - Saudade Bamba Beats - Vinyl Land Records\",\"isPartOf\":{\"@id\":\"https:\\\/\\\/shopbrasil.vinyllandrecords.com\\\/#website\"},\"primaryImageOfPage\":{\"@id\":\"https:\\\/\\\/shopbrasil.vinyllandrecords.com\\\/produto\\\/dj-novset-saudade-bamba-beats\\\/#primaryimage\"},\"image\":{\"@id\":\"https:\\\/\\\/shopbrasil.vinyllandrecords.com\\\/produto\\\/dj-novset-saudade-bamba-beats\\\/#primaryimage\"},\"thumbnailUrl\":\"https:\\\/\\\/shopbrasil.vinyllandrecords.com\\\/wp-content\\\/uploads\\\/2025\\\/07\\\/450xN.jpg\",\"datePublished\":\"2025-07-16T16:38:55+00:00\",\"dateModified\":\"2025-10-30T01:36:03+00:00\",\"breadcrumb\":{\"@id\":\"https:\\\/\\\/shopbrasil.vinyllandrecords.com\\\/produto\\\/dj-novset-saudade-bamba-beats\\\/#breadcrumb\"},\"inLanguage\":\"en-US\",\"potentialAction\":[{\"@type\":\"ReadAction\",\"target\":[\"https:\\\/\\\/shopbrasil.vinyllandrecords.com\\\/produto\\\/dj-novset-saudade-bamba-beats\\\/\"]}]},{\"@type\":\"ImageObject\",\"inLanguage\":\"en-US\",\"@id\":\"https:\\\/\\\/shopbrasil.vinyllandrecords.com\\\/produto\\\/dj-novset-saudade-bamba-beats\\\/#primaryimage\",\"url\":\"https:\\\/\\\/shopbrasil.vinyllandrecords.com\\\/wp-content\\\/uploads\\\/2025\\\/07\\\/450xN.jpg\",\"contentUrl\":\"https:\\\/\\\/shopbrasil.vinyllandrecords.com\\\/wp-content\\\/uploads\\\/2025\\\/07\\\/450xN.jpg\",\"width\":450,\"height\":423},{\"@type\":\"BreadcrumbList\",\"@id\":\"https:\\\/\\\/shopbrasil.vinyllandrecords.com\\\/produto\\\/dj-novset-saudade-bamba-beats\\\/#breadcrumb\",\"itemListElement\":[{\"@type\":\"ListItem\",\"position\":1,\"name\":\"In\u00edcio\",\"item\":\"https:\\\/\\\/shopbrasil.vinyllandrecords.com\\\/\"},{\"@type\":\"ListItem\",\"position\":2,\"name\":\"Shops\",\"item\":\"https:\\\/\\\/shopbrasil.vinyllandrecords.com\\\/shops\\\/\"},{\"@type\":\"ListItem\",\"position\":3,\"name\":\"Dj Novset &#8211; Saudade Bamba Beats\"}]},{\"@type\":\"WebSite\",\"@id\":\"https:\\\/\\\/shopbrasil.vinyllandrecords.com\\\/#website\",\"url\":\"https:\\\/\\\/shopbrasil.vinyllandrecords.com\\\/\",\"name\":\"Vinyl Land Records\",\"description\":\"ONLINE SHOP\",\"potentialAction\":[{\"@type\":\"SearchAction\",\"target\":{\"@type\":\"EntryPoint\",\"urlTemplate\":\"https:\\\/\\\/shopbrasil.vinyllandrecords.com\\\/?s={search_term_string}\"},\"query-input\":{\"@type\":\"PropertyValueSpecification\",\"valueRequired\":true,\"valueName\":\"search_term_string\"}}],\"inLanguage\":\"en-US\"}]}<\/script>\n<!-- \/ Yoast SEO plugin. -->","yoast_head_json":{"title":"Dj Novset - Saudade Bamba Beats - Vinyl Land Records","robots":{"index":"index","follow":"follow","max-snippet":"max-snippet:-1","max-image-preview":"max-image-preview:large","max-video-preview":"max-video-preview:-1"},"canonical":"https:\/\/shopbrasil.vinyllandrecords.com\/produto\/dj-novset-saudade-bamba-beats\/","og_locale":"en_US","og_type":"article","og_title":"Dj Novset - Saudade Bamba Beats - Vinyl Land Records","og_description":"Descri\u00e7\u00e3o Lp Novo  Lacrado  Tiragem limitada de 300 c\u00f3pias numeradas.  Com Encarte  Lan\u00e7amento: Selo Vitrine, Made in Quebrada Discos, Mem\u00f3ria Discos em Novembro 2024.  &nbsp;  LADO Arroz  1. Scratch Canarinho  2.Bamba  3.Sul-Americana  4.An\u00e9is  5.Incorporando  6.Estrada de Ch\u00e3o  7.Cena  &nbsp;  LADO Feij\u00e3o  1.Terra Santa  2.Quarto sem cama  3.Tudo Volta  4.Saudade  5.Parabahia  6. Sinal  7.Mem\u00f3ria  8.Paradinha  https:\/\/youtu.be\/GPmKeBB555g?si=CSIBO9GmAO3D3rp8","og_url":"https:\/\/shopbrasil.vinyllandrecords.com\/produto\/dj-novset-saudade-bamba-beats\/","og_site_name":"Vinyl Land Records","article_modified_time":"2025-10-30T01:36:03+00:00","og_image":[{"width":450,"height":423,"url":"https:\/\/shopbrasil.vinyllandrecords.com\/wp-content\/uploads\/2025\/07\/450xN.jpg","type":"image\/jpeg"}],"twitter_card":"summary_large_image","twitter_misc":{"Est. reading time":"1 minute"},"schema":{"@context":"https:\/\/schema.org","@graph":[{"@type":"WebPage","@id":"https:\/\/shopbrasil.vinyllandrecords.com\/produto\/dj-novset-saudade-bamba-beats\/","url":"https:\/\/shopbrasil.vinyllandrecords.com\/produto\/dj-novset-saudade-bamba-beats\/","name":"Dj Novset - Saudade Bamba Beats - Vinyl Land Records","isPartOf":{"@id":"https:\/\/shopbrasil.vinyllandrecords.com\/#website"},"primaryImageOfPage":{"@id":"https:\/\/shopbrasil.vinyllandrecords.com\/produto\/dj-novset-saudade-bamba-beats\/#primaryimage"},"image":{"@id":"https:\/\/shopbrasil.vinyllandrecords.com\/produto\/dj-novset-saudade-bamba-beats\/#primaryimage"},"thumbnailUrl":"https:\/\/shopbrasil.vinyllandrecords.com\/wp-content\/uploads\/2025\/07\/450xN.jpg","datePublished":"2025-07-16T16:38:55+00:00","dateModified":"2025-10-30T01:36:03+00:00","breadcrumb":{"@id":"https:\/\/shopbrasil.vinyllandrecords.com\/produto\/dj-novset-saudade-bamba-beats\/#breadcrumb"},"inLanguage":"en-US","potentialAction":[{"@type":"ReadAction","target":["https:\/\/shopbrasil.vinyllandrecords.com\/produto\/dj-novset-saudade-bamba-beats\/"]}]},{"@type":"ImageObject","inLanguage":"en-US","@id":"https:\/\/shopbrasil.vinyllandrecords.com\/produto\/dj-novset-saudade-bamba-beats\/#primaryimage","url":"https:\/\/shopbrasil.vinyllandrecords.com\/wp-content\/uploads\/2025\/07\/450xN.jpg","contentUrl":"https:\/\/shopbrasil.vinyllandrecords.com\/wp-content\/uploads\/2025\/07\/450xN.jpg","width":450,"height":423},{"@type":"BreadcrumbList","@id":"https:\/\/shopbrasil.vinyllandrecords.com\/produto\/dj-novset-saudade-bamba-beats\/#breadcrumb","itemListElement":[{"@type":"ListItem","position":1,"name":"In\u00edcio","item":"https:\/\/shopbrasil.vinyllandrecords.com\/"},{"@type":"ListItem","position":2,"name":"Shops","item":"https:\/\/shopbrasil.vinyllandrecords.com\/shops\/"},{"@type":"ListItem","position":3,"name":"Dj Novset &#8211; Saudade Bamba Beats"}]},{"@type":"WebSite","@id":"https:\/\/shopbrasil.vinyllandrecords.com\/#website","url":"https:\/\/shopbrasil.vinyllandrecords.com\/","name":"Vinyl Land Records","description":"ONLINE SHOP","potentialAction":[{"@type":"SearchAction","target":{"@type":"EntryPoint","urlTemplate":"https:\/\/shopbrasil.vinyllandrecords.com\/?s={search_term_string}"},"query-input":{"@type":"PropertyValueSpecification","valueRequired":true,"valueName":"search_term_string"}}],"inLanguage":"en-US"}]}},"_links":{"self":[{"href":"https:\/\/shopbrasil.vinyllandrecords.com\/en\/wp-json\/wp\/v2\/product\/70379","targetHints":{"allow":["GET"]}}],"collection":[{"href":"https:\/\/shopbrasil.vinyllandrecords.com\/en\/wp-json\/wp\/v2\/product"}],"about":[{"href":"https:\/\/shopbrasil.vinyllandrecords.com\/en\/wp-json\/wp\/v2\/types\/product"}],"wp:featuredmedia":[{"embeddable":true,"href":"https:\/\/shopbrasil.vinyllandrecords.com\/en\/wp-json\/wp\/v2\/media\/70384"}],"wp:attachment":[{"href":"https:\/\/shopbrasil.vinyllandrecords.com\/en\/wp-json\/wp\/v2\/media?parent=70379"}],"wp:term":[{"taxonomy":"product_brand","embeddable":true,"href":"https:\/\/shopbrasil.vinyllandrecords.com\/en\/wp-json\/wp\/v2\/product_brand?post=70379"},{"taxonomy":"product_cat","embeddable":true,"href":"https:\/\/shopbrasil.vinyllandrecords.com\/en\/wp-json\/wp\/v2\/product_cat?post=70379"},{"taxonomy":"product_tag","embeddable":true,"href":"https:\/\/shopbrasil.vinyllandrecords.com\/en\/wp-json\/wp\/v2\/product_tag?post=70379"}],"curies":[{"name":"wp","href":"https:\/\/api.w.org\/{rel}","templated":true}]}}