{"id":70390,"date":"2025-07-16T14:37:56","date_gmt":"2025-07-16T17:37:56","guid":{"rendered":"https:\/\/shopbrasil.vinyllandrecords.com\/?post_type=product&#038;p=70390"},"modified":"2025-07-16T14:37:56","modified_gmt":"2025-07-16T17:37:56","slug":"conde-favela-sexteto-abc-gueto-jazz","status":"publish","type":"product","link":"https:\/\/shopbrasil.vinyllandrecords.com\/en\/produto\/conde-favela-sexteto-abc-gueto-jazz\/","title":{"rendered":"Conde Favela Sexteto &#8211; ABC Gueto Jazz"},"content":{"rendered":"","protected":false},"excerpt":{"rendered":"<p style=\"font-weight: 400;\">Lp novo<\/p>\n<p style=\"font-weight: 400;\">Capa Dupla Gatefold<\/p>\n<p style=\"font-weight: 400;\">Com poster<\/p>\n<p style=\"font-weight: 400;\">Lan\u00e7amento Novembro\/2024<\/p>\n<p style=\"font-weight: 400;\">Made in Quebrada Discos<\/p>\n<p style=\"font-weight: 400;\">Pindorama Discos<\/p>\n<p style=\"font-weight: 400;\"><strong>CONDE FAVELA SEXTETO\u00a0<\/strong><\/p>\n<p style=\"font-weight: 400;\"><strong>&#8220;ABCguetoJazz&#8221;<\/strong>\u00a0\u00e9 o segundo \u00e1lbum do\u00a0<em>Conde Favela Sexteto<\/em>\u00a0e uma homenagem ao ABC Paulista \u2013 uma regi\u00e3o industrial e perif\u00e9rica de S\u00e3o Paulo, marcada por lutas hist\u00f3ricas e transforma\u00e7\u00f5es constantes. Definido como \u201cjazz com CEP problem\u00e1tico\u201d, o disco \u00e9 um estado delirante de improvisa\u00e7\u00e3o, experimenta\u00e7\u00e3o, intelig\u00eancia e criatividade.<\/p>\n<p style=\"font-weight: 400;\">Com m\u00fasicas in\u00e9ditas, ABCguetoJazz revela n\u00e3o apenas a identidade singular de cada m\u00fasico, mas tamb\u00e9m uma forte abordagem coletiva na cria\u00e7\u00e3o musical. O \u00e1lbum traz \u00e0 tona uma produ\u00e7\u00e3o local l imbu\u00edda de um esp\u00edrito punk, livre de amarras, que caminha com raiva e beleza em cada nota.<\/p>\n<p style=\"font-weight: 400;\">Formado em 2009, o Conde Favela Sexteto tem como miss\u00e3o resgatar os temas do jazz e do sambajazz, inspirado por movimentos inovadores como o free jazz, bebop e hard bop. Essa busca por novas sonoridades influenciou profundamente o grupo, que passou a desenvolver suas pr\u00f3prias ideias, arranjos e composi\u00e7\u00f5es.<\/p>\n<p style=\"font-weight: 400;\">Os integrantes, provenientes do ABC Paulista e com forma\u00e7\u00f5es musicais diversas \u2014 que v\u00e3o do samba \u00e0 m\u00fasica cl\u00e1ssica, do som \u00e1spero ao espiritual \u2014 compartilham uma forte vertente de explora\u00e7\u00e3o sonora. Para o sexteto, o jazz \u00e9 uma manifesta\u00e7\u00e3o popular e aut\u00eantica, que est\u00e1 em constante evolu\u00e7\u00e3o e reinven\u00e7\u00e3o.<\/p>\n<p style=\"font-weight: 400;\">As apresenta\u00e7\u00f5es do grupo s\u00e3o marcadas pela fus\u00e3o de for\u00e7a, sutileza e intensidade, resultado da colabora\u00e7\u00e3o \u00fanica entre os m\u00fasicos e da rica improvisa\u00e7\u00e3o que caracteriza seus shows. O repert\u00f3rio atual inclui m\u00fasicas do primeiro disco, composi\u00e7\u00f5es in\u00e9ditas e participa\u00e7\u00f5es especiais que sempre aquecem o palco.<\/p>\n<p style=\"font-weight: 400;\">Integrantes:<\/p>\n<ul style=\"font-weight: 400;\">\n<li>Alex Dias (Baixo Ac\u00fastico)<\/li>\n<li>Diego Estevam (Guitarra)<\/li>\n<li>Edson Ik\u00ea (Trompete)<\/li>\n<li>Harley Buru (Sax Tenor)<\/li>\n<li>Mabu Reis (Trombone)<\/li>\n<li>Rafae Cab (Bateria)<\/li>\n<\/ul>\n<p>&nbsp;<\/p>\n<p>https:\/\/open.spotify.com\/album\/2OCJH36QbSsIVU97bIBZ8z?si=UKVKjztRTiK0ZxIqNUFoJA<\/p>\n","protected":false},"featured_media":70391,"template":"","meta":[],"product_brand":[],"product_cat":[107,111,161],"product_tag":[],"class_list":{"0":"post-70390","1":"product","2":"type-product","3":"status-publish","4":"has-post-thumbnail","6":"product_cat-garimpo","7":"product_cat-destaque","8":"product_cat-made-in-quebrada","10":"first","11":"instock","12":"taxable","13":"shipping-taxable","14":"purchasable","15":"product-type-simple"},"yoast_head":"<!-- This site is optimized with the Yoast SEO plugin v27.4 - https:\/\/yoast.com\/product\/yoast-seo-wordpress\/ -->\n<title>Conde Favela Sexteto - ABC Gueto Jazz - Vinyl Land Records<\/title>\n<meta name=\"robots\" content=\"index, follow, max-snippet:-1, max-image-preview:large, max-video-preview:-1\" \/>\n<link rel=\"canonical\" href=\"https:\/\/shopbrasil.vinyllandrecords.com\/produto\/conde-favela-sexteto-abc-gueto-jazz\/\" \/>\n<meta property=\"og:locale\" content=\"en_US\" \/>\n<meta property=\"og:type\" content=\"article\" \/>\n<meta property=\"og:title\" content=\"Conde Favela Sexteto - ABC Gueto Jazz - Vinyl Land Records\" \/>\n<meta property=\"og:description\" content=\"Lp novo Capa Dupla Gatefold Com poster Lan\u00e7amento Novembro\/2024 Made in Quebrada Discos Pindorama Discos CONDE FAVELA SEXTETO\u00a0 &quot;ABCguetoJazz&quot;\u00a0\u00e9 o segundo \u00e1lbum do\u00a0Conde Favela Sexteto\u00a0e uma homenagem ao ABC Paulista \u2013 uma regi\u00e3o industrial e perif\u00e9rica de S\u00e3o Paulo, marcada por lutas hist\u00f3ricas e transforma\u00e7\u00f5es constantes. Definido como \u201cjazz com CEP problem\u00e1tico\u201d, o disco \u00e9 um estado delirante de improvisa\u00e7\u00e3o, experimenta\u00e7\u00e3o, intelig\u00eancia e criatividade. Com m\u00fasicas in\u00e9ditas, ABCguetoJazz revela n\u00e3o apenas a identidade singular de cada m\u00fasico, mas tamb\u00e9m uma forte abordagem coletiva na cria\u00e7\u00e3o musical. O \u00e1lbum traz \u00e0 tona uma produ\u00e7\u00e3o local l imbu\u00edda de um esp\u00edrito punk, livre de amarras, que caminha com raiva e beleza em cada nota. Formado em 2009, o Conde Favela Sexteto tem como miss\u00e3o resgatar os temas do jazz e do sambajazz, inspirado por movimentos inovadores como o free jazz, bebop e hard bop. Essa busca por novas sonoridades influenciou profundamente o grupo, que passou a desenvolver suas pr\u00f3prias ideias, arranjos e composi\u00e7\u00f5es. Os integrantes, provenientes do ABC Paulista e com forma\u00e7\u00f5es musicais diversas \u2014 que v\u00e3o do samba \u00e0 m\u00fasica cl\u00e1ssica, do som \u00e1spero ao espiritual \u2014 compartilham uma forte vertente de explora\u00e7\u00e3o sonora. Para o sexteto, o jazz \u00e9 uma manifesta\u00e7\u00e3o popular e aut\u00eantica, que est\u00e1 em constante evolu\u00e7\u00e3o e reinven\u00e7\u00e3o. As apresenta\u00e7\u00f5es do grupo s\u00e3o marcadas pela fus\u00e3o de for\u00e7a, sutileza e intensidade, resultado da colabora\u00e7\u00e3o \u00fanica entre os m\u00fasicos e da rica improvisa\u00e7\u00e3o que caracteriza seus shows. O repert\u00f3rio atual inclui m\u00fasicas do primeiro disco, composi\u00e7\u00f5es in\u00e9ditas e participa\u00e7\u00f5es especiais que sempre aquecem o palco. Integrantes:    Alex Dias (Baixo Ac\u00fastico)  Diego Estevam (Guitarra)  Edson Ik\u00ea (Trompete)  Harley Buru (Sax Tenor)  Mabu Reis (Trombone)  Rafae Cab (Bateria)  &nbsp;  https:\/\/open.spotify.com\/album\/2OCJH36QbSsIVU97bIBZ8z?si=UKVKjztRTiK0ZxIqNUFoJA\" \/>\n<meta property=\"og:url\" content=\"https:\/\/shopbrasil.vinyllandrecords.com\/produto\/conde-favela-sexteto-abc-gueto-jazz\/\" \/>\n<meta property=\"og:site_name\" content=\"Vinyl Land Records\" \/>\n<meta property=\"og:image\" content=\"https:\/\/shopbrasil.vinyllandrecords.com\/wp-content\/uploads\/2025\/07\/450xN-2.jpg\" \/>\n\t<meta property=\"og:image:width\" content=\"450\" \/>\n\t<meta property=\"og:image:height\" content=\"450\" \/>\n\t<meta property=\"og:image:type\" content=\"image\/jpeg\" \/>\n<meta name=\"twitter:card\" content=\"summary_large_image\" \/>\n<meta name=\"twitter:label1\" content=\"Est. reading time\" \/>\n\t<meta name=\"twitter:data1\" content=\"1 minute\" \/>\n<script type=\"application\/ld+json\" class=\"yoast-schema-graph\">{\"@context\":\"https:\\\/\\\/schema.org\",\"@graph\":[{\"@type\":\"WebPage\",\"@id\":\"https:\\\/\\\/shopbrasil.vinyllandrecords.com\\\/produto\\\/conde-favela-sexteto-abc-gueto-jazz\\\/\",\"url\":\"https:\\\/\\\/shopbrasil.vinyllandrecords.com\\\/produto\\\/conde-favela-sexteto-abc-gueto-jazz\\\/\",\"name\":\"Conde Favela Sexteto - ABC Gueto Jazz - Vinyl Land Records\",\"isPartOf\":{\"@id\":\"https:\\\/\\\/shopbrasil.vinyllandrecords.com\\\/#website\"},\"primaryImageOfPage\":{\"@id\":\"https:\\\/\\\/shopbrasil.vinyllandrecords.com\\\/produto\\\/conde-favela-sexteto-abc-gueto-jazz\\\/#primaryimage\"},\"image\":{\"@id\":\"https:\\\/\\\/shopbrasil.vinyllandrecords.com\\\/produto\\\/conde-favela-sexteto-abc-gueto-jazz\\\/#primaryimage\"},\"thumbnailUrl\":\"https:\\\/\\\/shopbrasil.vinyllandrecords.com\\\/wp-content\\\/uploads\\\/2025\\\/07\\\/450xN-2.jpg\",\"datePublished\":\"2025-07-16T17:37:56+00:00\",\"breadcrumb\":{\"@id\":\"https:\\\/\\\/shopbrasil.vinyllandrecords.com\\\/produto\\\/conde-favela-sexteto-abc-gueto-jazz\\\/#breadcrumb\"},\"inLanguage\":\"en-US\",\"potentialAction\":[{\"@type\":\"ReadAction\",\"target\":[\"https:\\\/\\\/shopbrasil.vinyllandrecords.com\\\/produto\\\/conde-favela-sexteto-abc-gueto-jazz\\\/\"]}]},{\"@type\":\"ImageObject\",\"inLanguage\":\"en-US\",\"@id\":\"https:\\\/\\\/shopbrasil.vinyllandrecords.com\\\/produto\\\/conde-favela-sexteto-abc-gueto-jazz\\\/#primaryimage\",\"url\":\"https:\\\/\\\/shopbrasil.vinyllandrecords.com\\\/wp-content\\\/uploads\\\/2025\\\/07\\\/450xN-2.jpg\",\"contentUrl\":\"https:\\\/\\\/shopbrasil.vinyllandrecords.com\\\/wp-content\\\/uploads\\\/2025\\\/07\\\/450xN-2.jpg\",\"width\":450,\"height\":450},{\"@type\":\"BreadcrumbList\",\"@id\":\"https:\\\/\\\/shopbrasil.vinyllandrecords.com\\\/produto\\\/conde-favela-sexteto-abc-gueto-jazz\\\/#breadcrumb\",\"itemListElement\":[{\"@type\":\"ListItem\",\"position\":1,\"name\":\"In\u00edcio\",\"item\":\"https:\\\/\\\/shopbrasil.vinyllandrecords.com\\\/\"},{\"@type\":\"ListItem\",\"position\":2,\"name\":\"Shops\",\"item\":\"https:\\\/\\\/shopbrasil.vinyllandrecords.com\\\/shops\\\/\"},{\"@type\":\"ListItem\",\"position\":3,\"name\":\"Conde Favela Sexteto &#8211; ABC Gueto Jazz\"}]},{\"@type\":\"WebSite\",\"@id\":\"https:\\\/\\\/shopbrasil.vinyllandrecords.com\\\/#website\",\"url\":\"https:\\\/\\\/shopbrasil.vinyllandrecords.com\\\/\",\"name\":\"Vinyl Land Records\",\"description\":\"ONLINE SHOP\",\"potentialAction\":[{\"@type\":\"SearchAction\",\"target\":{\"@type\":\"EntryPoint\",\"urlTemplate\":\"https:\\\/\\\/shopbrasil.vinyllandrecords.com\\\/?s={search_term_string}\"},\"query-input\":{\"@type\":\"PropertyValueSpecification\",\"valueRequired\":true,\"valueName\":\"search_term_string\"}}],\"inLanguage\":\"en-US\"}]}<\/script>\n<!-- \/ Yoast SEO plugin. -->","yoast_head_json":{"title":"Conde Favela Sexteto - ABC Gueto Jazz - Vinyl Land Records","robots":{"index":"index","follow":"follow","max-snippet":"max-snippet:-1","max-image-preview":"max-image-preview:large","max-video-preview":"max-video-preview:-1"},"canonical":"https:\/\/shopbrasil.vinyllandrecords.com\/produto\/conde-favela-sexteto-abc-gueto-jazz\/","og_locale":"en_US","og_type":"article","og_title":"Conde Favela Sexteto - ABC Gueto Jazz - Vinyl Land Records","og_description":"Lp novo Capa Dupla Gatefold Com poster Lan\u00e7amento Novembro\/2024 Made in Quebrada Discos Pindorama Discos CONDE FAVELA SEXTETO\u00a0 \"ABCguetoJazz\"\u00a0\u00e9 o segundo \u00e1lbum do\u00a0Conde Favela Sexteto\u00a0e uma homenagem ao ABC Paulista \u2013 uma regi\u00e3o industrial e perif\u00e9rica de S\u00e3o Paulo, marcada por lutas hist\u00f3ricas e transforma\u00e7\u00f5es constantes. Definido como \u201cjazz com CEP problem\u00e1tico\u201d, o disco \u00e9 um estado delirante de improvisa\u00e7\u00e3o, experimenta\u00e7\u00e3o, intelig\u00eancia e criatividade. Com m\u00fasicas in\u00e9ditas, ABCguetoJazz revela n\u00e3o apenas a identidade singular de cada m\u00fasico, mas tamb\u00e9m uma forte abordagem coletiva na cria\u00e7\u00e3o musical. O \u00e1lbum traz \u00e0 tona uma produ\u00e7\u00e3o local l imbu\u00edda de um esp\u00edrito punk, livre de amarras, que caminha com raiva e beleza em cada nota. Formado em 2009, o Conde Favela Sexteto tem como miss\u00e3o resgatar os temas do jazz e do sambajazz, inspirado por movimentos inovadores como o free jazz, bebop e hard bop. Essa busca por novas sonoridades influenciou profundamente o grupo, que passou a desenvolver suas pr\u00f3prias ideias, arranjos e composi\u00e7\u00f5es. Os integrantes, provenientes do ABC Paulista e com forma\u00e7\u00f5es musicais diversas \u2014 que v\u00e3o do samba \u00e0 m\u00fasica cl\u00e1ssica, do som \u00e1spero ao espiritual \u2014 compartilham uma forte vertente de explora\u00e7\u00e3o sonora. Para o sexteto, o jazz \u00e9 uma manifesta\u00e7\u00e3o popular e aut\u00eantica, que est\u00e1 em constante evolu\u00e7\u00e3o e reinven\u00e7\u00e3o. As apresenta\u00e7\u00f5es do grupo s\u00e3o marcadas pela fus\u00e3o de for\u00e7a, sutileza e intensidade, resultado da colabora\u00e7\u00e3o \u00fanica entre os m\u00fasicos e da rica improvisa\u00e7\u00e3o que caracteriza seus shows. O repert\u00f3rio atual inclui m\u00fasicas do primeiro disco, composi\u00e7\u00f5es in\u00e9ditas e participa\u00e7\u00f5es especiais que sempre aquecem o palco. Integrantes:    Alex Dias (Baixo Ac\u00fastico)  Diego Estevam (Guitarra)  Edson Ik\u00ea (Trompete)  Harley Buru (Sax Tenor)  Mabu Reis (Trombone)  Rafae Cab (Bateria)  &nbsp;  https:\/\/open.spotify.com\/album\/2OCJH36QbSsIVU97bIBZ8z?si=UKVKjztRTiK0ZxIqNUFoJA","og_url":"https:\/\/shopbrasil.vinyllandrecords.com\/produto\/conde-favela-sexteto-abc-gueto-jazz\/","og_site_name":"Vinyl Land Records","og_image":[{"width":450,"height":450,"url":"https:\/\/shopbrasil.vinyllandrecords.com\/wp-content\/uploads\/2025\/07\/450xN-2.jpg","type":"image\/jpeg"}],"twitter_card":"summary_large_image","twitter_misc":{"Est. reading time":"1 minute"},"schema":{"@context":"https:\/\/schema.org","@graph":[{"@type":"WebPage","@id":"https:\/\/shopbrasil.vinyllandrecords.com\/produto\/conde-favela-sexteto-abc-gueto-jazz\/","url":"https:\/\/shopbrasil.vinyllandrecords.com\/produto\/conde-favela-sexteto-abc-gueto-jazz\/","name":"Conde Favela Sexteto - ABC Gueto Jazz - Vinyl Land Records","isPartOf":{"@id":"https:\/\/shopbrasil.vinyllandrecords.com\/#website"},"primaryImageOfPage":{"@id":"https:\/\/shopbrasil.vinyllandrecords.com\/produto\/conde-favela-sexteto-abc-gueto-jazz\/#primaryimage"},"image":{"@id":"https:\/\/shopbrasil.vinyllandrecords.com\/produto\/conde-favela-sexteto-abc-gueto-jazz\/#primaryimage"},"thumbnailUrl":"https:\/\/shopbrasil.vinyllandrecords.com\/wp-content\/uploads\/2025\/07\/450xN-2.jpg","datePublished":"2025-07-16T17:37:56+00:00","breadcrumb":{"@id":"https:\/\/shopbrasil.vinyllandrecords.com\/produto\/conde-favela-sexteto-abc-gueto-jazz\/#breadcrumb"},"inLanguage":"en-US","potentialAction":[{"@type":"ReadAction","target":["https:\/\/shopbrasil.vinyllandrecords.com\/produto\/conde-favela-sexteto-abc-gueto-jazz\/"]}]},{"@type":"ImageObject","inLanguage":"en-US","@id":"https:\/\/shopbrasil.vinyllandrecords.com\/produto\/conde-favela-sexteto-abc-gueto-jazz\/#primaryimage","url":"https:\/\/shopbrasil.vinyllandrecords.com\/wp-content\/uploads\/2025\/07\/450xN-2.jpg","contentUrl":"https:\/\/shopbrasil.vinyllandrecords.com\/wp-content\/uploads\/2025\/07\/450xN-2.jpg","width":450,"height":450},{"@type":"BreadcrumbList","@id":"https:\/\/shopbrasil.vinyllandrecords.com\/produto\/conde-favela-sexteto-abc-gueto-jazz\/#breadcrumb","itemListElement":[{"@type":"ListItem","position":1,"name":"In\u00edcio","item":"https:\/\/shopbrasil.vinyllandrecords.com\/"},{"@type":"ListItem","position":2,"name":"Shops","item":"https:\/\/shopbrasil.vinyllandrecords.com\/shops\/"},{"@type":"ListItem","position":3,"name":"Conde Favela Sexteto &#8211; ABC Gueto Jazz"}]},{"@type":"WebSite","@id":"https:\/\/shopbrasil.vinyllandrecords.com\/#website","url":"https:\/\/shopbrasil.vinyllandrecords.com\/","name":"Vinyl Land Records","description":"ONLINE SHOP","potentialAction":[{"@type":"SearchAction","target":{"@type":"EntryPoint","urlTemplate":"https:\/\/shopbrasil.vinyllandrecords.com\/?s={search_term_string}"},"query-input":{"@type":"PropertyValueSpecification","valueRequired":true,"valueName":"search_term_string"}}],"inLanguage":"en-US"}]}},"_links":{"self":[{"href":"https:\/\/shopbrasil.vinyllandrecords.com\/en\/wp-json\/wp\/v2\/product\/70390","targetHints":{"allow":["GET"]}}],"collection":[{"href":"https:\/\/shopbrasil.vinyllandrecords.com\/en\/wp-json\/wp\/v2\/product"}],"about":[{"href":"https:\/\/shopbrasil.vinyllandrecords.com\/en\/wp-json\/wp\/v2\/types\/product"}],"wp:featuredmedia":[{"embeddable":true,"href":"https:\/\/shopbrasil.vinyllandrecords.com\/en\/wp-json\/wp\/v2\/media\/70391"}],"wp:attachment":[{"href":"https:\/\/shopbrasil.vinyllandrecords.com\/en\/wp-json\/wp\/v2\/media?parent=70390"}],"wp:term":[{"taxonomy":"product_brand","embeddable":true,"href":"https:\/\/shopbrasil.vinyllandrecords.com\/en\/wp-json\/wp\/v2\/product_brand?post=70390"},{"taxonomy":"product_cat","embeddable":true,"href":"https:\/\/shopbrasil.vinyllandrecords.com\/en\/wp-json\/wp\/v2\/product_cat?post=70390"},{"taxonomy":"product_tag","embeddable":true,"href":"https:\/\/shopbrasil.vinyllandrecords.com\/en\/wp-json\/wp\/v2\/product_tag?post=70390"}],"curies":[{"name":"wp","href":"https:\/\/api.w.org\/{rel}","templated":true}]}}