{"id":70399,"date":"2025-07-17T12:31:37","date_gmt":"2025-07-17T15:31:37","guid":{"rendered":"https:\/\/shopbrasil.vinyllandrecords.com\/?post_type=product&#038;p=70399"},"modified":"2025-07-17T12:31:37","modified_gmt":"2025-07-17T15:31:37","slug":"existimos-vol-1-coletanea-lp-duplo","status":"publish","type":"product","link":"https:\/\/shopbrasil.vinyllandrecords.com\/en\/produto\/existimos-vol-1-coletanea-lp-duplo\/","title":{"rendered":"Existimos Vol. 1 &#8211; Colet\u00e2nea &#8211; LP Duplo"},"content":{"rendered":"","protected":false},"excerpt":{"rendered":"<div class=\"description user-content display-when-content-ready\" data-store=\"product-description-174893983\">\n<p dir=\"ltr\">Existimos Vol. 1 &#8211; Colet\u00e2nea. 2023 Selo Vitrine.<\/p>\n<p dir=\"ltr\">Em meio a esse cen\u00e1rio multicultural encontra-se a quase oculta cena de m\u00fasica instrumental brasileira.<\/p>\n<p dir=\"ltr\">Intitulado &#8220;Existimos&#8221;, o projeto \u00e9 descrito como um portal para a dimens\u00e3o pouco conhecida desse cen\u00e1rio j\u00e1 existente e ainda pouco documentado, trazendo grandes talentos atrav\u00e9s de 6 m\u00fasicas originais compostas por 6 diferentes artistas e uma mistura intrigante de sons e influ\u00eancias.<\/p>\n<p dir=\"ltr\">Em formato de vinil duplo, o trabalho conta ainda com um disco dedicado a 6 remix das faixas, proporcionando novas possibilidades musicais a partir da releitura individual de 6 produtores.<\/p>\n<p>https:\/\/open.spotify.com\/album\/0kQXCH1OaAvX5MPfWmcztg?si=ITBZ0p5jS_ib9DAEYu8oqQ<\/p>\n<\/div>\n","protected":false},"featured_media":70401,"template":"","meta":[],"product_brand":[],"product_cat":[107,111,124,164,97],"product_tag":[],"class_list":{"0":"post-70399","1":"product","2":"type-product","3":"status-publish","4":"has-post-thumbnail","6":"product_cat-garimpo","7":"product_cat-destaque","8":"product_cat-2xlp","9":"product_cat-selo-vitrine","10":"product_cat-lp","12":"first","13":"instock","14":"taxable","15":"shipping-taxable","16":"purchasable","17":"product-type-simple"},"yoast_head":"<!-- This site is optimized with the Yoast SEO plugin v27.4 - https:\/\/yoast.com\/product\/yoast-seo-wordpress\/ -->\n<title>Existimos Vol. 1 - Colet\u00e2nea - LP Duplo - Vinyl Land Records<\/title>\n<meta name=\"robots\" content=\"index, follow, max-snippet:-1, max-image-preview:large, max-video-preview:-1\" \/>\n<link rel=\"canonical\" href=\"https:\/\/shopbrasil.vinyllandrecords.com\/produto\/existimos-vol-1-coletanea-lp-duplo\/\" \/>\n<meta property=\"og:locale\" content=\"en_US\" \/>\n<meta property=\"og:type\" content=\"article\" \/>\n<meta property=\"og:title\" content=\"Existimos Vol. 1 - Colet\u00e2nea - LP Duplo - Vinyl Land Records\" \/>\n<meta property=\"og:description\" content=\"[:pb]Existimos Vol. 1 - Colet\u00e2nea. 2023 Selo Vitrine. Em meio a esse cen\u00e1rio multicultural encontra-se a quase oculta cena de m\u00fasica instrumental brasileira. Intitulado &quot;Existimos&quot;, o projeto \u00e9 descrito como um portal para a dimens\u00e3o pouco conhecida desse cen\u00e1rio j\u00e1 existente e ainda pouco documentado, trazendo grandes talentos atrav\u00e9s de 6 m\u00fasicas originais compostas por 6 diferentes artistas e uma mistura intrigante de sons e influ\u00eancias. Em formato de vinil duplo, o trabalho conta ainda com um disco dedicado a 6 remix das faixas, proporcionando novas possibilidades musicais a partir da releitura individual de 6 produtores.  https:\/\/open.spotify.com\/album\/0kQXCH1OaAvX5MPfWmcztg?si=ITBZ0p5jS_ib9DAEYu8oqQ[:en] Existimos Vol. 1 - Colet\u00e2nea. 2023 Selo Vitrine. Em meio a esse cen\u00e1rio multicultural encontra-se a quase oculta cena de m\u00fasica instrumental brasileira. Intitulado &quot;Existimos&quot;, o projeto \u00e9 descrito como um portal para a dimens\u00e3o pouco conhecida desse cen\u00e1rio j\u00e1 existente e ainda pouco documentado, trazendo grandes talentos atrav\u00e9s de 6 m\u00fasicas originais compostas por 6 diferentes artistas e uma mistura intrigante de sons e influ\u00eancias. Em formato de vinil duplo, o trabalho conta ainda com um disco dedicado a 6 remix das faixas, proporcionando novas possibilidades musicais a partir da releitura individual de 6 produtores. https:\/\/open.spotify.com\/album\/0kQXCH1OaAvX5MPfWmcztg?si=ITBZ0p5jS_ib9DAEYu8oqQ  [:]\" \/>\n<meta property=\"og:url\" content=\"https:\/\/shopbrasil.vinyllandrecords.com\/produto\/existimos-vol-1-coletanea-lp-duplo\/\" \/>\n<meta property=\"og:site_name\" content=\"Vinyl Land Records\" \/>\n<meta property=\"og:image\" content=\"https:\/\/shopbrasil.vinyllandrecords.com\/wp-content\/uploads\/2025\/07\/existimos_vol11-b0e57f9277fb322a1c16884753570519-480-0.jpg\" \/>\n\t<meta property=\"og:image:width\" content=\"480\" \/>\n\t<meta property=\"og:image:height\" content=\"480\" \/>\n\t<meta property=\"og:image:type\" content=\"image\/jpeg\" \/>\n<meta name=\"twitter:card\" content=\"summary_large_image\" \/>\n<meta name=\"twitter:label1\" content=\"Est. reading time\" \/>\n\t<meta name=\"twitter:data1\" content=\"1 minute\" \/>\n<script type=\"application\/ld+json\" class=\"yoast-schema-graph\">{\"@context\":\"https:\\\/\\\/schema.org\",\"@graph\":[{\"@type\":\"WebPage\",\"@id\":\"https:\\\/\\\/shopbrasil.vinyllandrecords.com\\\/produto\\\/existimos-vol-1-coletanea-lp-duplo\\\/\",\"url\":\"https:\\\/\\\/shopbrasil.vinyllandrecords.com\\\/produto\\\/existimos-vol-1-coletanea-lp-duplo\\\/\",\"name\":\"Existimos Vol. 1 - Colet\u00e2nea - LP Duplo - Vinyl Land Records\",\"isPartOf\":{\"@id\":\"https:\\\/\\\/shopbrasil.vinyllandrecords.com\\\/#website\"},\"primaryImageOfPage\":{\"@id\":\"https:\\\/\\\/shopbrasil.vinyllandrecords.com\\\/produto\\\/existimos-vol-1-coletanea-lp-duplo\\\/#primaryimage\"},\"image\":{\"@id\":\"https:\\\/\\\/shopbrasil.vinyllandrecords.com\\\/produto\\\/existimos-vol-1-coletanea-lp-duplo\\\/#primaryimage\"},\"thumbnailUrl\":\"https:\\\/\\\/shopbrasil.vinyllandrecords.com\\\/wp-content\\\/uploads\\\/2025\\\/07\\\/existimos_vol11-b0e57f9277fb322a1c16884753570519-480-0.jpg\",\"datePublished\":\"2025-07-17T15:31:37+00:00\",\"breadcrumb\":{\"@id\":\"https:\\\/\\\/shopbrasil.vinyllandrecords.com\\\/produto\\\/existimos-vol-1-coletanea-lp-duplo\\\/#breadcrumb\"},\"inLanguage\":\"en-US\",\"potentialAction\":[{\"@type\":\"ReadAction\",\"target\":[\"https:\\\/\\\/shopbrasil.vinyllandrecords.com\\\/produto\\\/existimos-vol-1-coletanea-lp-duplo\\\/\"]}]},{\"@type\":\"ImageObject\",\"inLanguage\":\"en-US\",\"@id\":\"https:\\\/\\\/shopbrasil.vinyllandrecords.com\\\/produto\\\/existimos-vol-1-coletanea-lp-duplo\\\/#primaryimage\",\"url\":\"https:\\\/\\\/shopbrasil.vinyllandrecords.com\\\/wp-content\\\/uploads\\\/2025\\\/07\\\/existimos_vol11-b0e57f9277fb322a1c16884753570519-480-0.jpg\",\"contentUrl\":\"https:\\\/\\\/shopbrasil.vinyllandrecords.com\\\/wp-content\\\/uploads\\\/2025\\\/07\\\/existimos_vol11-b0e57f9277fb322a1c16884753570519-480-0.jpg\",\"width\":480,\"height\":480},{\"@type\":\"BreadcrumbList\",\"@id\":\"https:\\\/\\\/shopbrasil.vinyllandrecords.com\\\/produto\\\/existimos-vol-1-coletanea-lp-duplo\\\/#breadcrumb\",\"itemListElement\":[{\"@type\":\"ListItem\",\"position\":1,\"name\":\"In\u00edcio\",\"item\":\"https:\\\/\\\/shopbrasil.vinyllandrecords.com\\\/\"},{\"@type\":\"ListItem\",\"position\":2,\"name\":\"Shops\",\"item\":\"https:\\\/\\\/shopbrasil.vinyllandrecords.com\\\/shops\\\/\"},{\"@type\":\"ListItem\",\"position\":3,\"name\":\"Existimos Vol. 1 &#8211; Colet\u00e2nea &#8211; LP Duplo\"}]},{\"@type\":\"WebSite\",\"@id\":\"https:\\\/\\\/shopbrasil.vinyllandrecords.com\\\/#website\",\"url\":\"https:\\\/\\\/shopbrasil.vinyllandrecords.com\\\/\",\"name\":\"Vinyl Land Records\",\"description\":\"ONLINE SHOP\",\"potentialAction\":[{\"@type\":\"SearchAction\",\"target\":{\"@type\":\"EntryPoint\",\"urlTemplate\":\"https:\\\/\\\/shopbrasil.vinyllandrecords.com\\\/?s={search_term_string}\"},\"query-input\":{\"@type\":\"PropertyValueSpecification\",\"valueRequired\":true,\"valueName\":\"search_term_string\"}}],\"inLanguage\":\"en-US\"}]}<\/script>\n<!-- \/ Yoast SEO plugin. -->","yoast_head_json":{"title":"Existimos Vol. 1 - Colet\u00e2nea - LP Duplo - Vinyl Land Records","robots":{"index":"index","follow":"follow","max-snippet":"max-snippet:-1","max-image-preview":"max-image-preview:large","max-video-preview":"max-video-preview:-1"},"canonical":"https:\/\/shopbrasil.vinyllandrecords.com\/produto\/existimos-vol-1-coletanea-lp-duplo\/","og_locale":"en_US","og_type":"article","og_title":"Existimos Vol. 1 - Colet\u00e2nea - LP Duplo - Vinyl Land Records","og_description":"[:pb]Existimos Vol. 1 - Colet\u00e2nea. 2023 Selo Vitrine. Em meio a esse cen\u00e1rio multicultural encontra-se a quase oculta cena de m\u00fasica instrumental brasileira. Intitulado \"Existimos\", o projeto \u00e9 descrito como um portal para a dimens\u00e3o pouco conhecida desse cen\u00e1rio j\u00e1 existente e ainda pouco documentado, trazendo grandes talentos atrav\u00e9s de 6 m\u00fasicas originais compostas por 6 diferentes artistas e uma mistura intrigante de sons e influ\u00eancias. Em formato de vinil duplo, o trabalho conta ainda com um disco dedicado a 6 remix das faixas, proporcionando novas possibilidades musicais a partir da releitura individual de 6 produtores.  https:\/\/open.spotify.com\/album\/0kQXCH1OaAvX5MPfWmcztg?si=ITBZ0p5jS_ib9DAEYu8oqQ[:en] Existimos Vol. 1 - Colet\u00e2nea. 2023 Selo Vitrine. Em meio a esse cen\u00e1rio multicultural encontra-se a quase oculta cena de m\u00fasica instrumental brasileira. Intitulado \"Existimos\", o projeto \u00e9 descrito como um portal para a dimens\u00e3o pouco conhecida desse cen\u00e1rio j\u00e1 existente e ainda pouco documentado, trazendo grandes talentos atrav\u00e9s de 6 m\u00fasicas originais compostas por 6 diferentes artistas e uma mistura intrigante de sons e influ\u00eancias. Em formato de vinil duplo, o trabalho conta ainda com um disco dedicado a 6 remix das faixas, proporcionando novas possibilidades musicais a partir da releitura individual de 6 produtores. https:\/\/open.spotify.com\/album\/0kQXCH1OaAvX5MPfWmcztg?si=ITBZ0p5jS_ib9DAEYu8oqQ  [:]","og_url":"https:\/\/shopbrasil.vinyllandrecords.com\/produto\/existimos-vol-1-coletanea-lp-duplo\/","og_site_name":"Vinyl Land Records","og_image":[{"width":480,"height":480,"url":"https:\/\/shopbrasil.vinyllandrecords.com\/wp-content\/uploads\/2025\/07\/existimos_vol11-b0e57f9277fb322a1c16884753570519-480-0.jpg","type":"image\/jpeg"}],"twitter_card":"summary_large_image","twitter_misc":{"Est. reading time":"1 minute"},"schema":{"@context":"https:\/\/schema.org","@graph":[{"@type":"WebPage","@id":"https:\/\/shopbrasil.vinyllandrecords.com\/produto\/existimos-vol-1-coletanea-lp-duplo\/","url":"https:\/\/shopbrasil.vinyllandrecords.com\/produto\/existimos-vol-1-coletanea-lp-duplo\/","name":"Existimos Vol. 1 - Colet\u00e2nea - LP Duplo - Vinyl Land Records","isPartOf":{"@id":"https:\/\/shopbrasil.vinyllandrecords.com\/#website"},"primaryImageOfPage":{"@id":"https:\/\/shopbrasil.vinyllandrecords.com\/produto\/existimos-vol-1-coletanea-lp-duplo\/#primaryimage"},"image":{"@id":"https:\/\/shopbrasil.vinyllandrecords.com\/produto\/existimos-vol-1-coletanea-lp-duplo\/#primaryimage"},"thumbnailUrl":"https:\/\/shopbrasil.vinyllandrecords.com\/wp-content\/uploads\/2025\/07\/existimos_vol11-b0e57f9277fb322a1c16884753570519-480-0.jpg","datePublished":"2025-07-17T15:31:37+00:00","breadcrumb":{"@id":"https:\/\/shopbrasil.vinyllandrecords.com\/produto\/existimos-vol-1-coletanea-lp-duplo\/#breadcrumb"},"inLanguage":"en-US","potentialAction":[{"@type":"ReadAction","target":["https:\/\/shopbrasil.vinyllandrecords.com\/produto\/existimos-vol-1-coletanea-lp-duplo\/"]}]},{"@type":"ImageObject","inLanguage":"en-US","@id":"https:\/\/shopbrasil.vinyllandrecords.com\/produto\/existimos-vol-1-coletanea-lp-duplo\/#primaryimage","url":"https:\/\/shopbrasil.vinyllandrecords.com\/wp-content\/uploads\/2025\/07\/existimos_vol11-b0e57f9277fb322a1c16884753570519-480-0.jpg","contentUrl":"https:\/\/shopbrasil.vinyllandrecords.com\/wp-content\/uploads\/2025\/07\/existimos_vol11-b0e57f9277fb322a1c16884753570519-480-0.jpg","width":480,"height":480},{"@type":"BreadcrumbList","@id":"https:\/\/shopbrasil.vinyllandrecords.com\/produto\/existimos-vol-1-coletanea-lp-duplo\/#breadcrumb","itemListElement":[{"@type":"ListItem","position":1,"name":"In\u00edcio","item":"https:\/\/shopbrasil.vinyllandrecords.com\/"},{"@type":"ListItem","position":2,"name":"Shops","item":"https:\/\/shopbrasil.vinyllandrecords.com\/shops\/"},{"@type":"ListItem","position":3,"name":"Existimos Vol. 1 &#8211; Colet\u00e2nea &#8211; LP Duplo"}]},{"@type":"WebSite","@id":"https:\/\/shopbrasil.vinyllandrecords.com\/#website","url":"https:\/\/shopbrasil.vinyllandrecords.com\/","name":"Vinyl Land Records","description":"ONLINE SHOP","potentialAction":[{"@type":"SearchAction","target":{"@type":"EntryPoint","urlTemplate":"https:\/\/shopbrasil.vinyllandrecords.com\/?s={search_term_string}"},"query-input":{"@type":"PropertyValueSpecification","valueRequired":true,"valueName":"search_term_string"}}],"inLanguage":"en-US"}]}},"_links":{"self":[{"href":"https:\/\/shopbrasil.vinyllandrecords.com\/en\/wp-json\/wp\/v2\/product\/70399","targetHints":{"allow":["GET"]}}],"collection":[{"href":"https:\/\/shopbrasil.vinyllandrecords.com\/en\/wp-json\/wp\/v2\/product"}],"about":[{"href":"https:\/\/shopbrasil.vinyllandrecords.com\/en\/wp-json\/wp\/v2\/types\/product"}],"wp:featuredmedia":[{"embeddable":true,"href":"https:\/\/shopbrasil.vinyllandrecords.com\/en\/wp-json\/wp\/v2\/media\/70401"}],"wp:attachment":[{"href":"https:\/\/shopbrasil.vinyllandrecords.com\/en\/wp-json\/wp\/v2\/media?parent=70399"}],"wp:term":[{"taxonomy":"product_brand","embeddable":true,"href":"https:\/\/shopbrasil.vinyllandrecords.com\/en\/wp-json\/wp\/v2\/product_brand?post=70399"},{"taxonomy":"product_cat","embeddable":true,"href":"https:\/\/shopbrasil.vinyllandrecords.com\/en\/wp-json\/wp\/v2\/product_cat?post=70399"},{"taxonomy":"product_tag","embeddable":true,"href":"https:\/\/shopbrasil.vinyllandrecords.com\/en\/wp-json\/wp\/v2\/product_tag?post=70399"}],"curies":[{"name":"wp","href":"https:\/\/api.w.org\/{rel}","templated":true}]}}