{"id":70415,"date":"2025-07-17T13:05:10","date_gmt":"2025-07-17T16:05:10","guid":{"rendered":"https:\/\/shopbrasil.vinyllandrecords.com\/?post_type=product&#038;p=70415"},"modified":"2025-07-17T13:05:10","modified_gmt":"2025-07-17T16:05:10","slug":"sidoka-language-by-doka","status":"publish","type":"product","link":"https:\/\/shopbrasil.vinyllandrecords.com\/en\/produto\/sidoka-language-by-doka\/","title":{"rendered":"Sidoka &#8211; Language by Doka"},"content":{"rendered":"","protected":false},"excerpt":{"rendered":"<p>Selo: Rio Records \u2013 RR-007<\/p>\n<p>Formato: LP, Album, Edi\u00e7\u00e3o Limitada, Encarte Duplo, Vinil\u00a0<em>Preto<\/em><\/p>\n<p>Pa\u00eds: Brasil<\/p>\n<p>Lan\u00e7amento: Dezembro, 2024<br \/>\n<span class=\"s1\">LP Sidoka &#8211; Doka Language (2019)<\/span><\/p>\n<ul class=\"ul1\">\n<li class=\"li1\"><span class=\"s1\">Vinil Preto 140g<\/span><\/li>\n<li class=\"li1\"><span class=\"s1\">Capa Simples<\/span><\/li>\n<li class=\"li1\"><span class=\"s1\">Encarte duplo com letras e fotos\u00a0<\/span><\/li>\n<li class=\"li1\"><span class=\"s1\">Tiragem limitada<\/span><\/li>\n<\/ul>\n<p><span class=\"s1\">Uma produ\u00e7\u00e3o Rio Records<\/span><\/p>\n<p class=\"p1\"><span class=\"s1\">@sidokapriv \u00e9 mineiro, criado no Aglomerado da Serra. Seu apelido tem origem no Budismo e significa \u201caquele que trouxe o que nunca foi visto\u201d. Nicolas Paolinelli, o Sidoka, inovou em 2019 criando a sua pr\u00f3pria linguagem. Somou velocidade \u00e0s diferentes formas de pronunciar palavras, abreviando e fundindo. Com esses elementos nasce Doka Language, tratando da sua ascens\u00e3o social, rela\u00e7\u00f5es complicadas e ostenta\u00e7\u00e3o em portar roupas de marca. Acumulando milh\u00f5es de streamings em suas faixas se destaca o hit \u201cOlha Pro Oclin\u201d, com participa\u00e7\u00e3o de @fbc, e a can\u00e7\u00e3o \u201cNightlife\u201d escrita em freestyle.\u00a0<\/span><\/p>\n<p class=\"p1\"><span class=\"s1\">O \u00e1lbum tamb\u00e9m conta com participa\u00e7\u00f5es de @delatorvi , @pexandre e @dogor. Originalmente lan\u00e7ado em 2019, ganha uma vers\u00e3o em vinil limitada masterizado pelo @rocklab com o disco preto de qualidade @rocinante, encarte duplo contendo as letras completas (pra quem n\u00e3o entendeu \ud83d\ude09) e fotos do artista<\/span><\/p>\n<p>https:\/\/open.spotify.com\/album\/4y7lYLaNRtK7cBfDUtCuNH?si=1KQJuhUKR3e5uOi0YBuXhQ<\/p>\n","protected":false},"featured_media":70417,"template":"","meta":[],"product_brand":[],"product_cat":[107,111,163,97],"product_tag":[],"class_list":{"0":"post-70415","1":"product","2":"type-product","3":"status-publish","4":"has-post-thumbnail","6":"product_cat-garimpo","7":"product_cat-destaque","8":"product_cat-rio-records","9":"product_cat-lp","11":"first","12":"instock","13":"taxable","14":"shipping-taxable","15":"purchasable","16":"product-type-simple"},"yoast_head":"<!-- This site is optimized with the Yoast SEO plugin v27.4 - https:\/\/yoast.com\/product\/yoast-seo-wordpress\/ -->\n<title>Sidoka - Language by Doka - Vinyl Land Records<\/title>\n<meta name=\"robots\" content=\"index, follow, max-snippet:-1, max-image-preview:large, max-video-preview:-1\" \/>\n<link rel=\"canonical\" href=\"https:\/\/shopbrasil.vinyllandrecords.com\/produto\/sidoka-language-by-doka\/\" \/>\n<meta property=\"og:locale\" content=\"en_US\" \/>\n<meta property=\"og:type\" content=\"article\" \/>\n<meta property=\"og:title\" content=\"Sidoka - Language by Doka - Vinyl Land Records\" \/>\n<meta property=\"og:description\" content=\"Selo: Rio Records \u2013 RR-007  Formato: LP, Album, Edi\u00e7\u00e3o Limitada, Encarte Duplo, Vinil\u00a0Preto  Pa\u00eds: Brasil  Lan\u00e7amento: Dezembro, 2024 LP Sidoka - Doka Language (2019)   Vinil Preto 140g  Capa Simples  Encarte duplo com letras e fotos\u00a0  Tiragem limitada  Uma produ\u00e7\u00e3o Rio Records @sidokapriv \u00e9 mineiro, criado no Aglomerado da Serra. Seu apelido tem origem no Budismo e significa \u201caquele que trouxe o que nunca foi visto\u201d. Nicolas Paolinelli, o Sidoka, inovou em 2019 criando a sua pr\u00f3pria linguagem. Somou velocidade \u00e0s diferentes formas de pronunciar palavras, abreviando e fundindo. Com esses elementos nasce Doka Language, tratando da sua ascens\u00e3o social, rela\u00e7\u00f5es complicadas e ostenta\u00e7\u00e3o em portar roupas de marca. Acumulando milh\u00f5es de streamings em suas faixas se destaca o hit \u201cOlha Pro Oclin\u201d, com participa\u00e7\u00e3o de @fbc, e a can\u00e7\u00e3o \u201cNightlife\u201d escrita em freestyle.\u00a0 O \u00e1lbum tamb\u00e9m conta com participa\u00e7\u00f5es de @delatorvi , @pexandre e @dogor. Originalmente lan\u00e7ado em 2019, ganha uma vers\u00e3o em vinil limitada masterizado pelo @rocklab com o disco preto de qualidade @rocinante, encarte duplo contendo as letras completas (pra quem n\u00e3o entendeu \ud83d\ude09) e fotos do artista https:\/\/open.spotify.com\/album\/4y7lYLaNRtK7cBfDUtCuNH?si=1KQJuhUKR3e5uOi0YBuXhQ\" \/>\n<meta property=\"og:url\" content=\"https:\/\/shopbrasil.vinyllandrecords.com\/produto\/sidoka-language-by-doka\/\" \/>\n<meta property=\"og:site_name\" content=\"Vinyl Land Records\" \/>\n<meta property=\"og:image\" content=\"https:\/\/shopbrasil.vinyllandrecords.com\/wp-content\/uploads\/2025\/07\/img_9248-7c5fac84eea190439417428493660870-640-0.jpg\" \/>\n\t<meta property=\"og:image:width\" content=\"640\" \/>\n\t<meta property=\"og:image:height\" content=\"648\" \/>\n\t<meta property=\"og:image:type\" content=\"image\/jpeg\" \/>\n<meta name=\"twitter:card\" content=\"summary_large_image\" \/>\n<meta name=\"twitter:label1\" content=\"Est. reading time\" \/>\n\t<meta name=\"twitter:data1\" content=\"1 minute\" \/>\n<script type=\"application\/ld+json\" class=\"yoast-schema-graph\">{\"@context\":\"https:\\\/\\\/schema.org\",\"@graph\":[{\"@type\":\"WebPage\",\"@id\":\"https:\\\/\\\/shopbrasil.vinyllandrecords.com\\\/produto\\\/sidoka-language-by-doka\\\/\",\"url\":\"https:\\\/\\\/shopbrasil.vinyllandrecords.com\\\/produto\\\/sidoka-language-by-doka\\\/\",\"name\":\"Sidoka - Language by Doka - Vinyl Land Records\",\"isPartOf\":{\"@id\":\"https:\\\/\\\/shopbrasil.vinyllandrecords.com\\\/#website\"},\"primaryImageOfPage\":{\"@id\":\"https:\\\/\\\/shopbrasil.vinyllandrecords.com\\\/produto\\\/sidoka-language-by-doka\\\/#primaryimage\"},\"image\":{\"@id\":\"https:\\\/\\\/shopbrasil.vinyllandrecords.com\\\/produto\\\/sidoka-language-by-doka\\\/#primaryimage\"},\"thumbnailUrl\":\"https:\\\/\\\/shopbrasil.vinyllandrecords.com\\\/wp-content\\\/uploads\\\/2025\\\/07\\\/img_9248-7c5fac84eea190439417428493660870-640-0.jpg\",\"datePublished\":\"2025-07-17T16:05:10+00:00\",\"breadcrumb\":{\"@id\":\"https:\\\/\\\/shopbrasil.vinyllandrecords.com\\\/produto\\\/sidoka-language-by-doka\\\/#breadcrumb\"},\"inLanguage\":\"en-US\",\"potentialAction\":[{\"@type\":\"ReadAction\",\"target\":[\"https:\\\/\\\/shopbrasil.vinyllandrecords.com\\\/produto\\\/sidoka-language-by-doka\\\/\"]}]},{\"@type\":\"ImageObject\",\"inLanguage\":\"en-US\",\"@id\":\"https:\\\/\\\/shopbrasil.vinyllandrecords.com\\\/produto\\\/sidoka-language-by-doka\\\/#primaryimage\",\"url\":\"https:\\\/\\\/shopbrasil.vinyllandrecords.com\\\/wp-content\\\/uploads\\\/2025\\\/07\\\/img_9248-7c5fac84eea190439417428493660870-640-0.jpg\",\"contentUrl\":\"https:\\\/\\\/shopbrasil.vinyllandrecords.com\\\/wp-content\\\/uploads\\\/2025\\\/07\\\/img_9248-7c5fac84eea190439417428493660870-640-0.jpg\",\"width\":640,\"height\":648},{\"@type\":\"BreadcrumbList\",\"@id\":\"https:\\\/\\\/shopbrasil.vinyllandrecords.com\\\/produto\\\/sidoka-language-by-doka\\\/#breadcrumb\",\"itemListElement\":[{\"@type\":\"ListItem\",\"position\":1,\"name\":\"In\u00edcio\",\"item\":\"https:\\\/\\\/shopbrasil.vinyllandrecords.com\\\/\"},{\"@type\":\"ListItem\",\"position\":2,\"name\":\"Shops\",\"item\":\"https:\\\/\\\/shopbrasil.vinyllandrecords.com\\\/shops\\\/\"},{\"@type\":\"ListItem\",\"position\":3,\"name\":\"Sidoka &#8211; Language by Doka\"}]},{\"@type\":\"WebSite\",\"@id\":\"https:\\\/\\\/shopbrasil.vinyllandrecords.com\\\/#website\",\"url\":\"https:\\\/\\\/shopbrasil.vinyllandrecords.com\\\/\",\"name\":\"Vinyl Land Records\",\"description\":\"ONLINE SHOP\",\"potentialAction\":[{\"@type\":\"SearchAction\",\"target\":{\"@type\":\"EntryPoint\",\"urlTemplate\":\"https:\\\/\\\/shopbrasil.vinyllandrecords.com\\\/?s={search_term_string}\"},\"query-input\":{\"@type\":\"PropertyValueSpecification\",\"valueRequired\":true,\"valueName\":\"search_term_string\"}}],\"inLanguage\":\"en-US\"}]}<\/script>\n<!-- \/ Yoast SEO plugin. -->","yoast_head_json":{"title":"Sidoka - Language by Doka - Vinyl Land Records","robots":{"index":"index","follow":"follow","max-snippet":"max-snippet:-1","max-image-preview":"max-image-preview:large","max-video-preview":"max-video-preview:-1"},"canonical":"https:\/\/shopbrasil.vinyllandrecords.com\/produto\/sidoka-language-by-doka\/","og_locale":"en_US","og_type":"article","og_title":"Sidoka - Language by Doka - Vinyl Land Records","og_description":"Selo: Rio Records \u2013 RR-007  Formato: LP, Album, Edi\u00e7\u00e3o Limitada, Encarte Duplo, Vinil\u00a0Preto  Pa\u00eds: Brasil  Lan\u00e7amento: Dezembro, 2024 LP Sidoka - Doka Language (2019)   Vinil Preto 140g  Capa Simples  Encarte duplo com letras e fotos\u00a0  Tiragem limitada  Uma produ\u00e7\u00e3o Rio Records @sidokapriv \u00e9 mineiro, criado no Aglomerado da Serra. Seu apelido tem origem no Budismo e significa \u201caquele que trouxe o que nunca foi visto\u201d. Nicolas Paolinelli, o Sidoka, inovou em 2019 criando a sua pr\u00f3pria linguagem. Somou velocidade \u00e0s diferentes formas de pronunciar palavras, abreviando e fundindo. Com esses elementos nasce Doka Language, tratando da sua ascens\u00e3o social, rela\u00e7\u00f5es complicadas e ostenta\u00e7\u00e3o em portar roupas de marca. Acumulando milh\u00f5es de streamings em suas faixas se destaca o hit \u201cOlha Pro Oclin\u201d, com participa\u00e7\u00e3o de @fbc, e a can\u00e7\u00e3o \u201cNightlife\u201d escrita em freestyle.\u00a0 O \u00e1lbum tamb\u00e9m conta com participa\u00e7\u00f5es de @delatorvi , @pexandre e @dogor. Originalmente lan\u00e7ado em 2019, ganha uma vers\u00e3o em vinil limitada masterizado pelo @rocklab com o disco preto de qualidade @rocinante, encarte duplo contendo as letras completas (pra quem n\u00e3o entendeu \ud83d\ude09) e fotos do artista https:\/\/open.spotify.com\/album\/4y7lYLaNRtK7cBfDUtCuNH?si=1KQJuhUKR3e5uOi0YBuXhQ","og_url":"https:\/\/shopbrasil.vinyllandrecords.com\/produto\/sidoka-language-by-doka\/","og_site_name":"Vinyl Land Records","og_image":[{"width":640,"height":648,"url":"https:\/\/shopbrasil.vinyllandrecords.com\/wp-content\/uploads\/2025\/07\/img_9248-7c5fac84eea190439417428493660870-640-0.jpg","type":"image\/jpeg"}],"twitter_card":"summary_large_image","twitter_misc":{"Est. reading time":"1 minute"},"schema":{"@context":"https:\/\/schema.org","@graph":[{"@type":"WebPage","@id":"https:\/\/shopbrasil.vinyllandrecords.com\/produto\/sidoka-language-by-doka\/","url":"https:\/\/shopbrasil.vinyllandrecords.com\/produto\/sidoka-language-by-doka\/","name":"Sidoka - Language by Doka - Vinyl Land Records","isPartOf":{"@id":"https:\/\/shopbrasil.vinyllandrecords.com\/#website"},"primaryImageOfPage":{"@id":"https:\/\/shopbrasil.vinyllandrecords.com\/produto\/sidoka-language-by-doka\/#primaryimage"},"image":{"@id":"https:\/\/shopbrasil.vinyllandrecords.com\/produto\/sidoka-language-by-doka\/#primaryimage"},"thumbnailUrl":"https:\/\/shopbrasil.vinyllandrecords.com\/wp-content\/uploads\/2025\/07\/img_9248-7c5fac84eea190439417428493660870-640-0.jpg","datePublished":"2025-07-17T16:05:10+00:00","breadcrumb":{"@id":"https:\/\/shopbrasil.vinyllandrecords.com\/produto\/sidoka-language-by-doka\/#breadcrumb"},"inLanguage":"en-US","potentialAction":[{"@type":"ReadAction","target":["https:\/\/shopbrasil.vinyllandrecords.com\/produto\/sidoka-language-by-doka\/"]}]},{"@type":"ImageObject","inLanguage":"en-US","@id":"https:\/\/shopbrasil.vinyllandrecords.com\/produto\/sidoka-language-by-doka\/#primaryimage","url":"https:\/\/shopbrasil.vinyllandrecords.com\/wp-content\/uploads\/2025\/07\/img_9248-7c5fac84eea190439417428493660870-640-0.jpg","contentUrl":"https:\/\/shopbrasil.vinyllandrecords.com\/wp-content\/uploads\/2025\/07\/img_9248-7c5fac84eea190439417428493660870-640-0.jpg","width":640,"height":648},{"@type":"BreadcrumbList","@id":"https:\/\/shopbrasil.vinyllandrecords.com\/produto\/sidoka-language-by-doka\/#breadcrumb","itemListElement":[{"@type":"ListItem","position":1,"name":"In\u00edcio","item":"https:\/\/shopbrasil.vinyllandrecords.com\/"},{"@type":"ListItem","position":2,"name":"Shops","item":"https:\/\/shopbrasil.vinyllandrecords.com\/shops\/"},{"@type":"ListItem","position":3,"name":"Sidoka &#8211; Language by Doka"}]},{"@type":"WebSite","@id":"https:\/\/shopbrasil.vinyllandrecords.com\/#website","url":"https:\/\/shopbrasil.vinyllandrecords.com\/","name":"Vinyl Land Records","description":"ONLINE SHOP","potentialAction":[{"@type":"SearchAction","target":{"@type":"EntryPoint","urlTemplate":"https:\/\/shopbrasil.vinyllandrecords.com\/?s={search_term_string}"},"query-input":{"@type":"PropertyValueSpecification","valueRequired":true,"valueName":"search_term_string"}}],"inLanguage":"en-US"}]}},"_links":{"self":[{"href":"https:\/\/shopbrasil.vinyllandrecords.com\/en\/wp-json\/wp\/v2\/product\/70415","targetHints":{"allow":["GET"]}}],"collection":[{"href":"https:\/\/shopbrasil.vinyllandrecords.com\/en\/wp-json\/wp\/v2\/product"}],"about":[{"href":"https:\/\/shopbrasil.vinyllandrecords.com\/en\/wp-json\/wp\/v2\/types\/product"}],"wp:featuredmedia":[{"embeddable":true,"href":"https:\/\/shopbrasil.vinyllandrecords.com\/en\/wp-json\/wp\/v2\/media\/70417"}],"wp:attachment":[{"href":"https:\/\/shopbrasil.vinyllandrecords.com\/en\/wp-json\/wp\/v2\/media?parent=70415"}],"wp:term":[{"taxonomy":"product_brand","embeddable":true,"href":"https:\/\/shopbrasil.vinyllandrecords.com\/en\/wp-json\/wp\/v2\/product_brand?post=70415"},{"taxonomy":"product_cat","embeddable":true,"href":"https:\/\/shopbrasil.vinyllandrecords.com\/en\/wp-json\/wp\/v2\/product_cat?post=70415"},{"taxonomy":"product_tag","embeddable":true,"href":"https:\/\/shopbrasil.vinyllandrecords.com\/en\/wp-json\/wp\/v2\/product_tag?post=70415"}],"curies":[{"name":"wp","href":"https:\/\/api.w.org\/{rel}","templated":true}]}}