{"id":70437,"date":"2025-07-17T13:34:37","date_gmt":"2025-07-17T16:34:37","guid":{"rendered":"https:\/\/shopbrasil.vinyllandrecords.com\/?post_type=product&#038;p=70437"},"modified":"2026-04-22T13:52:42","modified_gmt":"2026-04-22T16:52:42","slug":"jah-van-djavan-goes-jamaica","status":"publish","type":"product","link":"https:\/\/shopbrasil.vinyllandrecords.com\/en\/produto\/jah-van-djavan-goes-jamaica\/","title":{"rendered":"Jah-Van (Djavan Goes Jamaica)"},"content":{"rendered":"","protected":false},"excerpt":{"rendered":"<div class=\"product-description-navigation row justify-content-center\">\n<div class=\"col text-center p-3 active\" data-link=\"0\">\n<h3 class=\"h2 m-0\">Descri\u00e7\u00e3o do produto<\/h3>\n<\/div>\n<\/div>\n<div class=\"product-description-item row mt-3 mt-md-5\">\n<div class=\"d-none w-100 active\">\n<div class=\"cms p-3 p-sm-0\">JAH-VAN [Djavan Goes Jamaica]<br \/>\nPresen\u00e7as de Arnaldo Antunes, Seu Jorge, Fernanda Abreu, Chico C\u00e9sar, Zelia Duncan, Black Alien, Zeca Baleiro, Criolo, Assucena, Rincon Sapi\u00eancia e Dada Yute.Um tributo em vida ao mestre Djavan! Idealizado pelo produtor BiD, o projeto leva o repertorio do mestre alagoano Djavan para a Jamaica.<br \/>\nCom mixagem de Dennis Bovell o disco traz novas releituras de seus grandes sucessos em Reggae, Rocksteady e Lovers Rock.<br \/>\nCont\u00e9m as cl\u00e1ssicas \u201cMeu Bem Querer\u201d, \u201cNem Um Dia\u201d, \u201cAzul\u201d e \u201cSamurai\u201d, entre outras!<\/p>\n<p>Vinil 160g -Preto &#8211; Lacrado<\/p>\n<p>Lado A<br \/>\nA1 Arnaldo Antunes, Rincon Sapi\u00eancia\u2013 Sina 3:55<br \/>\nA2 Seu Jorge, Black Alien\u2013 Meu Bem Querer 4:45<br \/>\nA3 Dada Yute\u2013 Samurai 4:17<br \/>\nA4 Zeca Baleiro\u2013 Faltando Um Peda\u00e7o 3:32<br \/>\nA5 Z\u00e9lia Duncan, Assucena\u2013 A\u00e7a\u00ed 4:42<\/p>\n<p>Lado B<br \/>\nB1 Chico C\u00e9sar\u2013 Nem Um Dia 5:36<br \/>\nB2 Fernanda Abreu\u2013 Azul 5:03<br \/>\nB3 Tiquinho, Jah-Van Band\u2013 Esquinas 4:34<br \/>\nB4 Criolo, The Abyssinians\u2013 Cigano 6:03<\/p>\n<p>https:\/\/open.spotify.com\/album\/6jPDVtAx9fIrwS6KKTWYDO?si=rAAZfr7-QUG74QkcvpdeHg<\/p>\n<\/div>\n<\/div>\n<\/div>\n","protected":false},"featured_media":70439,"template":"","meta":[],"product_brand":[],"product_cat":[107,111,165,97],"product_tag":[],"class_list":{"0":"post-70437","1":"product","2":"type-product","3":"status-publish","4":"has-post-thumbnail","6":"product_cat-garimpo","7":"product_cat-destaque","8":"product_cat-dahorta-discos","9":"product_cat-lp","11":"first","12":"instock","13":"taxable","14":"shipping-taxable","15":"purchasable","16":"product-type-simple"},"yoast_head":"<!-- This site is optimized with the Yoast SEO plugin v27.4 - https:\/\/yoast.com\/product\/yoast-seo-wordpress\/ -->\n<title>Jah-Van (Djavan Goes Jamaica) - Vinyl Land Records<\/title>\n<meta name=\"robots\" content=\"index, follow, max-snippet:-1, max-image-preview:large, max-video-preview:-1\" \/>\n<link rel=\"canonical\" href=\"https:\/\/shopbrasil.vinyllandrecords.com\/produto\/jah-van-djavan-goes-jamaica\/\" \/>\n<meta property=\"og:locale\" content=\"en_US\" \/>\n<meta property=\"og:type\" content=\"article\" \/>\n<meta property=\"og:title\" content=\"Jah-Van (Djavan Goes Jamaica) - Vinyl Land Records\" \/>\n<meta property=\"og:description\" content=\"[:pb]  Descri\u00e7\u00e3o do produto     JAH-VAN [Djavan Goes Jamaica] Presen\u00e7as de Arnaldo Antunes, Seu Jorge, Fernanda Abreu, Chico C\u00e9sar, Zelia Duncan, Black Alien, Zeca Baleiro, Criolo, Assucena, Rincon Sapi\u00eancia e Dada Yute.Um tributo em vida ao mestre Djavan! Idealizado pelo produtor BiD, o projeto leva o repertorio do mestre alagoano Djavan para a Jamaica. Com mixagem de Dennis Bovell o disco traz novas releituras de seus grandes sucessos em Reggae, Rocksteady e Lovers Rock. Cont\u00e9m as cl\u00e1ssicas \u201cMeu Bem Querer\u201d, \u201cNem Um Dia\u201d, \u201cAzul\u201d e \u201cSamurai\u201d, entre outras!Vinil 160g -Preto - LacradoLado A A1 Arnaldo Antunes, Rincon Sapi\u00eancia\u2013 Sina 3:55 A2 Seu Jorge, Black Alien\u2013 Meu Bem Querer 4:45 A3 Dada Yute\u2013 Samurai 4:17 A4 Zeca Baleiro\u2013 Faltando Um Peda\u00e7o 3:32 A5 Z\u00e9lia Duncan, Assucena\u2013 A\u00e7a\u00ed 4:42  Lado B B1 Chico C\u00e9sar\u2013 Nem Um Dia 5:36 B2 Fernanda Abreu\u2013 Azul 5:03 B3 Tiquinho, Jah-Van Band\u2013 Esquinas 4:34 B4 Criolo, The Abyssinians\u2013 Cigano 6:03  https:\/\/open.spotify.com\/album\/6jPDVtAx9fIrwS6KKTWYDO?si=rAAZfr7-QUG74QkcvpdeHg    [:en]  Descri\u00e7\u00e3o do produto     JAH-VAN [Djavan Goes Jamaica] Presen\u00e7as de Arnaldo Antunes, Seu Jorge, Fernanda Abreu, Chico C\u00e9sar, Zelia Duncan, Black Alien, Zeca Baleiro, Criolo, Assucena, Rincon Sapi\u00eancia e Dada Yute.Um tributo em vida ao mestre Djavan! Idealizado pelo produtor BiD, o projeto leva o repertorio do mestre alagoano Djavan para a Jamaica. Com mixagem de Dennis Bovell o disco traz novas releituras de seus grandes sucessos em Reggae, Rocksteady e Lovers Rock. Cont\u00e9m as cl\u00e1ssicas \u201cMeu Bem Querer\u201d, \u201cNem Um Dia\u201d, \u201cAzul\u201d e \u201cSamurai\u201d, entre outras!  Vinil 160g -Preto - Lacrado  Lado A A1 Arnaldo Antunes, Rincon Sapi\u00eancia\u2013 Sina 3:55 A2 Seu Jorge, Black Alien\u2013 Meu Bem Querer 4:45 A3 Dada Yute\u2013 Samurai 4:17 A4 Zeca Baleiro\u2013 Faltando Um Peda\u00e7o 3:32 A5 Z\u00e9lia Duncan, Assucena\u2013 A\u00e7a\u00ed 4:42  Lado B B1 Chico C\u00e9sar\u2013 Nem Um Dia 5:36 B2 Fernanda Abreu\u2013 Azul 5:03 B3 Tiquinho, Jah-Van Band\u2013 Esquinas 4:34 B4 Criolo, The Abyssinians\u2013 Cigano 6:03  https:\/\/open.spotify.com\/album\/6jPDVtAx9fIrwS6KKTWYDO?si=rAAZfr7-QUG74QkcvpdeHg    [:]\" \/>\n<meta property=\"og:url\" content=\"https:\/\/shopbrasil.vinyllandrecords.com\/produto\/jah-van-djavan-goes-jamaica\/\" \/>\n<meta property=\"og:site_name\" content=\"Vinyl Land Records\" \/>\n<meta property=\"article:modified_time\" content=\"2026-04-22T16:52:42+00:00\" \/>\n<meta property=\"og:image\" content=\"https:\/\/shopbrasil.vinyllandrecords.com\/wp-content\/uploads\/2025\/07\/850xn-4_620x620fill_ffffff.jpg\" \/>\n\t<meta property=\"og:image:width\" content=\"620\" \/>\n\t<meta property=\"og:image:height\" content=\"620\" \/>\n\t<meta property=\"og:image:type\" content=\"image\/jpeg\" \/>\n<meta name=\"twitter:card\" content=\"summary_large_image\" \/>\n<meta name=\"twitter:label1\" content=\"Est. reading time\" \/>\n\t<meta name=\"twitter:data1\" content=\"1 minute\" \/>\n<script type=\"application\/ld+json\" class=\"yoast-schema-graph\">{\"@context\":\"https:\\\/\\\/schema.org\",\"@graph\":[{\"@type\":\"WebPage\",\"@id\":\"https:\\\/\\\/shopbrasil.vinyllandrecords.com\\\/produto\\\/jah-van-djavan-goes-jamaica\\\/\",\"url\":\"https:\\\/\\\/shopbrasil.vinyllandrecords.com\\\/produto\\\/jah-van-djavan-goes-jamaica\\\/\",\"name\":\"Jah-Van (Djavan Goes Jamaica) - Vinyl Land Records\",\"isPartOf\":{\"@id\":\"https:\\\/\\\/shopbrasil.vinyllandrecords.com\\\/#website\"},\"primaryImageOfPage\":{\"@id\":\"https:\\\/\\\/shopbrasil.vinyllandrecords.com\\\/produto\\\/jah-van-djavan-goes-jamaica\\\/#primaryimage\"},\"image\":{\"@id\":\"https:\\\/\\\/shopbrasil.vinyllandrecords.com\\\/produto\\\/jah-van-djavan-goes-jamaica\\\/#primaryimage\"},\"thumbnailUrl\":\"https:\\\/\\\/shopbrasil.vinyllandrecords.com\\\/wp-content\\\/uploads\\\/2025\\\/07\\\/850xn-4_620x620fill_ffffff.jpg\",\"datePublished\":\"2025-07-17T16:34:37+00:00\",\"dateModified\":\"2026-04-22T16:52:42+00:00\",\"breadcrumb\":{\"@id\":\"https:\\\/\\\/shopbrasil.vinyllandrecords.com\\\/produto\\\/jah-van-djavan-goes-jamaica\\\/#breadcrumb\"},\"inLanguage\":\"en-US\",\"potentialAction\":[{\"@type\":\"ReadAction\",\"target\":[\"https:\\\/\\\/shopbrasil.vinyllandrecords.com\\\/produto\\\/jah-van-djavan-goes-jamaica\\\/\"]}]},{\"@type\":\"ImageObject\",\"inLanguage\":\"en-US\",\"@id\":\"https:\\\/\\\/shopbrasil.vinyllandrecords.com\\\/produto\\\/jah-van-djavan-goes-jamaica\\\/#primaryimage\",\"url\":\"https:\\\/\\\/shopbrasil.vinyllandrecords.com\\\/wp-content\\\/uploads\\\/2025\\\/07\\\/850xn-4_620x620fill_ffffff.jpg\",\"contentUrl\":\"https:\\\/\\\/shopbrasil.vinyllandrecords.com\\\/wp-content\\\/uploads\\\/2025\\\/07\\\/850xn-4_620x620fill_ffffff.jpg\",\"width\":620,\"height\":620},{\"@type\":\"BreadcrumbList\",\"@id\":\"https:\\\/\\\/shopbrasil.vinyllandrecords.com\\\/produto\\\/jah-van-djavan-goes-jamaica\\\/#breadcrumb\",\"itemListElement\":[{\"@type\":\"ListItem\",\"position\":1,\"name\":\"In\u00edcio\",\"item\":\"https:\\\/\\\/shopbrasil.vinyllandrecords.com\\\/\"},{\"@type\":\"ListItem\",\"position\":2,\"name\":\"Shops\",\"item\":\"https:\\\/\\\/shopbrasil.vinyllandrecords.com\\\/shops\\\/\"},{\"@type\":\"ListItem\",\"position\":3,\"name\":\"Jah-Van (Djavan Goes Jamaica)\"}]},{\"@type\":\"WebSite\",\"@id\":\"https:\\\/\\\/shopbrasil.vinyllandrecords.com\\\/#website\",\"url\":\"https:\\\/\\\/shopbrasil.vinyllandrecords.com\\\/\",\"name\":\"Vinyl Land Records\",\"description\":\"ONLINE SHOP\",\"potentialAction\":[{\"@type\":\"SearchAction\",\"target\":{\"@type\":\"EntryPoint\",\"urlTemplate\":\"https:\\\/\\\/shopbrasil.vinyllandrecords.com\\\/?s={search_term_string}\"},\"query-input\":{\"@type\":\"PropertyValueSpecification\",\"valueRequired\":true,\"valueName\":\"search_term_string\"}}],\"inLanguage\":\"en-US\"}]}<\/script>\n<!-- \/ Yoast SEO plugin. -->","yoast_head_json":{"title":"Jah-Van (Djavan Goes Jamaica) - Vinyl Land Records","robots":{"index":"index","follow":"follow","max-snippet":"max-snippet:-1","max-image-preview":"max-image-preview:large","max-video-preview":"max-video-preview:-1"},"canonical":"https:\/\/shopbrasil.vinyllandrecords.com\/produto\/jah-van-djavan-goes-jamaica\/","og_locale":"en_US","og_type":"article","og_title":"Jah-Van (Djavan Goes Jamaica) - Vinyl Land Records","og_description":"[:pb]  Descri\u00e7\u00e3o do produto     JAH-VAN [Djavan Goes Jamaica] Presen\u00e7as de Arnaldo Antunes, Seu Jorge, Fernanda Abreu, Chico C\u00e9sar, Zelia Duncan, Black Alien, Zeca Baleiro, Criolo, Assucena, Rincon Sapi\u00eancia e Dada Yute.Um tributo em vida ao mestre Djavan! Idealizado pelo produtor BiD, o projeto leva o repertorio do mestre alagoano Djavan para a Jamaica. Com mixagem de Dennis Bovell o disco traz novas releituras de seus grandes sucessos em Reggae, Rocksteady e Lovers Rock. Cont\u00e9m as cl\u00e1ssicas \u201cMeu Bem Querer\u201d, \u201cNem Um Dia\u201d, \u201cAzul\u201d e \u201cSamurai\u201d, entre outras!Vinil 160g -Preto - LacradoLado A A1 Arnaldo Antunes, Rincon Sapi\u00eancia\u2013 Sina 3:55 A2 Seu Jorge, Black Alien\u2013 Meu Bem Querer 4:45 A3 Dada Yute\u2013 Samurai 4:17 A4 Zeca Baleiro\u2013 Faltando Um Peda\u00e7o 3:32 A5 Z\u00e9lia Duncan, Assucena\u2013 A\u00e7a\u00ed 4:42  Lado B B1 Chico C\u00e9sar\u2013 Nem Um Dia 5:36 B2 Fernanda Abreu\u2013 Azul 5:03 B3 Tiquinho, Jah-Van Band\u2013 Esquinas 4:34 B4 Criolo, The Abyssinians\u2013 Cigano 6:03  https:\/\/open.spotify.com\/album\/6jPDVtAx9fIrwS6KKTWYDO?si=rAAZfr7-QUG74QkcvpdeHg    [:en]  Descri\u00e7\u00e3o do produto     JAH-VAN [Djavan Goes Jamaica] Presen\u00e7as de Arnaldo Antunes, Seu Jorge, Fernanda Abreu, Chico C\u00e9sar, Zelia Duncan, Black Alien, Zeca Baleiro, Criolo, Assucena, Rincon Sapi\u00eancia e Dada Yute.Um tributo em vida ao mestre Djavan! Idealizado pelo produtor BiD, o projeto leva o repertorio do mestre alagoano Djavan para a Jamaica. Com mixagem de Dennis Bovell o disco traz novas releituras de seus grandes sucessos em Reggae, Rocksteady e Lovers Rock. Cont\u00e9m as cl\u00e1ssicas \u201cMeu Bem Querer\u201d, \u201cNem Um Dia\u201d, \u201cAzul\u201d e \u201cSamurai\u201d, entre outras!  Vinil 160g -Preto - Lacrado  Lado A A1 Arnaldo Antunes, Rincon Sapi\u00eancia\u2013 Sina 3:55 A2 Seu Jorge, Black Alien\u2013 Meu Bem Querer 4:45 A3 Dada Yute\u2013 Samurai 4:17 A4 Zeca Baleiro\u2013 Faltando Um Peda\u00e7o 3:32 A5 Z\u00e9lia Duncan, Assucena\u2013 A\u00e7a\u00ed 4:42  Lado B B1 Chico C\u00e9sar\u2013 Nem Um Dia 5:36 B2 Fernanda Abreu\u2013 Azul 5:03 B3 Tiquinho, Jah-Van Band\u2013 Esquinas 4:34 B4 Criolo, The Abyssinians\u2013 Cigano 6:03  https:\/\/open.spotify.com\/album\/6jPDVtAx9fIrwS6KKTWYDO?si=rAAZfr7-QUG74QkcvpdeHg    [:]","og_url":"https:\/\/shopbrasil.vinyllandrecords.com\/produto\/jah-van-djavan-goes-jamaica\/","og_site_name":"Vinyl Land Records","article_modified_time":"2026-04-22T16:52:42+00:00","og_image":[{"width":620,"height":620,"url":"https:\/\/shopbrasil.vinyllandrecords.com\/wp-content\/uploads\/2025\/07\/850xn-4_620x620fill_ffffff.jpg","type":"image\/jpeg"}],"twitter_card":"summary_large_image","twitter_misc":{"Est. reading time":"1 minute"},"schema":{"@context":"https:\/\/schema.org","@graph":[{"@type":"WebPage","@id":"https:\/\/shopbrasil.vinyllandrecords.com\/produto\/jah-van-djavan-goes-jamaica\/","url":"https:\/\/shopbrasil.vinyllandrecords.com\/produto\/jah-van-djavan-goes-jamaica\/","name":"Jah-Van (Djavan Goes Jamaica) - Vinyl Land Records","isPartOf":{"@id":"https:\/\/shopbrasil.vinyllandrecords.com\/#website"},"primaryImageOfPage":{"@id":"https:\/\/shopbrasil.vinyllandrecords.com\/produto\/jah-van-djavan-goes-jamaica\/#primaryimage"},"image":{"@id":"https:\/\/shopbrasil.vinyllandrecords.com\/produto\/jah-van-djavan-goes-jamaica\/#primaryimage"},"thumbnailUrl":"https:\/\/shopbrasil.vinyllandrecords.com\/wp-content\/uploads\/2025\/07\/850xn-4_620x620fill_ffffff.jpg","datePublished":"2025-07-17T16:34:37+00:00","dateModified":"2026-04-22T16:52:42+00:00","breadcrumb":{"@id":"https:\/\/shopbrasil.vinyllandrecords.com\/produto\/jah-van-djavan-goes-jamaica\/#breadcrumb"},"inLanguage":"en-US","potentialAction":[{"@type":"ReadAction","target":["https:\/\/shopbrasil.vinyllandrecords.com\/produto\/jah-van-djavan-goes-jamaica\/"]}]},{"@type":"ImageObject","inLanguage":"en-US","@id":"https:\/\/shopbrasil.vinyllandrecords.com\/produto\/jah-van-djavan-goes-jamaica\/#primaryimage","url":"https:\/\/shopbrasil.vinyllandrecords.com\/wp-content\/uploads\/2025\/07\/850xn-4_620x620fill_ffffff.jpg","contentUrl":"https:\/\/shopbrasil.vinyllandrecords.com\/wp-content\/uploads\/2025\/07\/850xn-4_620x620fill_ffffff.jpg","width":620,"height":620},{"@type":"BreadcrumbList","@id":"https:\/\/shopbrasil.vinyllandrecords.com\/produto\/jah-van-djavan-goes-jamaica\/#breadcrumb","itemListElement":[{"@type":"ListItem","position":1,"name":"In\u00edcio","item":"https:\/\/shopbrasil.vinyllandrecords.com\/"},{"@type":"ListItem","position":2,"name":"Shops","item":"https:\/\/shopbrasil.vinyllandrecords.com\/shops\/"},{"@type":"ListItem","position":3,"name":"Jah-Van (Djavan Goes Jamaica)"}]},{"@type":"WebSite","@id":"https:\/\/shopbrasil.vinyllandrecords.com\/#website","url":"https:\/\/shopbrasil.vinyllandrecords.com\/","name":"Vinyl Land Records","description":"ONLINE SHOP","potentialAction":[{"@type":"SearchAction","target":{"@type":"EntryPoint","urlTemplate":"https:\/\/shopbrasil.vinyllandrecords.com\/?s={search_term_string}"},"query-input":{"@type":"PropertyValueSpecification","valueRequired":true,"valueName":"search_term_string"}}],"inLanguage":"en-US"}]}},"_links":{"self":[{"href":"https:\/\/shopbrasil.vinyllandrecords.com\/en\/wp-json\/wp\/v2\/product\/70437","targetHints":{"allow":["GET"]}}],"collection":[{"href":"https:\/\/shopbrasil.vinyllandrecords.com\/en\/wp-json\/wp\/v2\/product"}],"about":[{"href":"https:\/\/shopbrasil.vinyllandrecords.com\/en\/wp-json\/wp\/v2\/types\/product"}],"wp:featuredmedia":[{"embeddable":true,"href":"https:\/\/shopbrasil.vinyllandrecords.com\/en\/wp-json\/wp\/v2\/media\/70439"}],"wp:attachment":[{"href":"https:\/\/shopbrasil.vinyllandrecords.com\/en\/wp-json\/wp\/v2\/media?parent=70437"}],"wp:term":[{"taxonomy":"product_brand","embeddable":true,"href":"https:\/\/shopbrasil.vinyllandrecords.com\/en\/wp-json\/wp\/v2\/product_brand?post=70437"},{"taxonomy":"product_cat","embeddable":true,"href":"https:\/\/shopbrasil.vinyllandrecords.com\/en\/wp-json\/wp\/v2\/product_cat?post=70437"},{"taxonomy":"product_tag","embeddable":true,"href":"https:\/\/shopbrasil.vinyllandrecords.com\/en\/wp-json\/wp\/v2\/product_tag?post=70437"}],"curies":[{"name":"wp","href":"https:\/\/api.w.org\/{rel}","templated":true}]}}