{"id":70486,"date":"2025-10-07T15:05:09","date_gmt":"2025-10-07T18:05:09","guid":{"rendered":"https:\/\/shopbrasil.vinyllandrecords.com\/?post_type=product&#038;p=70486"},"modified":"2025-10-07T15:05:10","modified_gmt":"2025-10-07T18:05:10","slug":"coruja-bc1-psicodelic-2019","status":"publish","type":"product","link":"https:\/\/shopbrasil.vinyllandrecords.com\/en\/produto\/coruja-bc1-psicodelic-2019\/","title":{"rendered":"Coruja BC1 &#8211; Psicodelic (2019)"},"content":{"rendered":"","protected":false},"excerpt":{"rendered":"<p>https:\/\/youtu.be\/u2ZO-aDMQ6M?si=EQ49cW2ZZL2SQqTy<\/p>\n<p>Selo: Rio Records \u2013 RR-005<\/p>\n<p>Formato: LP, Album, Edi\u00e7\u00e3o Limitada, Encarte Duplo, Vinil\u00a0<em>Preto<\/em><\/p>\n<p>Pa\u00eds: Brasil<\/p>\n<p>Lan\u00e7amento: Maio, 2024<\/p>\n<p class=\"p1\"><span class=\"s1\">LP Coruja BC1 &#8211; Psicodelic (2019)<\/span><\/p>\n<ul class=\"ul1\">\n<li class=\"li1\"><span class=\"s1\">Vinil Preto 140g<\/span><\/li>\n<li class=\"li1\"><span class=\"s1\">Capa Simples<\/span><\/li>\n<li class=\"li1\"><span class=\"s1\">Encarte duplo com letras e fotos\u00a0<\/span><\/li>\n<li class=\"li1\"><span class=\"s1\">Tiragem limitada<\/span><\/li>\n<\/ul>\n<p class=\"p1\"><span class=\"s1\">Psicodelic de @corujabc1 \u00e9 o nosso quinto lan\u00e7amento pelo selo Rio Records. O segundo \u00e1lbum de est\u00fadio do rapper conta com feats de @djonga @zudzilla @boykilla @akilmabili @obigo @diomedeschinaski e mixagem do @willsbife. O disco tem a sa\u00fade mental como pano de fundo para as narrativas de um jovem perif\u00e9rico. Mem\u00f3rias, traumas, cr\u00edticas, anseios e amor permeiam pela mente do artista, que transforma essas sensa\u00e7\u00f5es em afiadas rimas.<\/span><\/p>\n<p class=\"p1\"><span class=\"s1\">Percorrendo suas treze faixas, o \u00e1lbum aborda temas como genoc\u00eddio, desinforma\u00e7\u00e3o, racismo, ancestralidade, mesti\u00e7agem e f\u00e9. A sa\u00fade mental une a tem\u00e1tica e nomeia a obra, que ganhou esse t\u00edtulo por retratar a psique.<\/span><\/p>\n<p class=\"p1\"><span class=\"s1\">Gustavo Vinicius (Coruja BC1) foi criado em Bauru, mas nasceu em Osasco. Participava de um grupo de break, depois come\u00e7ou a frequentar as batalhas de rap em S\u00e3o Paulo, l\u00e1 ganhou aten\u00e7\u00e3o por suas rimas, que escrevia desde os sete anos. O foco da sua criatividade vai para a constru\u00e7\u00e3o de uma realidade do dia a dia em forma de versos, trazendo problemas estruturais da sociedade.<\/span><\/p>\n<p class=\"p1\"><span class=\"s1\">Coincidindo com a data do lan\u00e7amento em 2019, o disco sai numa edi\u00e7\u00e3o em vinil ap\u00f3s completar cinco anos. Escolhemos o @arthurjoly pra masterizar e pedimos para a @rocinantefabrica fazer no vinil preto cl\u00e1ssico. Complementamos com o encarte duplo contendo as letras e fotos da sess\u00e3o do Sanna, feita para o \u00e1lbum. Como todos nossos lan\u00e7amentos fizemos uma edi\u00e7\u00e3o limitada, ent\u00e3o n\u00e3o deixa pra depois e garante a sua \ud83d\ude09<\/span><\/p>\n<p class=\"p1\"><span class=\"s1\">Uma produ\u00e7\u00e3o @riorecords<\/span><\/p>\n","protected":false},"featured_media":70487,"template":"","meta":[],"product_brand":[],"product_cat":[107,111,163,97],"product_tag":[],"class_list":{"0":"post-70486","1":"product","2":"type-product","3":"status-publish","4":"has-post-thumbnail","6":"product_cat-garimpo","7":"product_cat-destaque","8":"product_cat-rio-records","9":"product_cat-lp","11":"first","12":"instock","13":"taxable","14":"shipping-taxable","15":"purchasable","16":"product-type-simple"},"yoast_head":"<!-- This site is optimized with the Yoast SEO plugin v27.4 - https:\/\/yoast.com\/product\/yoast-seo-wordpress\/ -->\n<title>Coruja BC1 - Psicodelic (2019) - Vinyl Land Records<\/title>\n<meta name=\"robots\" content=\"index, follow, max-snippet:-1, max-image-preview:large, max-video-preview:-1\" \/>\n<link rel=\"canonical\" href=\"https:\/\/shopbrasil.vinyllandrecords.com\/produto\/coruja-bc1-psicodelic-2019\/\" \/>\n<meta property=\"og:locale\" content=\"en_US\" \/>\n<meta property=\"og:type\" content=\"article\" \/>\n<meta property=\"og:title\" content=\"Coruja BC1 - Psicodelic (2019) - Vinyl Land Records\" \/>\n<meta property=\"og:description\" content=\"[:pb]https:\/\/youtu.be\/u2ZO-aDMQ6M?si=EQ49cW2ZZL2SQqTy  &nbsp;  Selo: Rio Records \u2013 RR-005  Formato: LP, Album, Edi\u00e7\u00e3o Limitada, Encarte Duplo, Vinil\u00a0Preto  Pa\u00eds: Brasil  Lan\u00e7amento: Maio, 2024 LP Coruja BC1 - Psicodelic (2019)     Vinil Preto 140g  Capa Simples  Encarte duplo com letras e fotos\u00a0  Tiragem limitada   Psicodelic de @corujabc1 \u00e9 o nosso quinto lan\u00e7amento pelo selo Rio Records. O segundo \u00e1lbum de est\u00fadio do rapper conta com feats de @djonga @zudzilla @boykilla @akilmabili @obigo @diomedeschinaski e mixagem do @willsbife. O disco tem a sa\u00fade mental como pano de fundo para as narrativas de um jovem perif\u00e9rico. Mem\u00f3rias, traumas, cr\u00edticas, anseios e amor permeiam pela mente do artista, que transforma essas sensa\u00e7\u00f5es em afiadas rimas.  Percorrendo suas treze faixas, o \u00e1lbum aborda temas como genoc\u00eddio, desinforma\u00e7\u00e3o, racismo, ancestralidade, mesti\u00e7agem e f\u00e9. A sa\u00fade mental une a tem\u00e1tica e nomeia a obra, que ganhou esse t\u00edtulo por retratar a psique.  Gustavo Vinicius (Coruja BC1) foi criado em Bauru, mas nasceu em Osasco. Participava de um grupo de break, depois come\u00e7ou a frequentar as batalhas de rap em S\u00e3o Paulo, l\u00e1 ganhou aten\u00e7\u00e3o por suas rimas, que escrevia desde os sete anos. O foco da sua criatividade vai para a constru\u00e7\u00e3o de uma realidade do dia a dia em forma de versos, trazendo problemas estruturais da sociedade.  Coincidindo com a data do lan\u00e7amento em 2019, o disco sai numa edi\u00e7\u00e3o em vinil ap\u00f3s completar cinco anos. Escolhemos o @arthurjoly pra masterizar e pedimos para a @rocinantefabrica fazer no vinil preto cl\u00e1ssico. Complementamos com o encarte duplo contendo as letras e fotos da sess\u00e3o do Sanna, feita para o \u00e1lbum. Como todos nossos lan\u00e7amentos fizemos uma edi\u00e7\u00e3o limitada, ent\u00e3o n\u00e3o deixa pra depois e garante a sua \ud83d\ude09  Uma produ\u00e7\u00e3o @riorecords[:en]https:\/\/youtu.be\/u2ZO-aDMQ6M?si=EQ49cW2ZZL2SQqTy  Selo: Rio Records \u2013 RR-005  Formato: LP, Album, Edi\u00e7\u00e3o Limitada, Encarte Duplo, Vinil\u00a0Preto  Pa\u00eds: Brasil  Lan\u00e7amento: Maio, 2024 LP Coruja BC1 - Psicodelic (2019)    Vinil Preto 140g  Capa Simples  Encarte duplo com letras e fotos\u00a0  Tiragem limitada  Psicodelic de @corujabc1 \u00e9 o nosso quinto lan\u00e7amento pelo selo Rio Records. O segundo \u00e1lbum de est\u00fadio do rapper conta com feats de @djonga @zudzilla @boykilla @akilmabili @obigo @diomedeschinaski e mixagem do @willsbife. O disco tem a sa\u00fade mental como pano de fundo para as narrativas de um jovem perif\u00e9rico. Mem\u00f3rias, traumas, cr\u00edticas, anseios e amor permeiam pela mente do artista, que transforma essas sensa\u00e7\u00f5es em afiadas rimas. Percorrendo suas treze faixas, o \u00e1lbum aborda temas como genoc\u00eddio, desinforma\u00e7\u00e3o, racismo, ancestralidade, mesti\u00e7agem e f\u00e9. A sa\u00fade mental une a tem\u00e1tica e nomeia a obra, que ganhou esse t\u00edtulo por retratar a psique. Gustavo Vinicius (Coruja BC1) foi criado em Bauru, mas nasceu em Osasco. Participava de um grupo de break, depois come\u00e7ou a frequentar as batalhas de rap em S\u00e3o Paulo, l\u00e1 ganhou aten\u00e7\u00e3o por suas rimas, que escrevia desde os sete anos. O foco da sua criatividade vai para a constru\u00e7\u00e3o de uma realidade do dia a dia em forma de versos, trazendo problemas estruturais da sociedade. Coincidindo com a data do lan\u00e7amento em 2019, o disco sai numa edi\u00e7\u00e3o em vinil ap\u00f3s completar cinco anos. Escolhemos o @arthurjoly pra masterizar e pedimos para a @rocinantefabrica fazer no vinil preto cl\u00e1ssico. Complementamos com o encarte duplo contendo as letras e fotos da sess\u00e3o do Sanna, feita para o \u00e1lbum. Como todos nossos lan\u00e7amentos fizemos uma edi\u00e7\u00e3o limitada, ent\u00e3o n\u00e3o deixa pra depois e garante a sua \ud83d\ude09 Uma produ\u00e7\u00e3o @riorecords[:]\" \/>\n<meta property=\"og:url\" content=\"https:\/\/shopbrasil.vinyllandrecords.com\/produto\/coruja-bc1-psicodelic-2019\/\" \/>\n<meta property=\"og:site_name\" content=\"Vinyl Land Records\" \/>\n<meta property=\"article:modified_time\" content=\"2025-10-07T18:05:10+00:00\" \/>\n<meta property=\"og:image\" content=\"https:\/\/shopbrasil.vinyllandrecords.com\/wp-content\/uploads\/2025\/10\/ca-cb76d5eef7cf1f25a517208053413662-1024-1024.jpg\" \/>\n\t<meta property=\"og:image:width\" content=\"1024\" \/>\n\t<meta property=\"og:image:height\" content=\"1014\" \/>\n\t<meta property=\"og:image:type\" content=\"image\/jpeg\" \/>\n<meta name=\"twitter:card\" content=\"summary_large_image\" \/>\n<meta name=\"twitter:label1\" content=\"Est. reading time\" \/>\n\t<meta name=\"twitter:data1\" content=\"1 minute\" \/>\n<script type=\"application\/ld+json\" class=\"yoast-schema-graph\">{\"@context\":\"https:\\\/\\\/schema.org\",\"@graph\":[{\"@type\":\"WebPage\",\"@id\":\"https:\\\/\\\/shopbrasil.vinyllandrecords.com\\\/produto\\\/coruja-bc1-psicodelic-2019\\\/\",\"url\":\"https:\\\/\\\/shopbrasil.vinyllandrecords.com\\\/produto\\\/coruja-bc1-psicodelic-2019\\\/\",\"name\":\"Coruja BC1 - Psicodelic (2019) - Vinyl Land Records\",\"isPartOf\":{\"@id\":\"https:\\\/\\\/shopbrasil.vinyllandrecords.com\\\/#website\"},\"primaryImageOfPage\":{\"@id\":\"https:\\\/\\\/shopbrasil.vinyllandrecords.com\\\/produto\\\/coruja-bc1-psicodelic-2019\\\/#primaryimage\"},\"image\":{\"@id\":\"https:\\\/\\\/shopbrasil.vinyllandrecords.com\\\/produto\\\/coruja-bc1-psicodelic-2019\\\/#primaryimage\"},\"thumbnailUrl\":\"https:\\\/\\\/shopbrasil.vinyllandrecords.com\\\/wp-content\\\/uploads\\\/2025\\\/10\\\/ca-cb76d5eef7cf1f25a517208053413662-1024-1024.jpg\",\"datePublished\":\"2025-10-07T18:05:09+00:00\",\"dateModified\":\"2025-10-07T18:05:10+00:00\",\"breadcrumb\":{\"@id\":\"https:\\\/\\\/shopbrasil.vinyllandrecords.com\\\/produto\\\/coruja-bc1-psicodelic-2019\\\/#breadcrumb\"},\"inLanguage\":\"en-US\",\"potentialAction\":[{\"@type\":\"ReadAction\",\"target\":[\"https:\\\/\\\/shopbrasil.vinyllandrecords.com\\\/produto\\\/coruja-bc1-psicodelic-2019\\\/\"]}]},{\"@type\":\"ImageObject\",\"inLanguage\":\"en-US\",\"@id\":\"https:\\\/\\\/shopbrasil.vinyllandrecords.com\\\/produto\\\/coruja-bc1-psicodelic-2019\\\/#primaryimage\",\"url\":\"https:\\\/\\\/shopbrasil.vinyllandrecords.com\\\/wp-content\\\/uploads\\\/2025\\\/10\\\/ca-cb76d5eef7cf1f25a517208053413662-1024-1024.jpg\",\"contentUrl\":\"https:\\\/\\\/shopbrasil.vinyllandrecords.com\\\/wp-content\\\/uploads\\\/2025\\\/10\\\/ca-cb76d5eef7cf1f25a517208053413662-1024-1024.jpg\",\"width\":1024,\"height\":1014},{\"@type\":\"BreadcrumbList\",\"@id\":\"https:\\\/\\\/shopbrasil.vinyllandrecords.com\\\/produto\\\/coruja-bc1-psicodelic-2019\\\/#breadcrumb\",\"itemListElement\":[{\"@type\":\"ListItem\",\"position\":1,\"name\":\"In\u00edcio\",\"item\":\"https:\\\/\\\/shopbrasil.vinyllandrecords.com\\\/\"},{\"@type\":\"ListItem\",\"position\":2,\"name\":\"Shops\",\"item\":\"https:\\\/\\\/shopbrasil.vinyllandrecords.com\\\/shops\\\/\"},{\"@type\":\"ListItem\",\"position\":3,\"name\":\"Coruja BC1 &#8211; Psicodelic (2019)\"}]},{\"@type\":\"WebSite\",\"@id\":\"https:\\\/\\\/shopbrasil.vinyllandrecords.com\\\/#website\",\"url\":\"https:\\\/\\\/shopbrasil.vinyllandrecords.com\\\/\",\"name\":\"Vinyl Land Records\",\"description\":\"ONLINE SHOP\",\"potentialAction\":[{\"@type\":\"SearchAction\",\"target\":{\"@type\":\"EntryPoint\",\"urlTemplate\":\"https:\\\/\\\/shopbrasil.vinyllandrecords.com\\\/?s={search_term_string}\"},\"query-input\":{\"@type\":\"PropertyValueSpecification\",\"valueRequired\":true,\"valueName\":\"search_term_string\"}}],\"inLanguage\":\"en-US\"}]}<\/script>\n<!-- \/ Yoast SEO plugin. -->","yoast_head_json":{"title":"Coruja BC1 - Psicodelic (2019) - Vinyl Land Records","robots":{"index":"index","follow":"follow","max-snippet":"max-snippet:-1","max-image-preview":"max-image-preview:large","max-video-preview":"max-video-preview:-1"},"canonical":"https:\/\/shopbrasil.vinyllandrecords.com\/produto\/coruja-bc1-psicodelic-2019\/","og_locale":"en_US","og_type":"article","og_title":"Coruja BC1 - Psicodelic (2019) - Vinyl Land Records","og_description":"[:pb]https:\/\/youtu.be\/u2ZO-aDMQ6M?si=EQ49cW2ZZL2SQqTy  &nbsp;  Selo: Rio Records \u2013 RR-005  Formato: LP, Album, Edi\u00e7\u00e3o Limitada, Encarte Duplo, Vinil\u00a0Preto  Pa\u00eds: Brasil  Lan\u00e7amento: Maio, 2024 LP Coruja BC1 - Psicodelic (2019)     Vinil Preto 140g  Capa Simples  Encarte duplo com letras e fotos\u00a0  Tiragem limitada   Psicodelic de @corujabc1 \u00e9 o nosso quinto lan\u00e7amento pelo selo Rio Records. O segundo \u00e1lbum de est\u00fadio do rapper conta com feats de @djonga @zudzilla @boykilla @akilmabili @obigo @diomedeschinaski e mixagem do @willsbife. O disco tem a sa\u00fade mental como pano de fundo para as narrativas de um jovem perif\u00e9rico. Mem\u00f3rias, traumas, cr\u00edticas, anseios e amor permeiam pela mente do artista, que transforma essas sensa\u00e7\u00f5es em afiadas rimas.  Percorrendo suas treze faixas, o \u00e1lbum aborda temas como genoc\u00eddio, desinforma\u00e7\u00e3o, racismo, ancestralidade, mesti\u00e7agem e f\u00e9. A sa\u00fade mental une a tem\u00e1tica e nomeia a obra, que ganhou esse t\u00edtulo por retratar a psique.  Gustavo Vinicius (Coruja BC1) foi criado em Bauru, mas nasceu em Osasco. Participava de um grupo de break, depois come\u00e7ou a frequentar as batalhas de rap em S\u00e3o Paulo, l\u00e1 ganhou aten\u00e7\u00e3o por suas rimas, que escrevia desde os sete anos. O foco da sua criatividade vai para a constru\u00e7\u00e3o de uma realidade do dia a dia em forma de versos, trazendo problemas estruturais da sociedade.  Coincidindo com a data do lan\u00e7amento em 2019, o disco sai numa edi\u00e7\u00e3o em vinil ap\u00f3s completar cinco anos. Escolhemos o @arthurjoly pra masterizar e pedimos para a @rocinantefabrica fazer no vinil preto cl\u00e1ssico. Complementamos com o encarte duplo contendo as letras e fotos da sess\u00e3o do Sanna, feita para o \u00e1lbum. Como todos nossos lan\u00e7amentos fizemos uma edi\u00e7\u00e3o limitada, ent\u00e3o n\u00e3o deixa pra depois e garante a sua \ud83d\ude09  Uma produ\u00e7\u00e3o @riorecords[:en]https:\/\/youtu.be\/u2ZO-aDMQ6M?si=EQ49cW2ZZL2SQqTy  Selo: Rio Records \u2013 RR-005  Formato: LP, Album, Edi\u00e7\u00e3o Limitada, Encarte Duplo, Vinil\u00a0Preto  Pa\u00eds: Brasil  Lan\u00e7amento: Maio, 2024 LP Coruja BC1 - Psicodelic (2019)    Vinil Preto 140g  Capa Simples  Encarte duplo com letras e fotos\u00a0  Tiragem limitada  Psicodelic de @corujabc1 \u00e9 o nosso quinto lan\u00e7amento pelo selo Rio Records. O segundo \u00e1lbum de est\u00fadio do rapper conta com feats de @djonga @zudzilla @boykilla @akilmabili @obigo @diomedeschinaski e mixagem do @willsbife. O disco tem a sa\u00fade mental como pano de fundo para as narrativas de um jovem perif\u00e9rico. Mem\u00f3rias, traumas, cr\u00edticas, anseios e amor permeiam pela mente do artista, que transforma essas sensa\u00e7\u00f5es em afiadas rimas. Percorrendo suas treze faixas, o \u00e1lbum aborda temas como genoc\u00eddio, desinforma\u00e7\u00e3o, racismo, ancestralidade, mesti\u00e7agem e f\u00e9. A sa\u00fade mental une a tem\u00e1tica e nomeia a obra, que ganhou esse t\u00edtulo por retratar a psique. Gustavo Vinicius (Coruja BC1) foi criado em Bauru, mas nasceu em Osasco. Participava de um grupo de break, depois come\u00e7ou a frequentar as batalhas de rap em S\u00e3o Paulo, l\u00e1 ganhou aten\u00e7\u00e3o por suas rimas, que escrevia desde os sete anos. O foco da sua criatividade vai para a constru\u00e7\u00e3o de uma realidade do dia a dia em forma de versos, trazendo problemas estruturais da sociedade. Coincidindo com a data do lan\u00e7amento em 2019, o disco sai numa edi\u00e7\u00e3o em vinil ap\u00f3s completar cinco anos. Escolhemos o @arthurjoly pra masterizar e pedimos para a @rocinantefabrica fazer no vinil preto cl\u00e1ssico. Complementamos com o encarte duplo contendo as letras e fotos da sess\u00e3o do Sanna, feita para o \u00e1lbum. Como todos nossos lan\u00e7amentos fizemos uma edi\u00e7\u00e3o limitada, ent\u00e3o n\u00e3o deixa pra depois e garante a sua \ud83d\ude09 Uma produ\u00e7\u00e3o @riorecords[:]","og_url":"https:\/\/shopbrasil.vinyllandrecords.com\/produto\/coruja-bc1-psicodelic-2019\/","og_site_name":"Vinyl Land Records","article_modified_time":"2025-10-07T18:05:10+00:00","og_image":[{"width":1024,"height":1014,"url":"https:\/\/shopbrasil.vinyllandrecords.com\/wp-content\/uploads\/2025\/10\/ca-cb76d5eef7cf1f25a517208053413662-1024-1024.jpg","type":"image\/jpeg"}],"twitter_card":"summary_large_image","twitter_misc":{"Est. reading time":"1 minute"},"schema":{"@context":"https:\/\/schema.org","@graph":[{"@type":"WebPage","@id":"https:\/\/shopbrasil.vinyllandrecords.com\/produto\/coruja-bc1-psicodelic-2019\/","url":"https:\/\/shopbrasil.vinyllandrecords.com\/produto\/coruja-bc1-psicodelic-2019\/","name":"Coruja BC1 - Psicodelic (2019) - Vinyl Land Records","isPartOf":{"@id":"https:\/\/shopbrasil.vinyllandrecords.com\/#website"},"primaryImageOfPage":{"@id":"https:\/\/shopbrasil.vinyllandrecords.com\/produto\/coruja-bc1-psicodelic-2019\/#primaryimage"},"image":{"@id":"https:\/\/shopbrasil.vinyllandrecords.com\/produto\/coruja-bc1-psicodelic-2019\/#primaryimage"},"thumbnailUrl":"https:\/\/shopbrasil.vinyllandrecords.com\/wp-content\/uploads\/2025\/10\/ca-cb76d5eef7cf1f25a517208053413662-1024-1024.jpg","datePublished":"2025-10-07T18:05:09+00:00","dateModified":"2025-10-07T18:05:10+00:00","breadcrumb":{"@id":"https:\/\/shopbrasil.vinyllandrecords.com\/produto\/coruja-bc1-psicodelic-2019\/#breadcrumb"},"inLanguage":"en-US","potentialAction":[{"@type":"ReadAction","target":["https:\/\/shopbrasil.vinyllandrecords.com\/produto\/coruja-bc1-psicodelic-2019\/"]}]},{"@type":"ImageObject","inLanguage":"en-US","@id":"https:\/\/shopbrasil.vinyllandrecords.com\/produto\/coruja-bc1-psicodelic-2019\/#primaryimage","url":"https:\/\/shopbrasil.vinyllandrecords.com\/wp-content\/uploads\/2025\/10\/ca-cb76d5eef7cf1f25a517208053413662-1024-1024.jpg","contentUrl":"https:\/\/shopbrasil.vinyllandrecords.com\/wp-content\/uploads\/2025\/10\/ca-cb76d5eef7cf1f25a517208053413662-1024-1024.jpg","width":1024,"height":1014},{"@type":"BreadcrumbList","@id":"https:\/\/shopbrasil.vinyllandrecords.com\/produto\/coruja-bc1-psicodelic-2019\/#breadcrumb","itemListElement":[{"@type":"ListItem","position":1,"name":"In\u00edcio","item":"https:\/\/shopbrasil.vinyllandrecords.com\/"},{"@type":"ListItem","position":2,"name":"Shops","item":"https:\/\/shopbrasil.vinyllandrecords.com\/shops\/"},{"@type":"ListItem","position":3,"name":"Coruja BC1 &#8211; Psicodelic (2019)"}]},{"@type":"WebSite","@id":"https:\/\/shopbrasil.vinyllandrecords.com\/#website","url":"https:\/\/shopbrasil.vinyllandrecords.com\/","name":"Vinyl Land Records","description":"ONLINE SHOP","potentialAction":[{"@type":"SearchAction","target":{"@type":"EntryPoint","urlTemplate":"https:\/\/shopbrasil.vinyllandrecords.com\/?s={search_term_string}"},"query-input":{"@type":"PropertyValueSpecification","valueRequired":true,"valueName":"search_term_string"}}],"inLanguage":"en-US"}]}},"_links":{"self":[{"href":"https:\/\/shopbrasil.vinyllandrecords.com\/en\/wp-json\/wp\/v2\/product\/70486","targetHints":{"allow":["GET"]}}],"collection":[{"href":"https:\/\/shopbrasil.vinyllandrecords.com\/en\/wp-json\/wp\/v2\/product"}],"about":[{"href":"https:\/\/shopbrasil.vinyllandrecords.com\/en\/wp-json\/wp\/v2\/types\/product"}],"wp:featuredmedia":[{"embeddable":true,"href":"https:\/\/shopbrasil.vinyllandrecords.com\/en\/wp-json\/wp\/v2\/media\/70487"}],"wp:attachment":[{"href":"https:\/\/shopbrasil.vinyllandrecords.com\/en\/wp-json\/wp\/v2\/media?parent=70486"}],"wp:term":[{"taxonomy":"product_brand","embeddable":true,"href":"https:\/\/shopbrasil.vinyllandrecords.com\/en\/wp-json\/wp\/v2\/product_brand?post=70486"},{"taxonomy":"product_cat","embeddable":true,"href":"https:\/\/shopbrasil.vinyllandrecords.com\/en\/wp-json\/wp\/v2\/product_cat?post=70486"},{"taxonomy":"product_tag","embeddable":true,"href":"https:\/\/shopbrasil.vinyllandrecords.com\/en\/wp-json\/wp\/v2\/product_tag?post=70486"}],"curies":[{"name":"wp","href":"https:\/\/api.w.org\/{rel}","templated":true}]}}