{"id":70499,"date":"2025-10-09T14:30:16","date_gmt":"2025-10-09T17:30:16","guid":{"rendered":"https:\/\/shopbrasil.vinyllandrecords.com\/?post_type=product&#038;p=70499"},"modified":"2025-10-09T14:30:17","modified_gmt":"2025-10-09T17:30:17","slug":"thiago-elnino-pedras-flechas-lancas-espadas-espelhos","status":"publish","type":"product","link":"https:\/\/shopbrasil.vinyllandrecords.com\/en\/produto\/thiago-elnino-pedras-flechas-lancas-espadas-espelhos\/","title":{"rendered":"Thiago Elni\u00f1o &#8211; Pedras, Flechas, Lan\u00e7as, Espadas &#038; Espelhos"},"content":{"rendered":"","protected":false},"excerpt":{"rendered":"<p>https:\/\/youtu.be\/uvZ3Y_dIJQI?si=jjmLOoZ6buSOYIqE<\/p>\n<p>&nbsp;<\/p>\n<p>Selo: Rio Records \u2013 RR-004<\/p>\n<p>Formato: LP, Album, Edi\u00e7\u00e3o Limitada, Encarte Duplo, Vinil Preto<\/p>\n<p>Pa\u00eds: Brasil<\/p>\n<p>Lan\u00e7amento: Mar\u00e7o, 2024<\/p>\n<p>Representando diversos aspectos da natureza e da vida humana, Orix\u00e1s s\u00e3o ancestrais divinizados cultuados em religi\u00f5es de matrizes africanas como Candombl\u00e9, e Umbanda. Cada um desses ancestrais cont\u00e9m uma s\u00e9rie de elementos e ferramentas de trabalho, inspirada nessas ferramentas o rapper de Volta Redonda, RJ, Thiago Elni\u00f1o, lan\u00e7ou &#8220;Pedras, Flechas, Lan\u00e7as, Espadas e Espelhos&#8221;, importante disco que agora ganha sua primeira edi\u00e7\u00e3o em vinil.<\/p>\n<p>Lan\u00e7ado inicialmente em 2019, Pedras, Flechas, Lan\u00e7as, Espadas e Espelhos, \u00e9 o segundo registro de est\u00fadio de Elni\u00f1o, e une mandinga, ritmo e poesia para documentar, verso a verso, a jornada de um homem preto que alimenta sua f\u00e9 pelo direito de continuar vivo, sonhando, sendo honesto com a arte que faz, ciente da sua ancestralidade. Em suas 12 faixas, o disco traz o rap direto de rapper sobre bases influ\u00eancias de funk carioca, afrobeats, samba, dub, psicod\u00e9licas, entre outros ritmos, trazendo para esse disco que conta com participa\u00e7\u00f5es expressivas como as de Luedji Luna, Rincon Sapi\u00eancia, T\u00e1ssia Reis, Ricardo Aleixo, Daiana Dami\u00e3o e Natache, uma sonoridade bem particular.<\/p>\n<p>Cumprindo a fun\u00e7\u00e3o de ser um importante documento da produ\u00e7\u00e3o de arte preta de seu tempo, o disco tamb\u00e9m se destaca por seu projeto gr\u00e1fico, coordenado por Guilherme Kozlowski, e que traz na capa uma linda obra do artista Robinho Santana, nome de destaque entre os novos nomes da arte brasileira.<\/p>\n<p>Com tantos valores, agora \u00e9 hora desta obra significativa ganhar sua primeira tiragem em vinil, em uma colabora\u00e7\u00e3o dos selos Rio Records e Romaria Discos, que tem em seu cat\u00e1logo discos de artista como Luedji Luna, Letrux e Zeca Baleiro. O disco foi fabricado pela Rocinante em vinil preto cl\u00e1ssico e vem acompanhado de um encarte com letras, fotos, al\u00e9m da ficha t\u00e9cnica completa, numa edi\u00e7\u00e3o limitada masterizada por Arthur Joly.<\/p>\n","protected":false},"featured_media":70500,"template":"","meta":[],"product_brand":[],"product_cat":[107,111,163,97],"product_tag":[],"class_list":{"0":"post-70499","1":"product","2":"type-product","3":"status-publish","4":"has-post-thumbnail","6":"product_cat-garimpo","7":"product_cat-destaque","8":"product_cat-rio-records","9":"product_cat-lp","11":"first","12":"instock","13":"taxable","14":"shipping-taxable","15":"purchasable","16":"product-type-simple"},"yoast_head":"<!-- This site is optimized with the Yoast SEO plugin v27.4 - https:\/\/yoast.com\/product\/yoast-seo-wordpress\/ -->\n<title>Thiago Elni\u00f1o - Pedras, Flechas, Lan\u00e7as, Espadas &amp; Espelhos - Vinyl Land Records<\/title>\n<meta name=\"robots\" content=\"index, follow, max-snippet:-1, max-image-preview:large, max-video-preview:-1\" \/>\n<link rel=\"canonical\" href=\"https:\/\/shopbrasil.vinyllandrecords.com\/produto\/thiago-elnino-pedras-flechas-lancas-espadas-espelhos\/\" \/>\n<meta property=\"og:locale\" content=\"en_US\" \/>\n<meta property=\"og:type\" content=\"article\" \/>\n<meta property=\"og:title\" content=\"Thiago Elni\u00f1o - Pedras, Flechas, Lan\u00e7as, Espadas &amp; Espelhos - Vinyl Land Records\" \/>\n<meta property=\"og:description\" content=\"[:pb]https:\/\/youtu.be\/uvZ3Y_dIJQI?si=jjmLOoZ6buSOYIqE  Selo: Rio Records \u2013 RR-004  Formato: LP, Album, Edi\u00e7\u00e3o Limitada, Encarte Duplo, Vinil Preto  Pa\u00eds: Brasil  Lan\u00e7amento: Mar\u00e7o, 2024  Representando diversos aspectos da natureza e da vida humana, Orix\u00e1s s\u00e3o ancestrais divinizados cultuados em religi\u00f5es de matrizes africanas como Candombl\u00e9, e Umbanda. Cada um desses ancestrais cont\u00e9m uma s\u00e9rie de elementos e ferramentas de trabalho, inspirada nessas ferramentas o rapper de Volta Redonda, RJ, Thiago Elni\u00f1o, lan\u00e7ou &quot;Pedras, Flechas, Lan\u00e7as, Espadas e Espelhos&quot;, importante disco que agora ganha sua primeira edi\u00e7\u00e3o em vinil.  Lan\u00e7ado inicialmente em 2019, Pedras, Flechas, Lan\u00e7as, Espadas e Espelhos, \u00e9 o segundo registro de est\u00fadio de Elni\u00f1o, e une mandinga, ritmo e poesia para documentar, verso a verso, a jornada de um homem preto que alimenta sua f\u00e9 pelo direito de continuar vivo, sonhando, sendo honesto com a arte que faz, ciente da sua ancestralidade. Em suas 12 faixas, o disco traz o rap direto de rapper sobre bases influ\u00eancias de funk carioca, afrobeats, samba, dub, psicod\u00e9licas, entre outros ritmos, trazendo para esse disco que conta com participa\u00e7\u00f5es expressivas como as de Luedji Luna, Rincon Sapi\u00eancia, T\u00e1ssia Reis, Ricardo Aleixo, Daiana Dami\u00e3o e Natache, uma sonoridade bem particular.  Cumprindo a fun\u00e7\u00e3o de ser um importante documento da produ\u00e7\u00e3o de arte preta de seu tempo, o disco tamb\u00e9m se destaca por seu projeto gr\u00e1fico, coordenado por Guilherme Kozlowski, e que traz na capa uma linda obra do artista Robinho Santana, nome de destaque entre os novos nomes da arte brasileira.  Com tantos valores, agora \u00e9 hora desta obra significativa ganhar sua primeira tiragem em vinil, em uma colabora\u00e7\u00e3o dos selos Rio Records e Romaria Discos, que tem em seu cat\u00e1logo discos de artista como Luedji Luna, Letrux e Zeca Baleiro. O disco foi fabricado pela Rocinante em vinil preto cl\u00e1ssico e vem acompanhado de um encarte com letras, fotos, al\u00e9m da ficha t\u00e9cnica completa, numa edi\u00e7\u00e3o limitada masterizada por Arthur Joly.[:en]https:\/\/youtu.be\/uvZ3Y_dIJQI?si=jjmLOoZ6buSOYIqE  &nbsp;  Selo: Rio Records \u2013 RR-004  Formato: LP, Album, Edi\u00e7\u00e3o Limitada, Encarte Duplo, Vinil Preto  Pa\u00eds: Brasil  Lan\u00e7amento: Mar\u00e7o, 2024  Representando diversos aspectos da natureza e da vida humana, Orix\u00e1s s\u00e3o ancestrais divinizados cultuados em religi\u00f5es de matrizes africanas como Candombl\u00e9, e Umbanda. Cada um desses ancestrais cont\u00e9m uma s\u00e9rie de elementos e ferramentas de trabalho, inspirada nessas ferramentas o rapper de Volta Redonda, RJ, Thiago Elni\u00f1o, lan\u00e7ou &quot;Pedras, Flechas, Lan\u00e7as, Espadas e Espelhos&quot;, importante disco que agora ganha sua primeira edi\u00e7\u00e3o em vinil.  Lan\u00e7ado inicialmente em 2019, Pedras, Flechas, Lan\u00e7as, Espadas e Espelhos, \u00e9 o segundo registro de est\u00fadio de Elni\u00f1o, e une mandinga, ritmo e poesia para documentar, verso a verso, a jornada de um homem preto que alimenta sua f\u00e9 pelo direito de continuar vivo, sonhando, sendo honesto com a arte que faz, ciente da sua ancestralidade. Em suas 12 faixas, o disco traz o rap direto de rapper sobre bases influ\u00eancias de funk carioca, afrobeats, samba, dub, psicod\u00e9licas, entre outros ritmos, trazendo para esse disco que conta com participa\u00e7\u00f5es expressivas como as de Luedji Luna, Rincon Sapi\u00eancia, T\u00e1ssia Reis, Ricardo Aleixo, Daiana Dami\u00e3o e Natache, uma sonoridade bem particular.  Cumprindo a fun\u00e7\u00e3o de ser um importante documento da produ\u00e7\u00e3o de arte preta de seu tempo, o disco tamb\u00e9m se destaca por seu projeto gr\u00e1fico, coordenado por Guilherme Kozlowski, e que traz na capa uma linda obra do artista Robinho Santana, nome de destaque entre os novos nomes da arte brasileira.  Com tantos valores, agora \u00e9 hora desta obra significativa ganhar sua primeira tiragem em vinil, em uma colabora\u00e7\u00e3o dos selos Rio Records e Romaria Discos, que tem em seu cat\u00e1logo discos de artista como Luedji Luna, Letrux e Zeca Baleiro. O disco foi fabricado pela Rocinante em vinil preto cl\u00e1ssico e vem acompanhado de um encarte com letras, fotos, al\u00e9m da ficha t\u00e9cnica completa, numa edi\u00e7\u00e3o limitada masterizada por Arthur Joly.[:]\" \/>\n<meta property=\"og:url\" content=\"https:\/\/shopbrasil.vinyllandrecords.com\/produto\/thiago-elnino-pedras-flechas-lancas-espadas-espelhos\/\" \/>\n<meta property=\"og:site_name\" content=\"Vinyl Land Records\" \/>\n<meta property=\"article:modified_time\" content=\"2025-10-09T17:30:17+00:00\" \/>\n<meta property=\"og:image\" content=\"https:\/\/shopbrasil.vinyllandrecords.com\/wp-content\/uploads\/2025\/10\/WhatsApp-Image-2025-10-07-at-18.15.43.jpeg\" \/>\n\t<meta property=\"og:image:width\" content=\"1024\" \/>\n\t<meta property=\"og:image:height\" content=\"1015\" \/>\n\t<meta property=\"og:image:type\" content=\"image\/jpeg\" \/>\n<meta name=\"twitter:card\" content=\"summary_large_image\" \/>\n<meta name=\"twitter:label1\" content=\"Est. reading time\" \/>\n\t<meta name=\"twitter:data1\" content=\"1 minute\" \/>\n<script type=\"application\/ld+json\" class=\"yoast-schema-graph\">{\"@context\":\"https:\\\/\\\/schema.org\",\"@graph\":[{\"@type\":\"WebPage\",\"@id\":\"https:\\\/\\\/shopbrasil.vinyllandrecords.com\\\/produto\\\/thiago-elnino-pedras-flechas-lancas-espadas-espelhos\\\/\",\"url\":\"https:\\\/\\\/shopbrasil.vinyllandrecords.com\\\/produto\\\/thiago-elnino-pedras-flechas-lancas-espadas-espelhos\\\/\",\"name\":\"Thiago Elni\u00f1o - Pedras, Flechas, Lan\u00e7as, Espadas & Espelhos - Vinyl Land Records\",\"isPartOf\":{\"@id\":\"https:\\\/\\\/shopbrasil.vinyllandrecords.com\\\/#website\"},\"primaryImageOfPage\":{\"@id\":\"https:\\\/\\\/shopbrasil.vinyllandrecords.com\\\/produto\\\/thiago-elnino-pedras-flechas-lancas-espadas-espelhos\\\/#primaryimage\"},\"image\":{\"@id\":\"https:\\\/\\\/shopbrasil.vinyllandrecords.com\\\/produto\\\/thiago-elnino-pedras-flechas-lancas-espadas-espelhos\\\/#primaryimage\"},\"thumbnailUrl\":\"https:\\\/\\\/shopbrasil.vinyllandrecords.com\\\/wp-content\\\/uploads\\\/2025\\\/10\\\/WhatsApp-Image-2025-10-07-at-18.15.43.jpeg\",\"datePublished\":\"2025-10-09T17:30:16+00:00\",\"dateModified\":\"2025-10-09T17:30:17+00:00\",\"breadcrumb\":{\"@id\":\"https:\\\/\\\/shopbrasil.vinyllandrecords.com\\\/produto\\\/thiago-elnino-pedras-flechas-lancas-espadas-espelhos\\\/#breadcrumb\"},\"inLanguage\":\"en-US\",\"potentialAction\":[{\"@type\":\"ReadAction\",\"target\":[\"https:\\\/\\\/shopbrasil.vinyllandrecords.com\\\/produto\\\/thiago-elnino-pedras-flechas-lancas-espadas-espelhos\\\/\"]}]},{\"@type\":\"ImageObject\",\"inLanguage\":\"en-US\",\"@id\":\"https:\\\/\\\/shopbrasil.vinyllandrecords.com\\\/produto\\\/thiago-elnino-pedras-flechas-lancas-espadas-espelhos\\\/#primaryimage\",\"url\":\"https:\\\/\\\/shopbrasil.vinyllandrecords.com\\\/wp-content\\\/uploads\\\/2025\\\/10\\\/WhatsApp-Image-2025-10-07-at-18.15.43.jpeg\",\"contentUrl\":\"https:\\\/\\\/shopbrasil.vinyllandrecords.com\\\/wp-content\\\/uploads\\\/2025\\\/10\\\/WhatsApp-Image-2025-10-07-at-18.15.43.jpeg\",\"width\":1024,\"height\":1015},{\"@type\":\"BreadcrumbList\",\"@id\":\"https:\\\/\\\/shopbrasil.vinyllandrecords.com\\\/produto\\\/thiago-elnino-pedras-flechas-lancas-espadas-espelhos\\\/#breadcrumb\",\"itemListElement\":[{\"@type\":\"ListItem\",\"position\":1,\"name\":\"In\u00edcio\",\"item\":\"https:\\\/\\\/shopbrasil.vinyllandrecords.com\\\/\"},{\"@type\":\"ListItem\",\"position\":2,\"name\":\"Shops\",\"item\":\"https:\\\/\\\/shopbrasil.vinyllandrecords.com\\\/shops\\\/\"},{\"@type\":\"ListItem\",\"position\":3,\"name\":\"Thiago Elni\u00f1o &#8211; Pedras, Flechas, Lan\u00e7as, Espadas &#038; Espelhos\"}]},{\"@type\":\"WebSite\",\"@id\":\"https:\\\/\\\/shopbrasil.vinyllandrecords.com\\\/#website\",\"url\":\"https:\\\/\\\/shopbrasil.vinyllandrecords.com\\\/\",\"name\":\"Vinyl Land Records\",\"description\":\"ONLINE SHOP\",\"potentialAction\":[{\"@type\":\"SearchAction\",\"target\":{\"@type\":\"EntryPoint\",\"urlTemplate\":\"https:\\\/\\\/shopbrasil.vinyllandrecords.com\\\/?s={search_term_string}\"},\"query-input\":{\"@type\":\"PropertyValueSpecification\",\"valueRequired\":true,\"valueName\":\"search_term_string\"}}],\"inLanguage\":\"en-US\"}]}<\/script>\n<!-- \/ Yoast SEO plugin. -->","yoast_head_json":{"title":"Thiago Elni\u00f1o - Pedras, Flechas, Lan\u00e7as, Espadas & Espelhos - Vinyl Land Records","robots":{"index":"index","follow":"follow","max-snippet":"max-snippet:-1","max-image-preview":"max-image-preview:large","max-video-preview":"max-video-preview:-1"},"canonical":"https:\/\/shopbrasil.vinyllandrecords.com\/produto\/thiago-elnino-pedras-flechas-lancas-espadas-espelhos\/","og_locale":"en_US","og_type":"article","og_title":"Thiago Elni\u00f1o - Pedras, Flechas, Lan\u00e7as, Espadas & Espelhos - Vinyl Land Records","og_description":"[:pb]https:\/\/youtu.be\/uvZ3Y_dIJQI?si=jjmLOoZ6buSOYIqE  Selo: Rio Records \u2013 RR-004  Formato: LP, Album, Edi\u00e7\u00e3o Limitada, Encarte Duplo, Vinil Preto  Pa\u00eds: Brasil  Lan\u00e7amento: Mar\u00e7o, 2024  Representando diversos aspectos da natureza e da vida humana, Orix\u00e1s s\u00e3o ancestrais divinizados cultuados em religi\u00f5es de matrizes africanas como Candombl\u00e9, e Umbanda. Cada um desses ancestrais cont\u00e9m uma s\u00e9rie de elementos e ferramentas de trabalho, inspirada nessas ferramentas o rapper de Volta Redonda, RJ, Thiago Elni\u00f1o, lan\u00e7ou \"Pedras, Flechas, Lan\u00e7as, Espadas e Espelhos\", importante disco que agora ganha sua primeira edi\u00e7\u00e3o em vinil.  Lan\u00e7ado inicialmente em 2019, Pedras, Flechas, Lan\u00e7as, Espadas e Espelhos, \u00e9 o segundo registro de est\u00fadio de Elni\u00f1o, e une mandinga, ritmo e poesia para documentar, verso a verso, a jornada de um homem preto que alimenta sua f\u00e9 pelo direito de continuar vivo, sonhando, sendo honesto com a arte que faz, ciente da sua ancestralidade. Em suas 12 faixas, o disco traz o rap direto de rapper sobre bases influ\u00eancias de funk carioca, afrobeats, samba, dub, psicod\u00e9licas, entre outros ritmos, trazendo para esse disco que conta com participa\u00e7\u00f5es expressivas como as de Luedji Luna, Rincon Sapi\u00eancia, T\u00e1ssia Reis, Ricardo Aleixo, Daiana Dami\u00e3o e Natache, uma sonoridade bem particular.  Cumprindo a fun\u00e7\u00e3o de ser um importante documento da produ\u00e7\u00e3o de arte preta de seu tempo, o disco tamb\u00e9m se destaca por seu projeto gr\u00e1fico, coordenado por Guilherme Kozlowski, e que traz na capa uma linda obra do artista Robinho Santana, nome de destaque entre os novos nomes da arte brasileira.  Com tantos valores, agora \u00e9 hora desta obra significativa ganhar sua primeira tiragem em vinil, em uma colabora\u00e7\u00e3o dos selos Rio Records e Romaria Discos, que tem em seu cat\u00e1logo discos de artista como Luedji Luna, Letrux e Zeca Baleiro. O disco foi fabricado pela Rocinante em vinil preto cl\u00e1ssico e vem acompanhado de um encarte com letras, fotos, al\u00e9m da ficha t\u00e9cnica completa, numa edi\u00e7\u00e3o limitada masterizada por Arthur Joly.[:en]https:\/\/youtu.be\/uvZ3Y_dIJQI?si=jjmLOoZ6buSOYIqE  &nbsp;  Selo: Rio Records \u2013 RR-004  Formato: LP, Album, Edi\u00e7\u00e3o Limitada, Encarte Duplo, Vinil Preto  Pa\u00eds: Brasil  Lan\u00e7amento: Mar\u00e7o, 2024  Representando diversos aspectos da natureza e da vida humana, Orix\u00e1s s\u00e3o ancestrais divinizados cultuados em religi\u00f5es de matrizes africanas como Candombl\u00e9, e Umbanda. Cada um desses ancestrais cont\u00e9m uma s\u00e9rie de elementos e ferramentas de trabalho, inspirada nessas ferramentas o rapper de Volta Redonda, RJ, Thiago Elni\u00f1o, lan\u00e7ou \"Pedras, Flechas, Lan\u00e7as, Espadas e Espelhos\", importante disco que agora ganha sua primeira edi\u00e7\u00e3o em vinil.  Lan\u00e7ado inicialmente em 2019, Pedras, Flechas, Lan\u00e7as, Espadas e Espelhos, \u00e9 o segundo registro de est\u00fadio de Elni\u00f1o, e une mandinga, ritmo e poesia para documentar, verso a verso, a jornada de um homem preto que alimenta sua f\u00e9 pelo direito de continuar vivo, sonhando, sendo honesto com a arte que faz, ciente da sua ancestralidade. Em suas 12 faixas, o disco traz o rap direto de rapper sobre bases influ\u00eancias de funk carioca, afrobeats, samba, dub, psicod\u00e9licas, entre outros ritmos, trazendo para esse disco que conta com participa\u00e7\u00f5es expressivas como as de Luedji Luna, Rincon Sapi\u00eancia, T\u00e1ssia Reis, Ricardo Aleixo, Daiana Dami\u00e3o e Natache, uma sonoridade bem particular.  Cumprindo a fun\u00e7\u00e3o de ser um importante documento da produ\u00e7\u00e3o de arte preta de seu tempo, o disco tamb\u00e9m se destaca por seu projeto gr\u00e1fico, coordenado por Guilherme Kozlowski, e que traz na capa uma linda obra do artista Robinho Santana, nome de destaque entre os novos nomes da arte brasileira.  Com tantos valores, agora \u00e9 hora desta obra significativa ganhar sua primeira tiragem em vinil, em uma colabora\u00e7\u00e3o dos selos Rio Records e Romaria Discos, que tem em seu cat\u00e1logo discos de artista como Luedji Luna, Letrux e Zeca Baleiro. O disco foi fabricado pela Rocinante em vinil preto cl\u00e1ssico e vem acompanhado de um encarte com letras, fotos, al\u00e9m da ficha t\u00e9cnica completa, numa edi\u00e7\u00e3o limitada masterizada por Arthur Joly.[:]","og_url":"https:\/\/shopbrasil.vinyllandrecords.com\/produto\/thiago-elnino-pedras-flechas-lancas-espadas-espelhos\/","og_site_name":"Vinyl Land Records","article_modified_time":"2025-10-09T17:30:17+00:00","og_image":[{"width":1024,"height":1015,"url":"https:\/\/shopbrasil.vinyllandrecords.com\/wp-content\/uploads\/2025\/10\/WhatsApp-Image-2025-10-07-at-18.15.43.jpeg","type":"image\/jpeg"}],"twitter_card":"summary_large_image","twitter_misc":{"Est. reading time":"1 minute"},"schema":{"@context":"https:\/\/schema.org","@graph":[{"@type":"WebPage","@id":"https:\/\/shopbrasil.vinyllandrecords.com\/produto\/thiago-elnino-pedras-flechas-lancas-espadas-espelhos\/","url":"https:\/\/shopbrasil.vinyllandrecords.com\/produto\/thiago-elnino-pedras-flechas-lancas-espadas-espelhos\/","name":"Thiago Elni\u00f1o - Pedras, Flechas, Lan\u00e7as, Espadas & Espelhos - Vinyl Land Records","isPartOf":{"@id":"https:\/\/shopbrasil.vinyllandrecords.com\/#website"},"primaryImageOfPage":{"@id":"https:\/\/shopbrasil.vinyllandrecords.com\/produto\/thiago-elnino-pedras-flechas-lancas-espadas-espelhos\/#primaryimage"},"image":{"@id":"https:\/\/shopbrasil.vinyllandrecords.com\/produto\/thiago-elnino-pedras-flechas-lancas-espadas-espelhos\/#primaryimage"},"thumbnailUrl":"https:\/\/shopbrasil.vinyllandrecords.com\/wp-content\/uploads\/2025\/10\/WhatsApp-Image-2025-10-07-at-18.15.43.jpeg","datePublished":"2025-10-09T17:30:16+00:00","dateModified":"2025-10-09T17:30:17+00:00","breadcrumb":{"@id":"https:\/\/shopbrasil.vinyllandrecords.com\/produto\/thiago-elnino-pedras-flechas-lancas-espadas-espelhos\/#breadcrumb"},"inLanguage":"en-US","potentialAction":[{"@type":"ReadAction","target":["https:\/\/shopbrasil.vinyllandrecords.com\/produto\/thiago-elnino-pedras-flechas-lancas-espadas-espelhos\/"]}]},{"@type":"ImageObject","inLanguage":"en-US","@id":"https:\/\/shopbrasil.vinyllandrecords.com\/produto\/thiago-elnino-pedras-flechas-lancas-espadas-espelhos\/#primaryimage","url":"https:\/\/shopbrasil.vinyllandrecords.com\/wp-content\/uploads\/2025\/10\/WhatsApp-Image-2025-10-07-at-18.15.43.jpeg","contentUrl":"https:\/\/shopbrasil.vinyllandrecords.com\/wp-content\/uploads\/2025\/10\/WhatsApp-Image-2025-10-07-at-18.15.43.jpeg","width":1024,"height":1015},{"@type":"BreadcrumbList","@id":"https:\/\/shopbrasil.vinyllandrecords.com\/produto\/thiago-elnino-pedras-flechas-lancas-espadas-espelhos\/#breadcrumb","itemListElement":[{"@type":"ListItem","position":1,"name":"In\u00edcio","item":"https:\/\/shopbrasil.vinyllandrecords.com\/"},{"@type":"ListItem","position":2,"name":"Shops","item":"https:\/\/shopbrasil.vinyllandrecords.com\/shops\/"},{"@type":"ListItem","position":3,"name":"Thiago Elni\u00f1o &#8211; Pedras, Flechas, Lan\u00e7as, Espadas &#038; Espelhos"}]},{"@type":"WebSite","@id":"https:\/\/shopbrasil.vinyllandrecords.com\/#website","url":"https:\/\/shopbrasil.vinyllandrecords.com\/","name":"Vinyl Land Records","description":"ONLINE SHOP","potentialAction":[{"@type":"SearchAction","target":{"@type":"EntryPoint","urlTemplate":"https:\/\/shopbrasil.vinyllandrecords.com\/?s={search_term_string}"},"query-input":{"@type":"PropertyValueSpecification","valueRequired":true,"valueName":"search_term_string"}}],"inLanguage":"en-US"}]}},"_links":{"self":[{"href":"https:\/\/shopbrasil.vinyllandrecords.com\/en\/wp-json\/wp\/v2\/product\/70499","targetHints":{"allow":["GET"]}}],"collection":[{"href":"https:\/\/shopbrasil.vinyllandrecords.com\/en\/wp-json\/wp\/v2\/product"}],"about":[{"href":"https:\/\/shopbrasil.vinyllandrecords.com\/en\/wp-json\/wp\/v2\/types\/product"}],"wp:featuredmedia":[{"embeddable":true,"href":"https:\/\/shopbrasil.vinyllandrecords.com\/en\/wp-json\/wp\/v2\/media\/70500"}],"wp:attachment":[{"href":"https:\/\/shopbrasil.vinyllandrecords.com\/en\/wp-json\/wp\/v2\/media?parent=70499"}],"wp:term":[{"taxonomy":"product_brand","embeddable":true,"href":"https:\/\/shopbrasil.vinyllandrecords.com\/en\/wp-json\/wp\/v2\/product_brand?post=70499"},{"taxonomy":"product_cat","embeddable":true,"href":"https:\/\/shopbrasil.vinyllandrecords.com\/en\/wp-json\/wp\/v2\/product_cat?post=70499"},{"taxonomy":"product_tag","embeddable":true,"href":"https:\/\/shopbrasil.vinyllandrecords.com\/en\/wp-json\/wp\/v2\/product_tag?post=70499"}],"curies":[{"name":"wp","href":"https:\/\/api.w.org\/{rel}","templated":true}]}}