{"id":70516,"date":"2025-10-09T15:03:42","date_gmt":"2025-10-09T18:03:42","guid":{"rendered":"https:\/\/shopbrasil.vinyllandrecords.com\/?post_type=product&#038;p=70516"},"modified":"2026-03-27T14:10:38","modified_gmt":"2026-03-27T17:10:38","slug":"cesrv-fleezus-febem-brime-deluxe-edicao-especial-5-anos","status":"publish","type":"product","link":"https:\/\/shopbrasil.vinyllandrecords.com\/en\/produto\/cesrv-fleezus-febem-brime-deluxe-edicao-especial-5-anos\/","title":{"rendered":"CESRV, Fleezus, Febem &#8211; BRIME &#8220;Deluxe&#8221; &#8211; Edi\u00e7\u00e3o Especial 5 Anos"},"content":{"rendered":"","protected":false},"excerpt":{"rendered":"<p>https:\/\/youtu.be\/JMro9sSrv3s?si=7O0dlFY9knO6JeFk<\/p>\n<p>Se o BRIME fosse um time de futebol, teria o melhor trio de atacantes das \u00faltimas 5 temporadas e estaria com certeza, na lideran\u00e7a invicta do campeonato.<br \/>\nH\u00e1 cinco anos, CESRV, Febem e Fleexus lan\u00e7avam no mundo uma das misturas mais originais da m\u00fasica underground brasileira, unindo grime, drill, funk, afrobeat pra formar uma nova sonoridade e atitude no rap nacional, abrindo novos caminhos e percep\u00e7\u00f5es dentro do estilo, incentivando toda uma gera\u00e7\u00e3o de mcs e produtores que buscam no rap, uma forma de expressar suas viv\u00eancias, convic\u00e7\u00f5es e estilo de vida.<br \/>\nPara comemorar esses 5 anos de caminhada pra l\u00e1 de original dos minino brabo, preparamos com muito orgulho, uma edi\u00e7\u00e3o in\u00e9dita do BRIME DELUXE em vinil, com direito a capa alternativa e m\u00fasicas extras jamais antes lan\u00e7adas em vinil.<br \/>\nA edi\u00e7\u00e3o \u00e9 limitada, portanto, n\u00e3o vacile e garanta j\u00e1 a sua direto no link da Bio.<br \/>\n\u201cDeixa os garoto brincar\u201d<br \/>\nEdi\u00e7\u00e3o especial comemorativa de 5 anos.<\/p>\n<p>Envios e retiradas a partir do dia 11 de agosto.<\/p>\n<p>Tracklist:<\/p>\n<p>1A- RADDIM<\/p>\n<p>2A- Fala Memo feat. CorujaBC1<\/p>\n<p>3A- Terceiro Mundo<\/p>\n<p>4A- Chelsea<\/p>\n<p>5A- Soho feat. Luccas Carlos<\/p>\n<p>6A- Yin-Yang<\/p>\n<p>1B- Golpe<\/p>\n<p>2B- Hoje<\/p>\n<p>3B- Sobe o Morro<\/p>\n<p>4B- Nem Me Liga feat. Smile<\/p>\n<p>5B-BRIMEVISION feat. Sodomita, SD9, VND, Well, Mirral One, Rav\u00ed Lobo &amp; Pivetenobre<\/p>\n","protected":false},"featured_media":70518,"template":"","meta":[],"product_brand":[],"product_cat":[107,111,114,97],"product_tag":[],"class_list":{"0":"post-70516","1":"product","2":"type-product","3":"status-publish","4":"has-post-thumbnail","6":"product_cat-garimpo","7":"product_cat-destaque","8":"product_cat-somatorio-do-barulho","9":"product_cat-lp","11":"first","12":"outofstock","13":"taxable","14":"shipping-taxable","15":"purchasable","16":"product-type-simple"},"yoast_head":"<!-- This site is optimized with the Yoast SEO plugin v27.4 - https:\/\/yoast.com\/product\/yoast-seo-wordpress\/ -->\n<title>CESRV, Fleezus, Febem - BRIME &quot;Deluxe&quot; - Edi\u00e7\u00e3o Especial 5 Anos - Vinyl Land Records<\/title>\n<meta name=\"robots\" content=\"index, follow, max-snippet:-1, max-image-preview:large, max-video-preview:-1\" \/>\n<link rel=\"canonical\" href=\"https:\/\/shopbrasil.vinyllandrecords.com\/produto\/cesrv-fleezus-febem-brime-deluxe-edicao-especial-5-anos\/\" \/>\n<meta property=\"og:locale\" content=\"en_US\" \/>\n<meta property=\"og:type\" content=\"article\" \/>\n<meta property=\"og:title\" content=\"CESRV, Fleezus, Febem - BRIME &quot;Deluxe&quot; - Edi\u00e7\u00e3o Especial 5 Anos - Vinyl Land Records\" \/>\n<meta property=\"og:description\" content=\"https:\/\/youtu.be\/JMro9sSrv3s?si=7O0dlFY9knO6JeFk  Se o BRIME fosse um time de futebol, teria o melhor trio de atacantes das \u00faltimas 5 temporadas e estaria com certeza, na lideran\u00e7a invicta do campeonato. H\u00e1 cinco anos, CESRV, Febem e Fleexus lan\u00e7avam no mundo uma das misturas mais originais da m\u00fasica underground brasileira, unindo grime, drill, funk, afrobeat pra formar uma nova sonoridade e atitude no rap nacional, abrindo novos caminhos e percep\u00e7\u00f5es dentro do estilo, incentivando toda uma gera\u00e7\u00e3o de mcs e produtores que buscam no rap, uma forma de expressar suas viv\u00eancias, convic\u00e7\u00f5es e estilo de vida. Para comemorar esses 5 anos de caminhada pra l\u00e1 de original dos minino brabo, preparamos com muito orgulho, uma edi\u00e7\u00e3o in\u00e9dita do BRIME DELUXE em vinil, com direito a capa alternativa e m\u00fasicas extras jamais antes lan\u00e7adas em vinil. A edi\u00e7\u00e3o \u00e9 limitada, portanto, n\u00e3o vacile e garanta j\u00e1 a sua direto no link da Bio. \u201cDeixa os garoto brincar\u201d Edi\u00e7\u00e3o especial comemorativa de 5 anos.  Envios e retiradas a partir do dia 11 de agosto.  Tracklist:  1A- RADDIM  2A- Fala Memo feat. CorujaBC1  3A- Terceiro Mundo  4A- Chelsea  5A- Soho feat. Luccas Carlos  6A- Yin-Yang  1B- Golpe  2B- Hoje  3B- Sobe o Morro  4B- Nem Me Liga feat. Smile  5B-BRIMEVISION feat. Sodomita, SD9, VND, Well, Mirral One, Rav\u00ed Lobo &amp; Pivetenobre\" \/>\n<meta property=\"og:url\" content=\"https:\/\/shopbrasil.vinyllandrecords.com\/produto\/cesrv-fleezus-febem-brime-deluxe-edicao-especial-5-anos\/\" \/>\n<meta property=\"og:site_name\" content=\"Vinyl Land Records\" \/>\n<meta property=\"article:modified_time\" content=\"2026-03-27T17:10:38+00:00\" \/>\n<meta property=\"og:image\" content=\"https:\/\/shopbrasil.vinyllandrecords.com\/wp-content\/uploads\/2025\/10\/850xN.jpg\" \/>\n\t<meta property=\"og:image:width\" content=\"850\" \/>\n\t<meta property=\"og:image:height\" content=\"850\" \/>\n\t<meta property=\"og:image:type\" content=\"image\/jpeg\" \/>\n<meta name=\"twitter:card\" content=\"summary_large_image\" \/>\n<meta name=\"twitter:label1\" content=\"Est. reading time\" \/>\n\t<meta name=\"twitter:data1\" content=\"1 minute\" \/>\n<script type=\"application\/ld+json\" class=\"yoast-schema-graph\">{\"@context\":\"https:\\\/\\\/schema.org\",\"@graph\":[{\"@type\":\"WebPage\",\"@id\":\"https:\\\/\\\/shopbrasil.vinyllandrecords.com\\\/produto\\\/cesrv-fleezus-febem-brime-deluxe-edicao-especial-5-anos\\\/\",\"url\":\"https:\\\/\\\/shopbrasil.vinyllandrecords.com\\\/produto\\\/cesrv-fleezus-febem-brime-deluxe-edicao-especial-5-anos\\\/\",\"name\":\"CESRV, Fleezus, Febem - BRIME \\\"Deluxe\\\" - Edi\u00e7\u00e3o Especial 5 Anos - Vinyl Land Records\",\"isPartOf\":{\"@id\":\"https:\\\/\\\/shopbrasil.vinyllandrecords.com\\\/#website\"},\"primaryImageOfPage\":{\"@id\":\"https:\\\/\\\/shopbrasil.vinyllandrecords.com\\\/produto\\\/cesrv-fleezus-febem-brime-deluxe-edicao-especial-5-anos\\\/#primaryimage\"},\"image\":{\"@id\":\"https:\\\/\\\/shopbrasil.vinyllandrecords.com\\\/produto\\\/cesrv-fleezus-febem-brime-deluxe-edicao-especial-5-anos\\\/#primaryimage\"},\"thumbnailUrl\":\"https:\\\/\\\/shopbrasil.vinyllandrecords.com\\\/wp-content\\\/uploads\\\/2025\\\/10\\\/850xN.jpg\",\"datePublished\":\"2025-10-09T18:03:42+00:00\",\"dateModified\":\"2026-03-27T17:10:38+00:00\",\"breadcrumb\":{\"@id\":\"https:\\\/\\\/shopbrasil.vinyllandrecords.com\\\/produto\\\/cesrv-fleezus-febem-brime-deluxe-edicao-especial-5-anos\\\/#breadcrumb\"},\"inLanguage\":\"en-US\",\"potentialAction\":[{\"@type\":\"ReadAction\",\"target\":[\"https:\\\/\\\/shopbrasil.vinyllandrecords.com\\\/produto\\\/cesrv-fleezus-febem-brime-deluxe-edicao-especial-5-anos\\\/\"]}]},{\"@type\":\"ImageObject\",\"inLanguage\":\"en-US\",\"@id\":\"https:\\\/\\\/shopbrasil.vinyllandrecords.com\\\/produto\\\/cesrv-fleezus-febem-brime-deluxe-edicao-especial-5-anos\\\/#primaryimage\",\"url\":\"https:\\\/\\\/shopbrasil.vinyllandrecords.com\\\/wp-content\\\/uploads\\\/2025\\\/10\\\/850xN.jpg\",\"contentUrl\":\"https:\\\/\\\/shopbrasil.vinyllandrecords.com\\\/wp-content\\\/uploads\\\/2025\\\/10\\\/850xN.jpg\",\"width\":850,\"height\":850},{\"@type\":\"BreadcrumbList\",\"@id\":\"https:\\\/\\\/shopbrasil.vinyllandrecords.com\\\/produto\\\/cesrv-fleezus-febem-brime-deluxe-edicao-especial-5-anos\\\/#breadcrumb\",\"itemListElement\":[{\"@type\":\"ListItem\",\"position\":1,\"name\":\"In\u00edcio\",\"item\":\"https:\\\/\\\/shopbrasil.vinyllandrecords.com\\\/\"},{\"@type\":\"ListItem\",\"position\":2,\"name\":\"Shops\",\"item\":\"https:\\\/\\\/shopbrasil.vinyllandrecords.com\\\/shops\\\/\"},{\"@type\":\"ListItem\",\"position\":3,\"name\":\"CESRV, Fleezus, Febem &#8211; BRIME &#8220;Deluxe&#8221; &#8211; Edi\u00e7\u00e3o Especial 5 Anos\"}]},{\"@type\":\"WebSite\",\"@id\":\"https:\\\/\\\/shopbrasil.vinyllandrecords.com\\\/#website\",\"url\":\"https:\\\/\\\/shopbrasil.vinyllandrecords.com\\\/\",\"name\":\"Vinyl Land Records\",\"description\":\"ONLINE SHOP\",\"potentialAction\":[{\"@type\":\"SearchAction\",\"target\":{\"@type\":\"EntryPoint\",\"urlTemplate\":\"https:\\\/\\\/shopbrasil.vinyllandrecords.com\\\/?s={search_term_string}\"},\"query-input\":{\"@type\":\"PropertyValueSpecification\",\"valueRequired\":true,\"valueName\":\"search_term_string\"}}],\"inLanguage\":\"en-US\"}]}<\/script>\n<!-- \/ Yoast SEO plugin. -->","yoast_head_json":{"title":"CESRV, Fleezus, Febem - BRIME \"Deluxe\" - Edi\u00e7\u00e3o Especial 5 Anos - Vinyl Land Records","robots":{"index":"index","follow":"follow","max-snippet":"max-snippet:-1","max-image-preview":"max-image-preview:large","max-video-preview":"max-video-preview:-1"},"canonical":"https:\/\/shopbrasil.vinyllandrecords.com\/produto\/cesrv-fleezus-febem-brime-deluxe-edicao-especial-5-anos\/","og_locale":"en_US","og_type":"article","og_title":"CESRV, Fleezus, Febem - BRIME \"Deluxe\" - Edi\u00e7\u00e3o Especial 5 Anos - Vinyl Land Records","og_description":"https:\/\/youtu.be\/JMro9sSrv3s?si=7O0dlFY9knO6JeFk  Se o BRIME fosse um time de futebol, teria o melhor trio de atacantes das \u00faltimas 5 temporadas e estaria com certeza, na lideran\u00e7a invicta do campeonato. H\u00e1 cinco anos, CESRV, Febem e Fleexus lan\u00e7avam no mundo uma das misturas mais originais da m\u00fasica underground brasileira, unindo grime, drill, funk, afrobeat pra formar uma nova sonoridade e atitude no rap nacional, abrindo novos caminhos e percep\u00e7\u00f5es dentro do estilo, incentivando toda uma gera\u00e7\u00e3o de mcs e produtores que buscam no rap, uma forma de expressar suas viv\u00eancias, convic\u00e7\u00f5es e estilo de vida. Para comemorar esses 5 anos de caminhada pra l\u00e1 de original dos minino brabo, preparamos com muito orgulho, uma edi\u00e7\u00e3o in\u00e9dita do BRIME DELUXE em vinil, com direito a capa alternativa e m\u00fasicas extras jamais antes lan\u00e7adas em vinil. A edi\u00e7\u00e3o \u00e9 limitada, portanto, n\u00e3o vacile e garanta j\u00e1 a sua direto no link da Bio. \u201cDeixa os garoto brincar\u201d Edi\u00e7\u00e3o especial comemorativa de 5 anos.  Envios e retiradas a partir do dia 11 de agosto.  Tracklist:  1A- RADDIM  2A- Fala Memo feat. CorujaBC1  3A- Terceiro Mundo  4A- Chelsea  5A- Soho feat. Luccas Carlos  6A- Yin-Yang  1B- Golpe  2B- Hoje  3B- Sobe o Morro  4B- Nem Me Liga feat. Smile  5B-BRIMEVISION feat. Sodomita, SD9, VND, Well, Mirral One, Rav\u00ed Lobo &amp; Pivetenobre","og_url":"https:\/\/shopbrasil.vinyllandrecords.com\/produto\/cesrv-fleezus-febem-brime-deluxe-edicao-especial-5-anos\/","og_site_name":"Vinyl Land Records","article_modified_time":"2026-03-27T17:10:38+00:00","og_image":[{"width":850,"height":850,"url":"https:\/\/shopbrasil.vinyllandrecords.com\/wp-content\/uploads\/2025\/10\/850xN.jpg","type":"image\/jpeg"}],"twitter_card":"summary_large_image","twitter_misc":{"Est. reading time":"1 minute"},"schema":{"@context":"https:\/\/schema.org","@graph":[{"@type":"WebPage","@id":"https:\/\/shopbrasil.vinyllandrecords.com\/produto\/cesrv-fleezus-febem-brime-deluxe-edicao-especial-5-anos\/","url":"https:\/\/shopbrasil.vinyllandrecords.com\/produto\/cesrv-fleezus-febem-brime-deluxe-edicao-especial-5-anos\/","name":"CESRV, Fleezus, Febem - BRIME \"Deluxe\" - Edi\u00e7\u00e3o Especial 5 Anos - Vinyl Land Records","isPartOf":{"@id":"https:\/\/shopbrasil.vinyllandrecords.com\/#website"},"primaryImageOfPage":{"@id":"https:\/\/shopbrasil.vinyllandrecords.com\/produto\/cesrv-fleezus-febem-brime-deluxe-edicao-especial-5-anos\/#primaryimage"},"image":{"@id":"https:\/\/shopbrasil.vinyllandrecords.com\/produto\/cesrv-fleezus-febem-brime-deluxe-edicao-especial-5-anos\/#primaryimage"},"thumbnailUrl":"https:\/\/shopbrasil.vinyllandrecords.com\/wp-content\/uploads\/2025\/10\/850xN.jpg","datePublished":"2025-10-09T18:03:42+00:00","dateModified":"2026-03-27T17:10:38+00:00","breadcrumb":{"@id":"https:\/\/shopbrasil.vinyllandrecords.com\/produto\/cesrv-fleezus-febem-brime-deluxe-edicao-especial-5-anos\/#breadcrumb"},"inLanguage":"en-US","potentialAction":[{"@type":"ReadAction","target":["https:\/\/shopbrasil.vinyllandrecords.com\/produto\/cesrv-fleezus-febem-brime-deluxe-edicao-especial-5-anos\/"]}]},{"@type":"ImageObject","inLanguage":"en-US","@id":"https:\/\/shopbrasil.vinyllandrecords.com\/produto\/cesrv-fleezus-febem-brime-deluxe-edicao-especial-5-anos\/#primaryimage","url":"https:\/\/shopbrasil.vinyllandrecords.com\/wp-content\/uploads\/2025\/10\/850xN.jpg","contentUrl":"https:\/\/shopbrasil.vinyllandrecords.com\/wp-content\/uploads\/2025\/10\/850xN.jpg","width":850,"height":850},{"@type":"BreadcrumbList","@id":"https:\/\/shopbrasil.vinyllandrecords.com\/produto\/cesrv-fleezus-febem-brime-deluxe-edicao-especial-5-anos\/#breadcrumb","itemListElement":[{"@type":"ListItem","position":1,"name":"In\u00edcio","item":"https:\/\/shopbrasil.vinyllandrecords.com\/"},{"@type":"ListItem","position":2,"name":"Shops","item":"https:\/\/shopbrasil.vinyllandrecords.com\/shops\/"},{"@type":"ListItem","position":3,"name":"CESRV, Fleezus, Febem &#8211; BRIME &#8220;Deluxe&#8221; &#8211; Edi\u00e7\u00e3o Especial 5 Anos"}]},{"@type":"WebSite","@id":"https:\/\/shopbrasil.vinyllandrecords.com\/#website","url":"https:\/\/shopbrasil.vinyllandrecords.com\/","name":"Vinyl Land Records","description":"ONLINE SHOP","potentialAction":[{"@type":"SearchAction","target":{"@type":"EntryPoint","urlTemplate":"https:\/\/shopbrasil.vinyllandrecords.com\/?s={search_term_string}"},"query-input":{"@type":"PropertyValueSpecification","valueRequired":true,"valueName":"search_term_string"}}],"inLanguage":"en-US"}]}},"_links":{"self":[{"href":"https:\/\/shopbrasil.vinyllandrecords.com\/en\/wp-json\/wp\/v2\/product\/70516","targetHints":{"allow":["GET"]}}],"collection":[{"href":"https:\/\/shopbrasil.vinyllandrecords.com\/en\/wp-json\/wp\/v2\/product"}],"about":[{"href":"https:\/\/shopbrasil.vinyllandrecords.com\/en\/wp-json\/wp\/v2\/types\/product"}],"wp:featuredmedia":[{"embeddable":true,"href":"https:\/\/shopbrasil.vinyllandrecords.com\/en\/wp-json\/wp\/v2\/media\/70518"}],"wp:attachment":[{"href":"https:\/\/shopbrasil.vinyllandrecords.com\/en\/wp-json\/wp\/v2\/media?parent=70516"}],"wp:term":[{"taxonomy":"product_brand","embeddable":true,"href":"https:\/\/shopbrasil.vinyllandrecords.com\/en\/wp-json\/wp\/v2\/product_brand?post=70516"},{"taxonomy":"product_cat","embeddable":true,"href":"https:\/\/shopbrasil.vinyllandrecords.com\/en\/wp-json\/wp\/v2\/product_cat?post=70516"},{"taxonomy":"product_tag","embeddable":true,"href":"https:\/\/shopbrasil.vinyllandrecords.com\/en\/wp-json\/wp\/v2\/product_tag?post=70516"}],"curies":[{"name":"wp","href":"https:\/\/api.w.org\/{rel}","templated":true}]}}